{"id":10010,"date":"2015-12-04T13:00:52","date_gmt":"2015-12-04T12:00:52","guid":{"rendered":"https:\/\/www.next-food.net\/product\/grillos-teriyaki\/"},"modified":"2025-12-06T10:47:15","modified_gmt":"2025-12-06T09:47:15","slug":"grillos-teriyaki","status":"publish","type":"product","link":"https:\/\/www.next-food.net\/es\/producto\/grillos-teriyaki\/","title":{"rendered":"Grillos (peque\u00f1os) | Insectos comestibles preparados en \u00abTeriyaki\u00bb"},"content":{"rendered":"<h2>Sabrosos estos insectos para comer en Teriyaki<\/h2>\n<p>Los <em>grillos comestibles<\/em> son muy crujientes y tienen un sabor bastante parecido a la avellana o al cacahuete. Los fan\u00e1ticos de la <em>entomofagia<\/em> las comen fritas.<\/p>\n<h3>Insectos comestibles: una salsa de sake<\/h3>\n<p>Teriyaki suele acompa\u00f1ar platos japoneses. Se compone esencialmente de salsa de soja endulzada con mirin, una mezcla de color amarillo \u00e1mbar que contiene sake con una graduaci\u00f3n alcoh\u00f3lica entre 11 y 18\u00b0. Con sabores muy sutiles, realza agradablemente el sabor de los <em>grillos comestibles<\/em>.<\/p>\n<p>Los grillos con teriyaki se comen muy bien como <em>aperitivo de insectos<\/em>. Simplemente pres\u00e9ntelos en una taza y deje que los invitados los prueben.<\/p>\n<p>Otra forma de <em>comer insectos<\/em>, a la hora de preparar tu paella, puedes sustituir las gambas por insectos con sabor. Esto no altera sus sabores. Para que este plato sea un \u00e9xito, opta por nuestros sobres de grillos teriyaki de 25 g disponibles en next-food.net, una tienda online de <em>insectos comestibles<\/em>.<\/p>\n<h2>Entomofagia: \u00a1Una nueva forma de vida!<\/h2>\n<p>En general, los <em>insectos comestibles<\/em> tienen ventajas. Desde el punto de vista nutricional, para el mismo peso, aportan m\u00e1s prote\u00ednas que las llamadas carnes cl\u00e1sicas. Adem\u00e1s, estos <em>alimentos de insectos<\/em> son bajos en grasas saturadas a la vez que presentan otros valiosos nutrientes como el omega 3 que contribuye al buen funcionamiento del sistema cardiovascular y la renovaci\u00f3n celular.<\/p>\n<p>Adem\u00e1s, la entomocultura tiene poco impacto ambiental, porque emite menos gases de efecto invernadero en comparaci\u00f3n con la ganader\u00eda bovina o porcina, por ejemplo. Adem\u00e1s, la producci\u00f3n de insectos comestibles requiere mucho menos espacio en comparaci\u00f3n con la cr\u00eda convencional. Entonces, al volverte entom\u00f3fago, contribuyes a la protecci\u00f3n del medio ambiente.<\/p>\n<h2>Alimentaci\u00f3n de insectos: la elecci\u00f3n de la cr\u00eda de insectos<\/h2>\n<p>Para el consumo, los conocedores de la <em>entomofagia<\/em> recomiendan los \u00ab<em>insectos de cocina<\/em>\u00bb de cr\u00eda que se distinguen por su calidad. Por otro lado, aunque es muy pr\u00e1ctico cocinar insectos que se cogen en el jard\u00edn, el riesgo para la salud que representan es enorme.<\/p>\n<p>De hecho, pueden contener residuos de insecticidas que podr\u00edan ser nocivos para la salud. Adem\u00e1s, un ne\u00f3fito puede equivocarse y consumir insectos no comestibles. En este caso, pedir tus <em>grillos comestibles<\/em> en nuestro sitio next-food.net es m\u00e1s que una garant\u00eda, es una promesa por tu salud.<\/p>\n","protected":false},"excerpt":{"rendered":"        <div id=\"woocommerce-multi-currency-1\"\r\n             class=\"woocommerce-multi-currency wmc-shortcode plain-horizontal layout3 \"\r\n             data-layout=\"layout3\" data-flag_size=\"0.6\">\r\n            <input type=\"hidden\" class=\"wmc-current-url\" value=\"\/es\/wp-json\/wp\/v2\/product\/10010\">\r\n\t\t\t                <div class=\"wmc-currency wmc-active\">\r\n\t\t\t\t\t                    <a rel=\"nofollow\" title=\"European Union\" class=\"wmc-currency-redirect\"\r\n                       href=\"\/es\/wp-json\/wp\/v2\/product\/10010?wmc-currency=EUR\" data-currency=\"EUR\">\r\n                        <i style=\"transform: scale(0.6); margin: -8px -12px\"\r\n                           class=\"vi-flag-64 flag-eu \"><\/i>\r\n                    <\/a>\r\n                <\/div>\r\n\t\t\t\t                <div class=\"wmc-currency \">\r\n\t\t\t\t\t                    <a rel=\"nofollow\" title=\"Estados Unidos (EEUU)\" class=\"wmc-currency-redirect\"\r\n                       href=\"\/es\/wp-json\/wp\/v2\/product\/10010?wmc-currency=USD\" data-currency=\"USD\">\r\n                        <i style=\"transform: scale(0.6); margin: -8px -12px\"\r\n                           class=\"vi-flag-64 flag-us \"><\/i>\r\n                    <\/a>\r\n                <\/div>\r\n\t\t\t\t        <\/div>\r\n\t\t Elegir Moneda<\/p>\n<p>Peque\u00f1os <em>Grillos, Insectos Comestibles<\/em> Preparados en Teriyaki \u2013 Gryllus Bimaculatus<br \/>\n(La bolsa de 25 g)<\/p>\n<p>El <em>grillo<\/em> con sabor a salsa teriyaki. Teriyaki tiene su origen en Jap\u00f3n. Es una mezcla de salsa de soja, az\u00facar, mirin y sake, que aporta un sutil sabor dulce-salado a nuestros <em>insectos para comer<\/em><\/p>\n","protected":false},"featured_media":10011,"comment_status":"open","ping_status":"closed","template":"","meta":[],"product_brand":[],"product_cat":[371],"product_tag":[],"class_list":{"0":"post-10010","1":"product","2":"type-product","3":"status-publish","4":"has-post-thumbnail","6":"product_cat-flavoured-es","8":"first","9":"outofstock","10":"shipping-taxable","11":"purchasable","12":"product-type-simple"},"_links":{"self":[{"href":"https:\/\/www.next-food.net\/es\/wp-json\/wp\/v2\/product\/10010","targetHints":{"allow":["GET"]}}],"collection":[{"href":"https:\/\/www.next-food.net\/es\/wp-json\/wp\/v2\/product"}],"about":[{"href":"https:\/\/www.next-food.net\/es\/wp-json\/wp\/v2\/types\/product"}],"replies":[{"embeddable":true,"href":"https:\/\/www.next-food.net\/es\/wp-json\/wp\/v2\/comments?post=10010"}],"wp:featuredmedia":[{"embeddable":true,"href":"https:\/\/www.next-food.net\/es\/wp-json\/wp\/v2\/media\/10011"}],"wp:attachment":[{"href":"https:\/\/www.next-food.net\/es\/wp-json\/wp\/v2\/media?parent=10010"}],"wp:term":[{"taxonomy":"product_brand","embeddable":true,"href":"https:\/\/www.next-food.net\/es\/wp-json\/wp\/v2\/product_brand?post=10010"},{"taxonomy":"product_cat","embeddable":true,"href":"https:\/\/www.next-food.net\/es\/wp-json\/wp\/v2\/product_cat?post=10010"},{"taxonomy":"product_tag","embeddable":true,"href":"https:\/\/www.next-food.net\/es\/wp-json\/wp\/v2\/product_tag?post=10010"}],"curies":[{"name":"wp","href":"https:\/\/api.w.org\/{rel}","templated":true}]}}