{"id":10004,"date":"2015-12-04T13:53:12","date_gmt":"2015-12-04T12:53:12","guid":{"rendered":"https:\/\/www.next-food.net\/product\/grillos-en-satay\/"},"modified":"2024-07-09T16:17:19","modified_gmt":"2024-07-09T15:17:19","slug":"grillos-en-satay","status":"publish","type":"product","link":"https:\/\/www.next-food.net\/es\/producto\/grillos-en-satay\/","title":{"rendered":"Grillo (peque\u00f1o) | Insectos comestibles preparados con \u00abSatay\u00bb"},"content":{"rendered":"<h2>Insectos para comer: grillos Namtok<\/h2>\n<p>Para deleite de los aficionados a la <em>entomofagia<\/em> y para invitar a los que nunca han probado los <em>insectos comestibles<\/em>, nuestro chef ha elaborado grillos namtok, una receta inspirada en un plato t\u00edpico tailand\u00e9s.<\/p>\n<h2>Alimento de insectos en agridulce con menta<\/h2>\n<p>El <em>grillo<\/em> namtok se distingue por su sabor agridulce, por los sutiles toques de frutos secos que encuentran su fuente en el arroz tostado que compone la receta. Adem\u00e1s, el frescor de la menta aporta un toque de ligereza a los <em>insectos comestibles<\/em>.<\/p>\n<p>Son perfectos como <em>aperitivo de insectos<\/em> y saben a cacahuetes. Los asiduos a los <em>grillos comestibles<\/em> no tendr\u00e1n problemas para adoptarlos. Incluso son una oportunidad para descubrir los nuevos sabores de la salsa namtok.<\/p>\n<p>Para aquellos que est\u00e1n probando <em>insectos comestibles<\/em> por primera vez, este producto es una excelente opci\u00f3n. Ligeros y sabrosos, los grillos namtok te permiten descubrir insectos comestibles en dulzura. As\u00ed que no dudes en pedirlos en next-food.net.<\/p>\n<h3>Entomofagia: \u00bfuna tendencia?<\/h3>\n<p>Comer <em>insectos<\/em> es m\u00e1s que un h\u00e1bito culinario en los pa\u00edses del sudeste asi\u00e1tico. De hecho, los <em>insectos alimentarios<\/em> representan una fuente muy importante de prote\u00ednas para estas poblaciones. Este no es el caso en los pa\u00edses occidentales donde los grillos a la parrilla o el <em>chocolate con insectos<\/em> a\u00fan no son apreciados por su verdadero sabor y valor nutricional.<\/p>\n<p>Sin embargo, la mayonesa est\u00e1 empezando a cuajar y podemos ver que la tendencia <em>entom\u00f3faga<\/em> est\u00e1 progresando. De hecho, presentar insectos comestibles como fuentes de prote\u00ednas de alta calidad ha animado a las empresas europeas a invertir en el sector.<\/p>\n<h2>D\u00f3nde comprar insectos comestibles<\/h2>\n<p>As\u00ed encontramos secciones de insectos comestibles en los supermercados de algunos pa\u00edses europeos o una venta online de <em>insectos comestibles<\/em>. Al mismo tiempo, algunos restaurantes ofrecen una <em>degustaci\u00f3n de insectos<\/em>, lo que aumenta el n\u00famero de entom\u00f3fagos, especialmente en Francia.<\/p>\n<p>En un principio, la mayor\u00eda de ellos sabore\u00f3 la delicia del insecto durante un viaje a Tailandia, Camboya, Malasia, Indonesia, Vietnam&#8230; M\u00e1s tarde, nuevos entomovores convencidos por este rico en prote\u00ednas y muy bajo en grasas engrosan las filas de los asiduos. \u00a1T\u00fa tambi\u00e9n, ve a next-food.net para pedir <em>insectos apero<\/em>!<\/p>\n","protected":false},"excerpt":{"rendered":"        <div id=\"woocommerce-multi-currency-1\"\r\n             class=\"woocommerce-multi-currency wmc-shortcode plain-horizontal layout3 \"\r\n             data-layout=\"layout3\" data-flag_size=\"0.6\">\r\n            <input type=\"hidden\" class=\"wmc-current-url\" value=\"\/es\/wp-json\/wp\/v2\/product\/10004\">\r\n\t\t\t                <div class=\"wmc-currency wmc-active\">\r\n\t\t\t\t\t                    <a rel=\"nofollow\" title=\"European Union\" class=\"wmc-currency-redirect\"\r\n                       href=\"\/es\/wp-json\/wp\/v2\/product\/10004?wmc-currency=EUR\" data-currency=\"EUR\">\r\n                        <i style=\"transform: scale(0.6); margin: -8px -12px\"\r\n                           class=\"vi-flag-64 flag-eu \"><\/i>\r\n                    <\/a>\r\n                <\/div>\r\n\t\t\t\t                <div class=\"wmc-currency \">\r\n\t\t\t\t\t                    <a rel=\"nofollow\" title=\"Estados Unidos (EEUU)\" class=\"wmc-currency-redirect\"\r\n                       href=\"\/es\/wp-json\/wp\/v2\/product\/10004?wmc-currency=USD\" data-currency=\"USD\">\r\n                        <i style=\"transform: scale(0.6); margin: -8px -12px\"\r\n                           class=\"vi-flag-64 flag-us \"><\/i>\r\n                    <\/a>\r\n                <\/div>\r\n\t\t\t\t        <\/div>\r\n\t\t Elegir Moneda<\/p>\n<p>Peque\u00f1os <em>Grillos, Insectos Comestibles<\/em> preparados con \u00abSatay\u00bb \u2013 Gryllus Bimaculatus<br \/>\n(La bolsa de 25 g)<\/p>\n<p>El <em>grillo<\/em> con sabor satay. Satay (hecho de cacahuetes) de Java es un plato nacional que se ha vuelto muy popular en el sudeste asi\u00e1tico. Receta del \u00abkebab\u00bb indio, tra\u00edda por comerciantes musulmanes, es herencia de Oriente Medio.<\/p>\n<p>Una excelente mezcla entre el <em>insecto comestible<\/em> y el man\u00ed<\/p>\n","protected":false},"featured_media":10005,"comment_status":"open","ping_status":"closed","template":"","meta":[],"product_brand":[],"product_cat":[371],"product_tag":[],"class_list":{"0":"post-10004","1":"product","2":"type-product","3":"status-publish","4":"has-post-thumbnail","6":"product_cat-flavoured-es","8":"first","9":"outofstock","10":"shipping-taxable","11":"purchasable","12":"product-type-simple"},"_links":{"self":[{"href":"https:\/\/www.next-food.net\/es\/wp-json\/wp\/v2\/product\/10004","targetHints":{"allow":["GET"]}}],"collection":[{"href":"https:\/\/www.next-food.net\/es\/wp-json\/wp\/v2\/product"}],"about":[{"href":"https:\/\/www.next-food.net\/es\/wp-json\/wp\/v2\/types\/product"}],"replies":[{"embeddable":true,"href":"https:\/\/www.next-food.net\/es\/wp-json\/wp\/v2\/comments?post=10004"}],"wp:featuredmedia":[{"embeddable":true,"href":"https:\/\/www.next-food.net\/es\/wp-json\/wp\/v2\/media\/10005"}],"wp:attachment":[{"href":"https:\/\/www.next-food.net\/es\/wp-json\/wp\/v2\/media?parent=10004"}],"wp:term":[{"taxonomy":"product_brand","embeddable":true,"href":"https:\/\/www.next-food.net\/es\/wp-json\/wp\/v2\/product_brand?post=10004"},{"taxonomy":"product_cat","embeddable":true,"href":"https:\/\/www.next-food.net\/es\/wp-json\/wp\/v2\/product_cat?post=10004"},{"taxonomy":"product_tag","embeddable":true,"href":"https:\/\/www.next-food.net\/es\/wp-json\/wp\/v2\/product_tag?post=10004"}],"curies":[{"name":"wp","href":"https:\/\/api.w.org\/{rel}","templated":true}]}}