{"id":20016,"date":"2022-12-03T13:36:24","date_gmt":"2022-12-03T12:36:24","guid":{"rendered":"https:\/\/www.next-food.net\/el-consumo-de-insectos-comestibles\/"},"modified":"2023-04-20T13:37:51","modified_gmt":"2023-04-20T12:37:51","slug":"el-consumo-de-insectos-comestibles","status":"publish","type":"page","link":"https:\/\/www.next-food.net\/es\/guia-de-insectos-comestibles\/el-consumo-de-insectos-comestibles\/","title":{"rendered":"El consumo de insectos comestibles."},"content":{"rendered":"<p>Si todos los insectos que podemos encontrar en la naturaleza no son comestibles, veremos que un gran n\u00famero lo son. La entomofagia, porque as\u00ed llamamos comer <a href=\"https:\/\/www.next-food.net\/es\/insectos-lisos\/\"> insectos comestibles<\/a>, ya es una pr\u00e1ctica alimentaria com\u00fan en algunos pa\u00edses del mundo, y m\u00e1s concretamente en determinadas zonas geogr\u00e1ficas de Asia, \u00c1frica o Am\u00e9rica Latina. Estudios recientes estiman que <strong>un tercio de la poblaci\u00f3n mundial come insectos comestibles<\/strong>.<\/p>\n<p>M\u00e1s all\u00e1 del gusto, o del asco, el consumo alimentario de insectos tiene muchas virtudes, tanto para los consumidores como para el respeto al medio ambiente. Un hallazgo que convierte a la entomofagia en <strong>una perspectiva cre\u00edble para satisfacer las necesidades de prote\u00edna animal<\/strong> de la poblaci\u00f3n mundial, que no podr\u00e1, en parte, tener acceso a la carne propiamente dicha. La muy seria y oficial\u00edsima FAO (Organizaci\u00f3n de las Naciones Unidas para la Agricultura y la Alimentaci\u00f3n) se ha convertido con los a\u00f1os en la primera defensora de la cr\u00eda y consumo de insectos comestibles, multiplicando las campa\u00f1as de informaci\u00f3n y fomentando muchos proyectos de cr\u00eda.<\/p>\n<p><a href=\"https:\/\/www.next-food.net\/wp-content\/uploads\/2018\/12\/manger-des-insectes-comestibles-1-300x200.jpg\"><img decoding=\"async\" class=\"alignnone wp-image-13341 size-full\" src=\"https:\/\/www.next-food.net\/wp-content\/uploads\/2018\/12\/manger-des-insectes-comestibles-1.jpg\" alt=\"NEXT FOOD : Comiendo insectos comestibles\" width=\"1200\" height=\"798\" title=\"\" srcset=\"https:\/\/www.next-food.net\/wp-content\/uploads\/2018\/12\/manger-des-insectes-comestibles-1.jpg 1200w, https:\/\/www.next-food.net\/wp-content\/uploads\/2018\/12\/manger-des-insectes-comestibles-1-300x200.jpg 300w, https:\/\/www.next-food.net\/wp-content\/uploads\/2018\/12\/manger-des-insectes-comestibles-1-768x511.jpg 768w, https:\/\/www.next-food.net\/wp-content\/uploads\/2018\/12\/manger-des-insectes-comestibles-1-1024x681.jpg 1024w, https:\/\/www.next-food.net\/wp-content\/uploads\/2018\/12\/manger-des-insectes-comestibles-1-600x399.jpg 600w\" sizes=\"(max-width: 1200px) 100vw, 1200px\" \/><\/a><\/p>\n<h2>Prote\u00ednas, pero no solo<\/h2>\n<p>La primera de las <a href=\"https:\/\/www.next-food.net\/es\/guia-de-insectos-comestibles\/los-beneficios-de-comer-insectos-para-nuestra-salud\/\">virtudes de los insectos comestibles<\/a> es su tremendo contenido proteico , hasta el 50% para algunas especies. Comer cinco langostas grandes representa la misma ingesta de prote\u00ednas que comer un bistec de res, y a\u00fan a modo de comparaci\u00f3n, <strong>los insectos son 9 veces m\u00e1s ricos en prote\u00ednas que la carne de vaca en igual cantidad<\/strong>.<\/p>\n<p>Pero el valor nutricional de los insectos comestibles no se limita a las prote\u00ednas: tambi\u00e9n son fuente natural de vitaminas, minerales y elementos especialmente \u00fatiles para el equilibrio alimentario y la salud, hierro, calcio y Omega 3 y 6. Adem\u00e1s, estos productos son fuentes de hidratos de carbono, a diferencia de la carne, y permiten un mejor aporte de fibra.<\/p>\n<p>Adem\u00e1s, los insectos son alimentos que inducen menos riesgos relacionados con el colesterol, por su menor contenido en grasas que las carnes tradicionales, un 15% de media frente a un 50%. Este equilibrio de nutrientes explica, por tanto, por qu\u00e9 la cr\u00eda y el consumo de insectos, enteros o reducidos a harina, son soluciones l\u00f3gicas para satisfacer las necesidades alimentarias de una poblaci\u00f3n mundial en perpetua expansi\u00f3n, contrariamente a los recursos disponibles.<\/p>\n<h2>Una esperanza ecol\u00f3gica para la humanidad y para el planeta<\/h2>\n<p><a href=\"https:\/\/www.next-food.net\/es\/guia-de-insectos-comestibles\/insectos-comestibles-un-gran-desafio-para-nuestro-futuro-alimentario\/\">Alimentar a la humanidad con insectos comestibles<\/a> es pues hoy m\u00e1s que una hip\u00f3tesis, sino una realidad en muchos pa\u00edses del mundo. Este aspecto puramente alimentario y nutritivo se complementa tambi\u00e9n con m\u00e9todos de cultivo y producci\u00f3n mucho m\u00e1s cuidadosos y respetuosos con el medio ambiente que la producci\u00f3n de carne, que tiene un fuerte y negativo impacto en el equilibrio ecol\u00f3gico del planeta.<\/p>\n<p>El uso masivo de pesticidas, herbicidas, antibi\u00f3ticos y muchas otras sustancias qu\u00edmicas es solo la cara visible de un iceberg que crece cada d\u00eda a causa de la producci\u00f3n mundial de carne. En efecto, adem\u00e1s de estos productos nocivos, <strong>la cr\u00eda de animales con fines alimentarios requiere cada vez m\u00e1s recursos h\u00eddricos, superficiales y alimentarios<\/strong>, para producir cada vez m\u00e1s emisiones de gases de efecto invernadero. Si a\u00f1adimos el aspecto \u00e9tico y moral, cada vez m\u00e1s destacado por las escenas de crueldad animal visibles en la cadena de cr\u00eda y matanza, comprendemos mejor por qu\u00e9 los insectos comestibles encabezan la lista de soluciones alimentarias del futuro.<\/p>\n<p>Menos productos qu\u00edmicos, menos agua, menos recursos, menos espacio necesario para la producci\u00f3n y 100 veces menos gases de efecto invernadero emitidos, por la misma cantidad de prote\u00edna producida: esta es la imagen positiva que muestran los insectos comestibles que cr\u00edan y producen harina a partir de ellos.<\/p>\n<p><strong>La entomicultura es tambi\u00e9n una oportunidad para la gente de los pa\u00edses en desarrollo<\/strong>, ofreciendo oportunidades reales a estas poblaciones locales. De hecho, en muchas \u00e1reas que no han sido afectadas por ninguna contaminaci\u00f3n relacionada con la agricultura, la recolecci\u00f3n de insectos en la naturaleza es una posibilidad que permite a los aldeanos, reclutados y pagados por los grandes agricultores, generar ingresos. en\u00fas La proliferaci\u00f3n de granjas de escorpiones o grillos es tambi\u00e9n una fuente de desarrollo para regiones desfavorecidas, en China o Tailandia, por ejemplo.<\/p>\n<p>La FAO tambi\u00e9n destaca la alta calidad nutricional de los insectos y su posible uso como complemento alimenticio para la alimentaci\u00f3n del ganado. Se ha demostrado cient\u00edficamente que las larvas de mosca soldado, los gusanos de la harina, los saltamontes y los grillos son buenos productos de crecimiento para muchos animales.<\/p>\n<p><a href=\"https:\/\/www.next-food.net\/wp-content\/uploads\/2018\/12\/manger-des-insectes-comestibles-2-300x200.jpg\"><img decoding=\"async\" class=\"wp-image-13345 size-full\" src=\"https:\/\/www.next-food.net\/wp-content\/uploads\/2018\/12\/manger-des-insectes-comestibles-2.jpg\" alt=\"La consommation d&#039;insectes comestibles dans notre alimentation\" width=\"1200\" height=\"800\" title=\"\" srcset=\"https:\/\/www.next-food.net\/wp-content\/uploads\/2018\/12\/manger-des-insectes-comestibles-2.jpg 1200w, https:\/\/www.next-food.net\/wp-content\/uploads\/2018\/12\/manger-des-insectes-comestibles-2-300x200.jpg 300w, https:\/\/www.next-food.net\/wp-content\/uploads\/2018\/12\/manger-des-insectes-comestibles-2-768x512.jpg 768w, https:\/\/www.next-food.net\/wp-content\/uploads\/2018\/12\/manger-des-insectes-comestibles-2-1024x683.jpg 1024w, https:\/\/www.next-food.net\/wp-content\/uploads\/2018\/12\/manger-des-insectes-comestibles-2-600x400.jpg 600w\" sizes=\"(max-width: 1200px) 100vw, 1200px\" \/><\/a><\/p>\n<h2>Proceso de producci\u00f3n y especies comestibles<\/h2>\n<p>Antes de encontrar <a href=\"https:\/\/www.next-food.net\/es\/guia-de-insectos-comestibles\/insectos-comestibles-para-llenar-nuestros-platos\/\">insectos comestibles en nuestros platos<\/a>, a\u00fan necesita la certeza de <strong>producci\u00f3n respetando las normas sanitarias<\/strong> impuestas en Europa y Francia. Tambi\u00e9n es importante <strong>aprender a conocer mejor las especies comestibles<\/strong>, para entenderlas mejor y fomentar su consumo alimentario, que muchas veces tropieza con reticencias ligadas a la ausencia de este consumo cotidiano en nuestra cultura occidental.<\/p>\n<p>En la gran mayor\u00eda de los casos, la cr\u00eda de insectos se realiza de forma 100% natural, sin el uso de productos qu\u00edmicos y sin recurrir a recursos externos, como la electricidad para iluminar las zonas de cr\u00eda o gestionar la humedad y la temperatura. Algunos productores, por ejemplo, logran producir y secar grillos anunciando la cifra de cero electricidad y agua utilizada para ello. A los insectos comestibles se les realizan los mismos controles de calidad que a la carne, lo que tiende a hacer de este sector una fuente de productos saludables y sin mayores riesgos para la salud.<\/p>\n<p>En cuanto a las especies comestibles, hay que reconocer que en definitiva son muy numerosas y variadas. Aqu\u00ed est\u00e1 la lista de las especies m\u00e1s consumidas y las que se pueden encontrar m\u00e1s f\u00e1cilmente en Francia:<\/p>\n<ul>\n<li>Los grillos, la harina de grillo, las cigarras, las hormigas tejedoras y los saltamontes se encuentran entre los insectos favoritos de los entusiastas.<\/li>\n<li>Los gusanos de la harina y los grillos son los m\u00e1s consumidos en el mundo.<\/li>\n<li>El escorpi\u00f3n negro, la tar\u00e1ntula y los insectos acu\u00e1ticos gigantes se consideran los m\u00e1s dif\u00edciles de comer, debido a su apariencia aterradora para los novatos.<\/li>\n<\/ul>\n<p><strong>Tambi\u00e9n es posible obtener y comer varias variedades de larvas y gusanos<\/strong>, como los de palma o bamb\u00fa.<\/p>\n<h2>\u00bfUn insecto salado o dulce?<\/h2>\n<p>Mientras que la gran mayor\u00eda de las <a href=\"https:\/\/www.next-food.net\/es\/guia-de-insectos-comestibles\/las-mejores-recetas-con-insectos-comestibles\/\">recetas basadas en insectos comestibles<\/a> se refieren a deliciosos platos, la preparaci\u00f3n de platos dulces no est\u00e1 absolutamente excluida. <strong>El predominio del sabor salado se debe sobre todo al origen geogr\u00e1fico del consumo habitual de insectos<\/strong>, fundamentalmente asi\u00e1tico. Por eso recomendamos y encontramos ingredientes tambi\u00e9n originarios de Tailandia, China o Camboya para potenciar la cocina entom\u00f3faga: lima, albahaca tailandesa, curry, pimiento m\u00e1s o menos picante, wasabi japon\u00e9s o incluso salsa satay. Sin embargo, no hay l\u00edmites en cuanto al uso de insectos comestibles en la cocina y es f\u00e1cilmente posible integrarlos en platos occidentales, como sustituto de la carne o para aportar prote\u00ednas y vitaminas a un plato que originalmente no las contiene.<\/p>\n<p>Tambi\u00e9n es muy sencillo utilizar harina de grillo, mezcl\u00e1ndola con harina tradicional, una forma de comer insectos sin darnos cuenta. Esta misma harina de grillo se puede usar para hornear, al igual que las langostas y otros saltamontes que brindan un sabor a man\u00ed tostado que se puede usar para hacer panqueques o gofres.<\/p>\n<p>Si quieres desarrollar tus habilidades culinarias entom\u00f3fagas, te ofrecemos haz clic aqu\u00ed para descubrir varias recetas a base de insectos comestibles.<\/p>\n<p><a href=\"https:\/\/www.next-food.net\/wp-content\/uploads\/2018\/12\/des-recettes-a-base-d-insectes-comestibles-1-300x200.jpg\"><img decoding=\"async\" class=\"wp-image-13281 size-full\" src=\"https:\/\/www.next-food.net\/wp-content\/uploads\/2018\/12\/des-recettes-a-base-d-insectes-comestibles-1.jpg\" alt=\"L&#039;entomologie, c&#039;est aussi vari\u00e9 la consommation d&#039;insecte grill\u00e9\" width=\"1200\" height=\"800\" title=\"\" srcset=\"https:\/\/www.next-food.net\/wp-content\/uploads\/2018\/12\/des-recettes-a-base-d-insectes-comestibles-1.jpg 1200w, https:\/\/www.next-food.net\/wp-content\/uploads\/2018\/12\/des-recettes-a-base-d-insectes-comestibles-1-300x200.jpg 300w, https:\/\/www.next-food.net\/wp-content\/uploads\/2018\/12\/des-recettes-a-base-d-insectes-comestibles-1-768x512.jpg 768w, https:\/\/www.next-food.net\/wp-content\/uploads\/2018\/12\/des-recettes-a-base-d-insectes-comestibles-1-1024x683.jpg 1024w, https:\/\/www.next-food.net\/wp-content\/uploads\/2018\/12\/des-recettes-a-base-d-insectes-comestibles-1-600x400.jpg 600w\" sizes=\"(max-width: 1200px) 100vw, 1200px\" \/><\/a><\/p>\n<h2>\u00bfQu\u00e9 pasa con los insectos silvestres y las posibles alergias?<\/h2>\n<p>Siempre vale la pena recordar tomar ciertas <a href=\"https:\/\/www.next-food.net\/es\/guia-de-insectos-comestibles\/comer-insectos-comestibles-que-tan-seguro\/\"> precauciones antes de consumir insectos comestibles<\/a>. En primer lugar, tambi\u00e9n podr\u00edas <strong>abandonar inmediatamente la idea de recolectar insectos t\u00fa mismo en tu jard\u00edn<\/strong> o en los campos y parques p\u00fablicos franceses para com\u00e9rtelos. Los plaguicidas y herbicidas utilizados masivamente se encuentran en el cuerpo de estos insectos, lo que es claramente un motivo de no consumo de alimento humano.<\/p>\n<p>En cuanto a las alergias, las personas al\u00e9rgicas a los crust\u00e1ceos y moluscos tambi\u00e9n son potencialmente al\u00e9rgicas a los insectos comestibles, debido a la presencia de quitina en el exoesqueleto de los insectos. As\u00ed que ten cuidado si est\u00e1s en este caso&#8230;<\/p>\n<h2>\u00a1Ya comes bichos!<\/h2>\n<p><strong>\u00bfSab\u00edas que?<\/strong> <b>\u00a1Consumes 1 kilo de insectos al a\u00f1o, sin darte cuenta<\/b>! Sin embargo, varios factores explican esta incre\u00edble cifra. En primer lugar, hay que tener en cuenta las ingestiones accidentales que se producen habitualmente en la vida diaria, adem\u00e1s de si practicas jogging, el uso de veh\u00edculos de dos ruedas o actividades deportivas al aire libre. Luego hay que a\u00f1adir la presencia de fragmentos de insectos en muchos productos de la industria alimentaria: cereales, legumbres y harinas. Incluso existe una norma oficial, una tasa fijada por las autoridades sanitarias que consideran aceptable la presencia de 0,1% de fragmentos de insectos por masa de muestra de productos industriales, lo que sigue representando el equivalente a 1 gramo por kg. La suma de estos dos primeros elementos da como resultado la ingesti\u00f3n de 500 gramos de insectos, por a\u00f1o y por persona.<\/p>\n<p>Los otros 500 gramos est\u00e1n vinculados al uso por parte de la industria del colorante alimentario E120, que se deriva de la transformaci\u00f3n de un insecto, la cochinilla. Este colorante no s\u00f3lo se encuentra en los productos alimenticios (golosinas, mermeladas, yogures, bebidas), sino que tambi\u00e9n es utilizado por la industria farmac\u00e9utica como colorante de determinados f\u00e1rmacos como los jarabes para la tos, o para fabricar complementos alimenticios.<\/p>\n","protected":false},"excerpt":{"rendered":"<p>Si todos los insectos que podemos encontrar en la naturaleza no son comestibles, veremos que un gran n\u00famero lo son. La entomofagia, porque as\u00ed llamamos comer insectos comestibles, ya es una pr\u00e1ctica alimentaria com\u00fan en algunos pa\u00edses del mundo, y m\u00e1s concretamente en determinadas zonas geogr\u00e1ficas de Asia, \u00c1frica o Am\u00e9rica Latina. Estudios recientes estiman [&#8230;]\n","protected":false},"author":2087,"featured_media":0,"parent":13725,"menu_order":0,"comment_status":"closed","ping_status":"closed","template":"page-blank-title-center.php","meta":{"footnotes":""},"class_list":["post-20016","page","type-page","status-publish","hentry"],"_links":{"self":[{"href":"https:\/\/www.next-food.net\/es\/wp-json\/wp\/v2\/pages\/20016","targetHints":{"allow":["GET"]}}],"collection":[{"href":"https:\/\/www.next-food.net\/es\/wp-json\/wp\/v2\/pages"}],"about":[{"href":"https:\/\/www.next-food.net\/es\/wp-json\/wp\/v2\/types\/page"}],"author":[{"embeddable":true,"href":"https:\/\/www.next-food.net\/es\/wp-json\/wp\/v2\/users\/2087"}],"replies":[{"embeddable":true,"href":"https:\/\/www.next-food.net\/es\/wp-json\/wp\/v2\/comments?post=20016"}],"version-history":[{"count":2,"href":"https:\/\/www.next-food.net\/es\/wp-json\/wp\/v2\/pages\/20016\/revisions"}],"predecessor-version":[{"id":21107,"href":"https:\/\/www.next-food.net\/es\/wp-json\/wp\/v2\/pages\/20016\/revisions\/21107"}],"up":[{"embeddable":true,"href":"https:\/\/www.next-food.net\/es\/wp-json\/wp\/v2\/pages\/13725"}],"wp:attachment":[{"href":"https:\/\/www.next-food.net\/es\/wp-json\/wp\/v2\/media?parent=20016"}],"curies":[{"name":"wp","href":"https:\/\/api.w.org\/{rel}","templated":true}]}}