{"id":20007,"date":"2022-12-03T10:44:18","date_gmt":"2022-12-03T09:44:18","guid":{"rendered":"https:\/\/www.next-food.net\/las-mejores-recetas-con-insectos-comestibles\/"},"modified":"2022-12-10T21:28:18","modified_gmt":"2022-12-10T20:28:18","slug":"las-mejores-recetas-con-insectos-comestibles","status":"publish","type":"page","link":"https:\/\/www.next-food.net\/es\/guia-de-insectos-comestibles\/las-mejores-recetas-con-insectos-comestibles\/","title":{"rendered":"Las mejores recetas con insectos comestibles"},"content":{"rendered":"<p>Imaginemos juntos el resumen de un programa de cocina en unos a\u00f1os: \u00abPara que esta receta sea un \u00e9xito, necesitar\u00e1s 200 gramos de harina de grillo, algunas cebollas y verduras varias, 6 huevos y, por supuesto, 4 langostas enteras, etc. \u00ab. \u00bfAnticipaci\u00f3n o pura ciencia ficci\u00f3n? Es dif\u00edcil responder a esta pregunta definitivamente&#8230;<\/p>\n<p>Sin embargo, una cosa parece segura: <a href=\"https:\/\/www.next-food.net\/es\/guia-de-insectos-comestibles\/insectos-comestibles-un-gran-desafio-para-nuestro-futuro-alimentario\/\">comer insectos comestibles<\/a> es una de las formas m\u00e1s soluciones serias para <strong>permitir a toda la poblaci\u00f3n mundial<\/strong>, que est\u00e1 en constante aumento, <strong>asegurar sus necesidades proteicas<\/strong>, adem\u00e1s o en lugar de las carnes tradicionales. De hecho, la cr\u00eda y el consumo alimentario de insectos comestibles tiene muchos beneficios, tanto para los humanos como para el planeta. Naturalmente ricos en prote\u00ednas, nutrientes y vitaminas, <strong>los insectos tambi\u00e9n ofrecen m\u00e9todos de producci\u00f3n mucho m\u00e1s respetuosos con el medio ambiente<\/strong> que los de la industria agroalimentaria c\u00e1rnica. Para obtener la misma cantidad de prote\u00edna, criar insectos comestibles requiere menos agua, menos recursos, menos espacio y genera 100 veces menos emisiones de gases de efecto invernadero.<\/p>\n<p>\u00bfConvencido? \u00a1As\u00ed que a la estufa!<\/p>\n<p><img decoding=\"async\" class=\"img-responsive\" src=\"https:\/\/www.next-food.net\/wp-content\/uploads\/2018\/12\/des-recettes-a-base-d-insectes-comestibles-1.jpg\" alt=\"Des recettes \u00e0 base d&#039;insectes comestibles-1\" title=\"\"><\/p>\n<h2>Las recetas m\u00e1s sencillas: insectos con sabor para el aperitivo<\/h2>\n<p><strong>El aperitivo es una excelente puerta de entrada a la entomofagia<\/strong>, comer insectos comestibles, porque a\u00f1ade un aspecto l\u00fadico y un reto divertido para aquellos que nunca han tenido la oportunidad de probar y sentir un poco de aprensi\u00f3n. El insecto estrella del aperitivo es sin duda el grillo. F\u00e1cilmente disponibles en varios tama\u00f1os y variedades, <strong>los grillos se encuentran entre los insectos m\u00e1s consumidos en el mundo<\/strong> debido a su sabor similar a los alimentos cl\u00e1sicos como las almendras y las avellanas.<\/p>\n<div>\n<p>La principal fuente de inspiraci\u00f3n para la elecci\u00f3n de los ingredientes utilizados para dar sabor a estos grillos proviene de los pa\u00edses en los que se comen regularmente, a saber, Tailandia e India. Si tienes grillos al natural, aqu\u00ed tienes algunas ideas de productos que te permitir\u00e1n obtener sabrosas recetas, haciendo un simple adobo antes de servirlos, o espolvore\u00e1ndolos directamente sobre tus grillos: albahaca y\/o curry tailand\u00e9s, lima, wasabi, o pimienta dulce. Tambi\u00e9n es posible consumir grillos comestibles con los ingredientes y salsas habituales de nuestras latitudes, como sal y vinagre, mayonesa o un ketchup m\u00e1s o menos picante.Si buscas un reto a\u00fan m\u00e1s vigoroso, pero sin perder la convivencia, es sencillo ofrecer <strong>una peque\u00f1a fritura de tar\u00e1ntulas<\/strong> ali\u00f1adas a tu gusto, o <strong>servir a tus invitados una ensalada de langostas migratorias<\/strong> decorada con tus ingredientes favoritos. Al igual que las variedades de grillos comestibles, la langosta es un caso de libro de texto sobre el inter\u00e9s del consumo alimentario de los insectos. De hecho, adem\u00e1s de su rico y completo aporte nutricional, su crianza permite transformar este formidable depredador de cultivos alimentarios en \u00c1frica en una fuente ecol\u00f3gica de prote\u00ednas. Para finalizar este repaso de insectos comestibles especialmente indicados para un aperitivo con amigos, es imposible no mencionar al espectacular alacr\u00e1n negro, cuyo sabor cercano a las gambas combina a la perfecci\u00f3n con la lima o la salsa nuoc-mam.<\/p>\n<p><img decoding=\"async\" class=\"img-responsive\" src=\"https:\/\/www.next-food.net\/wp-content\/uploads\/2018\/12\/des-recettes-a-base-d-insectes-comestibles-2.jpg\" alt=\"Des recettes \u00e0 base d&#039;insectes comestibles-2\" title=\"\"><\/p>\n<h2>Platos de verdad hechos con insectos<\/h2>\n<p>La principal fuente de inspiraci\u00f3n de la cocina entom\u00f3faga proviene directamente de los pa\u00edses asi\u00e1ticos donde m\u00e1s se consumen insectos, pero veremos que <strong>tambi\u00e9n es posible integrar estos insectos en la cocina francesa<\/strong>.<\/p>\n<p>Si la cocina asi\u00e1tica hace salivar tus papilas gustativas de antemano, te recomendamos esta deliciosa receta de grillos camboyanos style, o este wok de gusanos de palmeras . Tambi\u00e9n es muy sencillo cocinar tus recetas asi\u00e1ticas favoritas a\u00f1adiendo grillos fritos o langostas, o utilizarlos en sustituci\u00f3n de la carne de higo. despotricar en la receta original. Para descubrir las sensaciones y los sabores de las hormigas negras, dejemos Asia y viajemos a M\u00e9xico para hacer unos tacos infantilmente sencillos, a\u00f1adiendo ajo y cebolla a los huevos fritos de hormiga.<\/p>\n<p>Para adaptar las recetas de la cocina francesa u occidental a la entomofagia, por lo general basta con mostrar un poco de imaginaci\u00f3n y creatividad. Aqu\u00ed hay algunos ejemplos simples de c\u00f3mo consumir y cocinar insectos comestibles:<\/p>\n<ul>\n<li>Para <strong>volver a visitar un quiche tradicional<\/strong>, reemplaza el tocino con peque\u00f1os grillos o gusanos de seda que hayas tenido cuidado de dorar en la sart\u00e9n.<\/li>\n<li>Si desea cocinar un parmentier gratinado, machaque o mezcle saltamontes, grillos o cigarras comestibles hasta obtener un pur\u00e9. Luego alternar en un plato capas de este pur\u00e9 de insectos con capas de pur\u00e9 de papa, incorporar hierbas arom\u00e1ticas, cubrir con queso y hornear.<\/li>\n<li>La paella tambi\u00e9n se presta a la incorporaci\u00f3n de insectos: sustituye las gambas por escorpiones o grillos fritos y en salaz\u00f3n y listo.<\/li>\n<li>Para <strong>redescubrir los sabores mediterr\u00e1neos<\/strong>, haz una salsa de tomate como lo haces habitualmente, solo agregando saltamontes o grillos picados finamente. Sirve esta salsa con espaguetis o pescado blanco para sorprender y asombrar a tus invitados.<\/li>\n<\/ul>\n<p>Tambi\u00e9n parece una buena idea resaltar el importante papel que puede desempe\u00f1ar la harina de grillo en la cocci\u00f3n y alimentaci\u00f3n de insectos comestibles. Muy f\u00e1cil de usar y visualmente neutro, se puede mezclar con harina tradicional para cocinar pasteles y pizzas, o para hacer pasta o pan casero.<\/p>\n<p><img decoding=\"async\" class=\"img-responsive\" src=\"https:\/\/www.next-food.net\/wp-content\/uploads\/2018\/12\/des-recettes-a-base-d-insectes-comestibles-3.jpg\" alt=\"Des recettes \u00e0 base d&#039;insectes comestibles-3\" title=\"\"><\/p>\n<h2>\u00bfY de postre, un insecto?<\/h2>\n<p>Amantes de los postres, \u00a1al\u00e9grense! <strong>La particularidad de ciertos insectos comestibles es que son aptos tanto para recetas saladas como para preparaciones dulces<\/strong>. Al igual que con la comida salada, el \u00fanico l\u00edmite es tu creatividad culinaria y tu gusto por descubrir el sabor. Adem\u00e1s de la harina de grillo, que es muy f\u00e1cil de incorporar mezcl\u00e1ndola con harina de trigo, es posible imaginar una gran cantidad de recetas dulces para aprovechar los beneficios nutricionales y el sabor a man\u00ed de los grillos, grillos y saltamontes.<\/p>\n<p>Aqu\u00ed tienes algunas ideas para descubrir la cocina dulce con insectos comestibles o para perfeccionar tus habilidades en este campo: incorpora grillos a tu masa para tortitas, trocea langostas para hacer gofres o incluso sirve pl\u00e1tanos flambeados al ron con unos saltamontes a la plancha.<\/p>\n<p>Si el chocolate es tu mejor amigo, simplemente sumerge insectos grandes en chocolate previamente derretido al ba\u00f1o mar\u00eda y luego d\u00e9jalos endurecer en el refrigerador oa temperatura ambiente en el invierno. \u00a1Te sorprender\u00e1 el resultado que obtendr\u00e1s, una receta crujiente y deliciosa!<\/p>\n<p><em>Recomendamos estas otras p\u00e1ginas: <\/em><\/p>\n<ul>\n<li><a href=\"https:\/\/www.next-food.net\/es\/guia-de-insectos-comestibles\/los-beneficios-de-comer-insectos-para-nuestra-salud\/\">Las virtudes de los insectos comestibles<\/a><\/li>\n<li><a href=\"https:\/\/www.next-food.net\/es\/guia-de-insectos-comestibles\/insectos-comestibles-un-gran-desafio-para-nuestro-futuro-alimentario\/\">Alimentando a la humanidad con insectos comestibles<\/a><\/li>\n<li><a href=\"https:\/\/www.next-food.net\/es\/guia-de-insectos-comestibles\/insectos-comestibles-para-llenar-nuestros-platos\/\">Insectos-comestibles en nuestros platos<\/a><\/li>\n<li><a href=\"https:\/\/www.next-food.net\/es\/guia-de-insectos-comestibles\/comer-insectos-comestibles-que-tan-seguro\/\">Precauciones antes de consumir insectos comestibles<\/a><\/li>\n<\/ul>\n<\/div>\n","protected":false},"excerpt":{"rendered":"<p>Imaginemos juntos el resumen de un programa de cocina en unos a\u00f1os: \u00abPara que esta receta sea un \u00e9xito, necesitar\u00e1s 200 gramos de harina de grillo, algunas cebollas y verduras varias, 6 huevos y, por supuesto, 4 langostas enteras, etc. \u00ab. \u00bfAnticipaci\u00f3n o pura ciencia ficci\u00f3n? Es dif\u00edcil responder a esta pregunta definitivamente&#8230; Sin embargo, [&#8230;]\n","protected":false},"author":2087,"featured_media":0,"parent":13725,"menu_order":0,"comment_status":"closed","ping_status":"closed","template":"page-blank-title-center.php","meta":{"footnotes":""},"class_list":["post-20007","page","type-page","status-publish","hentry"],"_links":{"self":[{"href":"https:\/\/www.next-food.net\/es\/wp-json\/wp\/v2\/pages\/20007","targetHints":{"allow":["GET"]}}],"collection":[{"href":"https:\/\/www.next-food.net\/es\/wp-json\/wp\/v2\/pages"}],"about":[{"href":"https:\/\/www.next-food.net\/es\/wp-json\/wp\/v2\/types\/page"}],"author":[{"embeddable":true,"href":"https:\/\/www.next-food.net\/es\/wp-json\/wp\/v2\/users\/2087"}],"replies":[{"embeddable":true,"href":"https:\/\/www.next-food.net\/es\/wp-json\/wp\/v2\/comments?post=20007"}],"version-history":[{"count":0,"href":"https:\/\/www.next-food.net\/es\/wp-json\/wp\/v2\/pages\/20007\/revisions"}],"up":[{"embeddable":true,"href":"https:\/\/www.next-food.net\/es\/wp-json\/wp\/v2\/pages\/13725"}],"wp:attachment":[{"href":"https:\/\/www.next-food.net\/es\/wp-json\/wp\/v2\/media?parent=20007"}],"curies":[{"name":"wp","href":"https:\/\/api.w.org\/{rel}","templated":true}]}}