{"id":10674,"date":"2018-04-13T19:24:18","date_gmt":"2018-04-13T18:24:18","guid":{"rendered":"https:\/\/www.next-food.net\/?page_id=10674"},"modified":"2022-12-24T17:07:13","modified_gmt":"2022-12-24T16:07:13","slug":"next-food-insectos-comestibles-al-por-mayor","status":"publish","type":"page","link":"https:\/\/www.next-food.net\/es\/next-food-insectos-comestibles-al-por-mayor\/","title":{"rendered":"Insectos comestibles al por mayor"},"content":{"rendered":"\t<div class=\"img has-hover x md-x lg-x y md-y lg-y\" id=\"image_192374224\">\n\t\t\t\t\t\t\t\t<div class=\"img-inner dark\" >\n\t\t\t<img decoding=\"async\" width=\"1020\" height=\"273\" src=\"https:\/\/www.next-food.net\/wp-content\/uploads\/2018\/03\/Insects-on-tray-1024x274.jpg\" class=\"attachment-large size-large\" alt=\"Insectos comestibles: le ver \u00e0 soie\" srcset=\"https:\/\/www.next-food.net\/wp-content\/uploads\/2018\/03\/Insects-on-tray-1024x274.jpg 1024w, https:\/\/www.next-food.net\/wp-content\/uploads\/2018\/03\/Insects-on-tray-300x80.jpg 300w, https:\/\/www.next-food.net\/wp-content\/uploads\/2018\/03\/Insects-on-tray-768x205.jpg 768w, https:\/\/www.next-food.net\/wp-content\/uploads\/2018\/03\/Insects-on-tray-600x161.jpg 600w, https:\/\/www.next-food.net\/wp-content\/uploads\/2018\/03\/Insects-on-tray.jpg 2000w\" sizes=\"(max-width: 1020px) 100vw, 1020px\" title=\"\">\t\t\t\t\t\t\n\t\t\t\t\t<\/div>\n\t\t\t\t\t\t\t\t\n<style>\n#image_192374224 {\n  width: 100%;\n}\n<\/style>\n\t<\/div>\n\t\n<h1>Insectos comestibles Next-Food. Venta al por mayor, por peso<\/h1>\n<p>Aqu\u00ed encontrar\u00e1 los productos de la marca NextFood, grillos al por mayor, al por mayor de insectos, escorpiones al por mayor, insectos comestibles al por mayor.Los insectos comestibles en este rango fueron alimentados, criados y seleccionados con gran cuidado para nuestros clientes a la vez curioso y exigente. Siguiente La comida es ante todo una empresa dedicada al desarrollo de la cr\u00eda de insectos comestibles y la venta de estos.Usted es un convencido de entom\u00f3fagos? A continuaci\u00f3n, esta l\u00ednea de productos est\u00e1 hecho para ti! Los insectos que se venden al por mayor con los estrictos criterios: calidad de los insectos, el gusto, la trazabilidad y la seguridad alimentaria..<\/p>\n<h2 style=\"text-align: center;\">Nuestros mayoristas insectos comestibles<\/h2>\n<p style=\"text-align: center;\">(M\u00ednimo de 20 kg por orden. Posible agrupaci\u00f3n)<\/p>\n<p>Gusanos gigantes \/ Zophobas Morio \u2013 RF 01<\/p>\n<p>Ideal si usted es un nuevo entom\u00f3fagos. Nuestros gusanos gigantes son criados en nuestra granja. Son sacrificados y entonces se limpian y se hierve y finalmente se secan para preservar sus nutrientes. A continuaci\u00f3n, se sazonan a la necesidad o simplemente salar antes de ser envasado. Alimentado harina de arroz o avena, trigo integral, verduras y otros alimentos. Esto realmente es uno de nuestros productos estrella, que ofrece la demostraci\u00f3n de una producci\u00f3n en masa respetuosa del medio ambiente con un producto de calidad.<\/p>\n<p><img class=\"lazyload\" alt=\"edible giant worms\" width=\"300\" data-maxdpr=\"1.7\" \/><\/p>\n<p>Gusano de la harina \/ Tenebrio Molitor \u2013 RF 02<\/p>\n<p>Tanto crujiente y sabroso, estos gusanos de la harina son perfectos para aquellos de ustedes que tienen dificultades para probar la entomophagie. Esta primera experiencia ser\u00e1 m\u00e1s f\u00e1cil, tal vez antes de probar tar\u00e1ntulas \u2026 Gusanos de la harina, o larvas del gusano de la harina (Tenebrio molitor), se compone principalmente de agua, esto es por lo que se sentir\u00e1 como un una c\u00e1scara vac\u00eda. Sin embargo, es en lo que queda despu\u00e9s de la deshidrataci\u00f3n que se concentran los nutrientes esenciales: prote\u00ednas, calcio, hierro \u2026<\/p>\n<p><img class=\"lazyload\" alt=\"edible meal worms\" width=\"300\" data-maxdpr=\"1.7\" \/><\/p>\n<p>Grillos de campo \/ Gryllus Bimaculatus \u2013 RF 03<\/p>\n<p>Los grillos de Next-Food han sido cuidadosamente seleccionados por su sabor, sus bellas formas y la calidad del ganado que han eclosionado. De hecho, estos insectos provienen de nuestra comunidad que utiliza t\u00e9cnicas innovadoras y respetuosas con el medio ambiente. Los grillos se levantan y se prepar\u00f3 en el punto de acuerdo con estrictos criterios de calidad. Antes de ser empaquetados, los insectos son sacrificados por la cri\u00f3nica, antes de ser hervida y luego se seca por un proceso \u00fanico uso de la energ\u00eda renovable. A continuaci\u00f3n, se sazonan. Ofrecemos estos grillos a diferentes sabores: tailand\u00e9s, curry, chili, tom yum \u2026<\/p>\n<p><img class=\"lazyload\" alt=\"edible field cricket\" width=\"300\" data-maxdpr=\"1.7\" \/><\/p>\n<p>Gusanos de seda \/ Bombyx Mori Pupae \u2013 RF 05<\/p>\n<p>Los gusanos de seda son insectos consumidos y apreciados en muchos pa\u00edses. En algunas zonas de Asia, gusanos de seda son a\u00fan un manjar, especialmente apreciado por sus sabores dulces. Ellos pueden integrarse en todo tipo de recetas tradicionales. Se pueden comer en los pinchos, sazonado al gusto de cada uno.El sabor del gusano de seda le recordar\u00e1 el sabor de las avellanas y almendras con un sobre crujiente. Aparte de su aspecto visual, tendr\u00e1 problemas para creer que usted come un insecto \u2026<\/p>\n<p><img class=\"lazyload\" alt=\"silk worm which people eat\" width=\"300\" data-maxdpr=\"1.7\" \/><\/p>\n<p>Langostas \/ Pantanga Succint \u2013 RF 06<\/p>\n<p>La langosta migratoria es particularmente apreciada de la entom\u00f3fagos y se adaptan f\u00e1cilmente en las recetas que son extremadamente variadas.Un desastre para los cultivos en \u00c1frica y Asia, sin embargo comiendo es un tesoro nutritivo y que ser\u00eda una l\u00e1stima perder estos insectos ricos y sabrosos. Caliente o fr\u00eda, salada o az\u00facares, o cocinados o crudos, las langostas se cocinan a la perfecci\u00f3n a todas las salsas. Los gourmets disfrutar\u00e1n! No dude en ofrecer grillos ligeramente salados como aperitivo.<\/p>\n<p><img class=\"lazyload\" alt=\"locust which you can eat\" width=\"300\" data-maxdpr=\"1.7\" \/><\/p>\n<p>Saltamontes \/ Orthoptera \u2013 RF 07Con un sabor a medio camino entre el tocino a la plancha y patatas al horno, los saltamontes se consumen en Asia, \u00c1frica y Am\u00e9rica Latina de una manera com\u00fan. En algunas regiones agr\u00edcolas que destruyen los cultivos y son las \u00fanicas fuentes de alimentos para la poblaci\u00f3n. Hoy en d\u00eda, con el desarrollo de la entomophagie como un sistema econ\u00f3mico viable y esencial para el desaf\u00edo alimentario mundial, langostas silvestres se convierten para las personas que tem\u00edan su llegada una fuente de ingresos alternativa interesante.<\/p>\n<p><img class=\"lazyload\" alt=\"edible grasshoppers\" width=\"300\" data-maxdpr=\"1.7\" \/><\/p>\n<p>Peque\u00f1os saltamontes \/ Schistocerca \u2013 RF 08<\/p>\n<p>Peque\u00f1os saltamontes son crujiente y sabrosa, ideal para el aperitivo \u2026 Un sabor a medio camino entre el tocino y papas a la parrilla en el horno.<\/p>\n<p><img class=\"lazyload\" alt=\"edible mini grass hopper\" width=\"300\" data-maxdpr=\"1.7\" \/><\/p>\n<p>Escarabajos buceadores \/ Cybister Limbatus \u2013 RF 09<\/p>\n<p>Escarabajos buceadores vienen de nuestra asociaci\u00f3n de coleccionistas de insectos. Se limpian y se hierven antes de ser deshidratado. escarabajo del salto es un anfibio que cazan peque\u00f1os peces e invertebrados. Tiene un est\u00edmulo muy fuerte (no olvide quitar antes de comer). Encontrado en varios lugares del mundo, entre otros: Jap\u00f3n, el sudeste de Asia, M\u00e9xico y Nueva Guinea \u2026 Para disfrutar de este insecto en las mejores condiciones, debe quitar las alas y la cabeza con su aguij\u00f3n. Esto es simplemente darle una mordida.<\/p>\n<p><img class=\"lazyload\" alt=\"diving beetle for human consumption\" width=\"300\" data-maxdpr=\"1.7\" \/><\/p>\n<p>Hormigas tejedoras \/ Oecophylla Smaragdina \u2013 RF 10<\/p>\n<p>Las hormigas tejedoras son un plato muy popular en el noreste de Tailandia, pero son muy raros, ya que son dif\u00edciles de recoger y disponible s\u00f3lo durante ciertos meses. Su sabor ligeramente amargo y picante hace muy valiosa en sazonar ensaladas, su textura crujiente se aprecian como aperitivo como peque\u00f1as astillas (sin grasa mala y menos calor\u00edas). Las colonias pueden ser extremadamente importantes, que consta de m\u00e1s de un centenar de nidos que cubren muchos \u00e1rboles y capaz de contener m\u00e1s de medio mill\u00f3n de trabajadores.<\/p>\n<p><img class=\"lazyload\" alt=\"edible queen ants\" width=\"300\" data-maxdpr=\"1.7\" \/><\/p>\n<p>Gusano de bamb\u00fa \/ Omphisa Fuscidentalis \u2013 RF 11<\/p>\n<p>Gusano de bamb\u00fa es de color blanco y por lo general miden de 3,5 a 4 cm de largo. Despu\u00e9s de 45 a 60 d\u00edas, las larvas maduran y luego entra en una fase de sue\u00f1o prolongada, con una duraci\u00f3n de 8 meses. Este largo per\u00edodo llamado diapausa es excepcional para un insecto tropical. Probablemente es causada por el clima particular de esta regi\u00f3n de someterse a importantes amplitudes de temperaturas y humedad, lo que afecta a la disponibilidad de alimento para las larvas. Por lo tanto este es el per\u00edodo para recoger gusanos de bamb\u00fa.<\/p>\n<p><img class=\"lazyload\" alt=\"edible bamboo worms\" width=\"300\" data-maxdpr=\"1.7\" \/><\/p>\n<p>Escarabajos \/ Phyllophaga \u2013 RF 12<\/p>\n<p>Con su textura crujiente \u00fanica, los escarabajos son una excelente fuente de prote\u00ednas y calcio. Cuando est\u00e1n vivas estas peque\u00f1as criaturas son nocturnos, por lo que si quieres ser sensible a sus h\u00e1bitos, disfrutar de ellos en la noche como un aperitivo, ingrediente en la pizza, empapado en salsa de chile o como desee: esto es lo que quer\u00edan \u2026 Compramos nuestros escarabajos a los coleccionistas de confianza en Tailandia y Camboya y comprar s\u00f3lo productos frescos y de alta calidad. Una vez cosechadas, se limpian de inmediato, cocidos y deshidratados para preservar su contenido de nutrientes.<\/p>\n<p><img class=\"lazyload\" alt=\"edible bamboo worms\" width=\"300\" data-maxdpr=\"1.7\" \/><\/p>\n<p>Grillos gigantes \/ Brachytrupes portentosus \u2013 RF 13<\/p>\n<p>El grillo gigante son de un tama\u00f1o muy grande para estos species.They son una buena grillos challenge.These son deliciosas en tostada con miel o empapado en jugo de lim\u00f3n o mayonesa.<\/p>\n<p>Como alternativa, se pueden comer tal cual o en una ensalada con un chorrito de aceite de oliva.<\/p>\n<p><img class=\"lazyload\" alt=\"palm worms for human consumption\" width=\"300\" data-maxdpr=\"1.7\" \/><\/p>\n<p>Gusanos de palma \/ Rhynchophorus ferrugineus \u2013 RF 14<\/p>\n<p>Recomendado por el programa mundial de alimentos, el gusano de palma es uno de los insectos comestibles que se centr\u00f3 la atenci\u00f3n de la comunidad cient\u00edfica. Gracias a su muy rica en la ingesta de prote\u00ednas, el gusano de palma es parte de estos alimentos que formar\u00e1n la base de nuestra alimentaci\u00f3n en el futuro. Este gusano, muy rico en minerales como hierro, calcio, magnesio, f\u00f3sforo tambi\u00e9n est\u00e1 saturado con fibras de vitaminas como la vitamina A, B1, B2, K, y otros. Palmeras gusanos que ofrecemos de nuestra granja son alimentados con productos de calidad antes de ser hervida y se seca.<\/p>\n<p><img class=\"lazyload\" alt=\"giant crickets for human consumption\" width=\"300\" data-maxdpr=\"1.7\" \/><\/p>\n<p>Tar\u00e1ntulas \/ Haplopelma albostriatum \u2013 RF 15<\/p>\n<p>Las ara\u00f1as frito es un plato regional de Camboya, en particular en la ciudad camboyana de Skuon donde se cr\u00edan. La poblaci\u00f3n habr\u00eda comenzado ara\u00f1as alimenticios en los a\u00f1os del Khmer Rouge, cuando la comida era escasa. Se compone de una textura externa crujiente con una parte abdominal suave. Las piernas contienen poca carne, mientras que la cabeza y el cuerpo tienen una carne blanca y delicada. Estas tar\u00e1ntulas han sido hervida y se sec\u00f3 durante varias horas. Este proceso hace algo fr\u00e1gil, pero esto no afecta a su gusto o placer que uno puede sentir que comer.<\/p>\n<p><img class=\"lazyload\" alt=\"tarantula which people eat\" width=\"300\" data-maxdpr=\"1.7\" \/><\/p>\n<p>Escorpi\u00f3n negro \/ Heterometrus longimanus \u2013 RF 16<\/p>\n<p>Scorpions provienen de granjas en Asia, que las cultivan para el consumo humano. Ellos son alimentados con una dieta de grillos, gusanos y otros insectos agr\u00edcolas. Debido a la evoluci\u00f3n de un ancestro anfibio, su carne es similar a los crust\u00e1ceos y repleto de prote\u00ednas y vitaminas, en particular, su exoesqueleto que tambi\u00e9n es rica en calcio. Se puede disfrutar con una variedad de salsas o incluso hirvieron 5 minutos, para recuperar su textura y sabor. Estos escorpiones fueron tratados por congelaci\u00f3n r\u00e1pida, hervidas y despu\u00e9s se secaron durante varias horas.<\/p>\n<p><img class=\"lazyload\" alt=\"edible scorpion\" width=\"300\" data-maxdpr=\"1.7\" \/><\/p>\n<p>Insectos de agua gigantes \/ Belostomatidae \u2013 RF 17<\/p>\n<p>Carn\u00edvoros, los insectos de agua gigantes son insectos que viven en estanques y lagos. Sus patas delanteras se utilizan para capturar a sus presas, que recuerda a los escorpiones, de la cual su nombre de \u2018escorpiones de agua. Debido a una apariencia similar a la de un escorpi\u00f3n y un cuerpo ratherlarge para un insecto, a menudo es impensable para la mayor\u00eda de las personas a consumir estos insectos. Su punto de vista que provoca una vacilaci\u00f3n y temor? Esta es una reacci\u00f3n normal, pero no se deje enga\u00f1ar: los insectos de agua gigantes tienen un sabor incomparables valores de los nutrientes y la incre\u00edble.<\/p>\n<p><img class=\"lazyload\" alt=\"giant water bugs that humans eat\" width=\"300\" data-maxdpr=\"1.7\" \/><\/p>\n<p><!-- 35d2c7d7eb7d1183500d0dc8a478c8dc --><\/p>\n","protected":false},"excerpt":{"rendered":"<p>Insectos comestibles Next-Food. Venta al por mayor, por peso Aqu\u00ed encontrar\u00e1 los productos de la marca NextFood, grillos al por mayor, al por mayor de insectos, escorpiones al por mayor, insectos comestibles al por mayor.Los insectos comestibles en este rango fueron alimentados, criados y seleccionados con gran cuidado para nuestros clientes a la vez curioso [&#8230;]\n","protected":false},"author":1527,"featured_media":0,"parent":0,"menu_order":0,"comment_status":"closed","ping_status":"closed","template":"","meta":{"footnotes":""},"class_list":["post-10674","page","type-page","status-publish","hentry"],"_links":{"self":[{"href":"https:\/\/www.next-food.net\/es\/wp-json\/wp\/v2\/pages\/10674","targetHints":{"allow":["GET"]}}],"collection":[{"href":"https:\/\/www.next-food.net\/es\/wp-json\/wp\/v2\/pages"}],"about":[{"href":"https:\/\/www.next-food.net\/es\/wp-json\/wp\/v2\/types\/page"}],"author":[{"embeddable":true,"href":"https:\/\/www.next-food.net\/es\/wp-json\/wp\/v2\/users\/1527"}],"replies":[{"embeddable":true,"href":"https:\/\/www.next-food.net\/es\/wp-json\/wp\/v2\/comments?post=10674"}],"version-history":[{"count":0,"href":"https:\/\/www.next-food.net\/es\/wp-json\/wp\/v2\/pages\/10674\/revisions"}],"wp:attachment":[{"href":"https:\/\/www.next-food.net\/es\/wp-json\/wp\/v2\/media?parent=10674"}],"curies":[{"name":"wp","href":"https:\/\/api.w.org\/{rel}","templated":true}]}}