{"id":10538,"date":"2018-04-13T13:29:49","date_gmt":"2018-04-13T12:29:49","guid":{"rendered":"https:\/\/www.next-food.net\/?page_id=10538"},"modified":"2022-11-30T13:54:03","modified_gmt":"2022-11-30T12:54:03","slug":"precios-al-por-mayor","status":"publish","type":"page","link":"https:\/\/www.next-food.net\/es\/precios-al-por-mayor\/","title":{"rendered":"Secci\u00f3n Pro"},"content":{"rendered":"<section id=\"section-5b819eab4312e\" class=\" fw-main-row-custom fw-main-row-top fw-section-no-padding auto fw-section-position-back tf-sh-a8b92e05c9e52bb2c253f1aca1292faf \">\n<div class=\"fw-container\">\n<div class=\"fw-row\">\n<div id=\"column-5b819eab4345d\" class=\"fw-col-sm-12 tf-sh-4a134f071735c80534a29587a25935ed\">\n<div class=\"fw-wrap-col-inner clearfix \">\n<div class=\"fw-col-inner\">\n<div class=\"fw-text-box tf-sh-332c03f3b1f33abe8a38847c5568f9f7 \">\n<div class=\"fw-text-inner\">\n<h2 class=\"entry-title main_title\" style=\"text-align: center;\">Siguiente-Insectos comestibles al por mayor<\/h2>\n<h3>\u00bfQui\u00e9nes somos?<\/h3>\n<p>Next-Food es el primer productor de insectos comestibles del mundo. Desde 2013 desarrollamos t\u00e9cnicas de entomocultura para ofrecerte lo mejor de los insectos comestibles.<\/p>\n<h3>\u00bfOrden?<\/h3>\n<p>Para hacer un pedido desde nuestra base en Tailandia, <a href=\"\/contact-us\/\" target=\"_blank\" rel=\"noopener\">p\u00f3ngase en contacto con nosotros<\/a>. Un m\u00ednimo de 20 kg por pedido. Posible agrupaci\u00f3n. Los precios probables de las siguientes temporadas y las variaciones de los tipos de cambio.<\/p>\n<h3>\u00bfDescargar nuestras tarifas?<\/h3>\n<p>Descargue nuestro <span style=\"text-decoration: underline;\"><br \/>\n  <strong><br \/>\n    <a href=\"\/wp-content\/uploads\/2018\/03\/ProSection-Rates.pdf\">TARIFAS ProSecci\u00f3n AQU\u00cd<\/a><br \/>\n  <\/strong><br \/>\n<\/span><\/p>\n<\/div>\n<\/div>\n<\/div>\n<\/div>\n<\/div>\n<\/div>\n<\/div>\n<\/section>\n<section id=\"section-5b819eab4377e\" class=\" fw-main-row-custom auto fw-section-position-back tf-sh-88dc3a0852fea83cbd88f164ab30646e \">\n<div class=\"fw-container\">\n<div class=\"fw-row\">\n<div id=\"column-5b819eab43931\" class=\"fw-col-sm-12 tf-sh-4a134f071735c80534a29587a25935ed\">\n<div class=\"fw-wrap-col-inner clearfix \">\n<div class=\"fw-col-inner\">\n<div class=\"fw-text-box tf-sh-522408c59b4c55f4461e1c5e6413c170 \">\n<div class=\"fw-text-inner\">\n<p><strong>O p\u00f3ngase en contacto con nosotros:<\/strong><\/p>\n<\/div>\n<\/div>\n<\/div>\n<\/div>\n<\/div>\n<\/div>\n<\/div>\n<\/section>\n<p><!-- 0b5b34709b3fa44c10059193f0a3074c --><\/p>\n\n<div class=\"wpcf7 no-js\" id=\"wpcf7-f6111-o1\" lang=\"fr-FR\" dir=\"ltr\" data-wpcf7-id=\"6111\">\n<div class=\"screen-reader-response\"><p role=\"status\" aria-live=\"polite\" aria-atomic=\"true\"><\/p> <ul><\/ul><\/div>\n<form action=\"\/es\/wp-json\/wp\/v2\/pages\/10538#wpcf7-f6111-o1\" method=\"post\" class=\"wpcf7-form init\" aria-label=\"Formulaire de contact\" novalidate=\"novalidate\" data-status=\"init\">\n<fieldset class=\"hidden-fields-container\"><input type=\"hidden\" name=\"_wpcf7\" value=\"6111\" \/><input type=\"hidden\" name=\"_wpcf7_version\" value=\"6.1.1\" \/><input type=\"hidden\" name=\"_wpcf7_locale\" value=\"fr_FR\" \/><input type=\"hidden\" name=\"_wpcf7_unit_tag\" value=\"wpcf7-f6111-o1\" \/><input type=\"hidden\" name=\"_wpcf7_container_post\" value=\"0\" \/><input type=\"hidden\" name=\"_wpcf7_posted_data_hash\" value=\"\" \/>\n<\/fieldset>\n<p><label> Your Name (required)<br \/>\n<span class=\"wpcf7-form-control-wrap\" data-name=\"your-name\"><input size=\"40\" maxlength=\"400\" class=\"wpcf7-form-control wpcf7-text wpcf7-validates-as-required\" aria-required=\"true\" aria-invalid=\"false\" value=\"\" type=\"text\" name=\"your-name\" \/><\/span> <\/label>\n<\/p>\n<p><label> Your Email (required)<br \/>\n<span class=\"wpcf7-form-control-wrap\" data-name=\"your-email\"><input size=\"40\" maxlength=\"400\" class=\"wpcf7-form-control wpcf7-email wpcf7-validates-as-required wpcf7-text wpcf7-validates-as-email\" aria-required=\"true\" aria-invalid=\"false\" value=\"\" type=\"email\" name=\"your-email\" \/><\/span> <\/label>\n<\/p>\n<p><label> Your Message<br \/>\n<span class=\"wpcf7-form-control-wrap\" data-name=\"your-message\"><textarea cols=\"40\" rows=\"10\" maxlength=\"2000\" class=\"wpcf7-form-control wpcf7-textarea\" aria-invalid=\"false\" name=\"your-message\"><\/textarea><\/span> <\/label>\n<\/p>\n<p><input class=\"wpcf7-form-control wpcf7-submit has-spinner\" type=\"submit\" value=\"Send\" \/>\n<\/p><p style=\"display: none !important;\" class=\"akismet-fields-container\" data-prefix=\"_wpcf7_ak_\"><label>&#916;<textarea name=\"_wpcf7_ak_hp_textarea\" cols=\"45\" rows=\"8\" maxlength=\"100\"><\/textarea><\/label><input type=\"hidden\" id=\"ak_js_1\" name=\"_wpcf7_ak_js\" value=\"100\"\/><script>document.getElementById( \"ak_js_1\" ).setAttribute( \"value\", ( new Date() ).getTime() );<\/script><\/p><div class=\"wpcf7-response-output\" aria-hidden=\"true\"><\/div>\n<\/form>\n<\/div>\n\n","protected":false},"excerpt":{"rendered":"<p>Siguiente-Insectos comestibles al por mayor \u00bfQui\u00e9nes somos? Next-Food es el primer productor de insectos comestibles del mundo. Desde 2013 desarrollamos t\u00e9cnicas de entomocultura para ofrecerte lo mejor de los insectos comestibles. \u00bfOrden? Para hacer un pedido desde nuestra base en Tailandia, p\u00f3ngase en contacto con nosotros. Un m\u00ednimo de 20 kg por pedido. Posible agrupaci\u00f3n. [&#8230;]\n","protected":false},"author":1519,"featured_media":0,"parent":0,"menu_order":0,"comment_status":"closed","ping_status":"closed","template":"","meta":{"footnotes":""},"class_list":["post-10538","page","type-page","status-publish","hentry"],"_links":{"self":[{"href":"https:\/\/www.next-food.net\/es\/wp-json\/wp\/v2\/pages\/10538","targetHints":{"allow":["GET"]}}],"collection":[{"href":"https:\/\/www.next-food.net\/es\/wp-json\/wp\/v2\/pages"}],"about":[{"href":"https:\/\/www.next-food.net\/es\/wp-json\/wp\/v2\/types\/page"}],"author":[{"embeddable":true,"href":"https:\/\/www.next-food.net\/es\/wp-json\/wp\/v2\/users\/1519"}],"replies":[{"embeddable":true,"href":"https:\/\/www.next-food.net\/es\/wp-json\/wp\/v2\/comments?post=10538"}],"version-history":[{"count":0,"href":"https:\/\/www.next-food.net\/es\/wp-json\/wp\/v2\/pages\/10538\/revisions"}],"wp:attachment":[{"href":"https:\/\/www.next-food.net\/es\/wp-json\/wp\/v2\/media?parent=10538"}],"curies":[{"name":"wp","href":"https:\/\/api.w.org\/{rel}","templated":true}]}}