{"id":10497,"date":"2018-04-13T11:47:06","date_gmt":"2018-04-13T10:47:06","guid":{"rendered":"https:\/\/www.next-food.net\/?page_id=10497"},"modified":"2018-05-01T00:40:23","modified_gmt":"2018-04-30T23:40:23","slug":"next-food-imprimir","status":"publish","type":"page","link":"https:\/\/www.next-food.net\/es\/next-food-imprimir\/","title":{"rendered":"Next-Food \u2013 Aviso Legal"},"content":{"rendered":"<h2 style=\"text-align: center;\">Next-Food \u2013 Aviso Legal<\/h2>\n<h3>Presentaci\u00f3n del sitio.<\/h3>\n<p>En virtud del art\u00edculo 6 de la Ley N\u00ba 2004-575 de 21 de junio de 2004, sobre la confianza en la econom\u00eda digital, que es espec\u00edfico para los usuarios del sitio <a href=\"https:\/\/www.next-food.net\/\">https:\/\/www.next-food.net\/<\/a> the identity of the various stakeholders in the context of implementation and follow-up:<\/p>\n<p>Propietario: Next Food FZE, Ras Al Khaimah, United Arab Emirates.Creador: <a href=\"http:\/\/www.francis-leguen.com\/\" target=\"_blank\" rel=\"noopener\">FLG Design<\/a>Director de la publicaci\u00f3n: Laurent ChellapermalEl director de la publicaci\u00f3n es una persona f\u00edsica o una persona jur\u00eddica.Webmaster: <a href=\"http:\/\/www.francis-leguen.com\/\" target=\"_blank\" rel=\"noopener\">Francis Le Guen<\/a>Anfitri\u00f3n: Siteground \u2013 Amsterdam<\/p>\n<h3>Condiciones generales de uso del sitio y los servicios ofrecidos.<\/h3>\n<p>El uso del sitio web https:\/\/www.next-food.net\/ implica la aceptaci\u00f3n plena y completa de las condiciones de uso que figuran a continuaci\u00f3n. Estos t\u00e9rminos de uso pueden ser modificadas o completadas en cualquier momento, los usuarios del sitio, por lo tanto https:\/\/www.next-food.net\/ se podr\u00e1n consultar en una base regular.<\/p>\n<p>Este sitio es normalmente accesible a los usuarios en cualquier momento. Una interrupci\u00f3n por razones de mantenimiento t\u00e9cnico se puede sin embargo decidido por la Next-Food, que luego se esfuerzan por comunicarse antes de que los usuarios de las fechas y horas de la intervenci\u00f3n.<\/p>\n<p>El sitio de https:\/\/www.next-food.net\/ se actualiza regularmente. Del mismo modo, los avisos legales pueden ser modificadas en cualquier momento ..<\/p>\n<h3>Descripci\u00f3n de los servicios prestados.<\/h3>\n<p>El sitio https:\/\/www.next-food.net\/ est\u00e1 destinado a proporcionar informaci\u00f3n sobre todas las actividades de la empresa. Next-Food se esfuerza por ofrecer en el sitio https:\/\/www.next-food.net\/~~V~~singular~~3rd la informaci\u00f3n lo m\u00e1s exacta posible. Sin embargo, no se hace responsable de las omisiones, imprecisiones y deficiencias en la actualizaci\u00f3n, si se hace o por terceros socios que proporcionan esta informaci\u00f3n.<\/p>\n<p>Toda la informaci\u00f3n proporcionada en el sitio https:\/\/www.next-food.net\/ se dan a t\u00edtulo indicativo y son susceptibles de evolucionar. Por otra parte, la informaci\u00f3n contenida en el sitio https:\/\/www.next-food.net\/ no son exhaustivas. Se les da sujeta a cambios desde su lanzamiento.<\/p>\n<h3>Limitaciones contractuales de los datos t\u00e9cnicos.<\/h3>\n<p>El sitio utiliza tecnolog\u00eda JavaScript.<\/p>\n<p>La p\u00e1gina web no se hace responsable de los da\u00f1os relacionados con el uso del sitio. Adem\u00e1s, el usuario del sitio se compromete a acceder al sitio usando un material reciente, que no contiene el virus y con un set de \u00faltima generaci\u00f3n para actualizar el navegador<\/p>\n<h3>La propiedad intelectual y la falsificaci\u00f3n.<\/h3>\n<p>Next-Food es el propietario de los derechos de propiedad intelectual o mantener los derechos de uso en todos los art\u00edculos disponibles en el sitio, incluyendo los textos, im\u00e1genes, gr\u00e1ficos, logos, iconos, sonidos, software.<\/p>\n<p>Cualquier reproducci\u00f3n, representaci\u00f3n, modificaci\u00f3n, publicaci\u00f3n, adaptaci\u00f3n de la totalidad o parte de los elementos del sitio, sin importar el medio o el proceso utilizado, est\u00e1 prohibida, sin la autorizaci\u00f3n previa por escrito de: Next-Food.<\/p>\n<p>Cualquier uso no autorizado o cualesquiera elementos contenidos en el mismo ser\u00e1 considerado como una infracci\u00f3n y contin\u00fae en virtud de las disposiciones de los art\u00edculos L.335 \u2013 2 y siguientes del C\u00f3digo de la propiedad intelectual.<\/p>\n<h3>Limitaciones de responsabilidad.<\/h3>\n<p>Next-Food no se hace responsable de los da\u00f1os directos o indirectos causados al hardware del usuario, mientras que el acceso al sitio https:\/\/www.next-food.net\/, y como resultado del uso de los equipos que no se ajusten a las especificaciones dadas en el apartado 4, o la aparici\u00f3n de un error o una incompatibilidad.<\/p>\n<p>Next-Food no se hace responsable de los da\u00f1os y perjuicios directos o indirectos (tales como, por ejemplo, un mercado o la p\u00e9rdida de una oportunidad) que resulten del uso del sitio https:\/\/www.next-food.net\/.<\/p>\n<p>Espacios interactivos (posibilidad de hacer preguntas en el espacio de contacto) est\u00e1n disponibles para los usuarios. Next-Food se reserva el derecho a eliminar, sin previo aviso, cualquier contenido de este espacio que puedan constituir infracci\u00f3n de la legislaci\u00f3n aplicable en Francia, en particular, las disposiciones relativas a la protecci\u00f3n de datos. En su caso, Next-Food tambi\u00e9n se reserva la posibilidad de cuestionar la responsabilidad civil y \/ o penal del usuario, incluso cuando el mensaje a car\u00e1cter racista, insultar, difamar, o pornogr\u00e1ficos, independientemente de su soporte material (texto, fotograf\u00eda \u2026).<\/p>\n<h3>Gesti\u00f3n de los datos personales.<\/h3>\n<p>En Francia, los datos personales especialmente protegidos por la Ley N\u00ba 78-87 de 6 de enero de 1978, la Ley N\u00ba 2004-801, de 6 de agosto de 2004, art\u00edculo L 226 \u2013 13 del C\u00f3digo Penal y la Directiva Europea de 24 de octubre, 1995.<\/p>\n<p>En cualquier caso, Next-Food no recopila informaci\u00f3n personal sobre el usuario y la necesidad de ciertos servicios ofrecidos por el sitio https:\/\/www.next-food.net\/. El usuario proporciona esta informaci\u00f3n en un informado, incluso cuando se procede por s\u00ed mismo a su incautaci\u00f3n. A continuaci\u00f3n se indica el sitio de usuario https:\/\/www.next-food.net\/ la obligaci\u00f3n o no proporcionar dicha informaci\u00f3n.<\/p>\n<p>De conformidad con lo dispuesto en los art\u00edculos 38 y siguientes de la ley 78-17 del 6 de enero de 1978 relativa a la inform\u00e1tica, archivos y libertades, cualquier usuario tiene un derecho de acceso, rectificaci\u00f3n y oposici\u00f3n a los datos personales relativos, al hacer su solicitud escrita y firmada, acompa\u00f1ada de una copia del t\u00edtulo de la identidad con la firma del titular de la pieza, que especifica la direcci\u00f3n a la que debe enviarse la respuesta.<\/p>\n<p>Toda la informaci\u00f3n personal del usuario del sitio https:\/\/www.next-food.net\/ se publica sin el conocimiento del usuario, intercambio, transferencia, cederse o sobre un soporte cualquiera a terceros. S\u00f3lo la hip\u00f3tesis de la redenci\u00f3n de Next-Food y sus derechos permitir\u00eda la transmisi\u00f3n de dicha informaci\u00f3n a cualquier comprador que lo har\u00eda a su vez a la misma obligaci\u00f3n de conservaci\u00f3n y modificaci\u00f3n de los datos de los usuarios de la http: \/\/www.next-food .net \/ sitio.<\/p>\n<p>El sitio no se declara a la CNIL porque no recopila informaci\u00f3n personal. .<\/p>\n<p>Las bases de datos est\u00e1n protegidos por las disposiciones de la Ley de 1 de julio de 1998 que traspone la Directiva 96\/9, de 11 de marzo de 1996 sobre la protecci\u00f3n jur\u00eddica de las bases de datos.Los enlaces de hipertexto y galletas.<\/p>\n<p>El sitio de https:\/\/www.next-food.net\/ contiene una serie de enlaces a otros sitios, se puso en marcha con el permiso de Next-Food. Sin embargo, al lado de la comida no tiene la capacidad de comprobar el contenido de los sitios visitados por lo tanto, y por lo tanto no asume responsabilidad alguna como tal.<\/p>\n<p>Navegaci\u00f3n en el sitio https:\/\/www.next-food.net\/ es probable que resulte en la instalaci\u00f3n de una cookie (s) en el ordenador del usuario. Una cookie es un peque\u00f1o archivo, que no permite la identificaci\u00f3n del usuario, pero que registra la informaci\u00f3n sobre la navegaci\u00f3n de un ordenador en un sitio. Los datos as\u00ed obtenidos tienen la intenci\u00f3n de facilitar la navegaci\u00f3n posterior en el sitio, y tambi\u00e9n tienen la intenci\u00f3n de permitir a diversas medidas de asistencia.<\/p>\n<p>La negativa de la instalaci\u00f3n de una cookie puede hacer que sea imposible acceder a ciertos servicios. Sin embargo, el usuario puede configurar su ordenador de la siguiente manera, para rechazar la instalaci\u00f3n de cookies:<\/p>\n<p>Con Internet Explorer: herramientas de la pesta\u00f1a (pictograma en forma de engranaje en la parte superior derecha) \/ Opciones de Internet. Haga clic en Privacidad y seleccione Bloquear todas las cookies. Confirmar OK.<\/p>\n<p>Firefox: En la parte superior de la ventana del navegador, haga clic en Firefox, y luego ir a la pesta\u00f1a Opciones. Haga clic en la ficha Privacidad. Establecer las reglas de conservaci\u00f3n en: utilizar la configuraci\u00f3n personalizada para el historial. Finalmente desm\u00e1rquela desactivar las cookies.<\/p>\n<p>En Safari: Haga clic en la parte superior derecha del navegador en el men\u00fa (simbolizado por un COG) s\u00edmbolo. Seleccionar ajustes. Haga clic en Mostrar configuraci\u00f3n avanzada. En la secci\u00f3n \u201cPrivacidad\u201d, haga clic en la configuraci\u00f3n del contenido. En la secci\u00f3n \u201cCookies\u201d, puede bloquear las cookies.<\/p>\n<p>Bajo Chrome: Haga clic en la parte superior derecha del navegador en el pictograma de men\u00fa (simbolizado por tres l\u00edneas horizontales). Seleccionar ajustes. Haga clic en Mostrar configuraci\u00f3n avanzada. En la secci\u00f3n \u201cPrivacidad\u201d, haga clic en las preferencias. En la pesta\u00f1a \u201cPrivacidad\u201d, puede bloquear las cookies.<\/p>\n<h3>Ley aplicable y atribuci\u00f3n de jurisdicci\u00f3n.<\/h3>\n<p>Cualquier controversia en relaci\u00f3n con el uso del sitio web https:\/\/www.next-food.net\/ est\u00e1 sujeto a la ley EAU. atribuci\u00f3n exclusiva de competencia se hace a los tribunales competentes de RAK.Las principales leyes que se trate.<\/p>\n<p>Ley N \u00b0 78-87 del 6 de enero de 1978, incluyendo, modificada por la Ley n \u00b0 2004-801 del 6 de agosto de 2004, relativa a la inform\u00e1tica, archivos y libertades.<\/p>\n<p>La Ley N\u00ba 2004-575 de 21 de junio de 2004, sobre la confianza en la econom\u00eda digital.<\/p>\n<h3>L\u00e9xico.<\/h3>\n<p>Usuario: el registro de usuario, utilizando el sitio antes mencionado.Informaci\u00f3n personal: \u201cla informaci\u00f3n que permiten, en cualquier forma, directa o indirectamente, la identificaci\u00f3n de los individuos a los que se aplican\u201d (art\u00edculo 4 de la Ley N \u00ba 78-17 del 6 de enero, 1978).<\/p>\n<p><!-- f68b74f4eba9b428deb0600ae8c5baa5 --><\/p>\n","protected":false},"excerpt":{"rendered":"<p>Next-Food \u2013 Aviso Legal Presentaci\u00f3n del sitio. En virtud del art\u00edculo 6 de la Ley N\u00ba 2004-575 de 21 de junio de 2004, sobre la confianza en la econom\u00eda digital, que es espec\u00edfico para los usuarios del sitio https:\/\/www.next-food.net\/ the identity of the various stakeholders in the context of implementation and follow-up: Propietario: Next Food [&#8230;]\n","protected":false},"author":1527,"featured_media":0,"parent":0,"menu_order":0,"comment_status":"closed","ping_status":"closed","template":"","meta":{"footnotes":""},"class_list":["post-10497","page","type-page","status-publish","hentry"],"_links":{"self":[{"href":"https:\/\/www.next-food.net\/es\/wp-json\/wp\/v2\/pages\/10497","targetHints":{"allow":["GET"]}}],"collection":[{"href":"https:\/\/www.next-food.net\/es\/wp-json\/wp\/v2\/pages"}],"about":[{"href":"https:\/\/www.next-food.net\/es\/wp-json\/wp\/v2\/types\/page"}],"author":[{"embeddable":true,"href":"https:\/\/www.next-food.net\/es\/wp-json\/wp\/v2\/users\/1527"}],"replies":[{"embeddable":true,"href":"https:\/\/www.next-food.net\/es\/wp-json\/wp\/v2\/comments?post=10497"}],"version-history":[{"count":0,"href":"https:\/\/www.next-food.net\/es\/wp-json\/wp\/v2\/pages\/10497\/revisions"}],"wp:attachment":[{"href":"https:\/\/www.next-food.net\/es\/wp-json\/wp\/v2\/media?parent=10497"}],"curies":[{"name":"wp","href":"https:\/\/api.w.org\/{rel}","templated":true}]}}