{"id":10483,"date":"2018-04-13T10:52:06","date_gmt":"2018-04-13T09:52:06","guid":{"rendered":"https:\/\/www.next-food.net\/?page_id=10483"},"modified":"2023-01-24T05:27:15","modified_gmt":"2023-01-24T04:27:15","slug":"next-food-insectos-comestibles-envio-next-food","status":"publish","type":"page","link":"https:\/\/www.next-food.net\/es\/next-food-insectos-comestibles-envio-next-food\/","title":{"rendered":"Env\u00edo"},"content":{"rendered":"<section class=\"fw-main-row-custom fw-main-row-top fw-section-no-padding auto fw-section-position-back tf-sh-6536f47f010cb9a8605565401d25a5eb\">\n<div class=\"fw-container\">\n<div class=\"fw-row\">\n<div id=\"column-5e88f2eb37255\" class=\"fw-col-sm-12 tf-sh-2d22911387a5951a932b5ca909d897aa\">\n<div class=\"fw-wrap-col-inner clearfix \">\n<div class=\"fw-col-inner\">\n<div class=\"fw-heading fw-heading-center tf-sh-1e713c9f4b9876960818cbefe00e30bf\">\n<h2 class=\"fw-special-title\">Siguiente-Insectos comestibles para la venta &#8211; Env\u00edo<\/h2>\n<\/div>\n<\/div>\n<\/div>\n<\/div>\n<\/div>\n<\/div>\n<\/section>\n<section class=\"fw-main-row-custom fw-section-no-padding auto fw-section-position-back tf-sh-addd745870bd4db88ff154c44b714d92\">\n<div class=\"fw-container\">\n<div class=\"fw-row\">\n<div id=\"column-5e88f2eb3787e\" class=\"fw-col-sm-12 tf-sh-2d22911387a5951a932b5ca909d897aa\">\n<div class=\"fw-wrap-col-inner clearfix \">\n<div class=\"fw-col-inner\">\n<div class=\"fw-text-box tf-sh-a06315d3faba5a003d42f3b7c9bebc5f \">\n<div class=\"fw-text-inner\">\n<h4>Informaci\u00f3n general sobre el env\u00edo<\/h4>\n<p>Los art\u00edculos en stock se enviar\u00e1n en un plazo de 1 a 2 d\u00edas laborables. Los art\u00edculos agotados est\u00e1n marcados como tales en el sitio.<\/p>\n<p>Si necesita un pedido programado con opciones especiales, p\u00f3ngase en contacto con nosotros por correo electr\u00f3nico con nuestro formulario de contacto.<\/p>\n<p>Todos los pedidos se enviar\u00e1n por correo a\u00e9reo a todo el mundo (7-15 d\u00edas laborables &#8216;aproximadamente&#8217;). Puede elegir tener un n\u00famero de seguimiento por el coste a\u00f1adido de 2 euros, de lo contrario el pedido se enviar\u00e1 sin seguimiento.<\/p>\n<h4>Entregas y devoluciones<\/h4>\n<p>A trav\u00e9s de su red de distribuidores, Next-Food le entrega dondequiera que est\u00e9 en un plazo de 7 a 15 d\u00edas con los menores gastos posibles.<\/p>\n<p>Pedir en Next-Food es la garant\u00eda de la m\u00e1s alta calidad a los mejores precios entregados a usted de forma segura.<\/p>\n<p>Env\u00edo gratuito con una cesta de productos igual o superior a 49$.<\/p>\n<\/div>\n<\/div>\n<\/div>\n<\/div>\n<\/div>\n<\/div>\n<\/div>\n<\/section>\n<p><!-- d4ed00a2e4db1b57dc2df4e174412179 --><\/p>\n<div class=\"row align-equal\"  id=\"row-349311349\">\n\n\t<div id=\"col-1843400708\" class=\"col medium-4 small-12 large-4\"  >\n\t\t\t\t<div class=\"col-inner\"  >\n\t\t\t\n\t\t\t\n\t<div class=\"img has-hover x md-x lg-x y md-y lg-y\" id=\"image_1807160485\">\n\t\t\t\t\t\t\t\t<div class=\"img-inner dark\" >\n\t\t\t<img decoding=\"async\" width=\"225\" height=\"300\" src=\"https:\/\/www.next-food.net\/wp-content\/uploads\/2018\/03\/Shipping.jpg\" class=\"attachment-large size-large\" alt=\"env\u00edo gratis para insectos que puedes comer\" title=\"\">\t\t\t\t\t\t\n\t\t\t\t\t<\/div>\n\t\t\t\t\t\t\t\t\n<style>\n#image_1807160485 {\n  width: 100%;\n}\n<\/style>\n\t<\/div>\n\t\n\t\t<\/div>\n\t\t\t\t\t<\/div>\n\n\t\n\n\t<div id=\"col-678270420\" class=\"col medium-8 small-12 large-8\"  >\n\t\t\t\t<div class=\"col-inner\"  >\n\t\t\t\n\t\t\t\n<h4>Tasas aduaneras<\/h4>\n<p>Su pedido puede ser cargado con tasas de aduana (impuestos, aranceles, tasas de tramitaci\u00f3n, tasas de intermediaci\u00f3n, etc.) cuando llegue. Por favor, verifique con las aduanas de su pa\u00eds si desea tener m\u00e1s detalles al respecto.<\/p>\n<p>Los gastos de env\u00edo que usted paga cuando hace un pedido con Next FOOD no incluyen las tasas de aduana, los impuestos de importaci\u00f3n, las tasas de intermediaci\u00f3n ni los aranceles. Si no paga los gastos de aduana a la llegada de su pedido, no se le reembolsar\u00e1.<\/p>\n<p>Es posible que la entrega de su pedido se retrase debido a la tramitaci\u00f3n aduanera. Si su pedido no llega en un plazo razonable, debe consultar con su oficina de aduanas local para ver si retienen el paquete para el pago de las tasas. Adem\u00e1s, algunas oficinas de aduanas enviar\u00e1n una factura separada por los gastos de aduana que podr\u00eda llegar varias semanas despu\u00e9s de que usted reciba su env\u00edo.<\/p>\n<p>Por favor, inf\u00f3rmese de las leyes aduaneras de su pa\u00eds antes de realizar el pedido.<\/p>\n\t\t<\/div>\n\t\t\t\t\t<\/div>\n\n\t\n<\/div>\n<h4>Despacho de aduanas y otras cuestiones relacionadas con el env\u00edo<\/h4>\n<p>Como importador, usted es el \u00fanico responsable del despacho de las mercanc\u00edas y de cualquier problema que pueda surgir de una inspecci\u00f3n, retenci\u00f3n o rechazo. Normalmente, el destinatario de los paquetes enviados se considera el importador en cualquier caso problem\u00e1tico.<\/p>\n<p><!-- d4ed00a2e4db1b57dc2df4e174412179 --><\/p>\n","protected":false},"excerpt":{"rendered":"<p>Siguiente-Insectos comestibles para la venta &#8211; Env\u00edo Informaci\u00f3n general sobre el env\u00edo Los art\u00edculos en stock se enviar\u00e1n en un plazo de 1 a 2 d\u00edas laborables. Los art\u00edculos agotados est\u00e1n marcados como tales en el sitio. Si necesita un pedido programado con opciones especiales, p\u00f3ngase en contacto con nosotros por correo electr\u00f3nico con nuestro [&#8230;]\n","protected":false},"author":1519,"featured_media":0,"parent":0,"menu_order":0,"comment_status":"closed","ping_status":"closed","template":"","meta":{"footnotes":""},"class_list":["post-10483","page","type-page","status-publish","hentry"],"_links":{"self":[{"href":"https:\/\/www.next-food.net\/es\/wp-json\/wp\/v2\/pages\/10483","targetHints":{"allow":["GET"]}}],"collection":[{"href":"https:\/\/www.next-food.net\/es\/wp-json\/wp\/v2\/pages"}],"about":[{"href":"https:\/\/www.next-food.net\/es\/wp-json\/wp\/v2\/types\/page"}],"author":[{"embeddable":true,"href":"https:\/\/www.next-food.net\/es\/wp-json\/wp\/v2\/users\/1519"}],"replies":[{"embeddable":true,"href":"https:\/\/www.next-food.net\/es\/wp-json\/wp\/v2\/comments?post=10483"}],"version-history":[{"count":1,"href":"https:\/\/www.next-food.net\/es\/wp-json\/wp\/v2\/pages\/10483\/revisions"}],"predecessor-version":[{"id":20704,"href":"https:\/\/www.next-food.net\/es\/wp-json\/wp\/v2\/pages\/10483\/revisions\/20704"}],"wp:attachment":[{"href":"https:\/\/www.next-food.net\/es\/wp-json\/wp\/v2\/media?parent=10483"}],"curies":[{"name":"wp","href":"https:\/\/api.w.org\/{rel}","templated":true}]}}