{"id":10462,"date":"2018-04-13T10:34:00","date_gmt":"2018-04-13T09:34:00","guid":{"rendered":"https:\/\/www.next-food.net\/?page_id=10462"},"modified":"2020-04-04T21:45:38","modified_gmt":"2020-04-04T20:45:38","slug":"terminos-de-uso-next-food","status":"publish","type":"page","link":"https:\/\/www.next-food.net\/es\/terminos-de-uso-next-food\/","title":{"rendered":"T\u00e9rminos de Uso &#8211; Next-Food"},"content":{"rendered":"<section class=\"fw-main-row-custom fw-main-row-top fw-section-no-padding  auto  fw-section-position-back tf-sh-3f73913ac49264cca6319cdb5777f8a5\">\n<div class=\"fw-container\">\n<div class=\"fw-row\">\n<div id=\"column-5e88f1f22e389\" class=\"fw-col-sm-12 tf-sh-a9a49cd78a0a39a9e2e57ad142859b15\">\n<div class=\"fw-wrap-col-inner clearfix  \">\n<div class=\"fw-col-inner\">\n<div class=\"fw-text-box tf-sh-5acfdd4ca9b10702d801a14a884818cf \">\n<div class=\"fw-text-inner\">\n<h2 style=\"text-align: center\">Next-Food \u2013 T\u00e9rminos de Uso<\/h2>\n<h2 style=\"text-align: center\">Estado general de las ventas<\/h2>\n<h3>Art\u00edculo 1: Objeto<\/h3>\n<p>Esta convenci\u00f3n est\u00e1 dise\u00f1ado para establecer las condiciones de venta y entrega de productos digitales para la venta, en el sitio de internet accesible en la direcci\u00f3n de <a href=\"https:\/\/www.next-food.net\/\">https:\/\/www.next-food.net\/<\/a><\/p>\n<p>En lo que sigue:<\/p>\n<p>\u201cProductos\u201d significa los productos que se venden en el sitio web de Next-Food<br \/>\u201cSitio\u201d significa el sitio web de Next-Food<br \/>\u201cCompa\u00f1\u00eda\u201d, el autor de los productos en el estado de auto-empresario<br \/>La ejecuci\u00f3n de una orden por parte del cliente en el sitio implica la aceptaci\u00f3n, sin reservas, de las presentes condiciones generales de venta.<br \/>Estas condiciones pueden modificarse en cualquier momento sin previo aviso por la empresa.<\/p>\n<h3>Art\u00edculo 2: Productos y servicios<\/h3>\n<p>Los productos est\u00e1n protegidos por las leyes francesas e internacionales sobre los derechos de autor.<br \/>Cualquier reproducci\u00f3n o modificaci\u00f3n total o parcial de estos productos est\u00e1 estrictamente prohibido y pusieran al descubierto su titular a procesar.<br \/>Cada producto de Next-Food comprados por el cliente es personal.<br \/>Cualquier reproducci\u00f3n o reventa est\u00e1 estrictamente prohibido y pusieran al descubierto su titular a la persecuci\u00f3n.<br \/>Ver las condiciones de registro.<\/p>\n<h3>Art\u00edculo 3: Control<\/h3>\n<p>La empresa se reserva el derecho de cancelar o rechazar cualquier pedido de un cliente con el que exista un litigio relativo al pago de un pedido anterior. Archivo de pago a trav\u00e9s de 2checkout se lleva a cabo sobre un soporte fiable y duradero que puede ser producido como prueba.<br \/>Todos los pedidos se realizan exclusivamente a trav\u00e9s del sitio web de Internet de Next-Food.<br \/>El pago se hace a la orden.<br \/>El cliente debe tener al menos 18 a\u00f1os de edad y tiene la capacidad legal o tener permiso de los padres para realizar un pedido en el sitio.<br \/>Haga clic en el bot\u00f3n \u201cSolicitar\u201d en la pantalla es una firma electr\u00f3nica que certifica expresamente el pleno consentimiento del cliente a las presentes condiciones generales de venta. El cliente podr\u00e1 desistir de su mando hasta la validaci\u00f3n del pago del pedido.<\/p>\n<h3>Art\u00edculo 4: Precios<\/h3>\n<p>El precio de los productos se indica en euros. Todos los pedidos son facturados en euros y son pagaderos en euros.<\/p>\n<h3>Art\u00edculo 5: Pago<\/h3>\n<p>El precio se paga en su totalidad y en un solo pago a la orden.<\/p>\n<p><a href=\"\/wp-content\/uploads\/2018\/03\/Secure-Payment.jpg\"><img decoding=\"async\" class=\"size-medium wp-image-9534 aligncenter\" src=\"https:\/\/www.next-food.net\/wp-content\/uploads\/2018\/03\/Secure-Payment-300x65.jpg\" alt=\"\" width=\"300\" height=\"65\" title=\"\" srcset=\"https:\/\/www.next-food.net\/wp-content\/uploads\/2018\/03\/Secure-Payment-300x65.jpg 300w, https:\/\/www.next-food.net\/wp-content\/uploads\/2018\/03\/Secure-Payment.jpg 427w\" sizes=\"(max-width: 300px) 100vw, 300px\" \/><\/a><\/p>\n<p>El pago de los pedidos se lleva a cabo en el sitio web 2checkout, ya sea:<br \/>\u2022 con tarjeta de cr\u00e9dito a trav\u00e9s del Servicio 2checkout (aceptada de cr\u00e9dito \/ tarjetas de d\u00e9bito: Carte Bleue, Visa, MasterCard, American Express \u2026)<br \/>\u2022 o por Paypal si el cliente tiene una cuenta. El costo del pago a trav\u00e9s de PayPal es enteramente la responsabilidad de Next-Food, y no implica para el cliente antes de la apertura de una cuenta de Paypal.<br \/>2checkout cargar\u00e1 en la tarjeta de cr\u00e9dito del cliente en el momento de la validaci\u00f3n del pago en l\u00ednea.<br \/>2checkout garantiza la seguridad y confidencialidad de los datos relativos a tarjetas de cr\u00e9dito.<br \/>2checkout de hecho ha adoptado el proceso de cifrado SSL, que garantiza la fiabilidad de los intercambios y transacciones mediante el cifrado de todos los datos personales necesarios para procesar los pedidos, tales como direcci\u00f3n, correo electr\u00f3nico, n\u00famero de tarjeta de cr\u00e9dito en el momento de su toma y datos bancarios.<br \/>Los datos bancarios del cliente son, pues, encriptada y transmitida directamente en 2checkout a trav\u00e9s de una conexi\u00f3n segura, sin pasar por el sitio Next-Food.<br \/>La transacci\u00f3n bancaria se hace en el momento de la orden.<br \/>A partir de la validaci\u00f3n de entrada del c\u00f3digo de la tarjeta de cr\u00e9dito o la validaci\u00f3n del pago en 2CheckOut, se confirma el pedido y no puede ser cancelado o reembolsado.<\/p>\n<h3>Art\u00edculo 6: Programa de afiliados<\/h3>\n<p>La compa\u00f1\u00eda ha puesto en marcha un programa de afiliados para la venta de la licencia para la personalizaci\u00f3n.<br \/>La inscripci\u00f3n es gratuita. Los t\u00e9rminos y condiciones de este programa son visibles en el Sitio.<\/p>\n<h3>Art\u00edculo 7: Derecho de resoluci\u00f3n<\/h3>\n<p>En cuanto a los productos entregados por v\u00eda electr\u00f3nica, la empresa ofrece ning\u00fan reembolso o derecho de desistimiento en los productos presentados en el sitio. La compra de estos productos es, por tanto, firme y definitivo.<\/p>\n<h3>Art\u00edculo 8: Protecci\u00f3n de datos personales<\/h3>\n<p>Para inscribirse en el bolet\u00edn de noticias de la p\u00e1gina web, informaci\u00f3n como la direcci\u00f3n de correo electr\u00f3nico, nombre \u2026 Se solicita por parte del cliente. Estos datos no son cedidos a terceros.<br \/>En virtud de la ley del 6 de enero de 1978 relativa a la inform\u00e1tica, archivos y libertades, y el art\u00edculo 43 de la Ley modificada de 30 de septiembre de 1986, el sitio fue objeto de una declaraci\u00f3n a la Comisi\u00f3n Nacional de Inform\u00e1tica y Libertades (CNIL) bajo el N \u00b0 1248142 .<br \/>Cualquier persona registrada en el Sitio tiene un derecho de acceso y rectificaci\u00f3n de los datos personales.<\/p>\n<h3>Art\u00edculo 9: responsabilidades<\/h3>\n<p>Los productos ofrecidos cumplen con la normativa vigente EAU.<br \/>La responsabilidad de la empresa no se hace responsable en caso de incumplimiento de la legislaci\u00f3n del pa\u00eds.<br \/>Es para el comprador para verificar con las autoridades locales las posibilidades de uso de los productos solicitados.<\/p>\n<h3>Art\u00edculo 10: Derecho aplicable \u2013 disputas<\/h3>\n<p>Las presentes condiciones generales de venta se rigen exclusivamente por las leyes de EAU con independencia de la residencia habitual del usuario e incluso en caso de conflicto de leyes.<br \/>Cualquier disputa estar\u00e1 bajo la jurisdicci\u00f3n exclusiva de los tribunales.<\/p>\n<\/p><\/div>\n<\/div><\/div>\n<\/p><\/div>\n<\/div>\n<\/div><\/div>\n<\/section>\n<p><!-- 99128708631c1e953d3e477e58ef959e --><\/p>\n","protected":false},"excerpt":{"rendered":"<p>Next-Food \u2013 T\u00e9rminos de Uso Estado general de las ventas Art\u00edculo 1: Objeto Esta convenci\u00f3n est\u00e1 dise\u00f1ado para establecer las condiciones de venta y entrega de productos digitales para la venta, en el sitio de internet accesible en la direcci\u00f3n de https:\/\/www.next-food.net\/ En lo que sigue: \u201cProductos\u201d significa los productos que se venden en el [&#8230;]\n","protected":false},"author":1527,"featured_media":0,"parent":0,"menu_order":0,"comment_status":"closed","ping_status":"closed","template":"","meta":{"footnotes":""},"class_list":["post-10462","page","type-page","status-publish","hentry"],"_links":{"self":[{"href":"https:\/\/www.next-food.net\/es\/wp-json\/wp\/v2\/pages\/10462","targetHints":{"allow":["GET"]}}],"collection":[{"href":"https:\/\/www.next-food.net\/es\/wp-json\/wp\/v2\/pages"}],"about":[{"href":"https:\/\/www.next-food.net\/es\/wp-json\/wp\/v2\/types\/page"}],"author":[{"embeddable":true,"href":"https:\/\/www.next-food.net\/es\/wp-json\/wp\/v2\/users\/1527"}],"replies":[{"embeddable":true,"href":"https:\/\/www.next-food.net\/es\/wp-json\/wp\/v2\/comments?post=10462"}],"version-history":[{"count":0,"href":"https:\/\/www.next-food.net\/es\/wp-json\/wp\/v2\/pages\/10462\/revisions"}],"wp:attachment":[{"href":"https:\/\/www.next-food.net\/es\/wp-json\/wp\/v2\/media?parent=10462"}],"curies":[{"name":"wp","href":"https:\/\/api.w.org\/{rel}","templated":true}]}}