{"id":10417,"date":"2018-04-13T09:48:07","date_gmt":"2018-04-13T08:48:07","guid":{"rendered":"https:\/\/www.next-food.net\/?page_id=10417"},"modified":"2022-11-30T14:12:52","modified_gmt":"2022-11-30T13:12:52","slug":"paiement-seguro","status":"publish","type":"page","link":"https:\/\/www.next-food.net\/es\/paiement-seguro\/","title":{"rendered":"Pago seguro"},"content":{"rendered":"\n\t<section class=\"section\" id=\"section_324122070\">\n\t\t<div class=\"section-bg fill\" >\n\t\t\t\t\t\t\t\t\t\n\t\t\t\n\n\t\t<\/div>\n\n\t\t\n\n\t\t<div class=\"section-content relative\">\n\t\t\t\n<div class=\"row\"  id=\"row-571242475\">\n\n\t<div id=\"col-791060742\" class=\"col small-12 large-12\"  >\n\t\t\t\t<div class=\"col-inner text-center\"  >\n\t\t\t\n\t\t\t\n\t<div id=\"text-3538241174\" class=\"text\">\n\t\t\n<h3>2Checkout cumple con el m\u00e1s alto nivel de cumplimiento PCI<\/h3>\n\t\t\n<style>\n#text-3538241174 {\n  font-size: 1.5rem;\n  line-height: 1.9;\n  text-align: center;\n}\n<\/style>\n\t<\/div>\n\t\n\t<div id=\"text-351653434\" class=\"text\">\n\t\t\n<p>La norma de seguridad de datos del sector de las tarjetas de pago se desarroll\u00f3 para proteger a los consumidores y sus datos, independientemente de d\u00f3nde compren o qu\u00e9 canal utilicen. Los comerciantes en l\u00ednea descuidados pueden arruinar la confianza que un consumidor requiere para sentirse c\u00f3modo y seguro al comprar en l\u00ednea.\n<\/p>\n\t\t\n<style>\n#text-351653434 {\n  text-align: left;\n}\n<\/style>\n\t<\/div>\n\t\n\t\t<\/div>\n\t\t\t\t\n<style>\n#col-791060742 > .col-inner {\n  padding: 15px 0px 0px 0px;\n}\n<\/style>\n\t<\/div>\n\n\t\n<\/div>\n<div class=\"row align-middle\"  id=\"row-1405027820\">\n\n\t<div id=\"col-769557013\" class=\"col medium-8 small-12 large-8\"  >\n\t\t\t\t<div class=\"col-inner\"  >\n\t\t\t\n\t\t\t\n<p><strong>2Checkout cuenta con la certificaci\u00f3n PCI de nivel 1<\/strong>, el nivel m\u00e1s alto posible. Nuestros centros de datos redundantes almacenan y cifran millones de cuentas de tarjetas de cr\u00e9dito para que usted pueda centrarse en su negocio y no en la seguridad de las tarjetas de cr\u00e9dito.<\/p>\n\t\t<\/div>\n\t\t\t\t\t<\/div>\n\n\t\n\n\t<div id=\"col-917640260\" class=\"col medium-4 small-12 large-4\"  >\n\t\t\t\t<div class=\"col-inner\"  >\n\t\t\t\n\t\t\t\n\t<div class=\"img has-hover x md-x lg-x y md-y lg-y\" id=\"image_906258871\">\n\t\t\t\t\t\t\t\t<div class=\"img-inner dark\" >\n\t\t\t<img decoding=\"async\" width=\"229\" height=\"300\" src=\"https:\/\/www.next-food.net\/wp-content\/uploads\/2018\/03\/Secure-Payment2.jpg\" class=\"attachment-original size-original\" alt=\"Pago seguro por insectos secos\" title=\"\">\t\t\t\t\t\t\n\t\t\t\t\t<\/div>\n\t\t\t\t\t\t\t\t\n<style>\n#image_906258871 {\n  width: 70%;\n}\n<\/style>\n\t<\/div>\n\t\n\t\t<\/div>\n\t\t\t\t\t<\/div>\n\n\t\n<\/div>\n<div class=\"row\"  id=\"row-993268038\">\n\n\t<div id=\"col-283661208\" class=\"col small-12 large-12\"  >\n\t\t\t\t<div class=\"col-inner text-center\"  >\n\t\t\t\n\t\t\t\n\t<div id=\"text-1177159685\" class=\"text\">\n\t\t\n<h3>Protecci\u00f3n contra el fraude para su empresa<\/h3>\n\t\t\n<style>\n#text-1177159685 {\n  font-size: 1.5rem;\n  line-height: 1.9;\n  text-align: center;\n}\n<\/style>\n\t<\/div>\n\t\n\t<div id=\"text-430190253\" class=\"text\">\n\t\t\n<p>Checkout se compromete a protegerle a usted, a su empresa y a sus clientes de actividades fraudulentas. Ofrecemos una <strong>estrategia de defensa de tres niveles para identificar la actividad fraudulenta<\/strong> y evitar que el fraude afecte a sus operaciones. Nuestro enfoque es riguroso y directo.<\/p>\n<p>Utilizamos algoritmos estad\u00edsticos y t\u00e9cnicas de recopilaci\u00f3n de datos para evaluar <strong>m\u00e1s de 300 variables en menos de 3 segundos para identificar marcadores de fraude.<\/strong> Nuestros algoritmos son propiedad de nuestra empresa y est\u00e1n adaptados a diferentes sectores y geograf\u00edas.<\/p>\n\t\t\n<style>\n#text-430190253 {\n  text-align: left;\n}\n<\/style>\n\t<\/div>\n\t\n\t<div class=\"img has-hover x md-x lg-x y md-y lg-y\" id=\"image_383215238\">\n\t\t\t\t\t\t\t\t<div class=\"img-inner dark\" >\n\t\t\t<img decoding=\"async\" width=\"427\" height=\"92\" src=\"https:\/\/www.next-food.net\/wp-content\/uploads\/2018\/03\/Secure-Payment.jpg\" class=\"attachment-original size-original\" alt=\"Pago seguro por insectos secos\" srcset=\"https:\/\/www.next-food.net\/wp-content\/uploads\/2018\/03\/Secure-Payment.jpg 427w, https:\/\/www.next-food.net\/wp-content\/uploads\/2018\/03\/Secure-Payment-300x65.jpg 300w\" sizes=\"(max-width: 427px) 100vw, 427px\" title=\"\">\t\t\t\t\t\t\n\t\t\t\t\t<\/div>\n\t\t\t\t\t\t\t\t\n<style>\n#image_383215238 {\n  width: 57%;\n}\n<\/style>\n\t<\/div>\n\t\n\t\t<\/div>\n\t\t\t\t\t<\/div>\n\n\t\n<\/div>\n\t\t<\/div>\n\n\t\t\n<style>\n#section_324122070 {\n  padding-top: 15px;\n  padding-bottom: 15px;\n}\n<\/style>\n\t<\/section>\n\t\n","protected":false},"excerpt":{"rendered":"","protected":false},"author":1519,"featured_media":0,"parent":0,"menu_order":0,"comment_status":"closed","ping_status":"closed","template":"","meta":{"footnotes":""},"class_list":["post-10417","page","type-page","status-publish","hentry"],"_links":{"self":[{"href":"https:\/\/www.next-food.net\/es\/wp-json\/wp\/v2\/pages\/10417","targetHints":{"allow":["GET"]}}],"collection":[{"href":"https:\/\/www.next-food.net\/es\/wp-json\/wp\/v2\/pages"}],"about":[{"href":"https:\/\/www.next-food.net\/es\/wp-json\/wp\/v2\/types\/page"}],"author":[{"embeddable":true,"href":"https:\/\/www.next-food.net\/es\/wp-json\/wp\/v2\/users\/1519"}],"replies":[{"embeddable":true,"href":"https:\/\/www.next-food.net\/es\/wp-json\/wp\/v2\/comments?post=10417"}],"version-history":[{"count":0,"href":"https:\/\/www.next-food.net\/es\/wp-json\/wp\/v2\/pages\/10417\/revisions"}],"wp:attachment":[{"href":"https:\/\/www.next-food.net\/es\/wp-json\/wp\/v2\/media?parent=10417"}],"curies":[{"name":"wp","href":"https:\/\/api.w.org\/{rel}","templated":true}]}}