{"id":9986,"date":"2015-12-04T13:16:12","date_gmt":"2015-12-04T12:16:12","guid":{"rendered":"https:\/\/www.next-food.net\/product\/grillen-mit-kalk\/"},"modified":"2025-11-20T23:37:23","modified_gmt":"2025-11-20T22:37:23","slug":"grillen-mit-kalk","status":"publish","type":"product","link":"https:\/\/www.next-food.net\/de\/produkt\/grillen-mit-kalk\/","title":{"rendered":"Grillen | Essbare Insekten mit &#8222;Lime&#8220;"},"content":{"rendered":"<h2>Essbares Insekt mit Limette: Ausgezeichnet!<\/h2>\n<p>Gegrillte Grillen geh\u00f6ren zu den am h\u00e4ufigsten konsumierten <em>gegrillten Insekten<\/em> der Welt. Gegrillt, am Spie\u00df oder in aufw\u00e4ndigeren Rezepten bringen diese Futterinsekten Aromen in die N\u00e4he von Mandeln oder Haseln\u00fcssen.<\/p>\n<h3>Essbare Grillen: ein Genuss f\u00fcr den Gaumen<\/h3>\n<p>Zur Verkostung bieten wir <em>essbare Grillen<\/em> mit Limette an. Die W\u00fcrze der Zitrusfrucht hellt den Geschmack auf und verleiht den <em>essbaren Insekten<\/em> einen Hauch von Frische. Dies macht ihn zu einem sehr guten Aperitif f\u00fcr Ihre Abende mit Familie oder Freunden. Au\u00dferdem versorgen sie dich zus\u00e4tzlich mit Vitamin C.<\/p>\n<p>Dar\u00fcber hinaus sind <em>essbare Grillen<\/em> mit Zitrone hervorragende Zutaten f\u00fcr ein <em>essbare Grillen<\/em>-Sorbet. So auch bei <em>Nahrungsinsekten<\/em> in Gelee.<\/p>\n<p>Die Zubereitung dieses <em>Essinsekts<\/em> ist ganz einfach. Alles, was Sie tun m\u00fcssen, ist, eine Schachtel mit <em>essbaren Insekten<\/em> zu besorgen und das Gelee gem\u00e4\u00df den Anweisungen auf der Verpackung zuzubereiten. Als n\u00e4chstes die zitronigen <em>essbaren Grillen<\/em> unterr\u00fchren, bevor das Material gefriert.<\/p>\n<p>Um mit dieser Art von Rezepten erfolgreich zu sein, ben\u00f6tigen Sie die besten <strong>essbaren Insekten<\/strong>. Gehen Sie also zu next-food.net und bestellen Sie die essbaren Limettengrillen.<\/p>\n<h2>In Versuchung durch Entomophagie?<\/h2>\n<p>F\u00fcr einige von uns ist es undenkbar, ein Fan von <em>Entomophagie<\/em> zu werden. Experten zufolge isst jedoch jeder Franzose durchschnittlich 500 g Insekten pro Jahr. Tats\u00e4chlich basieren die meisten Lebensmittelfarbstoffe auf Insektenextrakt.<\/p>\n<p>Wenn wir also Bier, Chips, Schokolade, Kekse\u2026 konsumieren, schmecken wir es, ohne es zu wissen. So dramatisch ist es also nicht, einen <strong>Insekten-Aperitif<\/strong> zu sich zu nehmen. W\u00e4hlen Sie also f\u00fcr eine erste Erfahrung Insekten aus, deren Form Ihnen vertraut ist oder Sie anspricht.<\/p>\n<p>Dazu m\u00fcssen Sie nur unsere Website next-food.net konsultieren, wo Sie viele Arten von <em>Insekten zum Essen<\/em> finden. Dann bestellen Sie <em>essbare Insekten<\/em> in unserem umweltbewussten Zuchtzentrum. Die <em>Nahrungsinsekten<\/em> werden dort mit absolut \u00f6kologischen Techniken und Verfahren gez\u00fcchtet. Dar\u00fcber hinaus werden die Zubereitung und Verpackung jedes Produkts so durchgef\u00fchrt, dass alle Aromen der essbaren Insekten erhalten bleiben.<\/p>\n<p>F\u00fcr Anf\u00e4nger sind die Mahlzeiten mit <em>essbaren Insekten<\/em> eine gro\u00dfartige Option. W\u00e4hrend sie Protein liefern, verleihen sie Gerichten Geschmack. Im Allgemeinen \u00e4hnelt der Geschmack von essbaren Insekten dem von Haselnuss und Mandel. Es gibt nichts zu bef\u00fcrchten, denn Sie werden dort bekannte Aromen finden.<\/p>\n","protected":false},"excerpt":{"rendered":"        <div id=\"woocommerce-multi-currency-1\"\r\n             class=\"woocommerce-multi-currency wmc-shortcode plain-horizontal layout3 \"\r\n             data-layout=\"layout3\" data-flag_size=\"0.6\">\r\n            <input type=\"hidden\" class=\"wmc-current-url\" value=\"\/de\/wp-json\/wp\/v2\/product\/9986\">\r\n\t\t\t                <div class=\"wmc-currency wmc-active\">\r\n\t\t\t\t\t                    <a rel=\"nofollow\" title=\"European Union\" class=\"wmc-currency-redirect\"\r\n                       href=\"\/de\/wp-json\/wp\/v2\/product\/9986?wmc-currency=EUR\" data-currency=\"EUR\">\r\n                        <i style=\"transform: scale(0.6); margin: -8px -12px\"\r\n                           class=\"vi-flag-64 flag-eu \"><\/i>\r\n                    <\/a>\r\n                <\/div>\r\n\t\t\t\t                <div class=\"wmc-currency \">\r\n\t\t\t\t\t                    <a rel=\"nofollow\" title=\"Vereinigte Staaten von Amerika (USA)\" class=\"wmc-currency-redirect\"\r\n                       href=\"\/de\/wp-json\/wp\/v2\/product\/9986?wmc-currency=USD\" data-currency=\"USD\">\r\n                        <i style=\"transform: scale(0.6); margin: -8px -12px\"\r\n                           class=\"vi-flag-64 flag-us \"><\/i>\r\n                    <\/a>\r\n                <\/div>\r\n\t\t\t\t        <\/div>\r\n\t\t W\u00e4hrung ausw\u00e4hlen<\/p>\n<p>Kleine <em>Grillen, essbare Insekten<\/em> Zubereitet mit &#8222;Lime&#8220; Gryllus Bimaculatus<br \/>\n(Die Tasche von 25 g)<\/p>\n<p>Limettengrillen haben einen w\u00fcrzigen und erfrischenden Geschmack, sehr angenehm. Die Limette ist sehr reich an Vitamin C und verleiht unserem <em>essbaren Insekt<\/em>, der <em>Grille<\/em>, eine exotische Note.<\/p>\n","protected":false},"featured_media":9987,"comment_status":"open","ping_status":"closed","template":"","meta":[],"product_brand":[],"product_cat":[370],"product_tag":[],"class_list":{"0":"post-9986","1":"product","2":"type-product","3":"status-publish","4":"has-post-thumbnail","6":"product_cat-flavoured-de","8":"first","9":"instock","10":"shipping-taxable","11":"purchasable","12":"product-type-simple"},"_links":{"self":[{"href":"https:\/\/www.next-food.net\/de\/wp-json\/wp\/v2\/product\/9986","targetHints":{"allow":["GET"]}}],"collection":[{"href":"https:\/\/www.next-food.net\/de\/wp-json\/wp\/v2\/product"}],"about":[{"href":"https:\/\/www.next-food.net\/de\/wp-json\/wp\/v2\/types\/product"}],"replies":[{"embeddable":true,"href":"https:\/\/www.next-food.net\/de\/wp-json\/wp\/v2\/comments?post=9986"}],"wp:featuredmedia":[{"embeddable":true,"href":"https:\/\/www.next-food.net\/de\/wp-json\/wp\/v2\/media\/9987"}],"wp:attachment":[{"href":"https:\/\/www.next-food.net\/de\/wp-json\/wp\/v2\/media?parent=9986"}],"wp:term":[{"taxonomy":"product_brand","embeddable":true,"href":"https:\/\/www.next-food.net\/de\/wp-json\/wp\/v2\/product_brand?post=9986"},{"taxonomy":"product_cat","embeddable":true,"href":"https:\/\/www.next-food.net\/de\/wp-json\/wp\/v2\/product_cat?post=9986"},{"taxonomy":"product_tag","embeddable":true,"href":"https:\/\/www.next-food.net\/de\/wp-json\/wp\/v2\/product_tag?post=9986"}],"curies":[{"name":"wp","href":"https:\/\/api.w.org\/{rel}","templated":true}]}}