{"id":9941,"date":"2015-01-24T15:06:17","date_gmt":"2015-01-24T14:06:17","guid":{"rendered":"https:\/\/www.next-food.net\/product\/palmwurmer-rhynchophorus-ferrugineus\/"},"modified":"2026-04-01T09:42:36","modified_gmt":"2026-04-01T08:42:36","slug":"palmwurmer-rhynchophorus-ferrugineus","status":"publish","type":"product","link":"https:\/\/www.next-food.net\/de\/produkt\/palmwurmer-rhynchophorus-ferrugineus\/","title":{"rendered":"Palmw\u00fcrmer | Essbare Insekten &#8222;Rhynchophorus Ferrugineus&#8220;"},"content":{"rendered":"<h2>Palmwurm und R\u00fcsselk\u00e4fer<\/h2>\n<p><a title=\"edible palm worms\" href=\"https:\/\/www.next-food.net\/en\/shop\/palm-worms\/\">essbare Palmw\u00fcrmer<\/a>, die auch als Sagow\u00fcrmer bekannt sind, haben ihren Namen der Baum, in dem sie leben. Dies sind die Larven des roten R\u00fcsselk\u00e4fers: <em>Rhynchophorus Ferrugineus<\/em>.<\/p>\n<h2>Insektenprotein des R\u00fcsselk\u00e4fers<\/h2>\n<p>Sie sind sehr gefr\u00e4\u00dfig und im Durchschnitt 50 mm lang und 20 mm breit. Wir stellen fest, dass ihr Verbrauch \u00f6kologisch ist, da sie vielen Palmenarten echten Schaden zuf\u00fcgen.<\/p>\n<p>Next-Food bietet Ihnen die M\u00f6glichkeit, essbare <em>Palmw\u00fcrmer<\/em> aus seinem Insektenzuchtzentrum zu testen. Dieses <em>Nahrungsinsekt<\/em> wird auf nat\u00fcrliche Weise sorgf\u00e4ltig gef\u00fcttert und vor Ort gez\u00fcchtet, ausgew\u00e4hlt, verarbeitet und verpackt. Jedes Produkt ist daher r\u00fcckverfolgbar und entspricht den in Frankreich geltenden Hygienestandards. Z\u00f6gern Sie also nicht, <em>essbare W\u00fcrmer<\/em> auf <a title=\"www.next-food.net\" href=\"https:\/\/www.next-food.net\/fr\">next-food zu kaufen. Netz<\/a>!<\/p>\n<p>Diejenigen, die noch nicht \u00fcberzeugt sind, werden am Ende vielleicht durch seinen Geschmack, der an K\u00e4se heranreicht, zu einem ersten Erlebnis verleitet. In jedem Fall w\u00e4hlen Entomophagie-Enthusiasten sie wegen ihres Geschmacks, aber auch wegen ihres N\u00e4hrwerts. Tats\u00e4chlich geh\u00f6ren sie zu den Insekten, die reich an Proteinen, Magnesium, Kalzium, Eisen und Phosphor sind.<\/p>\n<h3>Futterinsekt zum Rohverzehr oder zubereitet<\/h3>\n<p>Zur Verkostung k\u00f6nnen <em>Palmw\u00fcrmer<\/em> roh oder gekocht gegessen werden. F\u00fcr die erste Option kann eine Sauce auf Chilibasis hilfreich sein, besonders f\u00fcr diejenigen, die den Geschmack f\u00fcrchten. F\u00fcr Neulinge empfehlen wir essbare gegrillte oder aufgespie\u00dfte <em>Palmw\u00fcrmer<\/em>. Dies ist die beste Option, um sanft zu beginnen. Am Ende des ersten Bissens werden Sie \u00fcberzeugt sein<\/p>\n<p>F\u00fcr Feinschmecker sind <em>Palmw\u00fcrmer<\/em> mit Ingwer ein wahrer Genuss.<\/p>\n<p>Um sie so gut wie m\u00f6glich vorzubereiten, beginnen wir damit, sie zu hydratisieren.<\/p>\n<p>Sobald die <em>Insekten zum Essen<\/em> fertig sind, geben Sie sie mit ein paar Tropfen \u00d6l in einen Topf und lassen Sie sie bei schwacher Hitze stehen. Bereiten Sie das Basilikum, den Knoblauch, die Zwiebel und den Ingwer vor, die Sie sofort hinzuf\u00fcgen.<\/p>\n<p>Bei schwacher Hitze weiterkochen, bis nur noch \u00d6l \u00fcbrig bleibt, dann mit Reis servieren. Zubereitet und verpackt in 25-g- und 1-kg-Beutelchen erleichtern die auf next-food.net erh\u00e4ltlichen essbaren <em>Palmw\u00fcrmer<\/em> die Zubereitung dieses Rezepts. Also, bestellen Sie jetzt!<\/p>\n","protected":false},"excerpt":{"rendered":"        <div id=\"woocommerce-multi-currency-1\"\r\n             class=\"woocommerce-multi-currency wmc-shortcode plain-horizontal layout3 \"\r\n             data-layout=\"layout3\" data-flag_size=\"0.6\">\r\n            <input type=\"hidden\" class=\"wmc-current-url\" value=\"\/de\/wp-json\/wp\/v2\/product\/9941\">\r\n\t\t\t                <div class=\"wmc-currency wmc-active\">\r\n\t\t\t\t\t                    <a rel=\"nofollow\" title=\"European Union\" class=\"wmc-currency-redirect\"\r\n                       href=\"\/de\/wp-json\/wp\/v2\/product\/9941?wmc-currency=EUR\" data-currency=\"EUR\">\r\n                        <i style=\"transform: scale(0.6); margin: -8px -12px\"\r\n                           class=\"vi-flag-64 flag-eu \"><\/i>\r\n                    <\/a>\r\n                <\/div>\r\n\t\t\t\t                <div class=\"wmc-currency \">\r\n\t\t\t\t\t                    <a rel=\"nofollow\" title=\"Vereinigte Staaten von Amerika (USA)\" class=\"wmc-currency-redirect\"\r\n                       href=\"\/de\/wp-json\/wp\/v2\/product\/9941?wmc-currency=USD\" data-currency=\"USD\">\r\n                        <i style=\"transform: scale(0.6); margin: -8px -12px\"\r\n                           class=\"vi-flag-64 flag-us \"><\/i>\r\n                    <\/a>\r\n                <\/div>\r\n\t\t\t\t        <\/div>\r\n\t\t W\u00e4hrung ausw\u00e4hlen<\/p>\n<p>Palmw\u00fcrmer, <em>Essbare Insekten<\/em> &#8211; Rhynchophorus Ferrugineus<\/p>\n<p>Der <em>Palmwurm<\/em> ist ein <em>essbares Insekt<\/em>, das haupts\u00e4chlich im Stamm des gleichnamigen Baumes lebt.<br \/>\nDieses unglaubliche essbare Insekt kann auf viele Arten zubereitet werden und passt perfekt in Ihre Rezepte, sodass Sie sie in exotische Zubereitungen verwandeln k\u00f6nnen.<\/p>\n<p>Der Geschmack dieses <em>Nahrungsinsekts<\/em> \u00e4hnelt dem von K\u00e4se<\/p>\n","protected":false},"featured_media":9942,"comment_status":"open","ping_status":"closed","template":"","meta":[],"product_brand":[],"product_cat":[360],"product_tag":[],"class_list":{"0":"post-9941","1":"product","2":"type-product","3":"status-publish","4":"has-post-thumbnail","6":"product_cat-plain-insects-de","8":"first","9":"outofstock","10":"sale","11":"shipping-taxable","12":"purchasable","13":"product-type-variable","14":"has-default-attributes"},"_links":{"self":[{"href":"https:\/\/www.next-food.net\/de\/wp-json\/wp\/v2\/product\/9941","targetHints":{"allow":["GET"]}}],"collection":[{"href":"https:\/\/www.next-food.net\/de\/wp-json\/wp\/v2\/product"}],"about":[{"href":"https:\/\/www.next-food.net\/de\/wp-json\/wp\/v2\/types\/product"}],"replies":[{"embeddable":true,"href":"https:\/\/www.next-food.net\/de\/wp-json\/wp\/v2\/comments?post=9941"}],"wp:featuredmedia":[{"embeddable":true,"href":"https:\/\/www.next-food.net\/de\/wp-json\/wp\/v2\/media\/9942"}],"wp:attachment":[{"href":"https:\/\/www.next-food.net\/de\/wp-json\/wp\/v2\/media?parent=9941"}],"wp:term":[{"taxonomy":"product_brand","embeddable":true,"href":"https:\/\/www.next-food.net\/de\/wp-json\/wp\/v2\/product_brand?post=9941"},{"taxonomy":"product_cat","embeddable":true,"href":"https:\/\/www.next-food.net\/de\/wp-json\/wp\/v2\/product_cat?post=9941"},{"taxonomy":"product_tag","embeddable":true,"href":"https:\/\/www.next-food.net\/de\/wp-json\/wp\/v2\/product_tag?post=9941"}],"curies":[{"name":"wp","href":"https:\/\/api.w.org\/{rel}","templated":true}]}}