{"id":9777,"date":"2014-11-17T07:51:11","date_gmt":"2014-11-17T06:51:11","guid":{"rendered":"https:\/\/www.next-food.net\/produit\/mehlwurmer-tenebrio-molitor\/"},"modified":"2025-09-18T10:47:39","modified_gmt":"2025-09-18T09:47:39","slug":"mehlwurmer-tenebrio-molitor","status":"publish","type":"product","link":"https:\/\/www.next-food.net\/de\/produkt\/mehlwurmer-tenebrio-molitor\/","title":{"rendered":"Mehlw\u00fcrmer | Essbare Insekten &#8222;Tenebrio Molitor&#8220;"},"content":{"rendered":"<h2>Mehlw\u00fcrmer: Der Molitor, ein ausgezeichnetes Futterinsekt!<\/h2>\n<p>Das Interesse an <a title=\"essbaren Insekten\" href=\"https:\/\/www.next-food.net\/de\">essbaren Insekten<\/a> hat in letzter Zeit an Dynamik gewonnen. Es muss anerkannt werden, dass die FAO-Initiative, die es f\u00f6rdert, indem es als Lebensmittel der Zukunft pr\u00e4sentiert wird, nicht ohne Zusammenhang damit steht. Der essbarer Mehlwurm ist eines der beliebtesten Proteine!<\/p>\n<h3>Insektenzucht: Essen von Insekten wie Molitor<\/h3>\n<p>In diesem Zusammenhang entdecken wir Insekten zum Essen &lt;\/a wieder &gt; wie essbare <em>Mehlw\u00fcrmer<\/em> oder die Larve des Tenebrio <em>The<\/em> <i>Molitor<\/i> oder einfach die <em>W\u00fcrmer<\/em> . Sie stammen aus der Familie der <em>K\u00e4fer<\/em> und kommen normalerweise in Weizenmehl vor, das als Nahrung dient. Wenn die hygienischen Bedingungen der B\u00e4ckereien ihrer Entwicklung nicht mehr f\u00f6rderlich sind, sichert die Z\u00fcchtung ihre Produktion in H\u00fclle und F\u00fclle.<\/p>\n<p>Oft stellen wir fest, dass <em>essbare Insekten<\/em> ihren Geschmack unter anderem aus ihrer Nahrung beziehen. Der Neuling sollte daher ihren Geschmack nicht begreifen. Es ist daher nat\u00fcrlich, dass wir den Geschmack der Chips finden. S\u00fc\u00df gekocht \u00e4hneln sie jedoch Haseln\u00fcssen oder Mandeln. Als salzige und w\u00fcrzige Option k\u00f6nnen wir glauben, dass wir gegrilltes H\u00e4hnchen probieren.<\/p>\n<h2>Mehlw\u00fcrmer: Wie man sie kocht?<\/h2>\n<p>Sehr praktisch bei Appetizer Insekt, sie werden wie Keks gegessen . Sie sind in Beuteln von 25 g bis 1 kg erh\u00e4ltlich und im Online-Shop &#8222;<em>Insektenk\u00fcche<\/em>&#8220; next-food.net erh\u00e4ltlich. Sie k\u00f6nnen sie auch mit Tomaten-Basilikum-Sauce begleiten oder in einem Salat zubereiten. In jedem Fall nehmen sie die Aromen der anderen Zutaten leicht auf.<\/p>\n<p>F\u00fcr diejenigen, die nach einem einfachen Rezept suchen, das den Geschmack dieses <em>essbaren Insekts<\/em> verst\u00e4rkt, sind essbare <em>Mehlw\u00fcrmer<\/em> im Pfannengericht kaum zu \u00fcbersehen. Beginnen Sie damit, Pflanzen\u00f6l in einer Pfanne zu erhitzen. Sobald das \u00d6l k\u00f6chelt, die <em>Mehlw\u00fcrmer<\/em> hinzugeben, bis sie leicht gebr\u00e4unt sind.<\/p>\n<p>Achten Sie darauf, sie nicht zu verbrennen, da sonst alle Aromen einem bitteren Geschmack weichen. Salzen und mit aromatischen Kr\u00e4utern und Knoblauch w\u00fcrzen, bevor die Pfanne vom Herd genommen wird. Hei\u00df serviert entfaltet das Gericht alle Aromen von <em>Mehlw\u00fcrmern<\/em>. Damit dieses Rezept gelingt, bestellen Sie die essbaren <em>Mehlw\u00fcrmer<\/em> auf next-food.net!<\/p>\n","protected":false},"excerpt":{"rendered":"        <div id=\"woocommerce-multi-currency-1\"\r\n             class=\"woocommerce-multi-currency wmc-shortcode plain-horizontal layout3 \"\r\n             data-layout=\"layout3\" data-flag_size=\"0.6\">\r\n            <input type=\"hidden\" class=\"wmc-current-url\" value=\"\/de\/wp-json\/wp\/v2\/product\/9777\">\r\n\t\t\t                <div class=\"wmc-currency wmc-active\">\r\n\t\t\t\t\t                    <a rel=\"nofollow\" title=\"European Union\" class=\"wmc-currency-redirect\"\r\n                       href=\"\/de\/wp-json\/wp\/v2\/product\/9777?wmc-currency=EUR\" data-currency=\"EUR\">\r\n                        <i style=\"transform: scale(0.6); margin: -8px -12px\"\r\n                           class=\"vi-flag-64 flag-eu \"><\/i>\r\n                    <\/a>\r\n                <\/div>\r\n\t\t\t\t                <div class=\"wmc-currency \">\r\n\t\t\t\t\t                    <a rel=\"nofollow\" title=\"Vereinigte Staaten von Amerika (USA)\" class=\"wmc-currency-redirect\"\r\n                       href=\"\/de\/wp-json\/wp\/v2\/product\/9777?wmc-currency=USD\" data-currency=\"USD\">\r\n                        <i style=\"transform: scale(0.6); margin: -8px -12px\"\r\n                           class=\"vi-flag-64 flag-us \"><\/i>\r\n                    <\/a>\r\n                <\/div>\r\n\t\t\t\t        <\/div>\r\n\t\t W\u00e4hrung ausw\u00e4hlen<\/p>\n<p><em>Mehlw\u00fcrmer<\/em>, <em>Essbare Insekten<\/em> &#8211; <em>Mealworm<\/em> oder <em>Molitor<\/em><\/p>\n<p>Die <em>Mehlw\u00fcrmer<\/em> werden wie Vorspeisenkekse gegessen. Diese <em>essbaren Insekten<\/em> werden allein wegen ihres nat\u00fcrlichen Chipsgeschmacks gesch\u00e4tzt und passen perfekt zu vielen Currygew\u00fcrzen, Thai-Kr\u00e4utern, Galgant\u2026 Ein Erlebnis mit orientalischen Aromen.<\/p>\n","protected":false},"featured_media":9778,"comment_status":"open","ping_status":"closed","template":"","meta":[],"product_brand":[],"product_cat":[360],"product_tag":[],"class_list":{"0":"post-9777","1":"product","2":"type-product","3":"status-publish","4":"has-post-thumbnail","6":"product_cat-plain-insects-de","8":"first","9":"outofstock","10":"sale","11":"shipping-taxable","12":"purchasable","13":"product-type-variable","14":"has-default-attributes"},"_links":{"self":[{"href":"https:\/\/www.next-food.net\/de\/wp-json\/wp\/v2\/product\/9777","targetHints":{"allow":["GET"]}}],"collection":[{"href":"https:\/\/www.next-food.net\/de\/wp-json\/wp\/v2\/product"}],"about":[{"href":"https:\/\/www.next-food.net\/de\/wp-json\/wp\/v2\/types\/product"}],"replies":[{"embeddable":true,"href":"https:\/\/www.next-food.net\/de\/wp-json\/wp\/v2\/comments?post=9777"}],"wp:featuredmedia":[{"embeddable":true,"href":"https:\/\/www.next-food.net\/de\/wp-json\/wp\/v2\/media\/9778"}],"wp:attachment":[{"href":"https:\/\/www.next-food.net\/de\/wp-json\/wp\/v2\/media?parent=9777"}],"wp:term":[{"taxonomy":"product_brand","embeddable":true,"href":"https:\/\/www.next-food.net\/de\/wp-json\/wp\/v2\/product_brand?post=9777"},{"taxonomy":"product_cat","embeddable":true,"href":"https:\/\/www.next-food.net\/de\/wp-json\/wp\/v2\/product_cat?post=9777"},{"taxonomy":"product_tag","embeddable":true,"href":"https:\/\/www.next-food.net\/de\/wp-json\/wp\/v2\/product_tag?post=9777"}],"curies":[{"name":"wp","href":"https:\/\/api.w.org\/{rel}","templated":true}]}}