{"id":9731,"date":"2015-01-24T14:52:36","date_gmt":"2015-01-24T13:52:36","guid":{"rendered":"https:\/\/www.next-food.net\/produit\/seidenraupen-bombyx-mori-pupae\/"},"modified":"2026-02-22T20:35:05","modified_gmt":"2026-02-22T19:35:05","slug":"seidenraupen-bombyx-mori-pupae","status":"publish","type":"product","link":"https:\/\/www.next-food.net\/de\/produkt\/seidenraupen-bombyx-mori-pupae\/","title":{"rendered":"Seidenraupen | Essbare Insekten &#8222;Bombyx Mori Puppen&#8220;"},"content":{"rendered":"<h2>Insekten zum Essen: Seidenraupen oder Bombyx Mori<\/h2>\n<p>Von <em>Bombyx mori<\/em>-Schmetterlingen abstammend, sind essbare <em>Seidenraupen<\/em> Raupen, die sich ausschlie\u00dflich von Maulbeerbl\u00e4ttern ern\u00e4hren. Nachdem die Eier geschl\u00fcpft sind, ern\u00e4hren sich die Larven und nach etwa einem Monat stellen sie ihre Kokons her, die gekocht werden, um die zu webende Seide zu gewinnen.<\/p>\n<h3>Bombyx Mori: Seidenraupen &#8211; Knusprig und weich zugleich!<\/h3>\n<p>Aus diesen Schritten gewinnen wir besonders schmackhafte W\u00fcrmer. Knusprig zeichnen sie sich durch ihren s\u00fc\u00dfen Geschmack zwischen Mandel und Haselnuss aus. Fans der <em>Entomophagie<\/em> z\u00f6gern nicht, ihre Textur mit weichen Keksen zu vergleichen: au\u00dfen knusprig und innen zart und schmelzend.<\/p>\n<p>Es gibt tausend und eine Art, essbare Seidenraupen. Wie bei jeder Verkostung von &#8222;<em>Speiseinsekten<\/em>&#8220; bleibt das <em>gegrillte Insekt<\/em> jedoch der beste Weg, um alle Aromen von <em>Seidenraupen<\/em> &gt; zu entdecken. Tats\u00e4chlich k\u00f6nnen sie mit Saucen oder Salat serviert werden. Er eignet sich hervorragend als Aperitif. Sobald Sie sich an den Geschmack gew\u00f6hnt haben, k\u00f6nnen Sie ihn in verschiedene Rezepte einarbeiten.<\/p>\n<p>F\u00fcr Ihre <em>Insekten-Aperitif<\/em>-&#8222;Party&#8220; oder f\u00fcr jedes andere Gericht sind diese <em>essbaren Insekten<\/em> daher in Portionsbeuteln von 25 g bis 1.000 g in unserem <a href=\"https:\/\/www.next-food.net\/de\/einfache-essbare-insekten\/\">essbarer Insektenladen<\/a> online. Gehen Sie zu next-food.net, um etwas zu bekommen!<\/p>\n<h3>Ern\u00e4hrungsqualit\u00e4t des zu essenden Insekts: Seidenraupe<\/h3>\n<p>Essbare <em>Seidenraupen<\/em> oder <em>Bombyx Mori<\/em> sind f\u00fcr ihre ern\u00e4hrungsphysiologische Qualit\u00e4t bekannt. Tats\u00e4chlich entsprechen 100 g Seidenraupen 389 kcal mit 80 g Protein, 8 g Kohlenhydraten und 8 g Lipid. F\u00fcr die gleiche Menge Rindfleisch gibt es bei 250 kcal nur 17,5 g Eiwei\u00df, 20 g Fette und keine Kohlenhydrate.<\/p>\n<p>Aus diesem Grund wird die <em>Seidenraupen-Di\u00e4t<\/em> von der traditionellen chinesischen Medizin zur Behandlung bestimmter Beschwerden verschrieben. In jedem Fall sind sie f\u00fcr eine eiwei\u00dfreiche Ern\u00e4hrung mit wenig Fett zu empfehlen. Damit sind sie eine echte Option, um Fleisch als Proteinquelle zu ersetzen.<\/p>\n<p>Um die Gesundheit von Entomophagen und allen, die <a title=\"Insekten kaufen\" href=\"https:\/\/www.next-food.net\/de\">Insekten kaufen<\/a> m\u00f6chten, zu erhalten, bieten wir auf next-food.net an <em>essbare Insekten<\/em> von ausgezeichneter Qualit\u00e4t und Frische. Von der Zucht oder Sammlung bis zur Verpackung sind alle Produkte r\u00fcckverfolgbar und erf\u00fcllen die geforderten Qualit\u00e4tsstandards.<\/p>\n","protected":false},"excerpt":{"rendered":"        <div id=\"woocommerce-multi-currency-1\"\r\n             class=\"woocommerce-multi-currency wmc-shortcode plain-horizontal layout3 \"\r\n             data-layout=\"layout3\" data-flag_size=\"0.6\">\r\n            <input type=\"hidden\" class=\"wmc-current-url\" value=\"\/de\/wp-json\/wp\/v2\/product\/9731\">\r\n\t\t\t                <div class=\"wmc-currency wmc-active\">\r\n\t\t\t\t\t                    <a rel=\"nofollow\" title=\"European Union\" class=\"wmc-currency-redirect\"\r\n                       href=\"\/de\/wp-json\/wp\/v2\/product\/9731?wmc-currency=EUR\" data-currency=\"EUR\">\r\n                        <i style=\"transform: scale(0.6); margin: -8px -12px\"\r\n                           class=\"vi-flag-64 flag-eu \"><\/i>\r\n                    <\/a>\r\n                <\/div>\r\n\t\t\t\t                <div class=\"wmc-currency \">\r\n\t\t\t\t\t                    <a rel=\"nofollow\" title=\"Vereinigte Staaten von Amerika (USA)\" class=\"wmc-currency-redirect\"\r\n                       href=\"\/de\/wp-json\/wp\/v2\/product\/9731?wmc-currency=USD\" data-currency=\"USD\">\r\n                        <i style=\"transform: scale(0.6); margin: -8px -12px\"\r\n                           class=\"vi-flag-64 flag-us \"><\/i>\r\n                    <\/a>\r\n                <\/div>\r\n\t\t\t\t        <\/div>\r\n\t\t W\u00e4hrung ausw\u00e4hlen<\/p>\n<p><em>Seidenraupen<\/em>, <em>Essbare Insekten<\/em> \u2013 <em>Bombyx Mori<\/em> Puppen<\/p>\n<p>Besonders beliebt in der koreanischen K\u00fcche ist die <em>Seidenraupe<\/em> ein <em>Nahrungsinsekt<\/em> mit vielen ern\u00e4hrungsphysiologischen Eigenschaften. Ihre knusprige Textur und ihr milder Haselnuss- und Mandelgeschmack machen Seidenraupen zu einer Delikatesse, die im Allgemeinen die meisten anspricht.<\/p>\n","protected":false},"featured_media":9732,"comment_status":"open","ping_status":"closed","template":"","meta":[],"product_brand":[],"product_cat":[360],"product_tag":[],"class_list":{"0":"post-9731","1":"product","2":"type-product","3":"status-publish","4":"has-post-thumbnail","6":"product_cat-plain-insects-de","8":"first","9":"outofstock","10":"sale","11":"shipping-taxable","12":"purchasable","13":"product-type-variable","14":"has-default-attributes"},"_links":{"self":[{"href":"https:\/\/www.next-food.net\/de\/wp-json\/wp\/v2\/product\/9731","targetHints":{"allow":["GET"]}}],"collection":[{"href":"https:\/\/www.next-food.net\/de\/wp-json\/wp\/v2\/product"}],"about":[{"href":"https:\/\/www.next-food.net\/de\/wp-json\/wp\/v2\/types\/product"}],"replies":[{"embeddable":true,"href":"https:\/\/www.next-food.net\/de\/wp-json\/wp\/v2\/comments?post=9731"}],"wp:featuredmedia":[{"embeddable":true,"href":"https:\/\/www.next-food.net\/de\/wp-json\/wp\/v2\/media\/9732"}],"wp:attachment":[{"href":"https:\/\/www.next-food.net\/de\/wp-json\/wp\/v2\/media?parent=9731"}],"wp:term":[{"taxonomy":"product_brand","embeddable":true,"href":"https:\/\/www.next-food.net\/de\/wp-json\/wp\/v2\/product_brand?post=9731"},{"taxonomy":"product_cat","embeddable":true,"href":"https:\/\/www.next-food.net\/de\/wp-json\/wp\/v2\/product_cat?post=9731"},{"taxonomy":"product_tag","embeddable":true,"href":"https:\/\/www.next-food.net\/de\/wp-json\/wp\/v2\/product_tag?post=9731"}],"curies":[{"name":"wp","href":"https:\/\/api.w.org\/{rel}","templated":true}]}}