{"id":9702,"date":"2015-03-06T09:24:14","date_gmt":"2015-03-06T08:24:14","guid":{"rendered":"https:\/\/www.next-food.net\/produit\/tarentulas-haplopelma-albostriatum\/"},"modified":"2026-05-17T09:22:50","modified_gmt":"2026-05-17T08:22:50","slug":"tarentulas-haplopelma-albostriatum","status":"publish","type":"product","link":"https:\/\/www.next-food.net\/de\/produkt\/tarentulas-haplopelma-albostriatum\/","title":{"rendered":"Tarantel (Spinne) | Essbare Insekten &#8222;Haplopelma Albostriatum&#8220;"},"content":{"rendered":"<h2>Tarantel (Spinne): Ein Insekt der Wahl!<\/h2>\n<p><a href=\"https:\/\/www.next-food.net\/de\/produkt\/tarentulas-haplopelma-albostriatum\/\">Essbare Tarantel<\/a> oder <i>Haplopelma Albostriatum<\/i> (wissenschaftliche Bezeichnungen) werden auch Zebra-Vogelspinnen genannt. W\u00e4hrend der Diktatur der Roten Khmer, als Lebensmittel knapp waren, waren sie eine wichtige Proteinquelle f\u00fcr die Kambodschaner. Heute ist es ein wesentlicher Bestandteil der Gerichte, die von Liebhabern der <em>Entomophagie<\/em> am meisten gesch\u00e4tzt werden<\/p>\n<h3>Spider: eine Geschmacksexplosion f\u00fcr dieses Futterinsekt<\/h3>\n<p>Die essbare <b>Tarantel <\/b>kann pur und als <em>Insekten-Aperitif<\/em> gegessen werden. Um ihren einzigartigen Geschmack zu genie\u00dfen, braten Sie sie einfach und w\u00fcrzen Sie sie fein. Beim Probieren entdecken wir Beine mit knuspriger Textur und weichem Bauch. In den anderen Teilen finden wir ein wei\u00dfes und zartes Fleisch. Die <em>Vogelspinne<\/em> <em>Essbares Insekt<\/em> wurde mehrere Stunden lang gekocht und dehydriert. Dieser Prozess macht sie etwas zerbrechlich, aber das hat keinen Einfluss auf ihren Geschmack oder das Vergn\u00fcgen, das man beim Essen empfinden kann.<\/p>\n<p>Zur Verkostung wird die essbare <em>Vogelspinne<\/em> ohne Beilage gegessen. Auf der anderen Seite k\u00f6nnen Sie sie in eine So\u00dfe tauchen und mit Reis einnehmen, wenn Sie wegen des Geschmacks besorgt sind. Genau, \u00fcber den Geschmack gehen die Meinungen auseinander. Manche sprechen von einem Nachgeschmack nach Haselnuss oder Mandel, andere finden den Geschmack von Krabben.<\/p>\n<p>Sicher ist jedoch, dass sich fast alle \u00fcber ihre Geschmacksqualit\u00e4t einig sind. Um den Geschmack der essbaren <em>Vogelspinne<\/em> selbst zu entdecken oder sich zu Hause mit essbaren <em>Spinnen<\/em> einzudecken, z\u00f6gern Sie nicht, diese auf <a title=\"www .next-food .net\" href=\"https:\/\/www.next-food.net\/de\">next-food.net<\/a>!<\/p>\n<h2>Spinne | Tarantel: N\u00e4hrwerte<\/h2>\n<p>Wie die <em>Vogelspinne<\/em>, <a href=\"https:\/\/www.next-food.net\/de\/einfache-essbare-insekten\/\">essbare Insekten<\/a> sind wohl eine der wichtigsten Nahrungsquellen der Zukunft. Unter Ber\u00fccksichtigung der Lebensmittelumwandlungsrate ergeben 10 kg Lebensmittel 1 kg Rindfleisch, 3 kg Schweinefleisch, 5 kg Gefl\u00fcgel und 9 kg Insekten. Diese Zahl belegt das volle Potenzial <em>essbarer Insekten<\/em> bei der Herstellung von Proteinen.<\/p>\n<p>Entomokultur mobilisiert im Vergleich zur konventionellen Z\u00fcchtung nur eine winzige Ressource. Aus dieser Perspektive sind die Umweltauswirkungen der Z\u00fcchtung von <em>Essensinsekten<\/em> sehr begrenzt. Beispielsweise st\u00f6\u00dft eine Rinderfarm im Vergleich zu einer <em>Grillenfarm<\/em> 80-mal mehr CO2 aus.<\/p>\n<p>Sich dieser M\u00f6glichkeiten bewusst, beginnt die Entomokultur in Frankreich an Dynamik zu gewinnen. Kommen Sie also, wie die vielen <em>Entomophagie<\/em>-Enthusiasten im Land, und kaufen Sie auf unserer Website ein!<\/p>\n","protected":false},"excerpt":{"rendered":"        <div id=\"woocommerce-multi-currency-1\"\r\n             class=\"woocommerce-multi-currency wmc-shortcode plain-horizontal layout3 \"\r\n             data-layout=\"layout3\" data-flag_size=\"0.6\">\r\n            <input type=\"hidden\" class=\"wmc-current-url\" value=\"\/de\/wp-json\/wp\/v2\/product\/9702\">\r\n\t\t\t                <div class=\"wmc-currency wmc-active\">\r\n\t\t\t\t\t                    <a rel=\"nofollow\" title=\"European Union\" class=\"wmc-currency-redirect\"\r\n                       href=\"\/de\/wp-json\/wp\/v2\/product\/9702?wmc-currency=EUR\" data-currency=\"EUR\">\r\n                        <i style=\"transform: scale(0.6); margin: -8px -12px\"\r\n                           class=\"vi-flag-64 flag-eu \"><\/i>\r\n                    <\/a>\r\n                <\/div>\r\n\t\t\t\t                <div class=\"wmc-currency \">\r\n\t\t\t\t\t                    <a rel=\"nofollow\" title=\"Vereinigte Staaten von Amerika (USA)\" class=\"wmc-currency-redirect\"\r\n                       href=\"\/de\/wp-json\/wp\/v2\/product\/9702?wmc-currency=USD\" data-currency=\"USD\">\r\n                        <i style=\"transform: scale(0.6); margin: -8px -12px\"\r\n                           class=\"vi-flag-64 flag-us \"><\/i>\r\n                    <\/a>\r\n                <\/div>\r\n\t\t\t\t        <\/div>\r\n\t\t W\u00e4hrung ausw\u00e4hlen<\/p>\n<p><em>Spinne<\/em> Vogelspinne <em>Essbares Insekt<\/em> &#8211; Haplopelma Albostriatum<\/p>\n<p>Mischung aus Texturen und Aromen f\u00fcr dieses essbare Insekt, das mit seinem Haselnuss- und Krabbengeschmack eines der besten ist<\/p>\n<p>Beim Braten ist dieses <em>Futterinsekt<\/em> ein Genuss!<\/p>\n","protected":false},"featured_media":9703,"comment_status":"open","ping_status":"closed","template":"","meta":[],"product_brand":[],"product_cat":[360],"product_tag":[],"class_list":{"0":"post-9702","1":"product","2":"type-product","3":"status-publish","4":"has-post-thumbnail","6":"product_cat-plain-insects-de","8":"first","9":"outofstock","10":"shipping-taxable","11":"purchasable","12":"product-type-simple"},"_links":{"self":[{"href":"https:\/\/www.next-food.net\/de\/wp-json\/wp\/v2\/product\/9702","targetHints":{"allow":["GET"]}}],"collection":[{"href":"https:\/\/www.next-food.net\/de\/wp-json\/wp\/v2\/product"}],"about":[{"href":"https:\/\/www.next-food.net\/de\/wp-json\/wp\/v2\/types\/product"}],"replies":[{"embeddable":true,"href":"https:\/\/www.next-food.net\/de\/wp-json\/wp\/v2\/comments?post=9702"}],"wp:featuredmedia":[{"embeddable":true,"href":"https:\/\/www.next-food.net\/de\/wp-json\/wp\/v2\/media\/9703"}],"wp:attachment":[{"href":"https:\/\/www.next-food.net\/de\/wp-json\/wp\/v2\/media?parent=9702"}],"wp:term":[{"taxonomy":"product_brand","embeddable":true,"href":"https:\/\/www.next-food.net\/de\/wp-json\/wp\/v2\/product_brand?post=9702"},{"taxonomy":"product_cat","embeddable":true,"href":"https:\/\/www.next-food.net\/de\/wp-json\/wp\/v2\/product_cat?post=9702"},{"taxonomy":"product_tag","embeddable":true,"href":"https:\/\/www.next-food.net\/de\/wp-json\/wp\/v2\/product_tag?post=9702"}],"curies":[{"name":"wp","href":"https:\/\/api.w.org\/{rel}","templated":true}]}}