{"id":9689,"date":"2015-01-24T15:20:17","date_gmt":"2015-01-24T14:20:17","guid":{"rendered":"https:\/\/www.next-food.net\/?post_type=product&#038;p=9689"},"modified":"2026-04-21T21:00:10","modified_gmt":"2026-04-21T20:00:10","slug":"schwarze-skorpione-heterometrus-longimanus","status":"publish","type":"product","link":"https:\/\/www.next-food.net\/de\/produkt\/schwarze-skorpione-heterometrus-longimanus\/","title":{"rendered":"Der Skorpion | Essbare Insekten &#8222;Schwarzer Skorpion&#8220;"},"content":{"rendered":"<p style=\"text-align: justify;\">\u00a0<a href=\"https:\/\/www.next-food.net\/wp-content\/uploads\/2018\/03\/scorpion1-226x300.jpg\"><img decoding=\"async\" class=\"size-medium wp-image-10611 alignright\" src=\"https:\/\/www.next-food.net\/wp-content\/uploads\/2018\/03\/scorpion1-226x300.jpg\" alt=\"\" width=\"226\" height=\"300\" title=\"\" srcset=\"https:\/\/www.next-food.net\/wp-content\/uploads\/2018\/03\/scorpion1-226x300.jpg 226w, https:\/\/www.next-food.net\/wp-content\/uploads\/2018\/03\/scorpion1.jpg 300w, https:\/\/www.next-food.net\/wp-content\/uploads\/2018\/03\/scorpion1-295x393.jpg 295w\" sizes=\"(max-width: 226px) 100vw, 226px\" \/><\/a><\/p>\n<h2><strong>Der Schwarze Skorpion: Umweltbewusste Zucht<\/strong><\/h2>\n<p>Next-Food bietet leckere <a title=\"essbare schwarze Skorpione\" href=\"https:\/\/www.next-food.net\/product\/black-scorpion-heterometrus-longimanus\/\">essbare schwarze Skorpione<\/a> (&lt; i&gt;Heterometrus longimanus). Diese <em>essbaren Insekten<\/em> sind haupts\u00e4chlich f\u00fcr den Verzehr bestimmt und werden unter nat\u00fcrlichen Bedingungen und mit einer nat\u00fcrlichen Ern\u00e4hrung aus Insekten wie Grillen oder W\u00fcrmern ohne Wachstumsbeschleuniger aufgezogen.<\/p>\n<h2><strong>Der Schwarze Skorpion: Ein ausgezeichnet fressendes Insekt<\/strong><\/h2>\n<p>Sobald diese <em>essbaren Insekten<\/em> ausgewachsen sind, wird der <strong>schwarze Skorpion<\/strong> sortiert und durch Kochen und Trocknen vorbereitet. Der Prozess verwendet ausschlie\u00dflich erneuerbare Energien. Sobald diese Schritte abgeschlossen sind, sind die <a title=\"essbare Insekten\" href=\"https:\/\/www.next-food.net\/de\/einfache-essbare-insekten\/\">essbare Insekten<\/a> verpackt und werden es Enthusiasten der <strong>Entomophagie.<\/strong> begeistern<\/p>\n<p>Wir stellen sicher, dass die Zubereitungsbehandlung des <strong>schwarzen Skorpions<\/strong> es ihm erm\u00f6glicht, all seine Aromen zu bewahren, die denen der Garnelen \u00e4hneln. Wie die anspruchsvollsten Entomophagen k\u00f6nnen auch Neulinge auf next-food.net gehen, um ihre <a title=\"insects to eat\" href=\"https:\/\/www.next-food.net\/de\/\">Insekten zum Essen&lt;\/ zu bestellen. a&gt;.<\/a><\/p>\n<h3><strong>Ein Rezept mit schwarzem Skorpion als essbares Insekt<\/strong><\/h3>\n<p>Um den ganzen Geschmack des <strong>schwarzen Skorpions<\/strong> oder <strong>Longimanus<\/strong> zu entdecken, bieten wir Ihnen das Rezept \u201eChili-Skorpion-Dip\u201c an. Daf\u00fcr brauchen wir rote Paprika, Knoblauchzehen, Schalotten, Nuoc-Mam-Sauce, Limettensaft, Zucker, Gem\u00fcse f\u00fcr die Beilage und jede Menge <em>Schwarzer Skorpion&lt; \/em&gt;.<\/em><\/p>\n<p>F\u00fcr die Zubereitung entfernen wir die Krallen und den Schwanz des <em>Longimanus<\/em> (Schwarzer Skorpion), um ihn f\u00fcr die Dekoration zu reservieren, und die \u00dcberreste werden 15 Minuten lang in hei\u00dfem Wasser rehydriert. Nach dem Trocknen braten wir diese <em>essbaren Insekten<\/em> 1 Minute lang und zerkleinern sie dann.<\/p>\n<p>Gem\u00fcse, gr\u00fcne Bohnen, Maiskolben und Karotten sollten ged\u00fcnstet werden. Paprika, Knoblauch und Schalotten werden 10 Minuten lang mit \u00d6l in einer Pfanne gegrillt.<\/p>\n<p>Dann mischen wir sie in einem K\u00fcchenm\u00f6rser oder einfach in einer kleinen Salatsch\u00fcssel, bevor wir die Skorpione, Nuoc-Mam, Zitronensaft und Zucker hinzuf\u00fcgen. Vergessen Sie nicht die Dekoration und das dazugeh\u00f6rige Gem\u00fcse. Damit dieses Rezept gelingt, z\u00f6gern Sie nicht, <strong>den schwarzen Skorpion<\/strong> jetzt auf next-food.net zu bestellen!<\/p>\n","protected":false},"excerpt":{"rendered":"        <div id=\"woocommerce-multi-currency-1\"\r\n             class=\"woocommerce-multi-currency wmc-shortcode plain-horizontal layout3 \"\r\n             data-layout=\"layout3\" data-flag_size=\"0.6\">\r\n            <input type=\"hidden\" class=\"wmc-current-url\" value=\"\/de\/wp-json\/wp\/v2\/product\/9689\">\r\n\t\t\t                <div class=\"wmc-currency wmc-active\">\r\n\t\t\t\t\t                    <a rel=\"nofollow\" title=\"European Union\" class=\"wmc-currency-redirect\"\r\n                       href=\"\/de\/wp-json\/wp\/v2\/product\/9689?wmc-currency=EUR\" data-currency=\"EUR\">\r\n                        <i style=\"transform: scale(0.6); margin: -8px -12px\"\r\n                           class=\"vi-flag-64 flag-eu \"><\/i>\r\n                    <\/a>\r\n                <\/div>\r\n\t\t\t\t                <div class=\"wmc-currency \">\r\n\t\t\t\t\t                    <a rel=\"nofollow\" title=\"Vereinigte Staaten von Amerika (USA)\" class=\"wmc-currency-redirect\"\r\n                       href=\"\/de\/wp-json\/wp\/v2\/product\/9689?wmc-currency=USD\" data-currency=\"USD\">\r\n                        <i style=\"transform: scale(0.6); margin: -8px -12px\"\r\n                           class=\"vi-flag-64 flag-us \"><\/i>\r\n                    <\/a>\r\n                <\/div>\r\n\t\t\t\t        <\/div>\r\n\t\t W\u00e4hrung ausw\u00e4hlen<\/p>\n<p>(Die tasche von 1 st\u00fcck)<\/p>\n<p>Der <em>Schwarze Skorpion<\/em>, auch <em>Longimanus<\/em> (Heterometrus longimanus) genannt, ist eine der seltenen Arten <em>essbarer Insekten<\/em> aus der gro\u00dfen Familie der Skorpione Asiens. Der Schwarze <em>Skorpion<\/em> ist ein essbares <em>Insekt<\/em> mit Garnelengeschmack.<\/p>\n","protected":false},"featured_media":9694,"comment_status":"open","ping_status":"closed","template":"","meta":[],"product_brand":[],"product_cat":[360],"product_tag":[],"class_list":{"0":"post-9689","1":"product","2":"type-product","3":"status-publish","4":"has-post-thumbnail","6":"product_cat-plain-insects-de","8":"first","9":"outofstock","10":"shipping-taxable","11":"purchasable","12":"product-type-simple"},"_links":{"self":[{"href":"https:\/\/www.next-food.net\/de\/wp-json\/wp\/v2\/product\/9689","targetHints":{"allow":["GET"]}}],"collection":[{"href":"https:\/\/www.next-food.net\/de\/wp-json\/wp\/v2\/product"}],"about":[{"href":"https:\/\/www.next-food.net\/de\/wp-json\/wp\/v2\/types\/product"}],"replies":[{"embeddable":true,"href":"https:\/\/www.next-food.net\/de\/wp-json\/wp\/v2\/comments?post=9689"}],"wp:featuredmedia":[{"embeddable":true,"href":"https:\/\/www.next-food.net\/de\/wp-json\/wp\/v2\/media\/9694"}],"wp:attachment":[{"href":"https:\/\/www.next-food.net\/de\/wp-json\/wp\/v2\/media?parent=9689"}],"wp:term":[{"taxonomy":"product_brand","embeddable":true,"href":"https:\/\/www.next-food.net\/de\/wp-json\/wp\/v2\/product_brand?post=9689"},{"taxonomy":"product_cat","embeddable":true,"href":"https:\/\/www.next-food.net\/de\/wp-json\/wp\/v2\/product_cat?post=9689"},{"taxonomy":"product_tag","embeddable":true,"href":"https:\/\/www.next-food.net\/de\/wp-json\/wp\/v2\/product_tag?post=9689"}],"curies":[{"name":"wp","href":"https:\/\/api.w.org\/{rel}","templated":true}]}}