{"id":12485,"date":"2018-09-04T19:27:07","date_gmt":"2018-09-04T18:30:00","guid":{"rendered":"https:\/\/www.next-food.net\/?post_type=product&#038;p=12485"},"modified":"2025-12-06T10:47:09","modified_gmt":"2025-12-06T09:47:09","slug":"essbaren-skorpion","status":"publish","type":"product","link":"https:\/\/www.next-food.net\/de\/produkt\/essbaren-skorpion\/","title":{"rendered":"Der Skorpion | Essbares Insekt &#8222;Golden of Manchuri&#8220;"},"content":{"rendered":"<h2>Der Skorpion: Die besten essbaren Insekten<\/h2>\n<p>Verpackt in einer T\u00fcte mit 4 Skorpionen wird dieses <em>essbare Insekt<\/em> Sie \u00fcberraschen und Ihre G\u00e4ste zweifellos in Erstaunen versetzen!<\/p>\n<p>Als <em>Insekten-Aperitif<\/em> oder zu jeder Tageszeit als Leckerbissen zu genie\u00dfen <em>der Skorpion<\/em> ist saftig, unerwartet und sehr nahrhaft.<\/p>\n<p>Selbstverst\u00e4ndlich ist der Verzehr dieses <em>Nahrungsinsekten<\/em> &#8222;der Skorpion&#8220; absolut risikolos, da es schonend und gezielt behandelt und anschlie\u00dfend frittiert wird, um sein Gift vollst\u00e4ndig zu neutralisieren.<\/p>\n<p>Nat\u00fcrlich birgt <em>das Fressen von Insekten<\/em> wie &#8222;<em>der Skorpion<\/em>&#8220; daher kein Risiko, im Gegenteil, es ist ein <em>essbares Insekt<\/em> mit Ausnahme Ern\u00e4hrungs- und Energiebeitr\u00e4ge.<\/p>\n<p>In Wirklichkeit handelt es sich streng genommen nicht um ein Insekt, da es sich um eine der Arten handelt, die zu den Spinnentieren (Spinnen) geh\u00f6ren; Es wird jedoch zu einem Insekt, sobald es durch die Verarbeitung und das Kochen zu einem <em>essbaren Insekt<\/em> wird.<\/p>\n<p>Sowohl Kenner als auch gelegentliche Verkoster werden Ihnen sagen, dass sie ausgezeichnete Geschmacksqualit\u00e4ten finden, einen ausgepr\u00e4gten Geschmack von Popcorn, dann k\u00f6stlich w\u00fcrzigen Speck, was es zu einem beliebten Snack macht, dem es nicht an Originalit\u00e4t mangelt.<\/p>\n<h2>Der Skorpion: dieses essbare Insekt aus Asien, das Sie gut haben will!<\/h2>\n<p><em>Der essbare Skorpion<\/em> wird seit sehr langer Zeit in China und anderen asiatischen L\u00e4ndern, aus denen er stammt, konsumiert, und er wird auch seit vielen Jahren in der traditionellen chinesischen Medizin verwendet, da er Vorteile f\u00fcr den Kreislauf bietet, Herz-Kreislauf-Erkrankungen, Nesselsucht, Gallenfunktion, Sehst\u00f6rungen und epileptische Anf\u00e4lle. Was nicht so \u00fcberraschend ist, da der Skorpion angesichts extremer atmosph\u00e4rischer und Umweltbedingungen eines der widerstandsf\u00e4higsten Tiere ist.<br \/>\n<em>Essbare Insekten<\/em> wie &#8222;<em>der goldene Skorpion<\/em>&#8220; zu kaufen und sie mit Familie und Freunden zu probieren, soll f\u00fcr einen freundlichen, originellen und innovativen Moment sorgen. Und es ist auch eine Gelegenheit, die ern\u00e4hrungsphysiologischen Vorteile eines essbaren Insekts mit anerkannten Vorz\u00fcgen zu nutzen.<\/p>\n","protected":false},"excerpt":{"rendered":"        <div id=\"woocommerce-multi-currency-1\"\r\n             class=\"woocommerce-multi-currency wmc-shortcode plain-horizontal layout3 \"\r\n             data-layout=\"layout3\" data-flag_size=\"0.6\">\r\n            <input type=\"hidden\" class=\"wmc-current-url\" value=\"\/de\/wp-json\/wp\/v2\/product\/12485\">\r\n\t\t\t                <div class=\"wmc-currency wmc-active\">\r\n\t\t\t\t\t                    <a rel=\"nofollow\" title=\"European Union\" class=\"wmc-currency-redirect\"\r\n                       href=\"\/de\/wp-json\/wp\/v2\/product\/12485?wmc-currency=EUR\" data-currency=\"EUR\">\r\n                        <i style=\"transform: scale(0.6); margin: -8px -12px\"\r\n                           class=\"vi-flag-64 flag-eu \"><\/i>\r\n                    <\/a>\r\n                <\/div>\r\n\t\t\t\t                <div class=\"wmc-currency \">\r\n\t\t\t\t\t                    <a rel=\"nofollow\" title=\"Vereinigte Staaten von Amerika (USA)\" class=\"wmc-currency-redirect\"\r\n                       href=\"\/de\/wp-json\/wp\/v2\/product\/12485?wmc-currency=USD\" data-currency=\"USD\">\r\n                        <i style=\"transform: scale(0.6); margin: -8px -12px\"\r\n                           class=\"vi-flag-64 flag-us \"><\/i>\r\n                    <\/a>\r\n                <\/div>\r\n\t\t\t\t        <\/div>\r\n\t\t W\u00e4hrung ausw\u00e4hlen<\/p>\n<p><em>Der mandschurische Goldene Skorpion<\/em>, <em>essbares Insekt<\/em> schlechthin, hat einen nussigen Popcorn-Geschmack.<\/p>\n<p>Dieses <em>Insekt zum Essen<\/em> kann zum Beispiel wie ein <em>gegrilltes Insekt<\/em> f\u00fcr einen Aperitif &#8222;gebraten&#8220; werden. Einige verwenden es sogar in alkoholischen Getr\u00e4nken<\/p>\n<p>F\u00fcr eine erste Erfahrung in der Entomophagie beginnen Sie mit der Verkostung dieses <em>Nahrungsinsekts<\/em> als Aperitif in festlicher Atmosph\u00e4re!<\/p>\n","protected":false},"featured_media":12477,"comment_status":"open","ping_status":"closed","template":"","meta":[],"product_brand":[],"product_cat":[360],"product_tag":[],"class_list":{"0":"post-12485","1":"product","2":"type-product","3":"status-publish","4":"has-post-thumbnail","6":"product_cat-plain-insects-de","8":"first","9":"outofstock","10":"shipping-taxable","11":"purchasable","12":"product-type-simple"},"_links":{"self":[{"href":"https:\/\/www.next-food.net\/de\/wp-json\/wp\/v2\/product\/12485","targetHints":{"allow":["GET"]}}],"collection":[{"href":"https:\/\/www.next-food.net\/de\/wp-json\/wp\/v2\/product"}],"about":[{"href":"https:\/\/www.next-food.net\/de\/wp-json\/wp\/v2\/types\/product"}],"replies":[{"embeddable":true,"href":"https:\/\/www.next-food.net\/de\/wp-json\/wp\/v2\/comments?post=12485"}],"wp:featuredmedia":[{"embeddable":true,"href":"https:\/\/www.next-food.net\/de\/wp-json\/wp\/v2\/media\/12477"}],"wp:attachment":[{"href":"https:\/\/www.next-food.net\/de\/wp-json\/wp\/v2\/media?parent=12485"}],"wp:term":[{"taxonomy":"product_brand","embeddable":true,"href":"https:\/\/www.next-food.net\/de\/wp-json\/wp\/v2\/product_brand?post=12485"},{"taxonomy":"product_cat","embeddable":true,"href":"https:\/\/www.next-food.net\/de\/wp-json\/wp\/v2\/product_cat?post=12485"},{"taxonomy":"product_tag","embeddable":true,"href":"https:\/\/www.next-food.net\/de\/wp-json\/wp\/v2\/product_tag?post=12485"}],"curies":[{"name":"wp","href":"https:\/\/api.w.org\/{rel}","templated":true}]}}