{"id":12420,"date":"2018-08-24T15:12:05","date_gmt":"2018-08-24T14:12:05","guid":{"rendered":"https:\/\/www.next-food.net\/product\/schwarze-essbare-ameisen\/"},"modified":"2026-04-09T10:47:10","modified_gmt":"2026-04-09T09:47:10","slug":"schwarze-essbare-ameisen","status":"publish","type":"product","link":"https:\/\/www.next-food.net\/de\/produkt\/schwarze-essbare-ameisen\/","title":{"rendered":"Ameisen | Essbare Insekten &#8222;Schwarze Ameise&#8220;"},"content":{"rendered":"<h2>Ameisen | Spicy Food Bugs!<\/h2>\n<p>Dehydriert und verpackt in einem 10-Gramm-Beutel<\/p>\n<p>In den kommenden Jahren werden wir auf neue Ern\u00e4hrungsformen setzen m\u00fcssen, viele L\u00e4nder der Erde in Mittelamerika, Afrika, Asien und zunehmend auch in Europa haben das gut verstanden: Essbare Insekten sind wichtige und gesunde Proteinlieferanten, und sind daher ein hervorragender Fleischersatz.<\/p>\n<p>Die schwarze Ameise ist eines der perfekt essbaren Insekten und sogar saftig, Sie k\u00f6nnen die meisten Ihrer Gerichte damit dekorieren, sie bringen eine w\u00fcrzige, knusprige und originelle Seite, genug, um Ihre Geschmacksnerven zu erfreuen und \u00dcberraschungen zu schaffen und zu markieren Stimmung Ihrer G\u00e4ste.<\/p>\n<p>Die schwarze Ameise kann auch als Aperitif gegessen werden und ersetzt aus di\u00e4tetischer Sicht vorteilhaft Chips und Erdn\u00fcsse.<\/p>\n<h2>Ameise | Ein explosives essbares Insekt!<\/h2>\n<p>Die schwarze Ameise kann zu allem gegessen werden, ihr w\u00fcrzig-s\u00fc\u00dfer Geschmack und ihre knusprige Seite schm\u00fccken auf angenehme Weise Ihre Vorspeisen, Hauptgerichte, Salate und Desserts.<\/p>\n<p>Es ist keine Umwandlung erforderlich, die schwarze Ameise, essbares Insekt im Beutel ist dehydriert und gebrauchsfertig, sodass Sie sie so wie sie sind als Leckerei oder als Beilage zu Ihren Vorspeisen probieren oder in Ihren Lieblingsgerichten, als Gew\u00fcrz oder Komposition verwenden k\u00f6nnen Zutat f\u00fcr sich.<\/p>\n<p>Lassen Sie Ihrer Fantasie und Kreativit\u00e4t freien Lauf, Sie werden zweifellos angenehm \u00fcberrascht sein, wie sehr Ihre K\u00fcche an Geschmack, N\u00e4hrwert und Originalit\u00e4t gewinnt.<\/p>\n<h2>Ameise | Ein Insekt zum Essen, eine Wohltat f\u00fcr Ihre Gesundheit<\/h2>\n<p>Die Bev\u00f6lkerung unseres sch\u00f6nen Planeten nimmt stetig zu, Tierhaltung und Produktion von Tierfleisch ist teuer und in manchen Ecken der Welt ohne den Bau gro\u00dfer Infrastruktur nicht m\u00f6glich und damit f\u00fcr ohnehin benachteiligte Bev\u00f6lkerungsgruppen unzug\u00e4nglich. Selbst in unseren entwickelten L\u00e4ndern ist der regelm\u00e4\u00dfige Kauf von Fleisch nicht f\u00fcr jedermann erreichbar, weit davon entfernt. Aus diesem Grund ermutigen die UNO und die OMGs, die in den unterprivilegierten L\u00e4ndern eingreifen, die Bev\u00f6lkerung immer mehr dazu, essbare Insekten zu konsumieren.<\/p>\n<p>Die schwarze Ameise, unter anderem ein Nahrungsinsekt, ist eine ausgezeichnete Quelle f\u00fcr Proteine, Mineralsalze und Vitamine, die es erm\u00f6glicht, Fleisch zu ersetzen oder seinen Verzehr zu reduzieren.<\/p>\n<p>Essbare Insekten im Allgemeinen und schwarze Ameisen im Besonderen haben daher eine gl\u00e4nzende Zukunft vor sich und werden ohne Zweifel schnell zu einem festen Bestandteil unserer Ern\u00e4hrung werden.<\/p>\n","protected":false},"excerpt":{"rendered":"        <div id=\"woocommerce-multi-currency-1\"\r\n             class=\"woocommerce-multi-currency wmc-shortcode plain-horizontal layout3 \"\r\n             data-layout=\"layout3\" data-flag_size=\"0.6\">\r\n            <input type=\"hidden\" class=\"wmc-current-url\" value=\"\/de\/wp-json\/wp\/v2\/product\/12420\">\r\n\t\t\t                <div class=\"wmc-currency wmc-active\">\r\n\t\t\t\t\t                    <a rel=\"nofollow\" title=\"European Union\" class=\"wmc-currency-redirect\"\r\n                       href=\"\/de\/wp-json\/wp\/v2\/product\/12420?wmc-currency=EUR\" data-currency=\"EUR\">\r\n                        <i style=\"transform: scale(0.6); margin: -8px -12px\"\r\n                           class=\"vi-flag-64 flag-eu \"><\/i>\r\n                    <\/a>\r\n                <\/div>\r\n\t\t\t\t                <div class=\"wmc-currency \">\r\n\t\t\t\t\t                    <a rel=\"nofollow\" title=\"Vereinigte Staaten von Amerika (USA)\" class=\"wmc-currency-redirect\"\r\n                       href=\"\/de\/wp-json\/wp\/v2\/product\/12420?wmc-currency=USD\" data-currency=\"USD\">\r\n                        <i style=\"transform: scale(0.6); margin: -8px -12px\"\r\n                           class=\"vi-flag-64 flag-us \"><\/i>\r\n                    <\/a>\r\n                <\/div>\r\n\t\t\t\t        <\/div>\r\n\t\t W\u00e4hrung ausw\u00e4hlen<\/p>\n<p>Die schwarze <em>Ameise<\/em> ist ein erstaunliches essbares Insekt in seiner Vielfalt an Verwendungsm\u00f6glichkeiten. Sukkulenten, dieses <em>Insekt zum Essen<\/em>, erm\u00f6glichen es Ihnen, die meisten Ihrer Gerichte zu dekorieren, sie bringen eine w\u00fcrzige, knusprige und originelle Seite, genug, um Ihre Geschmacksknospen zu erfreuen und \u00dcberraschungen zu schaffen und die Stimmung Ihrer G\u00e4ste zu markieren .<\/p>\n","protected":false},"featured_media":12409,"comment_status":"open","ping_status":"closed","template":"","meta":[],"product_brand":[],"product_cat":[360],"product_tag":[],"class_list":{"0":"post-12420","1":"product","2":"type-product","3":"status-publish","4":"has-post-thumbnail","6":"product_cat-plain-insects-de","8":"first","9":"outofstock","10":"shipping-taxable","11":"purchasable","12":"product-type-simple"},"_links":{"self":[{"href":"https:\/\/www.next-food.net\/de\/wp-json\/wp\/v2\/product\/12420","targetHints":{"allow":["GET"]}}],"collection":[{"href":"https:\/\/www.next-food.net\/de\/wp-json\/wp\/v2\/product"}],"about":[{"href":"https:\/\/www.next-food.net\/de\/wp-json\/wp\/v2\/types\/product"}],"replies":[{"embeddable":true,"href":"https:\/\/www.next-food.net\/de\/wp-json\/wp\/v2\/comments?post=12420"}],"wp:featuredmedia":[{"embeddable":true,"href":"https:\/\/www.next-food.net\/de\/wp-json\/wp\/v2\/media\/12409"}],"wp:attachment":[{"href":"https:\/\/www.next-food.net\/de\/wp-json\/wp\/v2\/media?parent=12420"}],"wp:term":[{"taxonomy":"product_brand","embeddable":true,"href":"https:\/\/www.next-food.net\/de\/wp-json\/wp\/v2\/product_brand?post=12420"},{"taxonomy":"product_cat","embeddable":true,"href":"https:\/\/www.next-food.net\/de\/wp-json\/wp\/v2\/product_cat?post=12420"},{"taxonomy":"product_tag","embeddable":true,"href":"https:\/\/www.next-food.net\/de\/wp-json\/wp\/v2\/product_tag?post=12420"}],"curies":[{"name":"wp","href":"https:\/\/api.w.org\/{rel}","templated":true}]}}