{"id":10363,"date":"2015-01-24T14:24:20","date_gmt":"2015-01-24T13:24:20","guid":{"rendered":"https:\/\/www.next-food.net\/product\/heuschrecken-pantanga-succinct\/"},"modified":"2025-10-02T13:05:20","modified_gmt":"2025-10-02T12:05:20","slug":"heuschrecken-pantanga-succinct","status":"publish","type":"product","link":"https:\/\/www.next-food.net\/de\/produkt\/heuschrecken-pantanga-succinct\/","title":{"rendered":"Heuschrecke | Essbare Insekten &#8222;Succinct Pantanga&#8220;"},"content":{"rendered":"<h2>Entomophagie und Insekten zum Essen: Die Heuschrecke<i><\/i><\/h2>\n<p>Die wandernde <em>Heuschrecke<\/em> ist ein Gericht, das besonders von Entomophagie-Enthusiasten gesch\u00e4tzt wird, und die Rezepte daf\u00fcr sind \u00e4u\u00dferst vielf\u00e4ltig. Die wandernde <em>Heuschrecke<\/em> ist besonders verheerend und dennoch eine hochwertige Delikatesse. In der Tat k\u00f6nnen sie Chips als Vorspeise leicht ersetzen. Als Vorzeigeprodukt unter den <em>essbaren Insekten<\/em> kann seine Zubereitung auf verschiedene Arten erfolgen: gekocht, gegrillt, roh&#8230;<\/p>\n<h2>Insekten pur, im Salat oder als Aperitif!<\/h2>\n<p>Die <em>Heuschrecke<\/em> eignet sich perfekt zum Zubereiten von Spie\u00dfen wie ein <em>gegrilltes Insekt<\/em>. Dazu stellen wir die essbaren Heuschrecken zun\u00e4chst f\u00fcr etwa zehn Sekunden in die Mikrowelle. Dann abwechselnd Heuschrecken und Zwiebeln, Paprika, Tomate&#8230; nachw\u00fcrzen mit Salz und Gew\u00fcrzkr\u00e4utern, Thymian oder Kr\u00e4utern der Provence, wird der Spie\u00df \u00fcber der Glut gegrillt. Besonders beliebt bei Liebhabern der <em>Entomophagie<\/em> zeichnen sie sich durch einen reichen und schmackhaften Geschmack aus. Wer frische Heuschrecken in Salaten bevorzugt, sollte diese bei 200\u00b0C 90 Minuten kochen oder garen. Sobald das Kochen beendet ist, entfernen Sie es und f\u00fcgen Sie Tomatenscheiben und ein paar Salatbl\u00e4tter hinzu und das Gericht ist fertig. Auch in der Natur oder als Aperitif sind sie sehr appetitlich. Daher kochen wir zun\u00e4chst die essbaren Heuschrecken in \u00d6l. Sobald es knusprig ist, wird es entfernt, um es vor dem Probieren zu salzen und zu w\u00fcrzen. Damit Ihre Rezepte gelingen, bestellen Sie jetzt essbare Heuschrecken auf next-food.net.<\/p>\n<h3>Essbare Insekten: die Heuschrecke<\/h3>\n<p>Wie die meisten <em>fressenden Insekten<\/em> haben Heuschrecken eine h\u00f6here N\u00e4hrstoffaufnahme als Fleisch, Fisch und Milchprodukte. Tats\u00e4chlich haben sie einen dreimal h\u00f6heren Proteingehalt gegen\u00fcber einem Fettgehalt von weniger als 20 %. Dar\u00fcber hinaus sind sie, da sie N\u00e4hrstoffe wie Omega 3 enthalten, eine hervorragende M\u00f6glichkeit, Herz-Kreislauf-Erkrankungen und Krebs vorzubeugen. Die <em>Heuschrecke<\/em> kommt normalerweise auf Feldern oder in G\u00e4rten vor. Die von Next-Food angebotene <em>Heuschrecke<\/em> Pantanga Succinct oder die wandernde <em>Heuschrecke<\/em> ist jedoch von ausgezeichneter Qualit\u00e4t und Frische. Zur Freude der Enthusiasten hat das Unternehmen Entomokulturtechniken entwickelt, um seinen Kunden die besten <em>essbaren Insekten<\/em> anzubieten. Also, besuchen Sie unsere Seite next-food.net und Sie k\u00f6nnen essbare Heuschrecken in 25-g-Beutel verpackt bestellen!<\/p>\n","protected":false},"excerpt":{"rendered":"        <div id=\"woocommerce-multi-currency-1\"\r\n             class=\"woocommerce-multi-currency wmc-shortcode plain-horizontal layout3 \"\r\n             data-layout=\"layout3\" data-flag_size=\"0.6\">\r\n            <input type=\"hidden\" class=\"wmc-current-url\" value=\"\/de\/wp-json\/wp\/v2\/product\/10363\">\r\n\t\t\t                <div class=\"wmc-currency wmc-active\">\r\n\t\t\t\t\t                    <a rel=\"nofollow\" title=\"European Union\" class=\"wmc-currency-redirect\"\r\n                       href=\"\/de\/wp-json\/wp\/v2\/product\/10363?wmc-currency=EUR\" data-currency=\"EUR\">\r\n                        <i style=\"transform: scale(0.6); margin: -8px -12px\"\r\n                           class=\"vi-flag-64 flag-eu \"><\/i>\r\n                    <\/a>\r\n                <\/div>\r\n\t\t\t\t                <div class=\"wmc-currency \">\r\n\t\t\t\t\t                    <a rel=\"nofollow\" title=\"Vereinigte Staaten von Amerika (USA)\" class=\"wmc-currency-redirect\"\r\n                       href=\"\/de\/wp-json\/wp\/v2\/product\/10363?wmc-currency=USD\" data-currency=\"USD\">\r\n                        <i style=\"transform: scale(0.6); margin: -8px -12px\"\r\n                           class=\"vi-flag-64 flag-us \"><\/i>\r\n                    <\/a>\r\n                <\/div>\r\n\t\t\t\t        <\/div>\r\n\t\t W\u00e4hrung ausw\u00e4hlen<\/p>\n<p><em>Grille<\/em>, <em>Essbare Insekten<\/em> \u2013 Pantanga Succinct<\/p>\n<p>Besonders gesch\u00e4tzt von Liebhabern <em>essbarer Insekten<\/em> ist die in unserem Shop erh\u00e4ltliche Wanderheuschrecke eine kulinarische Spezialit\u00e4t. Dieses letzte <em>Speiseinsekt<\/em> passt sowohl in die traditionelle K\u00fcche als auch um Chips als Aperitif zu ersetzen. Zum Aperitif anzubieten, \u00dcberraschungseffekt garantiert!<\/p>\n","protected":false},"featured_media":10364,"comment_status":"open","ping_status":"closed","template":"","meta":[],"product_brand":[],"product_cat":[360],"product_tag":[],"class_list":{"0":"post-10363","1":"product","2":"type-product","3":"status-publish","4":"has-post-thumbnail","6":"product_cat-plain-insects-de","8":"first","9":"outofstock","10":"sale","11":"shipping-taxable","12":"purchasable","13":"product-type-variable","14":"has-default-attributes"},"_links":{"self":[{"href":"https:\/\/www.next-food.net\/de\/wp-json\/wp\/v2\/product\/10363","targetHints":{"allow":["GET"]}}],"collection":[{"href":"https:\/\/www.next-food.net\/de\/wp-json\/wp\/v2\/product"}],"about":[{"href":"https:\/\/www.next-food.net\/de\/wp-json\/wp\/v2\/types\/product"}],"replies":[{"embeddable":true,"href":"https:\/\/www.next-food.net\/de\/wp-json\/wp\/v2\/comments?post=10363"}],"wp:featuredmedia":[{"embeddable":true,"href":"https:\/\/www.next-food.net\/de\/wp-json\/wp\/v2\/media\/10364"}],"wp:attachment":[{"href":"https:\/\/www.next-food.net\/de\/wp-json\/wp\/v2\/media?parent=10363"}],"wp:term":[{"taxonomy":"product_brand","embeddable":true,"href":"https:\/\/www.next-food.net\/de\/wp-json\/wp\/v2\/product_brand?post=10363"},{"taxonomy":"product_cat","embeddable":true,"href":"https:\/\/www.next-food.net\/de\/wp-json\/wp\/v2\/product_cat?post=10363"},{"taxonomy":"product_tag","embeddable":true,"href":"https:\/\/www.next-food.net\/de\/wp-json\/wp\/v2\/product_tag?post=10363"}],"curies":[{"name":"wp","href":"https:\/\/api.w.org\/{rel}","templated":true}]}}