{"id":10312,"date":"2014-12-17T13:09:33","date_gmt":"2014-12-17T12:09:33","guid":{"rendered":"https:\/\/www.next-food.net\/product\/tauchkafer-cybister-limbatus\/"},"modified":"2026-04-07T08:05:59","modified_gmt":"2026-04-07T07:05:59","slug":"tauchkafer-cybister-limbatus","status":"publish","type":"product","link":"https:\/\/www.next-food.net\/de\/produkt\/tauchkafer-cybister-limbatus\/","title":{"rendered":"K\u00e4fer &#8222;Tauchen&#8220; | Essbare Insekten (Cybister limbatus)"},"content":{"rendered":"<h2>K\u00e4fer: Essen Sie Insekten mit einem feinen Geschmack<\/h2>\n<p>Aus der Familie der <em>K\u00e4fer<\/em> ist der Tauchertaucher <em>K\u00e4fer<\/em> oder Cybister limbatus an seiner schwarzen Farbe und dem Elytron, der seine Fl\u00fcgel sch\u00fctzt, und an seiner ovalen Form zu erkennen. Er ern\u00e4hrt sich von kleinen Fischen und Krustentieren und hat einen typisch w\u00fcrzigen Geschmack. Sie werden gereinigt und dann gekocht, bevor sie dehydriert werden. Es hat einen sehr scharfen Stachel (denken Sie daran, ihn vor dem Essen zu entfernen). Es kommt an mehreren Orten der Welt vor, unter anderem: S\u00fcdostasien, Japan, Mexiko, Neuguinea\u2026<\/p>\n<h2>Schwarzer K\u00e4fer: essbares Insekt und mehr!<\/h2>\n<p>Vor dem Versand werden die essbaren <em>Skarab\u00e4us<\/em>-Kolben von Next-Food vor Ort zubereitet und verpackt. Nach der Sammlung werden sie gekocht und dehydriert, bevor sie in Beutel verpackt werden. Sie kommen daher in ausgezeichnetem Zustand an. Dies ist daher die Garantie f\u00fcr ein Produkt von ausgezeichneter Qualit\u00e4t f\u00fcr ein erfolgreiches <em>Insektenrezept<\/em> auf der Basis von <em>K\u00e4fer<\/em> essbarer Taucher.<\/p>\n<p>Sie sind von exquisitem Geschmack und werden als Aperitif gegessen. Sehr knusprig und Garnelen \u00e4hnlich, werden sie sicherlich den Neuling verf\u00fchren, der seine Bef\u00fcrchtungen \u00fcberwunden hat. Besuchen Sie also unsere Seite next-food.net und Sie k\u00f6nnen essbare Tauchk\u00e4fer in 25-g-Beutel verpackt bestellen.<\/p>\n<h3>K\u00e4fer: ein essbares Insekt<\/h3>\n<p>Tauchk\u00e4fer sind wie alle <em>essbaren Insekten<\/em> sehr reich an N\u00e4hrstoffen, insbesondere an Eiwei\u00df. Um Ihnen eine Vorstellung zu geben: 100 g Fleisch liefern 143 Kalorien im Vergleich zu 500 Kalorien f\u00fcr 100 <em>essbare Insekten<\/em>. Dadurch ist zum Beispiel eine Grillensuppe nahrhafter als ein Fleischeintopf, aber mit weniger ges\u00e4ttigten Fetts\u00e4uren.<\/p>\n<p>Andererseits sind sie fettarm, was bei Fleisch im Allgemeinen nicht der Fall ist. Au\u00dferdem haben sie einen hohen Anteil an mehrfach unges\u00e4ttigten Fetts\u00e4uren, wodurch sie fettem Fisch wie Thunfisch oder Lachs \u00e4hneln.<\/p>\n<p>Sie sind gesundheitsf\u00f6rdernd und liefern N\u00e4hrstoffe, die zum reibungslosen Funktionieren des menschlichen K\u00f6rpers beitragen, indem sie das prozentuale Risiko von Herz-Kreislauf-Erkrankungen und Krebs verringern. Omega 3 beschleunigt auch die Gewichtsabnahme und beugt Krankheiten wie Diabetes vor.<\/p>\n<p>Zug\u00e4nglich und nahrhaft, <em>Insekten zum Essen<\/em> k\u00f6nnen daher eine sehr interessante Ern\u00e4hrungsgrundlage f\u00fcr Menschen darstellen, die nach einer Di\u00e4t zum Abnehmen oder einfach nur nach Di\u00e4t suchen. Also jetzt essbare Tauchk\u00e4fer bei next-food.net bestellen!<\/p>\n<p>Zug\u00e4nglich und nahrhaft, <em>Insekten zum Essen<\/em> k\u00f6nnen daher eine sehr interessante Ern\u00e4hrungsgrundlage f\u00fcr Menschen darstellen, die nach einer Di\u00e4t zum Abnehmen oder einfach nur nach Di\u00e4t suchen. Also jetzt essbare Tauchk\u00e4fer bei next-food.net bestellen!<\/p>\n","protected":false},"excerpt":{"rendered":"        <div id=\"woocommerce-multi-currency-1\"\r\n             class=\"woocommerce-multi-currency wmc-shortcode plain-horizontal layout3 \"\r\n             data-layout=\"layout3\" data-flag_size=\"0.6\">\r\n            <input type=\"hidden\" class=\"wmc-current-url\" value=\"\/de\/wp-json\/wp\/v2\/product\/10312\">\r\n\t\t\t                <div class=\"wmc-currency wmc-active\">\r\n\t\t\t\t\t                    <a rel=\"nofollow\" title=\"European Union\" class=\"wmc-currency-redirect\"\r\n                       href=\"\/de\/wp-json\/wp\/v2\/product\/10312?wmc-currency=EUR\" data-currency=\"EUR\">\r\n                        <i style=\"transform: scale(0.6); margin: -8px -12px\"\r\n                           class=\"vi-flag-64 flag-eu \"><\/i>\r\n                    <\/a>\r\n                <\/div>\r\n\t\t\t\t                <div class=\"wmc-currency \">\r\n\t\t\t\t\t                    <a rel=\"nofollow\" title=\"Vereinigte Staaten von Amerika (USA)\" class=\"wmc-currency-redirect\"\r\n                       href=\"\/de\/wp-json\/wp\/v2\/product\/10312?wmc-currency=USD\" data-currency=\"USD\">\r\n                        <i style=\"transform: scale(0.6); margin: -8px -12px\"\r\n                           class=\"vi-flag-64 flag-us \"><\/i>\r\n                    <\/a>\r\n                <\/div>\r\n\t\t\t\t        <\/div>\r\n\t\t W\u00e4hrung ausw\u00e4hlen<\/p>\n<p>Ein k\u00f6stliches <em>essbares Insekt<\/em>, das in S\u00fcdostasien, Japan, Mexiko oder sogar Neuguinea beheimatet ist \u2026 Auf Reisen?<\/p>\n<p>Entdecken Sie seinen w\u00fcrzigen Speckgeschmack!<\/p>\n","protected":false},"featured_media":10313,"comment_status":"open","ping_status":"closed","template":"","meta":[],"product_brand":[],"product_cat":[360],"product_tag":[],"class_list":{"0":"post-10312","1":"product","2":"type-product","3":"status-publish","4":"has-post-thumbnail","6":"product_cat-plain-insects-de","8":"first","9":"outofstock","10":"sale","11":"shipping-taxable","12":"purchasable","13":"product-type-variable","14":"has-default-attributes"},"_links":{"self":[{"href":"https:\/\/www.next-food.net\/de\/wp-json\/wp\/v2\/product\/10312","targetHints":{"allow":["GET"]}}],"collection":[{"href":"https:\/\/www.next-food.net\/de\/wp-json\/wp\/v2\/product"}],"about":[{"href":"https:\/\/www.next-food.net\/de\/wp-json\/wp\/v2\/types\/product"}],"replies":[{"embeddable":true,"href":"https:\/\/www.next-food.net\/de\/wp-json\/wp\/v2\/comments?post=10312"}],"wp:featuredmedia":[{"embeddable":true,"href":"https:\/\/www.next-food.net\/de\/wp-json\/wp\/v2\/media\/10313"}],"wp:attachment":[{"href":"https:\/\/www.next-food.net\/de\/wp-json\/wp\/v2\/media?parent=10312"}],"wp:term":[{"taxonomy":"product_brand","embeddable":true,"href":"https:\/\/www.next-food.net\/de\/wp-json\/wp\/v2\/product_brand?post=10312"},{"taxonomy":"product_cat","embeddable":true,"href":"https:\/\/www.next-food.net\/de\/wp-json\/wp\/v2\/product_cat?post=10312"},{"taxonomy":"product_tag","embeddable":true,"href":"https:\/\/www.next-food.net\/de\/wp-json\/wp\/v2\/product_tag?post=10312"}],"curies":[{"name":"wp","href":"https:\/\/api.w.org\/{rel}","templated":true}]}}