{"id":10257,"date":"2015-02-11T11:29:37","date_gmt":"2015-02-11T10:29:37","guid":{"rendered":"https:\/\/www.next-food.net\/product\/giganten-grillen-brachytrupes-portentosus\/"},"modified":"2026-04-07T08:06:00","modified_gmt":"2026-04-07T07:06:00","slug":"giganten-grillen-brachytrupes-portentosus","status":"publish","type":"product","link":"https:\/\/www.next-food.net\/de\/produkt\/giganten-grillen-brachytrupes-portentosus\/","title":{"rendered":"Grillen (Riesen) | Essbares Insekt &#8211; Brachytrupes portentosus"},"content":{"rendered":"<h2>Insekt zum Essen oder Insektenap\u00e9ro!<\/h2>\n<p>Die riesige <em>Grillen<\/em> \u00e4hnelt in ihrer Form Garnelen und ihrem Geschmack nach Haseln\u00fcssen und Mandeln und ist ein Gericht, das sowohl von <em>Entomophagie<\/em>-Enthusiasten als auch von gelegentlichen Insektenfressern sehr gesch\u00e4tzt wird.&lt;\/p &gt;<\/p>\n<h3>Grillen Insect: Seine Zucht<\/h3>\n<p>Die riesige essbare <em>Grillen<\/em> oder Brachytrupes portentosus ist eine Art, die h\u00e4ufig in Afrika und Asien vorkommt. Next-Food hat es geschafft, sie zum gr\u00f6\u00dften Vergn\u00fcgen von <em>Entomophagie<\/em>-Enthusiasten und zum Schutz der nat\u00fcrlichen Ressourcen zu domestizieren. Tats\u00e4chlich wird auf diese Weise die Pl\u00fcnderung des \u00d6kosystems vermieden und gleichzeitig die Marktnachfrage befriedigt.<\/p>\n<p>In der Zucht ern\u00e4hren sich seine <em>essbaren Insekten<\/em> ausschlie\u00dflich von nat\u00fcrlichen Nahrungsmitteln. Sie erhalten auch keine Medikamente oder Wachstumsbeschleuniger. Diese erf\u00fcllen die Anspr\u00fcche von Kennern von <em>Insekten zum Essen<\/em>. Gehen Sie also zu next-food.net, um riesige Grillen zu bekommen.<\/p>\n<h2>Fressw\u00fcrmer und N\u00e4hrstoffaufnahme<\/h2>\n<p>Dieser riesige essbare <em>Fresswurm<\/em> hat unerwartete ern\u00e4hrungsphysiologische Beitr\u00e4ge. Zum Beispiel liefern sie 3- oder sogar 4-mal mehr Protein als Fleisch, was f\u00fcr eine Di\u00e4t enorm ist. Neben Vitaminen und Mineralien enthalten sie auch Fetts\u00e4uren wie Omega 3, ein wesentliches Element zur Vorbeugung von Krebs.<\/p>\n<p>Sehr nahrhaft, sie fetten nicht. Tats\u00e4chlich enthalten sie dreimal weniger Fett als Fleisch. Sie sind kalorienarm, enthalten aber auch Ballaststoffe und vor allem Kohlenhydrate. Bestellen Sie jetzt riesige essbare Grillen auf next-food.net.<\/p>\n<h2>Grille, Futterw\u00fcrmer: Das Rezept!<\/h2>\n<p>Essbare Riesengrillen \u00e4hneln Garnelen und haben einen Hauch von Mandel oder Haselnuss. Dank ihres relativ vertrauten Geschmacks und ihrer Form sind sie eine ausgezeichnete Wahl, um etwas \u00fcber <em>Entomophagie<\/em> zu lernen. Am besten isst man sie pur.<\/p>\n<p>In der Mitte k\u00f6nnen sie als Aperitif zwischen klassischen Aperitif-Kuchen, Erdn\u00fcssen&#8230; angeboten werden. Ansonsten sind sie eine eigenst\u00e4ndige Option, um G\u00e4ste zu empfangen. Tats\u00e4chlich passen sie sehr gut zu verschiedenen Cocktails oder anderen nat\u00fcrlichen, kohlens\u00e4urehaltigen oder alkoholischen Getr\u00e4nken. Besuchen Sie schlie\u00dflich unsere Website next-food.net und bestellen Sie essbare Riesengrillen, verpackt in 25-g-Beutel.<\/p>\n","protected":false},"excerpt":{"rendered":"        <div id=\"woocommerce-multi-currency-1\"\r\n             class=\"woocommerce-multi-currency wmc-shortcode plain-horizontal layout3 \"\r\n             data-layout=\"layout3\" data-flag_size=\"0.6\">\r\n            <input type=\"hidden\" class=\"wmc-current-url\" value=\"\/de\/wp-json\/wp\/v2\/product\/10257\">\r\n\t\t\t                <div class=\"wmc-currency wmc-active\">\r\n\t\t\t\t\t                    <a rel=\"nofollow\" title=\"European Union\" class=\"wmc-currency-redirect\"\r\n                       href=\"\/de\/wp-json\/wp\/v2\/product\/10257?wmc-currency=EUR\" data-currency=\"EUR\">\r\n                        <i style=\"transform: scale(0.6); margin: -8px -12px\"\r\n                           class=\"vi-flag-64 flag-eu \"><\/i>\r\n                    <\/a>\r\n                <\/div>\r\n\t\t\t\t                <div class=\"wmc-currency \">\r\n\t\t\t\t\t                    <a rel=\"nofollow\" title=\"Vereinigte Staaten von Amerika (USA)\" class=\"wmc-currency-redirect\"\r\n                       href=\"\/de\/wp-json\/wp\/v2\/product\/10257?wmc-currency=USD\" data-currency=\"USD\">\r\n                        <i style=\"transform: scale(0.6); margin: -8px -12px\"\r\n                           class=\"vi-flag-64 flag-us \"><\/i>\r\n                    <\/a>\r\n                <\/div>\r\n\t\t\t\t        <\/div>\r\n\t\t W\u00e4hrung ausw\u00e4hlen<\/p>\n<p><em>Riesen grillen<\/em>, <em>Essbare Insekten<\/em> &#8211; Brachytrupes portentosus<\/p>\n<p>Diese riesige <em>Grille<\/em> ist urspr\u00fcnglich eine Wildart, die sowohl in Asien als auch in Afrika vorkommt.<\/p>\n<p>Dieses <em>Insekt zum Essen<\/em> wird Sie mit seinen Aromen von Garnelen, Mandeln und Haseln\u00fcssen \u00fcberraschen<\/p>\n<p>&nbsp;<\/p>\n","protected":false},"featured_media":10258,"comment_status":"open","ping_status":"closed","template":"","meta":[],"product_brand":[],"product_cat":[360],"product_tag":[],"class_list":{"0":"post-10257","1":"product","2":"type-product","3":"status-publish","4":"has-post-thumbnail","6":"product_cat-plain-insects-de","8":"first","9":"outofstock","10":"sale","11":"shipping-taxable","12":"purchasable","13":"product-type-variable","14":"has-default-attributes"},"_links":{"self":[{"href":"https:\/\/www.next-food.net\/de\/wp-json\/wp\/v2\/product\/10257","targetHints":{"allow":["GET"]}}],"collection":[{"href":"https:\/\/www.next-food.net\/de\/wp-json\/wp\/v2\/product"}],"about":[{"href":"https:\/\/www.next-food.net\/de\/wp-json\/wp\/v2\/types\/product"}],"replies":[{"embeddable":true,"href":"https:\/\/www.next-food.net\/de\/wp-json\/wp\/v2\/comments?post=10257"}],"wp:featuredmedia":[{"embeddable":true,"href":"https:\/\/www.next-food.net\/de\/wp-json\/wp\/v2\/media\/10258"}],"wp:attachment":[{"href":"https:\/\/www.next-food.net\/de\/wp-json\/wp\/v2\/media?parent=10257"}],"wp:term":[{"taxonomy":"product_brand","embeddable":true,"href":"https:\/\/www.next-food.net\/de\/wp-json\/wp\/v2\/product_brand?post=10257"},{"taxonomy":"product_cat","embeddable":true,"href":"https:\/\/www.next-food.net\/de\/wp-json\/wp\/v2\/product_cat?post=10257"},{"taxonomy":"product_tag","embeddable":true,"href":"https:\/\/www.next-food.net\/de\/wp-json\/wp\/v2\/product_tag?post=10257"}],"curies":[{"name":"wp","href":"https:\/\/api.w.org\/{rel}","templated":true}]}}