{"id":10229,"date":"2015-01-24T14:58:27","date_gmt":"2015-01-24T13:58:27","guid":{"rendered":"https:\/\/www.next-food.net\/product\/konigin-weber-ameisen-oecophylla-smaragdina\/"},"modified":"2025-05-13T09:03:37","modified_gmt":"2025-05-13T08:03:37","slug":"konigin-weber-ameisen-oecophylla-smaragdina","status":"publish","type":"product","link":"https:\/\/www.next-food.net\/de\/produkt\/konigin-weber-ameisen-oecophylla-smaragdina\/","title":{"rendered":"Ameisen (Weber) | Essbare Insekten &#8222;Oecophylla Smaragdina&#8220;"},"content":{"rendered":"<h2>Ameise: Noch ein Insekt zum Fressen!<\/h2>\n<p>Der <em>Ameisenweber<\/em> baut sein Nest aus Bl\u00e4ttern, die mit der Seide seiner Larven zusammengen\u00e4ht werden. Sie sind in B\u00e4umen auf einer H\u00f6he zu finden. Weberameisenkolonien werden von einem Weibchen gegr\u00fcndet, der <a href=\"https:\/\/www.next-food.net\/wp-content\/uploads\/2018\/03\/edible-ants.jpg\"><img decoding=\"async\" class=\" wp-image-10578 alignright\" src=\"https:\/\/www.next-food.net\/wp-content\/uploads\/2018\/03\/edible-ants.jpg\" alt=\"\" width=\"248\" height=\"440\" title=\"\" srcset=\"https:\/\/www.next-food.net\/wp-content\/uploads\/2018\/03\/edible-ants.jpg 1800w, https:\/\/www.next-food.net\/wp-content\/uploads\/2018\/03\/edible-ants-169x300.jpg 169w, https:\/\/www.next-food.net\/wp-content\/uploads\/2018\/03\/edible-ants-768x1365.jpg 768w, https:\/\/www.next-food.net\/wp-content\/uploads\/2018\/03\/edible-ants-576x1024.jpg 576w, https:\/\/www.next-food.net\/wp-content\/uploads\/2018\/03\/edible-ants-295x524.jpg 295w, https:\/\/www.next-food.net\/wp-content\/uploads\/2018\/03\/edible-ants-590x1048.jpg 590w, https:\/\/www.next-food.net\/wp-content\/uploads\/2018\/03\/edible-ants-600x1067.jpg 600w\" sizes=\"(max-width: 248px) 100vw, 248px\" \/><\/a>K\u00f6nigin, die ihre ersten Eier auf ein Blatt legt und sie besch\u00fctzt, bis sie zu reifen Arbeiterinnen heranwachsen. Die Arbeiterinnen bauen dann Bl\u00e4tternester. Kolonien k\u00f6nnen extrem gro\u00df sein und aus \u00fcber hundert Nestern bestehen, die viele B\u00e4ume bedecken und m\u00f6glicherweise \u00fcber eine halbe Million Arbeiterinnen enthalten. In 25-g-Beutelchen bietet Next-Food es eingefleischten <em>Entomophagie<\/em>-Enthusiasten und allen, die eine Entdeckung oder eine Herausforderung suchen.<\/p>\n<h2>Die Ameise, ein Futterinsekt in Salaten oder Schokolade<\/h2>\n<p>Es ist ein sehr beliebtes Gericht in S\u00fcdostasien. Aufgrund der Sammelschwierigkeiten, die auf wenige Monate im Jahr begrenzt sind, werden sie jedoch ebenso selten wie wertvoll. Dadurch wird der Verbrauch f\u00fcr bestimmte Zeiten reserviert. Besuchen Sie unsere Seite next-food.net und Sie k\u00f6nnen essbare Weberameisen in 25-g-Beutelchen bestellen!<\/p>\n<p>Die <em>Ameisen<\/em> ist an ihrem s\u00e4uerlichen und leicht w\u00fcrzigen Geschmack zu erkennen, was sie zu einem ausgezeichneten <em>Apero-Insekt<\/em> macht. Sie passen auch wunderbar zu saisonalen Salaten, andere bevorzugen sie zum Nachtisch, mit Schokolade.<\/p>\n<h3>Weberameisen: Das Rezept<\/h3>\n<p>Es gibt nichts Besseres als Insektenrezepte, bei denen die Gew\u00fcrze gut dosiert sind, um alle ihre Aromen zu entfalten. Die Verrinen mit <em>Weberameisen<\/em> sind eine davon. Es enth\u00e4lt 60 g Ameisen, 4 griechische Joghurts, eine Gurke, 3 Teel\u00f6ffel Kreuzk\u00fcmmel, Minze, Pfeffer und Salz.<\/p>\n<p>F\u00fcr die Zubereitung werden die Gurkenw\u00fcrfel und der Joghurt in einer Salatsch\u00fcssel vermischt, bevor die Ameisen, die gehackte Minze und der Kreuzk\u00fcmmel hinzugef\u00fcgt werden. Zum Schluss mit Salz und Pfeffer w\u00fcrzen. Die mit Frischhaltefolie abgedeckte Salatsch\u00fcssel f\u00fcr eine Stunde in den K\u00fchlschrank stellen. Pr\u00e4sentieren Sie das Pr\u00e4parat in den Verrines. Mit ein paar dekorativen Akzenten servieren. Jetzt essbare <em>Weberameisen<\/em> auf next-food.net bestellen!<\/p>\n<h2>Entomophagie: Was ist mit Vitaminen?<\/h2>\n<p>Wie die meisten <em>essbaren Insekten<\/em> sind <em>Weberameisen<\/em> reich an N\u00e4hrstoffen. Durch die Besonderheit ihrer Ern\u00e4hrung, die im Wesentlichen aus Bl\u00e4ttern besteht, sind sie sehr reich an Vitamin C. Die <em>Ameise<\/em> verf\u00fcgt au\u00dferdem \u00fcber einen beachtlichen Calciumgehalt mit einem Lipidgehalt von weniger als 17 %.<\/p>\n<p>Die essbare <em>Ameise<\/em> enth\u00e4lt auch eine interessante Menge an Kohlenhydraten, die nicht in Fleisch zu finden sind. Kurz gesagt, sie sind eine ausgezeichnete Erg\u00e4nzungsnahrung, um das Risiko von Herz-Kreislauf-Erkrankungen zu verringern.<\/p>\n","protected":false},"excerpt":{"rendered":"        <div id=\"woocommerce-multi-currency-1\"\r\n             class=\"woocommerce-multi-currency wmc-shortcode plain-horizontal layout3 \"\r\n             data-layout=\"layout3\" data-flag_size=\"0.6\">\r\n            <input type=\"hidden\" class=\"wmc-current-url\" value=\"\/de\/wp-json\/wp\/v2\/product\/10229\">\r\n\t\t\t                <div class=\"wmc-currency wmc-active\">\r\n\t\t\t\t\t                    <a rel=\"nofollow\" title=\"European Union\" class=\"wmc-currency-redirect\"\r\n                       href=\"\/de\/wp-json\/wp\/v2\/product\/10229?wmc-currency=EUR\" data-currency=\"EUR\">\r\n                        <i style=\"transform: scale(0.6); margin: -8px -12px\"\r\n                           class=\"vi-flag-64 flag-eu \"><\/i>\r\n                    <\/a>\r\n                <\/div>\r\n\t\t\t\t                <div class=\"wmc-currency \">\r\n\t\t\t\t\t                    <a rel=\"nofollow\" title=\"Vereinigte Staaten von Amerika (USA)\" class=\"wmc-currency-redirect\"\r\n                       href=\"\/de\/wp-json\/wp\/v2\/product\/10229?wmc-currency=USD\" data-currency=\"USD\">\r\n                        <i style=\"transform: scale(0.6); margin: -8px -12px\"\r\n                           class=\"vi-flag-64 flag-us \"><\/i>\r\n                    <\/a>\r\n                <\/div>\r\n\t\t\t\t        <\/div>\r\n\t\t W\u00e4hrung ausw\u00e4hlen<\/p>\n<div>&lt;em&gt;Ameisenweber&lt;\/em&gt;, &lt;em&gt;Essbare Insekten&lt;\/em&gt; \u2013 Oecophylla Smaragdina<\/div>\n<div><\/div>\n<div>Die &lt;em&gt;Ameise&lt;\/em&gt; mit ihrem w\u00fcrzigen Geschmack passt hervorragend zu vielen Gerichten und l\u00e4sst sich in viele traditionelle Gerichte einarbeiten, deren Geschmack sie zart aufwerten, aber genauso gut pur gegessen werden kann!<\/div>\n","protected":false},"featured_media":10230,"comment_status":"open","ping_status":"closed","template":"","meta":[],"product_brand":[],"product_cat":[360],"product_tag":[],"class_list":{"0":"post-10229","1":"product","2":"type-product","3":"status-publish","4":"has-post-thumbnail","6":"product_cat-plain-insects-de","8":"first","9":"outofstock","10":"sale","11":"shipping-taxable","12":"purchasable","13":"product-type-variable","14":"has-default-attributes"},"_links":{"self":[{"href":"https:\/\/www.next-food.net\/de\/wp-json\/wp\/v2\/product\/10229","targetHints":{"allow":["GET"]}}],"collection":[{"href":"https:\/\/www.next-food.net\/de\/wp-json\/wp\/v2\/product"}],"about":[{"href":"https:\/\/www.next-food.net\/de\/wp-json\/wp\/v2\/types\/product"}],"replies":[{"embeddable":true,"href":"https:\/\/www.next-food.net\/de\/wp-json\/wp\/v2\/comments?post=10229"}],"wp:featuredmedia":[{"embeddable":true,"href":"https:\/\/www.next-food.net\/de\/wp-json\/wp\/v2\/media\/10230"}],"wp:attachment":[{"href":"https:\/\/www.next-food.net\/de\/wp-json\/wp\/v2\/media?parent=10229"}],"wp:term":[{"taxonomy":"product_brand","embeddable":true,"href":"https:\/\/www.next-food.net\/de\/wp-json\/wp\/v2\/product_brand?post=10229"},{"taxonomy":"product_cat","embeddable":true,"href":"https:\/\/www.next-food.net\/de\/wp-json\/wp\/v2\/product_cat?post=10229"},{"taxonomy":"product_tag","embeddable":true,"href":"https:\/\/www.next-food.net\/de\/wp-json\/wp\/v2\/product_tag?post=10229"}],"curies":[{"name":"wp","href":"https:\/\/api.w.org\/{rel}","templated":true}]}}