{"id":10150,"date":"2015-01-24T17:49:10","date_gmt":"2015-01-24T16:49:10","guid":{"rendered":"https:\/\/www.next-food.net\/product\/riesige-wasserwanzen-belostomatidae\/"},"modified":"2025-09-14T10:49:18","modified_gmt":"2025-09-14T09:49:18","slug":"riesige-wasserwanzen-belostomatidae","status":"publish","type":"product","link":"https:\/\/www.next-food.net\/de\/produkt\/riesige-wasserwanzen-belostomatidae\/","title":{"rendered":"Riesiger Wasserk\u00e4fer | Essbare Insekten &#8222;Belostomatidae&#8220;"},"content":{"rendered":"<h2 style=\"text-align: justify;\">Essbares Insekt mit dem Geschmack von gegrillten Garnelen<\/h2>\n<p style=\"text-align: justify;\">(Die T\u00fcte mit 2 St\u00fcck)<\/p>\n<p style=\"text-align: justify;\">Sein Aussehen macht es zu einem der <em>essbaren Insekten<\/em>, die den geringsten Appetit wecken, aber es w\u00e4re ein Fehler zu glauben, dass dieses Insekt keinen enth\u00e4lt nicht so viele Geschmacksqualit\u00e4ten wie seine anderen Kongenere. Und ja, <em>Insekten zu essen<\/em> erfordert eine kleine Herausforderung. Erinnern Sie sich an die Ankunft von Sushi und die \u00c4ngste, die mit dem Verzehr von rohem Fisch verbunden sind, und Sie werden leicht erkennen, dass der Beginn des <em>Essens von Insekten<\/em> ein nicht un\u00fcberwindbares Hindernis ist \u2026 Und der K\u00e4fer des riesigen Wassers ist es Garantie f\u00fcr die Entdeckung neuer und innovativer Geschmacksrichtungen!<br \/>\n<a href=\"https:\/\/www.next-food.net\/wp-content\/uploads\/2015\/01\/Giant-water-bug3-300x225.jpg\"><img decoding=\"async\" class=\"size-medium wp-image-10151 aligncenter\" src=\"https:\/\/www.next-food.net\/wp-content\/uploads\/2015\/01\/Giant-water-bug3-300x225.jpg\" alt=\"\" width=\"300\" height=\"225\" title=\"\" srcset=\"https:\/\/www.next-food.net\/wp-content\/uploads\/2015\/01\/Giant-water-bug3-300x225.jpg 300w, https:\/\/www.next-food.net\/wp-content\/uploads\/2015\/01\/Giant-water-bug3-393x295.jpg 393w, https:\/\/www.next-food.net\/wp-content\/uploads\/2015\/01\/Giant-water-bug3-600x450.jpg 600w, https:\/\/www.next-food.net\/wp-content\/uploads\/2015\/01\/Giant-water-bug3.jpg 650w\" sizes=\"(max-width: 300px) 100vw, 300px\" \/><\/a><br \/>\nDer <strong>riesige essbare Wasserk\u00e4fer<\/strong> oder riesige Wasserskorpion hat eine braune Farbe und ist an seiner ovalen Form, seinem abgeflachten K\u00f6rper und seinen 3 Paar langen Beinen zu erkennen. Fleischfresser, riesige Wasserwanzen sind Insekten, die in Teichen und Seen leben. Ihre Vorderbeine dienen zum Beutefang, was an den Skorpion erinnert, daher ihr Name \u201eWasserskorpione\u201c. Aufgrund ihres skorpion\u00e4hnlichen Aussehens und der schwersten Statur eines Insekts ist es f\u00fcr die meisten Menschen oft undenkbar, diese <em>Nahrungsinsekten<\/em> zu verzehren. Ihr Anblick l\u00e4sst Sie z\u00f6gern oder bef\u00fcrchten? Es ist eine normale Reaktion, aber lassen Sie sich davon nicht t\u00e4uschen: Essbare <em>riesige Wasserwanzen<\/em> haben einen erstaunlichen Geschmack und einen unvergleichlichen N\u00e4hrwert.<\/p>\n<h2>Entomophagie und Futterinsekten: eine Geschmacksexplosion<\/h2>\n<p>Auf den ersten Blick ist die essbare <em>Riesenwasserwanze<\/em> nicht sehr appetitlich; jedoch ist es laut den Anh\u00e4ngern der <em>Entomophagie<\/em> ein Fehler, sich auf diesen Instinkt zu verlassen. Tats\u00e4chlich zeichnet sich dieses <em>essbare Insekt<\/em> durch seinen Geschmack aus, der gegrillten Garnelen \u00e4hnelt, die sehr saftig sind. Einst von den Azteken mit Mais ummantelt, wird es heute noch von Mexikanern sehr gesch\u00e4tzt und findet sich in den typischen Rezepten der Region wieder. Die Thail\u00e4nder lieben dieses <em>Insekt zum Essen<\/em> und zerdr\u00fccken es, bevor sie es mit Gew\u00fcrzen mischen.<\/p>\n<p>So bekommt man den <em>Nam Prik Mangda<\/em>, der normalerweise zu Gem\u00fcse und Reis passt. Also, wenn Sie den Geschmack dieser Delikatesse noch nicht gekostet haben, g\u00f6nnen Sie sich ein kleines Geschmacksabenteuer, indem Sie ein 25-g-Beutel <em>riesige Wasserwanzen<\/em> essbar bei next-food.net bestellen.<\/p>\n<h3><strong>Und f\u00fcr Ihre Gesundheit: Insektenprotein<\/strong><\/h3>\n<p>F\u00fcr diejenigen, die den Acht-K\u00e4fer-Wok noch nicht erobert haben, ist es notwendig, mit einer Vorspeise aus essbaren <em>riesigen Wasserwanzen<\/em> zu beginnen. Indem wir es anstelle der \u00fcblichen Chips oder Erdn\u00fcsse einsetzen, erleben wir eine wahre Geschmacksexplosion im Mund. Au\u00dferdem essen es Kinder in Thailand als Leckerbissen. Wie alle <em>essbaren Insekten<\/em> leistet die <em>Riesenwasserwanze<\/em> einen wichtigen Beitrag zur Ern\u00e4hrung. Von Proteinen bis zu Omega-3-Fetts\u00e4uren, einschlie\u00dflich Vitaminen, Kohlenhydraten und Mineralstoffen, die darin enthaltenen N\u00e4hrstoffe sind wichtiger als die in Fleisch, Milch, Fisch&#8230;<\/p>\n<p>Um sich eine Vorstellung zu machen: Ein 70 kg schwerer Erwachsener ben\u00f6tigt t\u00e4glich 58 g Protein. Es braucht also 100 g getrocknetes Fleisch, um es zu f\u00fcllen. Wenn Sie sich jedoch f\u00fcr Insektenmehle oder f\u00fcr <em>eine riesige Wasserwanze<\/em> getrocknet entscheiden, reichen etwas weniger als 78 g aus. Wenn Sie versucht sind oder einfach nur ein Fan von <em>Entomophagie<\/em> sind, kaufen Sie alle Arten von <em>Insekten zum Essen<\/em> auf next-food.net.<\/p>\n","protected":false},"excerpt":{"rendered":"        <div id=\"woocommerce-multi-currency-1\"\r\n             class=\"woocommerce-multi-currency wmc-shortcode plain-horizontal layout3 \"\r\n             data-layout=\"layout3\" data-flag_size=\"0.6\">\r\n            <input type=\"hidden\" class=\"wmc-current-url\" value=\"\/de\/wp-json\/wp\/v2\/product\/10150\">\r\n\t\t\t                <div class=\"wmc-currency wmc-active\">\r\n\t\t\t\t\t                    <a rel=\"nofollow\" title=\"European Union\" class=\"wmc-currency-redirect\"\r\n                       href=\"\/de\/wp-json\/wp\/v2\/product\/10150?wmc-currency=EUR\" data-currency=\"EUR\">\r\n                        <i style=\"transform: scale(0.6); margin: -8px -12px\"\r\n                           class=\"vi-flag-64 flag-eu \"><\/i>\r\n                    <\/a>\r\n                <\/div>\r\n\t\t\t\t                <div class=\"wmc-currency \">\r\n\t\t\t\t\t                    <a rel=\"nofollow\" title=\"Vereinigte Staaten von Amerika (USA)\" class=\"wmc-currency-redirect\"\r\n                       href=\"\/de\/wp-json\/wp\/v2\/product\/10150?wmc-currency=USD\" data-currency=\"USD\">\r\n                        <i style=\"transform: scale(0.6); margin: -8px -12px\"\r\n                           class=\"vi-flag-64 flag-us \"><\/i>\r\n                    <\/a>\r\n                <\/div>\r\n\t\t\t\t        <\/div>\r\n\t\t W\u00e4hrung ausw\u00e4hlen<\/p>\n<p>Riesige Wasserwanze, <em>Essbare Insekten<\/em> &#8222;Belostomatidae&#8220;<i><\/i><\/p>\n<p>Die Tasche von 2 St\u00fcck<\/p>\n<p>Sein Aussehen macht es zu einem der <em>essbaren Insekten<\/em>, die den geringsten Appetit wecken, aber es w\u00e4re ein Fehler zu glauben, dass dieses Insekt nicht so viele Geschmacksqualit\u00e4ten wie seine anderen Verwandten hat.<\/p>\n<p>Sein Geschmack: Eine Note von gegrillten Garnelen!<\/p>\n","protected":false},"featured_media":10153,"comment_status":"open","ping_status":"closed","template":"","meta":[],"product_brand":[],"product_cat":[360],"product_tag":[],"class_list":{"0":"post-10150","1":"product","2":"type-product","3":"status-publish","4":"has-post-thumbnail","6":"product_cat-plain-insects-de","8":"first","9":"outofstock","10":"shipping-taxable","11":"purchasable","12":"product-type-simple"},"_links":{"self":[{"href":"https:\/\/www.next-food.net\/de\/wp-json\/wp\/v2\/product\/10150","targetHints":{"allow":["GET"]}}],"collection":[{"href":"https:\/\/www.next-food.net\/de\/wp-json\/wp\/v2\/product"}],"about":[{"href":"https:\/\/www.next-food.net\/de\/wp-json\/wp\/v2\/types\/product"}],"replies":[{"embeddable":true,"href":"https:\/\/www.next-food.net\/de\/wp-json\/wp\/v2\/comments?post=10150"}],"wp:featuredmedia":[{"embeddable":true,"href":"https:\/\/www.next-food.net\/de\/wp-json\/wp\/v2\/media\/10153"}],"wp:attachment":[{"href":"https:\/\/www.next-food.net\/de\/wp-json\/wp\/v2\/media?parent=10150"}],"wp:term":[{"taxonomy":"product_brand","embeddable":true,"href":"https:\/\/www.next-food.net\/de\/wp-json\/wp\/v2\/product_brand?post=10150"},{"taxonomy":"product_cat","embeddable":true,"href":"https:\/\/www.next-food.net\/de\/wp-json\/wp\/v2\/product_cat?post=10150"},{"taxonomy":"product_tag","embeddable":true,"href":"https:\/\/www.next-food.net\/de\/wp-json\/wp\/v2\/product_tag?post=10150"}],"curies":[{"name":"wp","href":"https:\/\/api.w.org\/{rel}","templated":true}]}}