{"id":10132,"date":"2015-01-24T15:24:25","date_gmt":"2015-01-24T14:24:25","guid":{"rendered":"https:\/\/www.next-food.net\/product\/heuschrecken-orthoptera\/"},"modified":"2026-02-05T10:24:15","modified_gmt":"2026-02-05T09:24:15","slug":"heuschrecken-orthoptera","status":"publish","type":"product","link":"https:\/\/www.next-food.net\/de\/produkt\/heuschrecken-orthoptera\/","title":{"rendered":"Heuschrecke | Essbare Insekten &#8222;Orthoptera&#8220;"},"content":{"rendered":"<h2>Heuschrecke: Lecker! Heuschrecke am Spie\u00df gegrillt!<\/h2>\n<p>Die <em>Heuschrecke<\/em> und <em>Heuschrecke<\/em> werden h\u00e4ufig in Asien, Afrika und Lateinamerika gegessen. In bestimmten Agrarregionen vernichten sie Ernten und sind dann die einzige Nahrungsquelle f\u00fcr die Bev\u00f6lkerung. Heuschrecken sind neben Grillen und Heuschrecken die beliebtesten <em>essbaren Insekten<\/em>. In der Tat geht sein Konsum, selbst gelegentlich, \u00fcber die Kreise der Anh\u00e4nger der <em>Entomophagie<\/em> hinaus. Und aus gutem Grund werden sie h\u00e4ufig verzehrt und sind ein k\u00f6stliches Gericht.<\/p>\n<h2>Insekt zum Essen: Gegrillte Heuschrecke oder Schokolade mit Insekten<\/h2>\n<p>Die essbare <em>Heuschrecke<\/em> unterscheidet sich von der <em>essbaren Heuschrecke<\/em> durch ihre langen Antennen und hat einen wohlschmeckenden und vertrauten Geschmack, der irgendwo zwischen gegrilltem Speck, Ofenkartoffel und Blattgr\u00fcn angesiedelt ist. Es ist daher eine der besten M\u00f6glichkeiten, etwas \u00fcber <em>Entomophagie<\/em> zu lernen. Dar\u00fcber hinaus erleichtert seine fleischige Textur die Zubereitung.<\/p>\n<p>Es ist daher fast selbstverst\u00e4ndlich, dass K\u00fcchenchefs es verwenden, um au\u00dfergew\u00f6hnliche Gerichte zu pr\u00e4sentieren. So finden wir Rezepte wie Nudeln mit Heuschrecken, Heuschrecken mit Schokoladenfondue&#8230; Entscheiden Sie sich wie die Profis f\u00fcr verpackte und zubereitete <em>Insekten zum Essen<\/em>. Sie sind auf next-food.net erh\u00e4ltlich.<\/p>\n<p>Wenn Sie sie jedoch mit Leichtigkeit probieren m\u00f6chten, gibt es immer noch die klassischen <em>gegrillten Heuschrecken<\/em>. Eine kurze Passage von einer Stunde im K\u00fchlschrank und dann im Ofen, bevor sie auf die Glut gebracht werden, reicht aus, damit sie ihren ganzen Geschmack entfalten k\u00f6nnen. Sie d\u00fcrfen ohnehin nicht anbrennen, da sonst der Geschmack verloren geht.<\/p>\n<h2>Entomophagie: Die Ernsthaftigkeit von NEXT FOOD<\/h2>\n<p>Um seinen Kunden die besten <em>essbaren Insekten<\/em> anbieten zu k\u00f6nnen, bezieht Next-Food diese Heuschrecken von Sammlern, die sie schon immer verzehrt haben. Kaufen Sie also die essbaren Insekten Ihrer Wahl auf next-food.net!<\/p>\n<p>Daher werden die Heuschrecken nach Erreichen der Reife sortiert und diejenigen, die die Kriterien erf\u00fcllen, vorbereitet und verpackt. Sie werden gekocht, bevor sie getrocknet und verpackt werden. Diese Schritte werden mit 100 % erneuerbaren Energien durchgef\u00fchrt und garantieren gleichzeitig die optimale Erhaltung des Geschmacks des <em>Insekts<\/em>.<\/p>\n<p>Next-Food ist davon \u00fcberzeugt, dass essbare Insekten die Lebensmittel der Zukunft sind. Aus diesem Grund investiert er in den Sektor, um international der f\u00fchrende Produzent und Vertreiber von essbaren Insekten zu werden.<\/p>\n<p>Heute, mit der Entwicklung der <em>Entomophagie<\/em> als praktikable und wesentliche wirtschaftliche L\u00f6sung zur Bew\u00e4ltigung des globalen Ern\u00e4hrungsproblems, wird die wilde <em>Heuschrecke<\/em> zu einer Quelle interessanter alternativer Einkommen.<\/p>\n","protected":false},"excerpt":{"rendered":"        <div id=\"woocommerce-multi-currency-1\"\r\n             class=\"woocommerce-multi-currency wmc-shortcode plain-horizontal layout3 \"\r\n             data-layout=\"layout3\" data-flag_size=\"0.6\">\r\n            <input type=\"hidden\" class=\"wmc-current-url\" value=\"\/de\/wp-json\/wp\/v2\/product\/10132\">\r\n\t\t\t                <div class=\"wmc-currency wmc-active\">\r\n\t\t\t\t\t                    <a rel=\"nofollow\" title=\"European Union\" class=\"wmc-currency-redirect\"\r\n                       href=\"\/de\/wp-json\/wp\/v2\/product\/10132?wmc-currency=EUR\" data-currency=\"EUR\">\r\n                        <i style=\"transform: scale(0.6); margin: -8px -12px\"\r\n                           class=\"vi-flag-64 flag-eu \"><\/i>\r\n                    <\/a>\r\n                <\/div>\r\n\t\t\t\t                <div class=\"wmc-currency \">\r\n\t\t\t\t\t                    <a rel=\"nofollow\" title=\"Vereinigte Staaten von Amerika (USA)\" class=\"wmc-currency-redirect\"\r\n                       href=\"\/de\/wp-json\/wp\/v2\/product\/10132?wmc-currency=USD\" data-currency=\"USD\">\r\n                        <i style=\"transform: scale(0.6); margin: -8px -12px\"\r\n                           class=\"vi-flag-64 flag-us \"><\/i>\r\n                    <\/a>\r\n                <\/div>\r\n\t\t\t\t        <\/div>\r\n\t\t W\u00e4hrung ausw\u00e4hlen<\/p>\n<p>Heuschrecke, <em>Essbare Insekten<\/em> &#8211; Orthoptera<\/p>\n<p>Mit einem Geschmack zwischen gegrilltem Speck und Ofenkartoffel werden Heuschrecken h\u00e4ufig gegessen.<\/p>\n<p><em>Gegrillte Heuschrecken<\/em>: ein Genuss!<\/p>\n","protected":false},"featured_media":10133,"comment_status":"open","ping_status":"closed","template":"","meta":[],"product_brand":[],"product_cat":[360],"product_tag":[],"class_list":{"0":"post-10132","1":"product","2":"type-product","3":"status-publish","4":"has-post-thumbnail","6":"product_cat-plain-insects-de","8":"first","9":"outofstock","10":"sale","11":"shipping-taxable","12":"purchasable","13":"product-type-variable","14":"has-default-attributes"},"_links":{"self":[{"href":"https:\/\/www.next-food.net\/de\/wp-json\/wp\/v2\/product\/10132","targetHints":{"allow":["GET"]}}],"collection":[{"href":"https:\/\/www.next-food.net\/de\/wp-json\/wp\/v2\/product"}],"about":[{"href":"https:\/\/www.next-food.net\/de\/wp-json\/wp\/v2\/types\/product"}],"replies":[{"embeddable":true,"href":"https:\/\/www.next-food.net\/de\/wp-json\/wp\/v2\/comments?post=10132"}],"wp:featuredmedia":[{"embeddable":true,"href":"https:\/\/www.next-food.net\/de\/wp-json\/wp\/v2\/media\/10133"}],"wp:attachment":[{"href":"https:\/\/www.next-food.net\/de\/wp-json\/wp\/v2\/media?parent=10132"}],"wp:term":[{"taxonomy":"product_brand","embeddable":true,"href":"https:\/\/www.next-food.net\/de\/wp-json\/wp\/v2\/product_brand?post=10132"},{"taxonomy":"product_cat","embeddable":true,"href":"https:\/\/www.next-food.net\/de\/wp-json\/wp\/v2\/product_cat?post=10132"},{"taxonomy":"product_tag","embeddable":true,"href":"https:\/\/www.next-food.net\/de\/wp-json\/wp\/v2\/product_tag?post=10132"}],"curies":[{"name":"wp","href":"https:\/\/api.w.org\/{rel}","templated":true}]}}