{"id":10117,"date":"2016-12-27T12:45:39","date_gmt":"2016-12-27T11:45:39","guid":{"rendered":"https:\/\/www.next-food.net\/product\/grillen-mehl-essbare-insekten\/"},"modified":"2025-09-21T10:47:48","modified_gmt":"2025-09-21T09:47:48","slug":"grillen-mehl-essbare-insekten","status":"publish","type":"product","link":"https:\/\/www.next-food.net\/de\/produkt\/grillen-mehl-essbare-insekten\/","title":{"rendered":"Grillen Mehl | Essbares Insekten"},"content":{"rendered":"<h2>Insektenmehl: Wenn wir unsere Art zu kochen \u00e4ndern w\u00fcrden!<\/h2>\n<p>Willkommen bei NextFood. Wir haben gerade unser neues Produkt Heimchenmehl zubereitet, das zu 100 % aus <em>essbaren Insekten<\/em> (Acheta Domestica) besteht, die sehr proteinreich sind, und wir haben die besten Heimchen aus unserer Zucht ausgew\u00e4hlt, um Ihnen eine hervorragende Qualit\u00e4t zu garantieren.<\/p>\n<p>Das Mehl wird in Beuteln mit 200 Gramm reinen Grillen mit einem Feuchtigkeits- und Sauerstoffabsorber verpackt. Die Beutel haben einen Rei\u00dfverschluss, damit Sie Ihr Mehl lange aufbewahren k\u00f6nnen.<\/p>\n<p>Dieses <em>Insektenmehl<\/em> kann auf verschiedene Weise verwendet werden: gemischt in Ihrer Zubereitung f\u00fcr eine Zugabe von Protein oder gemischt mit traditionellem Mehl, um Nudeln, Brot, Kuchen, Pizzas zuzubereiten\u2026.<\/p>\n","protected":false},"excerpt":{"rendered":"        <div id=\"woocommerce-multi-currency-1\"\r\n             class=\"woocommerce-multi-currency wmc-shortcode plain-horizontal layout3 \"\r\n             data-layout=\"layout3\" data-flag_size=\"0.6\">\r\n            <input type=\"hidden\" class=\"wmc-current-url\" value=\"\/de\/wp-json\/wp\/v2\/product\/10117\">\r\n\t\t\t                <div class=\"wmc-currency wmc-active\">\r\n\t\t\t\t\t                    <a rel=\"nofollow\" title=\"European Union\" class=\"wmc-currency-redirect\"\r\n                       href=\"\/de\/wp-json\/wp\/v2\/product\/10117?wmc-currency=EUR\" data-currency=\"EUR\">\r\n                        <i style=\"transform: scale(0.6); margin: -8px -12px\"\r\n                           class=\"vi-flag-64 flag-eu \"><\/i>\r\n                    <\/a>\r\n                <\/div>\r\n\t\t\t\t                <div class=\"wmc-currency \">\r\n\t\t\t\t\t                    <a rel=\"nofollow\" title=\"Vereinigte Staaten von Amerika (USA)\" class=\"wmc-currency-redirect\"\r\n                       href=\"\/de\/wp-json\/wp\/v2\/product\/10117?wmc-currency=USD\" data-currency=\"USD\">\r\n                        <i style=\"transform: scale(0.6); margin: -8px -12px\"\r\n                           class=\"vi-flag-64 flag-us \"><\/i>\r\n                    <\/a>\r\n                <\/div>\r\n\t\t\t\t        <\/div>\r\n\t\t W\u00e4hrung ausw\u00e4hlen<\/p>\n<p>Grillenmehl 100% &#8211; Insektenmehl f\u00fcr die ganze K\u00fcche f\u00fcr eine gesunde Ern\u00e4hrung ohne Milcheiwei\u00df<\/p>\n<p>200g Beutel<\/p>\n","protected":false},"featured_media":10118,"comment_status":"open","ping_status":"closed","template":"","meta":[],"product_brand":[],"product_cat":[360],"product_tag":[],"class_list":{"0":"post-10117","1":"product","2":"type-product","3":"status-publish","4":"has-post-thumbnail","6":"product_cat-plain-insects-de","8":"first","9":"outofstock","10":"shipping-taxable","11":"purchasable","12":"product-type-simple"},"_links":{"self":[{"href":"https:\/\/www.next-food.net\/de\/wp-json\/wp\/v2\/product\/10117","targetHints":{"allow":["GET"]}}],"collection":[{"href":"https:\/\/www.next-food.net\/de\/wp-json\/wp\/v2\/product"}],"about":[{"href":"https:\/\/www.next-food.net\/de\/wp-json\/wp\/v2\/types\/product"}],"replies":[{"embeddable":true,"href":"https:\/\/www.next-food.net\/de\/wp-json\/wp\/v2\/comments?post=10117"}],"wp:featuredmedia":[{"embeddable":true,"href":"https:\/\/www.next-food.net\/de\/wp-json\/wp\/v2\/media\/10118"}],"wp:attachment":[{"href":"https:\/\/www.next-food.net\/de\/wp-json\/wp\/v2\/media?parent=10117"}],"wp:term":[{"taxonomy":"product_brand","embeddable":true,"href":"https:\/\/www.next-food.net\/de\/wp-json\/wp\/v2\/product_brand?post=10117"},{"taxonomy":"product_cat","embeddable":true,"href":"https:\/\/www.next-food.net\/de\/wp-json\/wp\/v2\/product_cat?post=10117"},{"taxonomy":"product_tag","embeddable":true,"href":"https:\/\/www.next-food.net\/de\/wp-json\/wp\/v2\/product_tag?post=10117"}],"curies":[{"name":"wp","href":"https:\/\/api.w.org\/{rel}","templated":true}]}}