{"id":10099,"date":"2015-01-24T18:01:00","date_gmt":"2015-01-24T17:01:00","guid":{"rendered":"https:\/\/www.next-food.net\/product\/mini-heuschrecken-schistocerca\/"},"modified":"2024-04-09T13:09:27","modified_gmt":"2024-04-09T12:09:27","slug":"mini-heuschrecken-schistocerca","status":"publish","type":"product","link":"https:\/\/www.next-food.net\/de\/produkt\/mini-heuschrecken-schistocerca\/","title":{"rendered":"Heuschrecke (Mini) | Essbare Insekten &#8222;Schistocerca&#8220;"},"content":{"rendered":"<h2>Grash\u00fcpfer: ein schmackhaftes Insekt!<\/h2>\n<p>Knusprig und lecker, ideal als Aperitif, ist die essbare Mini-<em>Heuschrecke<\/em> ein Gericht, das sowohl von gro\u00dfen Liebhabern <em>essbarer Insekten<\/em> als auch von Neugierigen sehr gesch\u00e4tzt wird. Es ist dank seines Exoskeletts widerstandsf\u00e4hig, was es zu einem ausgezeichneten <em>essbaren Insekt<\/em> macht, das zum Grillen und Kochen bei hoher Hitze geeignet ist.<\/p>\n<h3>Grash\u00fcpfer: Das Rezept f\u00fcr dieses Futterinsekt<\/h3>\n<p>F\u00fcr die Zubereitung ist sicherlich das gegrillte <em>Grash\u00fcpfer<\/em>-Rezept am beliebtesten. Um erfolgreich zu sein, m\u00fcssen Sie sie f\u00fcr eine Stunde einfrieren. Dann kommen sie f\u00fcr 1 bis 2 Stunden in den vorgeheizten Ofen bei 90\u00b0C. Um den Garzustand zu testen, zerdr\u00fccken Sie sie mit einem L\u00f6ffel. Sie werden entfernt, sobald die Textur knusprig ist. Um den Geschmack zu verst\u00e4rken, k\u00f6nnen sie mit Oliven\u00f6l, Salz und Pfeffer gew\u00fcrzt werden.<\/p>\n<p>Auch die in Butter und Knoblauch gebratene essbare Mini-Heuschrecke ist ein Genuss. Das sehr einfache Rezept besteht darin, die Butter bei schwacher Hitze zu schmelzen und zu reduzieren, bevor der Knoblauch gebr\u00e4unt wird. F\u00fcgen Sie dann die <em>essbaren Insekten<\/em> hinzu, die wir 10 bis 15 Minuten lang anbraten, und r\u00fchren Sie regelm\u00e4\u00dfig um. Um es Ihnen einfacher zu machen, entscheiden Sie sich f\u00fcr unsere 25-g-Beutel mit essbaren Mini-Grash\u00fcpfern, die auf next-food.net erh\u00e4ltlich sind.<\/p>\n<h2>Insektenprotein: Die Heuschrecke<\/h2>\n<p>Orthopteren, zu denen die essbaren Mini-Grash\u00fcpfer geh\u00f6ren, sind die <em>fressenden Insekten<\/em> mit dem meisten Proteingehalt. Daf\u00fcr haben sie einen Fettgehalt von rund 16 %. Dar\u00fcber hinaus enthalten sie sehr wertvolle N\u00e4hrstoffe f\u00fcr die Gesundheit wie Vitamine, Kalzium und insbesondere Omega-3-Fetts\u00e4uren, deren Beitrag nur ern\u00e4hrungsphysiologisch sein kann.<\/p>\n<p>Wenn Sie die Vorteile von essbaren Mini-Grash\u00fcpfern erworben haben, sollten Sie es nicht wagen, sie in Ihren G\u00e4rten zu fangen. Aufgrund ihrer Gr\u00f6\u00dfe und Farbe werden sie leicht mit gef\u00e4hrlichen Heuschrecken verwechselt. Au\u00dferdem sind sie wahrscheinlich mit Pestizidr\u00fcckst\u00e4nden bedeckt.<\/p>\n<p>Aus diesem Grund empfehlen erfahrene <em>Entomophagie<\/em>-Enthusiasten denjenigen, die den Geschmack von <em>essbaren Insekten<\/em> probieren m\u00f6chten, sie im Fachhandel zu kaufen. Daher hat Next-Food ein Entomokultursystem eingerichtet, um Qualit\u00e4tsinsekten zu produzieren, die den nat\u00fcrlichen Zyklus der Insekten und die geltenden Gesundheitsstandards respektieren. Besuchen Sie also next-food.net, um essbare Mini-Grash\u00fcpfer zu bestellen.<\/p>\n","protected":false},"excerpt":{"rendered":"        <div id=\"woocommerce-multi-currency-1\"\r\n             class=\"woocommerce-multi-currency wmc-shortcode plain-horizontal layout3 \"\r\n             data-layout=\"layout3\" data-flag_size=\"0.6\">\r\n            <input type=\"hidden\" class=\"wmc-current-url\" value=\"\/de\/wp-json\/wp\/v2\/product\/10099\">\r\n\t\t\t                <div class=\"wmc-currency wmc-active\">\r\n\t\t\t\t\t                    <a rel=\"nofollow\" title=\"European Union\" class=\"wmc-currency-redirect\"\r\n                       href=\"\/de\/wp-json\/wp\/v2\/product\/10099?wmc-currency=EUR\" data-currency=\"EUR\">\r\n                        <i style=\"transform: scale(0.6); margin: -8px -12px\"\r\n                           class=\"vi-flag-64 flag-eu \"><\/i>\r\n                    <\/a>\r\n                <\/div>\r\n\t\t\t\t                <div class=\"wmc-currency \">\r\n\t\t\t\t\t                    <a rel=\"nofollow\" title=\"Vereinigte Staaten von Amerika (USA)\" class=\"wmc-currency-redirect\"\r\n                       href=\"\/de\/wp-json\/wp\/v2\/product\/10099?wmc-currency=USD\" data-currency=\"USD\">\r\n                        <i style=\"transform: scale(0.6); margin: -8px -12px\"\r\n                           class=\"vi-flag-64 flag-us \"><\/i>\r\n                    <\/a>\r\n                <\/div>\r\n\t\t\t\t        <\/div>\r\n\t\t W\u00e4hrung ausw\u00e4hlen<\/p>\n<p><em>Grash\u00fcpfer<\/em> (mini), <em>Essbare Insekten<\/em> &#8211; Schistocerca<\/p>\n<p>Als <em>Insekten-Apero<\/em> oder <em>gegrilltes Insekt<\/em> wird Sie diese knusprig-leckere kleine Heuschrecke begeistern<\/p>\n","protected":false},"featured_media":10100,"comment_status":"open","ping_status":"closed","template":"","meta":[],"product_brand":[],"product_cat":[360],"product_tag":[],"class_list":{"0":"post-10099","1":"product","2":"type-product","3":"status-publish","4":"has-post-thumbnail","6":"product_cat-plain-insects-de","8":"first","9":"outofstock","10":"sale","11":"shipping-taxable","12":"purchasable","13":"product-type-variable","14":"has-default-attributes"},"_links":{"self":[{"href":"https:\/\/www.next-food.net\/de\/wp-json\/wp\/v2\/product\/10099","targetHints":{"allow":["GET"]}}],"collection":[{"href":"https:\/\/www.next-food.net\/de\/wp-json\/wp\/v2\/product"}],"about":[{"href":"https:\/\/www.next-food.net\/de\/wp-json\/wp\/v2\/types\/product"}],"replies":[{"embeddable":true,"href":"https:\/\/www.next-food.net\/de\/wp-json\/wp\/v2\/comments?post=10099"}],"wp:featuredmedia":[{"embeddable":true,"href":"https:\/\/www.next-food.net\/de\/wp-json\/wp\/v2\/media\/10100"}],"wp:attachment":[{"href":"https:\/\/www.next-food.net\/de\/wp-json\/wp\/v2\/media?parent=10099"}],"wp:term":[{"taxonomy":"product_brand","embeddable":true,"href":"https:\/\/www.next-food.net\/de\/wp-json\/wp\/v2\/product_brand?post=10099"},{"taxonomy":"product_cat","embeddable":true,"href":"https:\/\/www.next-food.net\/de\/wp-json\/wp\/v2\/product_cat?post=10099"},{"taxonomy":"product_tag","embeddable":true,"href":"https:\/\/www.next-food.net\/de\/wp-json\/wp\/v2\/product_tag?post=10099"}],"curies":[{"name":"wp","href":"https:\/\/api.w.org\/{rel}","templated":true}]}}