{"id":10078,"date":"2018-03-13T21:33:15","date_gmt":"2018-03-13T20:33:15","guid":{"rendered":"https:\/\/www.next-food.net\/product\/kafer-juni-phyllophaga\/"},"modified":"2026-02-23T11:44:38","modified_gmt":"2026-02-23T10:44:38","slug":"kafer-juni-phyllophaga","status":"publish","type":"product","link":"https:\/\/www.next-food.net\/de\/produkt\/kafer-juni-phyllophaga\/","title":{"rendered":"K\u00e4fer | Essbare Insekten (Phyllophaga)"},"content":{"rendered":"<h2>K\u00e4fer \u2013 Ein weiteres essbares Insekt der Wahl!<\/h2>\n<p>Mit ihrem einzigartigen Crunch sind K\u00e4fer eine hervorragende Protein- und Kalziumquelle. K\u00e4fer | Essbares Insekt (Phyllophaga). Lebend sind diese kleinen Wesen nachtaktiv, also wenn Sie auf ihre Gewohnheiten sensibel eingehen m\u00f6chten, genie\u00dfen Sie sie abends als Snack, Pizzabelag, in Chilisauce getaucht oder wie Sie m\u00f6chten: Das h\u00e4tten sie sich gew\u00fcnscht\u2026<\/p>\n<p>Diese getrockneten Insekten wie der essbare K\u00e4fer sind leicht in G\u00e4rten zu finden, ohne zu wissen, was sie bringen k\u00f6nnten. Tats\u00e4chlich haben sie au\u00dfergew\u00f6hnliche ern\u00e4hrungsphysiologische Eigenschaften.<\/p>\n<h3>Gefressenes Insekt: Der K\u00e4fer<\/h3>\n<p>Der essbare K\u00e4fer geh\u00f6rt zur Familie der K\u00e4fer. Mit einem Lebenszyklus von 3 Jahren leben seine Larven im Boden und ern\u00e4hren sich von Pflanzenwurzeln. Sobald sie ausgewachsen sind, kommen sie aus dem Boden und fliegen im sp\u00e4ten Fr\u00fchjahr davon. In diesem Stadium fressen sie die zarten Bl\u00e4tter der Knospen.<\/p>\n<p>Nach der Ernte werden diese essbaren Insekten sofort gereinigt, gekocht und dehydriert, um ihren N\u00e4hrstoffgehalt zu erhalten.<\/p>\n<p>Auf diese Weise sind wir in der Lage, einen anspruchsvollen Entomophagie-Enthusiasten zufrieden zu stellen. Z\u00f6gern Sie also nicht, die Website next-food.net zu konsultieren, um essbare K\u00e4fer zu bestellen, die in 25-g-Beutel verpackt sind.<\/p>\n<h2>K\u00e4fer: Insekt, um lecker zu schmecken<\/h2>\n<p>F\u00fcr die gleiche Menge Fleisch haben essbare K\u00e4fer f\u00fcnfmal mehr Protein und dreimal weniger Fett. Mit ihrer rundlichen Form haben sie mehr N\u00e4hrstoffe als manch essbares Insekt. Dar\u00fcber hinaus sind sie mit einem angemessenen Anteil an Kohlenhydraten, Kalzium und insbesondere Omega 3 eine Delikatesse und Qualit\u00e4t.<\/p>\n<p>Sowohl knusprig als auch zart schmecken essbare K\u00e4fer ziemlich vertraut. Einige finden darin den Geschmack von Popcorn und andere erinnern sich an Speck, wenn er in Butter sautiert wird. Entomophage Informierte oder Abenteurer des Geschmacks, gehen Sie zu next-food.net, um essbare K\u00e4fer zu bekommen!<\/p>\n<h2>Leckere Rezepte f\u00fcr Futterinsekten<\/h2>\n<p>Es gibt verschiedene M\u00f6glichkeiten, den essbaren K\u00e4fer zu probieren. Es kann als Aperitif mit Mayonnaise, Chili oder anderen Saucen gegessen werden. Sie k\u00f6nnen auch als Pizzabelag verwendet oder einfach als gegrillte Insekten genossen werden.<\/p>\n<p>F\u00fcr eine aufw\u00e4ndigere Zubereitung, die einfach bleibt, braten Sie die K\u00e4fer zum Essen 5 Minuten lang mit \u00d6l oder Butter an. Nachdem Sie das \u00fcbersch\u00fcssige Fett entfernt haben, f\u00fcgen Sie Sojasauce hinzu, bevor Sie es wieder auf den Herd stellen. Sie k\u00f6nnen Curry oder scharfe Sauce hinzuf\u00fcgen, um dem Gericht mehr Geschmack zu verleihen.<\/p>\n","protected":false},"excerpt":{"rendered":"        <div id=\"woocommerce-multi-currency-1\"\r\n             class=\"woocommerce-multi-currency wmc-shortcode plain-horizontal layout3 \"\r\n             data-layout=\"layout3\" data-flag_size=\"0.6\">\r\n            <input type=\"hidden\" class=\"wmc-current-url\" value=\"\/de\/wp-json\/wp\/v2\/product\/10078\">\r\n\t\t\t                <div class=\"wmc-currency wmc-active\">\r\n\t\t\t\t\t                    <a rel=\"nofollow\" title=\"European Union\" class=\"wmc-currency-redirect\"\r\n                       href=\"\/de\/wp-json\/wp\/v2\/product\/10078?wmc-currency=EUR\" data-currency=\"EUR\">\r\n                        <i style=\"transform: scale(0.6); margin: -8px -12px\"\r\n                           class=\"vi-flag-64 flag-eu \"><\/i>\r\n                    <\/a>\r\n                <\/div>\r\n\t\t\t\t                <div class=\"wmc-currency \">\r\n\t\t\t\t\t                    <a rel=\"nofollow\" title=\"Vereinigte Staaten von Amerika (USA)\" class=\"wmc-currency-redirect\"\r\n                       href=\"\/de\/wp-json\/wp\/v2\/product\/10078?wmc-currency=USD\" data-currency=\"USD\">\r\n                        <i style=\"transform: scale(0.6); margin: -8px -12px\"\r\n                           class=\"vi-flag-64 flag-us \"><\/i>\r\n                    <\/a>\r\n                <\/div>\r\n\t\t\t\t        <\/div>\r\n\t\t W\u00e4hrung ausw\u00e4hlen<\/p>\n<p>&nbsp;<\/p>\n<p>Der <em>K\u00e4fer, essbare Insekten<\/em> &#8211; Phyllophaga<\/p>\n<p>Diese &#8218;Auswahl&#8216; an Insekten zum Essen schmeckt wie Popcorn!<\/p>\n<p>Ausgezeichnete Wahl f\u00fcr diesen <em>Insekten-Aperitif<\/em>!<\/p>\n","protected":false},"featured_media":10079,"comment_status":"open","ping_status":"closed","template":"","meta":[],"product_brand":[],"product_cat":[360],"product_tag":[],"class_list":{"0":"post-10078","1":"product","2":"type-product","3":"status-publish","4":"has-post-thumbnail","6":"product_cat-plain-insects-de","8":"first","9":"outofstock","10":"shipping-taxable","11":"purchasable","12":"product-type-variable","13":"has-default-attributes"},"_links":{"self":[{"href":"https:\/\/www.next-food.net\/de\/wp-json\/wp\/v2\/product\/10078","targetHints":{"allow":["GET"]}}],"collection":[{"href":"https:\/\/www.next-food.net\/de\/wp-json\/wp\/v2\/product"}],"about":[{"href":"https:\/\/www.next-food.net\/de\/wp-json\/wp\/v2\/types\/product"}],"replies":[{"embeddable":true,"href":"https:\/\/www.next-food.net\/de\/wp-json\/wp\/v2\/comments?post=10078"}],"wp:featuredmedia":[{"embeddable":true,"href":"https:\/\/www.next-food.net\/de\/wp-json\/wp\/v2\/media\/10079"}],"wp:attachment":[{"href":"https:\/\/www.next-food.net\/de\/wp-json\/wp\/v2\/media?parent=10078"}],"wp:term":[{"taxonomy":"product_brand","embeddable":true,"href":"https:\/\/www.next-food.net\/de\/wp-json\/wp\/v2\/product_brand?post=10078"},{"taxonomy":"product_cat","embeddable":true,"href":"https:\/\/www.next-food.net\/de\/wp-json\/wp\/v2\/product_cat?post=10078"},{"taxonomy":"product_tag","embeddable":true,"href":"https:\/\/www.next-food.net\/de\/wp-json\/wp\/v2\/product_tag?post=10078"}],"curies":[{"name":"wp","href":"https:\/\/api.w.org\/{rel}","templated":true}]}}