{"id":10061,"date":"2018-03-13T21:51:03","date_gmt":"2018-03-13T20:51:03","guid":{"rendered":"https:\/\/www.next-food.net\/product\/zikade-cicadidae\/"},"modified":"2026-03-03T11:20:34","modified_gmt":"2026-03-03T10:20:34","slug":"zikade-cicadidae","status":"publish","type":"product","link":"https:\/\/www.next-food.net\/de\/produkt\/zikade-cicadidae\/","title":{"rendered":"Zikade | Essbare Insekten"},"content":{"rendered":"<h2><strong>Zikade | Ein essbares Insekt der Wahl!<\/strong><\/h2>\n<p>Menge im 20g-Beutel<\/p>\n<p>Wegen ihres delikaten Geschmacks ist die <em>Zikade<\/em> ein <em>essbares Insekt<\/em>, das bei Liebhabern der <em>Entomophagie<\/em> sehr begehrt ist. Ein Genuss ! Die <em>Zikade<\/em> wird in mehreren L\u00e4ndern konsumiert.<\/p>\n<p>Tats\u00e4chlich ern\u00e4hrt sich dieses <em>fressende Insekt<\/em> &#8222;die <em>Zikade<\/em>&#8220; von Pflanzensaft, der ihm einen einzigartigen, nussigen Geschmack verleiht.<\/p>\n<p>Aufgrund ihres delikaten Geschmacks ist die Zikade ein <em>Nahrungsinsekt<\/em>, das von Liebhabern <em>essbarer Insekten<\/em> sehr gesch\u00e4tzt wird.<\/p>\n<p>Aristoteles und die Griechen im Allgemeinen mochten dieses Gericht sehr und lobten es sogar. Zur gro\u00dfen Freude der <strong>Entomophagen<\/strong> oder auch f\u00fcr Menschen, die sich einmal daran versuchen m\u00f6chten, dieses essbare Insekt einfach zu probieren.<\/p>\n<p>Next-Food bietet Zikaden in 20-g-Beutelchen an.<\/p>\n<h2><strong>Wollen Sie testen: &#8222;Insekten essen&#8220;?<\/strong><\/h2>\n<p>Kenner beschreiben den Geschmack der Zikade auf ihre Weise.<\/p>\n<p>Letztere sprechen also von einem nussigen Geschmack. Dies liegt an dem Saft, von dem es sich ern\u00e4hrt.<\/p>\n<p>Dar\u00fcber hinaus finden einige den Geschmack von Garnelen. In einem Punkt sind sich die Meinungen jedenfalls einig: Die <em>Zikade<\/em> hat einen exquisiten Geschmack.<\/p>\n<p>Um jedoch den einzigartigen Geschmack dieses <strong>essbaren Insekts<\/strong> zu genie\u00dfen, empfehlen wir eine einfache Zubereitung:<\/p>\n<p style=\"padding-left: 40px;\">Eine Prise Salz, Zwiebel und ein paar Tropfen \u00d6l zum Braten gen\u00fcgen, damit er seinen Geschmack mit Leichtigkeit entfaltet.<\/p>\n<p>Die <em>Zikade<\/em> kann als Abendessen oder als &#8222;<em>Insekten-Aperitif&#8220;<\/em> gegessen werden.<\/p>\n<p>Ganz einfach finden wir noch das Insektenrezept f\u00fcr <em>Zikaden<\/em> gegrillt mit wilder Minze.<\/p>\n<p>Eine kleine Empfehlung sei f\u00fcr Bratfans noch n\u00f6tig: Wenige Sekunden reichen aus, um die Zikade zu garen.<\/p>\n<p>Finden Sie hier hochwertige und preiswerte nat\u00fcrliche essbare Zikaden!<\/p>\n<h2>Die Zikade: Ein weiteres essbares Insekt, das Sie gut haben will!<\/h2>\n<p><em>Essbare Insekten<\/em> sind bei diversen Ern\u00e4hrungsproblemen eine echte Nahrungsalternative.<\/p>\n<p>In der Tat hat es laut Experten eine reichere Proteinaufnahme als Fleisch und Milchprodukte, Eier und Gem\u00fcse. So kann das Protein drei Viertel des Trockengewichts erreichen.<\/p>\n<p>Au\u00dferdem hat die <em>Zikade<\/em>, wie <strong>essbare Insekten<\/strong> im Allgemeinen, nur 16\u00a0% Fett, w\u00e4hrend Fleisch einen Anteil von 48\u00a0% hat. Dies macht es zu einem hervorragenden Ersatzmen\u00fc f\u00fcr diejenigen, die die Linie behalten und gleichzeitig neue Energie tanken m\u00f6chten. Schlie\u00dflich argumentieren Spezialisten, dass <em>das Essen von Insekten<\/em> eine Nahrungsquelle ist. Tats\u00e4chlich zeigen sie im Gegensatz zu traditionellen Nutztieren nur sehr seltene Volkskrankheiten beim Menschen. Kaufen Sie auf next-food.net alle Arten von essbaren Insekten!<\/p>\n<p>Kleine Info Einige Zikaden in den USA haben einen Fortpflanzungszyklus von 17 Jahren, bevor sie ihren Gesang erklingen lassen, und in China wird eine Jadezikade in den Mund der Toten gelegt, ein Symbol f\u00fcr ewiges Leben und Auferstehung im Jenseits. Weltweit gibt es 3390 Zikadenarten.<\/p>\n","protected":false},"excerpt":{"rendered":"        <div id=\"woocommerce-multi-currency-1\"\r\n             class=\"woocommerce-multi-currency wmc-shortcode plain-horizontal layout3 \"\r\n             data-layout=\"layout3\" data-flag_size=\"0.6\">\r\n            <input type=\"hidden\" class=\"wmc-current-url\" value=\"\/de\/wp-json\/wp\/v2\/product\/10061\">\r\n\t\t\t                <div class=\"wmc-currency wmc-active\">\r\n\t\t\t\t\t                    <a rel=\"nofollow\" title=\"European Union\" class=\"wmc-currency-redirect\"\r\n                       href=\"\/de\/wp-json\/wp\/v2\/product\/10061?wmc-currency=EUR\" data-currency=\"EUR\">\r\n                        <i style=\"transform: scale(0.6); margin: -8px -12px\"\r\n                           class=\"vi-flag-64 flag-eu \"><\/i>\r\n                    <\/a>\r\n                <\/div>\r\n\t\t\t\t                <div class=\"wmc-currency \">\r\n\t\t\t\t\t                    <a rel=\"nofollow\" title=\"Vereinigte Staaten von Amerika (USA)\" class=\"wmc-currency-redirect\"\r\n                       href=\"\/de\/wp-json\/wp\/v2\/product\/10061?wmc-currency=USD\" data-currency=\"USD\">\r\n                        <i style=\"transform: scale(0.6); margin: -8px -12px\"\r\n                           class=\"vi-flag-64 flag-us \"><\/i>\r\n                    <\/a>\r\n                <\/div>\r\n\t\t\t\t        <\/div>\r\n\t\t W\u00e4hrung ausw\u00e4hlen<\/p>\n<p>Die <em>Zikade<\/em>, eines der <em>essbaren Insekten<\/em>, das von Spezialisten f\u00fcr <em>Entomophagie<\/em> am meisten gesch\u00e4tzt wird. Ein dezent nussiger Geschmack wird Ihren Gaumen erfreuen<\/p>\n","protected":false},"featured_media":10062,"comment_status":"open","ping_status":"closed","template":"","meta":[],"product_brand":[],"product_cat":[360],"product_tag":[],"class_list":{"0":"post-10061","1":"product","2":"type-product","3":"status-publish","4":"has-post-thumbnail","6":"product_cat-plain-insects-de","8":"first","9":"instock","10":"shipping-taxable","11":"purchasable","12":"product-type-simple"},"_links":{"self":[{"href":"https:\/\/www.next-food.net\/de\/wp-json\/wp\/v2\/product\/10061","targetHints":{"allow":["GET"]}}],"collection":[{"href":"https:\/\/www.next-food.net\/de\/wp-json\/wp\/v2\/product"}],"about":[{"href":"https:\/\/www.next-food.net\/de\/wp-json\/wp\/v2\/types\/product"}],"replies":[{"embeddable":true,"href":"https:\/\/www.next-food.net\/de\/wp-json\/wp\/v2\/comments?post=10061"}],"wp:featuredmedia":[{"embeddable":true,"href":"https:\/\/www.next-food.net\/de\/wp-json\/wp\/v2\/media\/10062"}],"wp:attachment":[{"href":"https:\/\/www.next-food.net\/de\/wp-json\/wp\/v2\/media?parent=10061"}],"wp:term":[{"taxonomy":"product_brand","embeddable":true,"href":"https:\/\/www.next-food.net\/de\/wp-json\/wp\/v2\/product_brand?post=10061"},{"taxonomy":"product_cat","embeddable":true,"href":"https:\/\/www.next-food.net\/de\/wp-json\/wp\/v2\/product_cat?post=10061"},{"taxonomy":"product_tag","embeddable":true,"href":"https:\/\/www.next-food.net\/de\/wp-json\/wp\/v2\/product_tag?post=10061"}],"curies":[{"name":"wp","href":"https:\/\/api.w.org\/{rel}","templated":true}]}}