{"id":10052,"date":"2017-07-10T12:21:52","date_gmt":"2017-07-10T11:21:52","guid":{"rendered":"https:\/\/www.next-food.net\/product\/kleine-essbare-grillen-heis-und-wurzig\/"},"modified":"2025-09-25T16:58:57","modified_gmt":"2025-09-25T15:58:57","slug":"kleine-essbare-grillen-heis-und-wurzig","status":"publish","type":"product","link":"https:\/\/www.next-food.net\/de\/produkt\/kleine-essbare-grillen-heis-und-wurzig\/","title":{"rendered":"Grillen (klein) | &#8222;Hot &amp; Spicy&#8220; Essbare Insekten"},"content":{"rendered":"<h2><strong>Kricket | Insekten zum Aperitif: Achtung Geschmacksknospen!<\/strong><\/h2>\n<p>F\u00fcr Menschen, die <em>essbare Insekten<\/em> und Paprika lieben, hat Next-Food scharfe und w\u00fcrzige kleine essbare Grillen zubereitet \u2026<\/p>\n<h2>Essen von Insekten und Insektenprotein<\/h2>\n<p>Chili ist ein Gew\u00fcrz, das regelm\u00e4\u00dfig in der orientalischen K\u00fcche verwendet wird. Einige loben seine aphrodisischen Eigenschaften, w\u00e4hrend andere sie einfach zum Spa\u00df einnehmen.<\/p>\n<p>F\u00fcr diejenigen, die auch <em>essbare Insekten<\/em> sch\u00e4tzen, sind die kleinen scharfen und w\u00fcrzigen essbaren Grillen genau das Richtige f\u00fcr sie.<\/p>\n<p>Dar\u00fcber hinaus behaupten renommierte Spezialisten, dass der Pfeffer der Linie hilft. Durch die Kombination dieses Vorteils mit dem niedrigen Fettgehalt und dem hohen Proteingehalt von essbaren Grillen erhalten wir den besten Verb\u00fcndeten f\u00fcr diejenigen, die abnehmen m\u00f6chten.<\/p>\n<p>Au\u00dferdem haben kleine essbare Grillen eine interessante Omega-3-Aufnahme. Tats\u00e4chlich kann der menschliche K\u00f6rper diese Art von N\u00e4hrstoffen, die f\u00fcr den K\u00f6rper notwendig sind, nicht selbst produzieren. Externe Unterst\u00fctzung ist daher mehr als n\u00f6tig. Also, bestellen Sie Ihre kleinen scharfen und w\u00fcrzigen essbaren <strong>Grillen<\/strong> jetzt auf next-food.net!<\/p>\n<h2><strong>Entomophagie: Spring auf eine Grille!<\/strong><\/h2>\n<p>In einigen L\u00e4ndern ist <strong>Entomophagie<\/strong> in ihrer Kultur verwurzelt. In Europa haben <em>essbare Insekten<\/em> den Status \u201eNovel Food\u201c gem\u00e4\u00df den Verordnungen der Europ\u00e4ischen Kommission.<\/p>\n<p>Essbare Insekten werden jedoch in vielen Facetten entdeckt, um die Widerstrebendsten zu \u00fcberzeugen.<\/p>\n<p>Der beste Weg, Ihren ersten Bissen <em>K\u00e4fer<\/em> zu essen, ist jedoch mit aromatisierten <em>K\u00e4fer<\/em>.<\/p>\n<p>So hat der Neuling die M\u00f6glichkeit, sich nur auf die Aromen zu konzentrieren, die unser K\u00fcchenchef auf nat\u00fcrliche Weise verarbeitet<\/p>\n<p>Dazu m\u00fcssen Sie zun\u00e4chst die Augen schlie\u00dfen und sich auf die Aromen konzentrieren. Sobald Sie von diesen Aromen durchdrungen sind, k\u00f6nnen Sie den Genuss mit einem kleinen Bissen <em>gegrillter Insekten<\/em> verl\u00e4ngern, die Sie vorsichtig zerkleinern, um die Aromen zu entdecken.<\/p>\n<p>Das <strong>essbare Insekt<\/strong> mit vertrauten Formen schafft auch effektiv den Sprung in die <em>Entomophagie<\/em>. F\u00fcr diese Variante eignen sich hervorragend kleine Grillen, die Kartoffelpommes optisch sehr \u00e4hnlich sind. Melden Sie sich also bei next-food.net an und bestellen Sie die aromatisierten <em>essbaren Insekten<\/em>, die zu Ihnen passen!<\/p>\n","protected":false},"excerpt":{"rendered":"        <div id=\"woocommerce-multi-currency-1\"\r\n             class=\"woocommerce-multi-currency wmc-shortcode plain-horizontal layout3 \"\r\n             data-layout=\"layout3\" data-flag_size=\"0.6\">\r\n            <input type=\"hidden\" class=\"wmc-current-url\" value=\"\/de\/wp-json\/wp\/v2\/product\/10052\">\r\n\t\t\t                <div class=\"wmc-currency wmc-active\">\r\n\t\t\t\t\t                    <a rel=\"nofollow\" title=\"European Union\" class=\"wmc-currency-redirect\"\r\n                       href=\"\/de\/wp-json\/wp\/v2\/product\/10052?wmc-currency=EUR\" data-currency=\"EUR\">\r\n                        <i style=\"transform: scale(0.6); margin: -8px -12px\"\r\n                           class=\"vi-flag-64 flag-eu \"><\/i>\r\n                    <\/a>\r\n                <\/div>\r\n\t\t\t\t                <div class=\"wmc-currency \">\r\n\t\t\t\t\t                    <a rel=\"nofollow\" title=\"Vereinigte Staaten von Amerika (USA)\" class=\"wmc-currency-redirect\"\r\n                       href=\"\/de\/wp-json\/wp\/v2\/product\/10052?wmc-currency=USD\" data-currency=\"USD\">\r\n                        <i style=\"transform: scale(0.6); margin: -8px -12px\"\r\n                           class=\"vi-flag-64 flag-us \"><\/i>\r\n                    <\/a>\r\n                <\/div>\r\n\t\t\t\t        <\/div>\r\n\t\t W\u00e4hrung ausw\u00e4hlen<\/p>\n<p>Kleine Grillen, zubereitete <em>essbare Insekten<\/em> Scharf und w\u00fcrzig \u2013 Acheta Domesticus<br \/>\n(Die Tasche von 25 g)<\/p>\n<p>Mit Freunden, Familie oder einfach am Abend: ein <em>Insekten-Aperitif<\/em> zubereitet von unserem K\u00fcchenchef, leicht scharf!<\/p>\n","protected":false},"featured_media":10053,"comment_status":"open","ping_status":"closed","template":"","meta":[],"product_brand":[],"product_cat":[370],"product_tag":[],"class_list":{"0":"post-10052","1":"product","2":"type-product","3":"status-publish","4":"has-post-thumbnail","6":"product_cat-flavoured-de","8":"first","9":"instock","10":"shipping-taxable","11":"purchasable","12":"product-type-simple"},"_links":{"self":[{"href":"https:\/\/www.next-food.net\/de\/wp-json\/wp\/v2\/product\/10052","targetHints":{"allow":["GET"]}}],"collection":[{"href":"https:\/\/www.next-food.net\/de\/wp-json\/wp\/v2\/product"}],"about":[{"href":"https:\/\/www.next-food.net\/de\/wp-json\/wp\/v2\/types\/product"}],"replies":[{"embeddable":true,"href":"https:\/\/www.next-food.net\/de\/wp-json\/wp\/v2\/comments?post=10052"}],"wp:featuredmedia":[{"embeddable":true,"href":"https:\/\/www.next-food.net\/de\/wp-json\/wp\/v2\/media\/10053"}],"wp:attachment":[{"href":"https:\/\/www.next-food.net\/de\/wp-json\/wp\/v2\/media?parent=10052"}],"wp:term":[{"taxonomy":"product_brand","embeddable":true,"href":"https:\/\/www.next-food.net\/de\/wp-json\/wp\/v2\/product_brand?post=10052"},{"taxonomy":"product_cat","embeddable":true,"href":"https:\/\/www.next-food.net\/de\/wp-json\/wp\/v2\/product_cat?post=10052"},{"taxonomy":"product_tag","embeddable":true,"href":"https:\/\/www.next-food.net\/de\/wp-json\/wp\/v2\/product_tag?post=10052"}],"curies":[{"name":"wp","href":"https:\/\/api.w.org\/{rel}","templated":true}]}}