{"id":10046,"date":"2017-07-10T11:08:31","date_gmt":"2017-07-10T10:08:31","guid":{"rendered":"https:\/\/www.next-food.net\/product\/kleine-grillen-schmecken-wie-bbq-sauce\/"},"modified":"2026-02-15T11:07:46","modified_gmt":"2026-02-15T10:07:46","slug":"kleine-grillen-schmecken-wie-bbq-sauce","status":"publish","type":"product","link":"https:\/\/www.next-food.net\/de\/produkt\/kleine-grillen-schmecken-wie-bbq-sauce\/","title":{"rendered":"Grillen (klein) | Essbare Insekten &#8222;BBQ Sauce&#8220;"},"content":{"rendered":"<h2><strong>Chips mit BBQ-Geschmack oder Nat\u00fcrlich Gutes tun: Insekten zum Essen<\/strong><\/h2>\n<p>Durch eine andere Ern\u00e4hrung als Fleischliebhaber erhalten Entomophagen haupts\u00e4chlich Protein von <em>essbaren Insekten<\/em>. Um Aromen und Gen\u00fcsse zu diversifizieren, pr\u00e4sentiert Next-Food kleine essbare <strong>Grillen<\/strong> mit BBQ-Sauce-Geschmack\u2026<\/p>\n<h2>Probieren Sie Entomophagie zum ersten Mal gut aus<\/h2>\n<p>BBQ stammt urspr\u00fcnglich aus den Vereinigten Staaten und ist eine braune Sauce aus Senf, Sojasauce, Worcestersauce, fl\u00fcssigem Honigessig und Zwiebeln. Diese Zutaten ergeben eine braune Mischung, die ein k\u00f6stlicher Grillbegleiter ist.<\/p>\n<p>Zur Freude der Liebhaber <strong>essbarer Insekten<\/strong> gibt es die kleinen Grillen, die sie regelm\u00e4\u00dfig als Aperitif essen, in BBQ-Sauce von Next-Food.<\/p>\n<p>Diese <em>essbaren Insekten<\/em> sind ein gro\u00dfartiger Ersatz f\u00fcr Garnelen in Rezepten wie gebratenem Reis oder Paella. Mit Protein und Omega 3 zus\u00e4tzlich, haben aromatisierte essbare Insekten Steaks nichts zu beneiden.<\/p>\n<p>Au\u00dferdem sind sie das ideale Produkt f\u00fcr einen ersten Vorgeschmack auf <strong>Insekten<\/strong> <strong>zum Essen<\/strong>. Tats\u00e4chlich werden Neulinge keine Probleme haben, den Geschmack von Fleisch in den kleinen essbaren Grillen mit BBQ-Sauce-Geschmack wiederzuentdecken. Also, schaut auf next-food.net vorbei und bestellt die kleinen Grillen als Vorspeise, erh\u00e4ltlich in BBQ-Sauce!<\/p>\n<h3><strong>Nahrungsinsekt: Entomophagie f\u00fcr Neophyten<\/strong><\/h3>\n<p>Nachdem die Phase der ersten Verkostung essbarer Insekten \u00fcberstanden ist, kann der neue <strong>Entomophage<\/strong> in ein Geschmacksabenteuer starten. Daf\u00fcr bietet die Seite next-food.net mit ihren <em>essbaren Insekten<\/em> viele Geschmacksrichtungen.<\/p>\n<p>Von Thai-Basilikum bis Aonori-Alge \u00fcber Limette, Paprika, Satay, Wasabi &#8230; auf einer Reise durch die Gew\u00fcrze und W\u00fcrzmittel, die den Orient ber\u00fchmt machen, wird jeder etwas finden, um seine Geschmackskultur zu bereichern.<\/p>\n<p>Um den Entomophagen bei seiner Suche zu begleiten, bietet Next-Food seinen Kunden hochwertige Insekten aus seinen umweltbewussten Farmen. Sie werden mit innovativen Techniken aufgezogen und wachsen unter nat\u00fcrlichen Bedingungen, die ihre Qualit\u00e4t optimieren. Melden Sie sich also bei next-food.net an, um die essbaren Insekten Ihrer Wahl zu bestellen!<\/p>\n<p>W\u00e4hrend dieser verschiedenen Phasen werden die essbaren Insekten so behandelt, dass ihr Geschmack optimiert wird. Sie erm\u00f6glichen es daher jedem, seiner Speisekarte einen Hauch von Originalit\u00e4t zu verleihen. Dar\u00fcber hinaus fehlt es nicht an an Insekten angepassten Rezepten.<\/p>\n","protected":false},"excerpt":{"rendered":"        <div id=\"woocommerce-multi-currency-1\"\r\n             class=\"woocommerce-multi-currency wmc-shortcode plain-horizontal layout3 \"\r\n             data-layout=\"layout3\" data-flag_size=\"0.6\">\r\n            <input type=\"hidden\" class=\"wmc-current-url\" value=\"\/de\/wp-json\/wp\/v2\/product\/10046\">\r\n\t\t\t                <div class=\"wmc-currency wmc-active\">\r\n\t\t\t\t\t                    <a rel=\"nofollow\" title=\"European Union\" class=\"wmc-currency-redirect\"\r\n                       href=\"\/de\/wp-json\/wp\/v2\/product\/10046?wmc-currency=EUR\" data-currency=\"EUR\">\r\n                        <i style=\"transform: scale(0.6); margin: -8px -12px\"\r\n                           class=\"vi-flag-64 flag-eu \"><\/i>\r\n                    <\/a>\r\n                <\/div>\r\n\t\t\t\t                <div class=\"wmc-currency \">\r\n\t\t\t\t\t                    <a rel=\"nofollow\" title=\"Vereinigte Staaten von Amerika (USA)\" class=\"wmc-currency-redirect\"\r\n                       href=\"\/de\/wp-json\/wp\/v2\/product\/10046?wmc-currency=USD\" data-currency=\"USD\">\r\n                        <i style=\"transform: scale(0.6); margin: -8px -12px\"\r\n                           class=\"vi-flag-64 flag-us \"><\/i>\r\n                    <\/a>\r\n                <\/div>\r\n\t\t\t\t        <\/div>\r\n\t\t W\u00e4hrung ausw\u00e4hlen<\/p>\n<p>Kleine <em>Grille, essbare Insekten<\/em> zubereitet mit BBQ-Sauce-Geschmack \u2013 Acheta Domesticus<br \/>\n(Die Tasche von 25 g)<\/p>\n<p>Sie kennen das uners\u00e4ttliche Gef\u00fchl von BBQ-Sauce!<\/p>\n<p>Die Spitze der <em>Entomophagie<\/em>, essbare Insekten: Grillen schmecken BBQ-Sauce!<\/p>\n","protected":false},"featured_media":10047,"comment_status":"open","ping_status":"closed","template":"","meta":[],"product_brand":[],"product_cat":[370],"product_tag":[],"class_list":{"0":"post-10046","1":"product","2":"type-product","3":"status-publish","4":"has-post-thumbnail","6":"product_cat-flavoured-de","8":"first","9":"instock","10":"shipping-taxable","11":"purchasable","12":"product-type-simple"},"_links":{"self":[{"href":"https:\/\/www.next-food.net\/de\/wp-json\/wp\/v2\/product\/10046","targetHints":{"allow":["GET"]}}],"collection":[{"href":"https:\/\/www.next-food.net\/de\/wp-json\/wp\/v2\/product"}],"about":[{"href":"https:\/\/www.next-food.net\/de\/wp-json\/wp\/v2\/types\/product"}],"replies":[{"embeddable":true,"href":"https:\/\/www.next-food.net\/de\/wp-json\/wp\/v2\/comments?post=10046"}],"wp:featuredmedia":[{"embeddable":true,"href":"https:\/\/www.next-food.net\/de\/wp-json\/wp\/v2\/media\/10047"}],"wp:attachment":[{"href":"https:\/\/www.next-food.net\/de\/wp-json\/wp\/v2\/media?parent=10046"}],"wp:term":[{"taxonomy":"product_brand","embeddable":true,"href":"https:\/\/www.next-food.net\/de\/wp-json\/wp\/v2\/product_brand?post=10046"},{"taxonomy":"product_cat","embeddable":true,"href":"https:\/\/www.next-food.net\/de\/wp-json\/wp\/v2\/product_cat?post=10046"},{"taxonomy":"product_tag","embeddable":true,"href":"https:\/\/www.next-food.net\/de\/wp-json\/wp\/v2\/product_tag?post=10046"}],"curies":[{"name":"wp","href":"https:\/\/api.w.org\/{rel}","templated":true}]}}