{"id":10040,"date":"2018-01-17T14:35:17","date_gmt":"2018-01-17T13:35:17","guid":{"rendered":"https:\/\/www.next-food.net\/product\/insekten-kleine-grillen-essbar-salz-und-essig\/"},"modified":"2026-01-25T22:51:50","modified_gmt":"2026-01-25T21:51:50","slug":"insekten-kleine-grillen-essbar-salz-und-essig","status":"publish","type":"product","link":"https:\/\/www.next-food.net\/de\/produkt\/insekten-kleine-grillen-essbar-salz-und-essig\/","title":{"rendered":"Grillen (klein) | Essbare Insekten &#8222;Salz und Essig&#8220;"},"content":{"rendered":"<h2><strong>Kricket | Essbares Insekt oder Erdnuss?<\/strong><\/h2>\n<p>Next-Food Artisan, umweltbewusster Produzent von <strong>essbaren Insekten<\/strong>, l\u00e4dt Sie ein, &#8222;industrielle&#8220; Aperitifprodukte durch nat\u00fcrliche <em>essbare Insekten<\/em> zu ersetzen!<\/p>\n<p>Next Food bietet Ihnen eine gro\u00dfe Auswahl an <em>Insekten zum Essen<\/em>, zum Testen, zum Probieren, zubereitet von unserem K\u00fcchenchef!<\/p>\n<h2><strong>Kricket | Eine andere Art, Insekten zu essen<\/strong><\/h2>\n<p>F\u00fcr Fans, die einen originellen Aperitif suchen und fettige Industrieprodukte mit bedenklichen Produkten ersetzen m\u00f6chten, empfehlen wir Ihnen mit dem Protein zus\u00e4tzlich die kleinen essbaren <strong>Grillen<\/strong> Insekten Salz und Essig.<\/p>\n<p>Tats\u00e4chlich sind diese <em>gegrillten Insekten<\/em> eine hervorragende Vorspeise, indem sie den Appetit der G\u00e4ste anregen.<\/p>\n<p>Die kleine <em>Grille<\/em> ist auch die ideale Zutat f\u00fcr die Zubereitung von leichten und eiwei\u00dfreichen Salaten. Diese <em>Nahrungsinsekten<\/em> bringen Geschmack in Ihre Zubereitung.<\/p>\n<p>Sie k\u00f6nnen auch Ihr Gem\u00fcse und Ihren Mais mit dieser kleinen <em>Grille<\/em> dekorieren. Eine kleine Drehung in der Pfanne macht sie knusprig. Daf\u00fcr gen\u00fcgen wenige Minuten. Ein leichter Hauch von Oliven- oder Sesam\u00f6l und fertig! Das ist es !<\/p>\n<p>Der N\u00e4hrwert der <strong>Grille<\/strong> wird Sie begeistern. Sie sind reich an Eiwei\u00df und Ballaststoffen mit einem Fettgehalt von weniger als 6 %.<\/p>\n<p>Au\u00dferdem gibt es Omega 3, Kalzium, Magnesium&#8230; Also, konsultieren Sie die Seite next-food.net und bestellen Sie Ihre <em>Insekten<\/em> kleine essbare Salz- und Essiggrillen.<\/p>\n<h2>Testen Sie die Entomophagie und beginnen Sie mit der Grille!<\/h2>\n<p>Beim ersten Mal neigen wir dazu, den ersten Biss eines <em>essbaren Insekts<\/em> wahrzunehmen<\/p>\n<p>Unser Rat ist, mit <strong>Insektenmehl<\/strong> zu beginnen, das in die Zubereitung von Brot oder Keksen eingearbeitet werden kann.<\/p>\n<p>F\u00fcr Fans von Hausmannskost und frischen Teigen bietet Ihnen essbares <em>Insektenmehl<\/em> die M\u00f6glichkeit, Nudeln mit einem geringen <strong>Gluten<\/strong>-Gehalt zuzubereiten. Ersetzen Sie dazu zum Beispiel einfach einen mehr oder weniger gro\u00dfen Teil des Weizenmehls durch Grillenmehl.<\/p>\n<p>Suchen Sie nach hochwertigen Zutaten f\u00fcr Ihre kulinarische oder Geb\u00e4ckzubereitung, werfen Sie einen Blick auf unsere Website next-food.net, um das <strong>Grillenmehl<\/strong> zu bestellen. Wie von den europ\u00e4ischen Vorschriften vorgeschrieben, werden essbare Insekten nach sorgf\u00e4ltiger Sortierung gekocht und dehydriert, bevor andere Zubereitungen verpackt werden. Machen Sie es also wie die versierten Entomophagen, indem Sie Ihre <em>essbaren Insekten<\/em> auf next-food.net bestellen.<\/p>\n","protected":false},"excerpt":{"rendered":"        <div id=\"woocommerce-multi-currency-1\"\r\n             class=\"woocommerce-multi-currency wmc-shortcode plain-horizontal layout3 \"\r\n             data-layout=\"layout3\" data-flag_size=\"0.6\">\r\n            <input type=\"hidden\" class=\"wmc-current-url\" value=\"\/de\/wp-json\/wp\/v2\/product\/10040\">\r\n\t\t\t                <div class=\"wmc-currency wmc-active\">\r\n\t\t\t\t\t                    <a rel=\"nofollow\" title=\"European Union\" class=\"wmc-currency-redirect\"\r\n                       href=\"\/de\/wp-json\/wp\/v2\/product\/10040?wmc-currency=EUR\" data-currency=\"EUR\">\r\n                        <i style=\"transform: scale(0.6); margin: -8px -12px\"\r\n                           class=\"vi-flag-64 flag-eu \"><\/i>\r\n                    <\/a>\r\n                <\/div>\r\n\t\t\t\t                <div class=\"wmc-currency \">\r\n\t\t\t\t\t                    <a rel=\"nofollow\" title=\"Vereinigte Staaten von Amerika (USA)\" class=\"wmc-currency-redirect\"\r\n                       href=\"\/de\/wp-json\/wp\/v2\/product\/10040?wmc-currency=USD\" data-currency=\"USD\">\r\n                        <i style=\"transform: scale(0.6); margin: -8px -12px\"\r\n                           class=\"vi-flag-64 flag-us \"><\/i>\r\n                    <\/a>\r\n                <\/div>\r\n\t\t\t\t        <\/div>\r\n\t\t Choose Currency<\/p>\n<p>Kleine <em>Grillen, essbare Insekten<\/em> zubereitet in Salz und Essig \u2013 Acheta Domesticus<br \/>\n(Die Tasche von 25 g)<\/p>\n<p>Der Most des <em>Apero-Insekts<\/em>: Das <em>essbare Insekt<\/em> &#8222;kleine Grillen in Salz und Essig&#8220;, zubereitet von unserem K\u00fcchenchef!<\/p>\n","protected":false},"featured_media":10041,"comment_status":"open","ping_status":"closed","template":"","meta":[],"product_brand":[],"product_cat":[370],"product_tag":[],"class_list":{"0":"post-10040","1":"product","2":"type-product","3":"status-publish","4":"has-post-thumbnail","6":"product_cat-flavoured-de","8":"first","9":"instock","10":"shipping-taxable","11":"purchasable","12":"product-type-simple"},"_links":{"self":[{"href":"https:\/\/www.next-food.net\/de\/wp-json\/wp\/v2\/product\/10040","targetHints":{"allow":["GET"]}}],"collection":[{"href":"https:\/\/www.next-food.net\/de\/wp-json\/wp\/v2\/product"}],"about":[{"href":"https:\/\/www.next-food.net\/de\/wp-json\/wp\/v2\/types\/product"}],"replies":[{"embeddable":true,"href":"https:\/\/www.next-food.net\/de\/wp-json\/wp\/v2\/comments?post=10040"}],"wp:featuredmedia":[{"embeddable":true,"href":"https:\/\/www.next-food.net\/de\/wp-json\/wp\/v2\/media\/10041"}],"wp:attachment":[{"href":"https:\/\/www.next-food.net\/de\/wp-json\/wp\/v2\/media?parent=10040"}],"wp:term":[{"taxonomy":"product_brand","embeddable":true,"href":"https:\/\/www.next-food.net\/de\/wp-json\/wp\/v2\/product_brand?post=10040"},{"taxonomy":"product_cat","embeddable":true,"href":"https:\/\/www.next-food.net\/de\/wp-json\/wp\/v2\/product_cat?post=10040"},{"taxonomy":"product_tag","embeddable":true,"href":"https:\/\/www.next-food.net\/de\/wp-json\/wp\/v2\/product_tag?post=10040"}],"curies":[{"name":"wp","href":"https:\/\/api.w.org\/{rel}","templated":true}]}}