{"id":10034,"date":"2016-05-23T22:52:49","date_gmt":"2016-05-23T21:52:49","guid":{"rendered":"https:\/\/www.next-food.net\/product\/tom-yum-grillen\/"},"modified":"2025-12-06T10:47:11","modified_gmt":"2025-12-06T09:47:11","slug":"tom-yum-grillen","status":"publish","type":"product","link":"https:\/\/www.next-food.net\/de\/produkt\/tom-yum-grillen\/","title":{"rendered":"Grillen | Essbare Insekten &#8222;Tom Yum&#8220;"},"content":{"rendered":"<h2>Cricket: Der TOP-Koch der essbaren Insekten!<\/h2>\n<p>Heutzutage vermehren sich Produkte und Rezepte f\u00fcr <em>essbare Insekten<\/em> und Entomophagen haben die Qual der Wahl. Wieder einmal bereichert Next-Food sie mit Grillen von Tom Yum.<\/p>\n<h3>Essbare Heuschrecke: das Rezept, das Sie nicht gleichg\u00fcltig l\u00e4sst<\/h3>\n<p>Diejenigen, die mit Thailand und seinen Aromen vertraut sind, werden die Aromen einer Tom Yum-Suppe erkennen.<\/p>\n<p>Zitronengras und Combava-Bl\u00e4tter bringen erfrischende Aromen und die S\u00e4ure der Zitrone verst\u00e4rkt den Geschmack von Grillen. Abschlie\u00dfend macht ein Hauch Chili bestimmt Appetit.<\/p>\n<p>Besonders von Entomophagen begehrt, zeichnen sich essbare Grillen durch einen reichen Geschmack und eine reichhaltige Textur aus. F\u00fcr diejenigen, die sie mit rohem Gem\u00fcse bevorzugen, m\u00fcssen Sie die Salate nur leicht w\u00fcrzen, bevor Sie die Tom Yum <strong>Grillen<\/strong> hinzuf\u00fcgen, die ihren Geschmack auf die Zubereitung \u00fcbertragen. Sie eignen sich hervorragend als <strong>Insekten-Aperitif<\/strong> und sind in Beuteln auf next-food.net erh\u00e4ltlich. Geben Sie also Ihre Bestellung auf.<\/p>\n<h2>Essbare Insekten: Eroberung des Westens!<\/h2>\n<p>Vorurteile sind hartn\u00e4ckig, aber die Zeiten \u00e4ndern sich und Gewohnheiten entwickeln sich. <em>Essbare Insekten<\/em> erscheinen regelm\u00e4\u00dfig auf den Tellern einiger franz\u00f6sischer Haushalte. Tats\u00e4chlich bieten Spezialisten gegrillte Grillen, <em>Mehlw\u00fcrmer<\/em>, essbare <em>Heuschrecken<\/em>\u2026 in verschiedenen Rezepten an, um selbst die eingefleischtesten Liebhaber von Fleischsteaks zu verf\u00fchren.<\/p>\n<p>Es ist daher ganz nat\u00fcrlich, dass wir <em>Futterinsekten<\/em> am Spie\u00df oder gegrillt inmitten klassischer Vorspeisen wie Wurstwaren, K\u00e4se, Erdn\u00fcsse finden&#8230; An manchen Abenden werden die \u00fcblichen Vorspeisen komplett durch <em> ersetzt &gt;Apero-Insekten<\/em><strong>.<\/strong><\/p>\n<h2>Insekten-Aperitif oder Insekten im Salat: Leichtigkeit, tu dir Gutes!<\/h2>\n<p>Diese Wahl wird oft durch den Geschmack oder sogar den \u00f6kologischen Trend des Augenblicks erkl\u00e4rt. Als Grund wird jedoch am h\u00e4ufigsten die eiwei\u00dfreiche N\u00e4hrstoffaufnahme und vor allem der geringe Fettgehalt des <em>essbaren Insekts<\/em> genannt<\/p>\n<p><em>Essbare Insekten<\/em> sind aufgrund ihrer ern\u00e4hrungsphysiologischen Eigenschaften jederzeit zum Knabbern geeignet. Im Gegensatz zu fett- und zuckerreichen Lebensmitteln bergen sie tats\u00e4chlich keine Risiken f\u00fcr Erwachsene wie Fettleibigkeit oder Diabetes. Im Gegenteil, sie gelten als leicht oder leicht.<\/p>\n<p>Also, f\u00fcr einen besonderen Anlass oder f\u00fcr eine einfache Verkostung, schau mal bei next-food.net vorbei und bestell dir die essbaren Insekten, die zu dir passen.<\/p>\n","protected":false},"excerpt":{"rendered":"        <div id=\"woocommerce-multi-currency-1\"\r\n             class=\"woocommerce-multi-currency wmc-shortcode plain-horizontal layout3 \"\r\n             data-layout=\"layout3\" data-flag_size=\"0.6\">\r\n            <input type=\"hidden\" class=\"wmc-current-url\" value=\"\/de\/wp-json\/wp\/v2\/product\/10034\">\r\n\t\t\t                <div class=\"wmc-currency wmc-active\">\r\n\t\t\t\t\t                    <a rel=\"nofollow\" title=\"European Union\" class=\"wmc-currency-redirect\"\r\n                       href=\"\/de\/wp-json\/wp\/v2\/product\/10034?wmc-currency=EUR\" data-currency=\"EUR\">\r\n                        <i style=\"transform: scale(0.6); margin: -8px -12px\"\r\n                           class=\"vi-flag-64 flag-eu \"><\/i>\r\n                    <\/a>\r\n                <\/div>\r\n\t\t\t\t                <div class=\"wmc-currency \">\r\n\t\t\t\t\t                    <a rel=\"nofollow\" title=\"Vereinigte Staaten von Amerika (USA)\" class=\"wmc-currency-redirect\"\r\n                       href=\"\/de\/wp-json\/wp\/v2\/product\/10034?wmc-currency=USD\" data-currency=\"USD\">\r\n                        <i style=\"transform: scale(0.6); margin: -8px -12px\"\r\n                           class=\"vi-flag-64 flag-us \"><\/i>\r\n                    <\/a>\r\n                <\/div>\r\n\t\t\t\t        <\/div>\r\n\t\t W\u00e4hrung ausw\u00e4hlen<\/p>\n<p><em>Grille, essbare Insekten<\/em> zubereitet in Tom Yum &#8211; Gryllus Bimaculatus<br \/>\n(Die Tasche von 25 g)<\/p>\n<p>Das ber\u00fchmteste thail\u00e4ndische Gericht auf der ganzen Welt, ein traditionelles Gericht aus Zentralthailand und Laos. In dieser klaren, scharfen und s\u00fc\u00df-sauren Suppe finden wir Zutaten wie Zitronengras, Limettenblatt, Galgant, Chili: eine Mischung aus gesunden Gew\u00fcrzen. Ein Rezept f\u00fcr <em>essbare Insekten<\/em>, zubereitet von unserem K\u00fcchenchef, nach <em>Entomophagie-Art<\/em>, mit Grillen.<\/p>\n","protected":false},"featured_media":10035,"comment_status":"open","ping_status":"closed","template":"","meta":[],"product_brand":[],"product_cat":[370],"product_tag":[],"class_list":{"0":"post-10034","1":"product","2":"type-product","3":"status-publish","4":"has-post-thumbnail","6":"product_cat-flavoured-de","8":"first","9":"instock","10":"shipping-taxable","11":"purchasable","12":"product-type-simple"},"_links":{"self":[{"href":"https:\/\/www.next-food.net\/de\/wp-json\/wp\/v2\/product\/10034","targetHints":{"allow":["GET"]}}],"collection":[{"href":"https:\/\/www.next-food.net\/de\/wp-json\/wp\/v2\/product"}],"about":[{"href":"https:\/\/www.next-food.net\/de\/wp-json\/wp\/v2\/types\/product"}],"replies":[{"embeddable":true,"href":"https:\/\/www.next-food.net\/de\/wp-json\/wp\/v2\/comments?post=10034"}],"wp:featuredmedia":[{"embeddable":true,"href":"https:\/\/www.next-food.net\/de\/wp-json\/wp\/v2\/media\/10035"}],"wp:attachment":[{"href":"https:\/\/www.next-food.net\/de\/wp-json\/wp\/v2\/media?parent=10034"}],"wp:term":[{"taxonomy":"product_brand","embeddable":true,"href":"https:\/\/www.next-food.net\/de\/wp-json\/wp\/v2\/product_brand?post=10034"},{"taxonomy":"product_cat","embeddable":true,"href":"https:\/\/www.next-food.net\/de\/wp-json\/wp\/v2\/product_cat?post=10034"},{"taxonomy":"product_tag","embeddable":true,"href":"https:\/\/www.next-food.net\/de\/wp-json\/wp\/v2\/product_tag?post=10034"}],"curies":[{"name":"wp","href":"https:\/\/api.w.org\/{rel}","templated":true}]}}