{"id":10024,"date":"2015-12-04T13:56:17","date_gmt":"2015-12-04T12:56:17","guid":{"rendered":"https:\/\/www.next-food.net\/product\/aonori-seetang-grillen\/"},"modified":"2025-11-16T18:55:44","modified_gmt":"2025-11-16T17:55:44","slug":"aonori-seetang-grillen","status":"publish","type":"product","link":"https:\/\/www.next-food.net\/de\/produkt\/aonori-seetang-grillen\/","title":{"rendered":"Grillen | Essbare Insekten mit &#8222;Aonori Algen&#8220;"},"content":{"rendered":"<h2>Grillen: Die Aromen der Entomophagie!<\/h2>\n<p>Entomophagen kennen sicherlich den Geschmack der essbaren <em>Grille<\/em>. F\u00fcr diese Zeit lassen sie Sie jedoch zus\u00e4tzlich zu ihren Aromen die von Aonori entdecken, Algen, die reich an Magnesium, Kalzium, Mineralien, Vitaminen A, C, E und B, Aminos\u00e4uren&#8230;<\/p>\n<h2>Ein Insektenrezept nach japanischer Art<\/h2>\n<p>Diese Alge ist bei den Japanern sehr beliebt und verleiht Gerichten ein angenehmes Aroma. So begleitet er regelm\u00e4\u00dfig Sushi. Neben <em>Insektenprotein<\/em> liefern Grillen mit Aonori-Algen N\u00e4hrstoffe, die der Gesundheit sehr zutr\u00e4glich sind. Bestellen Sie jetzt Grillen mit Aonori-Algen auf Next-food.net.<\/p>\n<p>Er eignet sich hervorragend als Aperitif oder als Snack und kann pur als &#8222;<em>Grille<\/em>&#8220; wie Erdn\u00fcsse, Chips oder Kekse genossen oder in eine Sauce Ihrer Wahl getaucht werden. Andererseits ist es notwendig, mit dem \u00dcberma\u00df an Gew\u00fcrzen vorsichtig zu sein, da sonst der Geschmack und das Aroma der Algen \u00fcberdeckt werden k\u00f6nnten. Am Spie\u00df passen sie sehr gut zu Bier<\/p>\n<h3>Nahrungsinsekt: Eine der L\u00f6sungen f\u00fcr unsere zuk\u00fcnftige Ern\u00e4hrung<\/h3>\n<p>Bis 2050 wird die Erde nicht weniger als 9 Milliarden Menschen haben, was eine echte Herausforderung f\u00fcr die Menschheit darstellt. Um den Nahrungsmittelbedarf dieser Bev\u00f6lkerung zu decken, muss die landwirtschaftliche Produktion laut FAO-Angaben lediglich um 70 % steigen. Aus dieser Perspektive wird die Option <strong>Nahrungsinsekten<\/strong> zu einer fast naheliegenden L\u00f6sung.<\/p>\n<p>Durch das Fressen wandeln alle Tiere Nahrung in Eiwei\u00df, Fett und andere N\u00e4hrstoffe um, um an Gewicht zuzunehmen. Die Geschwindigkeit dieser Umwandlung ist bei Insekten ph\u00e4nomenal. F\u00fcr 10 kg Futter d\u00fcrfen beispielsweise Schwein und Huhn 3 kg bzw. 5 kg zunehmen. Die <em>essbaren Insekten<\/em> erreichen 9 kg.<\/p>\n<p>Ohne gesundheitliches Risiko werden die <strong>essbaren Insekten<\/strong>, die wir auf next-food.net anbieten, Sie zum Umdenken bringen. Tats\u00e4chlich werden diese essbaren Insekten unter nat\u00fcrlichen und optimalen Bedingungen aufgezogen.<\/p>\n<p>Unser Prozess und unsere hartn\u00e4ckige Auswahl an <em>essbaren Insekten<\/em> f\u00fchrt dazu, dass wir sie kochen und dann trocknen. Alles in einer absolut umweltbewussten Perspektive.<\/p>\n<p>Au\u00dferdem achten wir sehr darauf, die Aromen und N\u00e4hrwerte des <em>Nahrungsinsekts<\/em> zu bewahren<\/p>\n","protected":false},"excerpt":{"rendered":"        <div id=\"woocommerce-multi-currency-1\"\r\n             class=\"woocommerce-multi-currency wmc-shortcode plain-horizontal layout3 \"\r\n             data-layout=\"layout3\" data-flag_size=\"0.6\">\r\n            <input type=\"hidden\" class=\"wmc-current-url\" value=\"\/de\/wp-json\/wp\/v2\/product\/10024\">\r\n\t\t\t                <div class=\"wmc-currency wmc-active\">\r\n\t\t\t\t\t                    <a rel=\"nofollow\" title=\"European Union\" class=\"wmc-currency-redirect\"\r\n                       href=\"\/de\/wp-json\/wp\/v2\/product\/10024?wmc-currency=EUR\" data-currency=\"EUR\">\r\n                        <i style=\"transform: scale(0.6); margin: -8px -12px\"\r\n                           class=\"vi-flag-64 flag-eu \"><\/i>\r\n                    <\/a>\r\n                <\/div>\r\n\t\t\t\t                <div class=\"wmc-currency \">\r\n\t\t\t\t\t                    <a rel=\"nofollow\" title=\"Vereinigte Staaten von Amerika (USA)\" class=\"wmc-currency-redirect\"\r\n                       href=\"\/de\/wp-json\/wp\/v2\/product\/10024?wmc-currency=USD\" data-currency=\"USD\">\r\n                        <i style=\"transform: scale(0.6); margin: -8px -12px\"\r\n                           class=\"vi-flag-64 flag-us \"><\/i>\r\n                    <\/a>\r\n                <\/div>\r\n\t\t\t\t        <\/div>\r\n\t\t W\u00e4hrung ausw\u00e4hlen<\/p>\n<p><em>Grille, essbare Insekten<\/em> zubereitet mit &#8222;Aonori Algen&#8220; &#8211; Gryllus Bimaculatus<br \/>\n(Die Tasche von 25 g)<\/p>\n<p>F\u00fcr Liebhaber des japanischen Geschmacks hat unser K\u00fcchenchef dieses <em>Insektenfutter<\/em> mit Aonori-Algen zubereitet. Aonori-Algen sind reich an Mineralien wie Kalzium, Magnesium, Lithium sowie Vitaminen und Aminos\u00e4uren: eine perfekte Kombination aus ern\u00e4hrungsphysiologischer Sicht.<\/p>\n<p>Aonori-Seetang verleiht der <em>Grille<\/em> einen &#8222;Jod&#8220;-Geschmack<\/p>\n","protected":false},"featured_media":10025,"comment_status":"open","ping_status":"closed","template":"","meta":[],"product_brand":[],"product_cat":[370],"product_tag":[],"class_list":{"0":"post-10024","1":"product","2":"type-product","3":"status-publish","4":"has-post-thumbnail","6":"product_cat-flavoured-de","8":"first","9":"instock","10":"shipping-taxable","11":"purchasable","12":"product-type-simple"},"_links":{"self":[{"href":"https:\/\/www.next-food.net\/de\/wp-json\/wp\/v2\/product\/10024","targetHints":{"allow":["GET"]}}],"collection":[{"href":"https:\/\/www.next-food.net\/de\/wp-json\/wp\/v2\/product"}],"about":[{"href":"https:\/\/www.next-food.net\/de\/wp-json\/wp\/v2\/types\/product"}],"replies":[{"embeddable":true,"href":"https:\/\/www.next-food.net\/de\/wp-json\/wp\/v2\/comments?post=10024"}],"wp:featuredmedia":[{"embeddable":true,"href":"https:\/\/www.next-food.net\/de\/wp-json\/wp\/v2\/media\/10025"}],"wp:attachment":[{"href":"https:\/\/www.next-food.net\/de\/wp-json\/wp\/v2\/media?parent=10024"}],"wp:term":[{"taxonomy":"product_brand","embeddable":true,"href":"https:\/\/www.next-food.net\/de\/wp-json\/wp\/v2\/product_brand?post=10024"},{"taxonomy":"product_cat","embeddable":true,"href":"https:\/\/www.next-food.net\/de\/wp-json\/wp\/v2\/product_cat?post=10024"},{"taxonomy":"product_tag","embeddable":true,"href":"https:\/\/www.next-food.net\/de\/wp-json\/wp\/v2\/product_tag?post=10024"}],"curies":[{"name":"wp","href":"https:\/\/api.w.org\/{rel}","templated":true}]}}