{"id":10012,"date":"2015-12-04T13:00:52","date_gmt":"2015-12-04T12:00:52","guid":{"rendered":"https:\/\/www.next-food.net\/product\/teriyaki-grillen\/"},"modified":"2025-12-06T10:47:15","modified_gmt":"2025-12-06T09:47:15","slug":"teriyaki-grillen","status":"publish","type":"product","link":"https:\/\/www.next-food.net\/de\/produkt\/teriyaki-grillen\/","title":{"rendered":"Grillen (klein) | Essbare Insekten zubereitet in &#8222;Teriyaki&#8220;"},"content":{"rendered":"<h2>Lecker diese Insekten in Teriyaki<\/h2>\n<p>Die <em>essbaren Grillen<\/em> sind sehr knusprig und haben einen Haselnuss- oder Erdnussgeschmack. Fans der <em>Entomophagie<\/em> essen sie frittiert.<\/p>\n<h3>Essbare Insekten: Eine Sake-Sauce<\/h3>\n<p>Teriyaki begleitet normalerweise japanische Gerichte. Es besteht im Wesentlichen aus mit Mirin ges\u00fc\u00dfter Sojasauce, einer bernsteingelben Mischung, die Sake mit einem Alkoholgehalt zwischen 11 und 18 \u00b0 enth\u00e4lt. Mit sehr dezenten Aromen verst\u00e4rkt es auf angenehme Weise den Geschmack von <em>essbaren Grillen<\/em>.<\/p>\n<p>Grillen mit Teriyaki werden sehr gut als <em>Insekten-Vorspeise<\/em> gegessen. Pr\u00e4sentieren Sie sie einfach auf einer Tasse und lassen Sie die G\u00e4ste sie schmecken.<\/p>\n<p>Eine andere M\u00f6glichkeit, <em>Insekten zu essen<\/em>, besteht darin, bei der Zubereitung Ihrer Paella die Garnelen durch aromatisierte Insekten zu ersetzen. Seine Aromen werden dadurch nicht ver\u00e4ndert. Um dieses Gericht zu einem Erfolg zu machen, entscheiden Sie sich f\u00fcr unsere 25-g-T\u00fctchen mit Teriyaki-Grillen, erh\u00e4ltlich auf next-food.net, einem Online-Shop f\u00fcr <em>essbare Insekten<\/em>.<\/p>\n<h2>Entomophagie: Eine neue Lebensweise!<\/h2>\n<p>Generell haben <em>essbare Insekten<\/em> Vorteile. Aus ern\u00e4hrungsphysiologischer Sicht liefern sie bei gleichem Gewicht mehr Eiwei\u00df als sogenanntes klassisches Fleisch. Dar\u00fcber hinaus sind diese <em>Nahrungsinsekten<\/em> arm an ges\u00e4ttigten Fetts\u00e4uren und enthalten andere wertvolle N\u00e4hrstoffe wie Omega-3-Fetts\u00e4uren, die zum reibungslosen Funktionieren des Herz-Kreislauf-Systems und zur Zellerneuerung beitragen.<\/p>\n<p>Zudem hat die Entomokultur wenig Umweltauswirkungen, weil sie weniger Treibhausgase freisetzt als beispielsweise die Rinder- oder Schweinehaltung. Zudem ben\u00f6tigt die Produktion von essbaren Insekten im Vergleich zur konventionellen Zucht deutlich weniger Platz. Indem Sie also entomophag werden, tragen Sie zum Schutz der Umwelt bei.<\/p>\n<h2>Insektenf\u00fctterung: Die Wahl der Insektenzucht<\/h2>\n<p>Zum Verzehr empfehlen fachkundige <em>Entomophagie<\/em>-Enthusiasten die \u201e<em>K\u00fccheninsekten<\/em>\u201c aus Zucht, die sich durch ihre Qualit\u00e4t auszeichnen. Auf der anderen Seite ist es zwar sehr praktisch, im Garten gefangene Insekten zu kochen, aber das Gesundheitsrisiko, das sie darstellen, ist enorm.<\/p>\n<p>Tats\u00e4chlich k\u00f6nnen sie R\u00fcckst\u00e4nde von Insektiziden enthalten, die gesundheitssch\u00e4dlich sein k\u00f6nnten. Dar\u00fcber hinaus kann sich ein Neophyt irren und ungenie\u00dfbare Insekten verzehren. In diesem Fall ist die Bestellung Ihrer <em>essbaren Grillen<\/em> auf unserer Website next-food.net mehr als eine Garantie, es ist ein Versprechen f\u00fcr Ihre Gesundheit.<\/p>\n","protected":false},"excerpt":{"rendered":"        <div id=\"woocommerce-multi-currency-1\"\r\n             class=\"woocommerce-multi-currency wmc-shortcode plain-horizontal layout3 \"\r\n             data-layout=\"layout3\" data-flag_size=\"0.6\">\r\n            <input type=\"hidden\" class=\"wmc-current-url\" value=\"\/de\/wp-json\/wp\/v2\/product\/10012\">\r\n\t\t\t                <div class=\"wmc-currency wmc-active\">\r\n\t\t\t\t\t                    <a rel=\"nofollow\" title=\"European Union\" class=\"wmc-currency-redirect\"\r\n                       href=\"\/de\/wp-json\/wp\/v2\/product\/10012?wmc-currency=EUR\" data-currency=\"EUR\">\r\n                        <i style=\"transform: scale(0.6); margin: -8px -12px\"\r\n                           class=\"vi-flag-64 flag-eu \"><\/i>\r\n                    <\/a>\r\n                <\/div>\r\n\t\t\t\t                <div class=\"wmc-currency \">\r\n\t\t\t\t\t                    <a rel=\"nofollow\" title=\"Vereinigte Staaten von Amerika (USA)\" class=\"wmc-currency-redirect\"\r\n                       href=\"\/de\/wp-json\/wp\/v2\/product\/10012?wmc-currency=USD\" data-currency=\"USD\">\r\n                        <i style=\"transform: scale(0.6); margin: -8px -12px\"\r\n                           class=\"vi-flag-64 flag-us \"><\/i>\r\n                    <\/a>\r\n                <\/div>\r\n\t\t\t\t        <\/div>\r\n\t\t W\u00e4hrung ausw\u00e4hlen<\/p>\n<p>Kleine <em>Grille, essbare Insekten<\/em> Zubereitet in Teriyaki \u2013 Gryllus Bimaculatus<br \/>\n(Die Tasche von 25 g)<\/p>\n<p>Die <em>Grille<\/em> mit Teriyaki-Sauce-Geschmack. Teriyaki stammt aus Japan. Es ist eine Mischung aus Sojasauce, Zucker, Mirin und Sake, die unseren <em>Insekten zum Fressen<\/em> einen dezenten s\u00fc\u00df-salzigen Geschmack verleiht<\/p>\n","protected":false},"featured_media":10013,"comment_status":"open","ping_status":"closed","template":"","meta":[],"product_brand":[],"product_cat":[370],"product_tag":[],"class_list":{"0":"post-10012","1":"product","2":"type-product","3":"status-publish","4":"has-post-thumbnail","6":"product_cat-flavoured-de","8":"first","9":"outofstock","10":"shipping-taxable","11":"purchasable","12":"product-type-simple"},"_links":{"self":[{"href":"https:\/\/www.next-food.net\/de\/wp-json\/wp\/v2\/product\/10012","targetHints":{"allow":["GET"]}}],"collection":[{"href":"https:\/\/www.next-food.net\/de\/wp-json\/wp\/v2\/product"}],"about":[{"href":"https:\/\/www.next-food.net\/de\/wp-json\/wp\/v2\/types\/product"}],"replies":[{"embeddable":true,"href":"https:\/\/www.next-food.net\/de\/wp-json\/wp\/v2\/comments?post=10012"}],"wp:featuredmedia":[{"embeddable":true,"href":"https:\/\/www.next-food.net\/de\/wp-json\/wp\/v2\/media\/10013"}],"wp:attachment":[{"href":"https:\/\/www.next-food.net\/de\/wp-json\/wp\/v2\/media?parent=10012"}],"wp:term":[{"taxonomy":"product_brand","embeddable":true,"href":"https:\/\/www.next-food.net\/de\/wp-json\/wp\/v2\/product_brand?post=10012"},{"taxonomy":"product_cat","embeddable":true,"href":"https:\/\/www.next-food.net\/de\/wp-json\/wp\/v2\/product_cat?post=10012"},{"taxonomy":"product_tag","embeddable":true,"href":"https:\/\/www.next-food.net\/de\/wp-json\/wp\/v2\/product_tag?post=10012"}],"curies":[{"name":"wp","href":"https:\/\/api.w.org\/{rel}","templated":true}]}}