{"id":10006,"date":"2015-12-04T13:53:12","date_gmt":"2015-12-04T12:53:12","guid":{"rendered":"https:\/\/www.next-food.net\/product\/grillen-satay\/"},"modified":"2025-11-20T23:36:39","modified_gmt":"2025-11-20T22:36:39","slug":"grillen-satay","status":"publish","type":"product","link":"https:\/\/www.next-food.net\/de\/produkt\/grillen-satay\/","title":{"rendered":"Grillen (klein) | Essbare Insekten zubereitet mit &#8222;Satay&#8220;"},"content":{"rendered":"<h2>Insekten zum Essen: Namtok-Grillen<\/h2>\n<p>Zur Freude der Fans der <em>Entomophagie<\/em> und um diejenigen einzuladen, die noch nie <em>essbare Insekten<\/em> gekostet haben, hat unser K\u00fcchenchef Namtok-Grillen zubereitet, ein Rezept, das von einem typischen thail\u00e4ndischen Gericht inspiriert ist.<\/p>\n<h2>Nahrungsinsekten s\u00fc\u00df-sauer mit Minze<\/h2>\n<p>Das <em>Cricket<\/em> Namtok zeichnet sich durch seinen s\u00fc\u00df-sauren Geschmack aus, durch die subtilen Nussnoten, die ihren Ursprung im ger\u00f6steten Reis finden, aus dem das Rezept besteht. Au\u00dferdem verleiht die Frische der Minze <em>essbaren Insekten<\/em> einen Hauch von Leichtigkeit.<\/p>\n<p>Sie eignen sich perfekt als <em>Insekten-Aperitif<\/em> und schmecken nach Erdnuss. Stammg\u00e4ste von <em>essbaren Grillen<\/em> werden keine Probleme haben, sie zu adoptieren. Sie sind sogar eine Gelegenheit, die neuen Geschmacksrichtungen der Namtok-Sauce zu entdecken.<\/p>\n<p>F\u00fcr diejenigen, die zum ersten Mal <em>essbare Insekten<\/em> probieren, ist dieses Produkt eine ausgezeichnete Wahl. Die leichten und leckeren Namtok-Grillen erm\u00f6glichen es Ihnen, essbare Insekten in S\u00fc\u00dfe zu entdecken. Z\u00f6gern Sie also nicht, sie auf next-food.net zu bestellen.<\/p>\n<h3>Entomophagie: ein Trend?<\/h3>\n<p>Das Essen von <em>Insekten<\/em> ist in s\u00fcdostasiatischen L\u00e4ndern mehr als eine kulinarische Gewohnheit. Tats\u00e4chlich stellen <em>Nahrungsinsekten<\/em> eine sehr wichtige Proteinquelle f\u00fcr diese Populationen dar. Dies ist in westlichen L\u00e4ndern nicht der Fall, wo gegrillte Grillen oder <em>Schokolade mit Insekten<\/em> noch nicht wegen ihres wahren Geschmacks und N\u00e4hrwerts gesch\u00e4tzt werden.<\/p>\n<p>Die Mayonnaise beginnt sich jedoch zu verfestigen, und wir k\u00f6nnen sehen, dass der <em>entomophage<\/em> Trend voranschreitet. Tats\u00e4chlich hat die Pr\u00e4sentation essbarer Insekten als Quellen f\u00fcr hochwertiges Protein europ\u00e4ische Unternehmen ermutigt, in den Sektor zu investieren.<\/p>\n<h2>Wo man essbare Insekten kaufen kann<\/h2>\n<p>So finden wir essbare Insektenabteilungen in Superm\u00e4rkten in einigen europ\u00e4ischen L\u00e4ndern oder einen Online-Verkauf von <em>essbaren Insekten<\/em>. Gleichzeitig bieten einige Restaurants eine <em>Insektenverkostung<\/em> an, was die Zahl der Entomophagen vor allem in Frankreich erh\u00f6ht.<\/p>\n<p>Zuerst probierten die meisten von ihnen den Genuss des Insekts w\u00e4hrend einer Reise nach Thailand, Kambodscha, Malaysia, Indonesien, Vietnam&#8230; Sp\u00e4ter bereichern neue Insektenfresser, die von diesem proteinreichen und sehr fettarmen Produkt \u00fcberzeugt sind, die Stammkundschaft. Bestellen auch Sie <em>Apero-Insekten<\/em> auf next-food.net!<\/p>\n","protected":false},"excerpt":{"rendered":"        <div id=\"woocommerce-multi-currency-1\"\r\n             class=\"woocommerce-multi-currency wmc-shortcode plain-horizontal layout3 \"\r\n             data-layout=\"layout3\" data-flag_size=\"0.6\">\r\n            <input type=\"hidden\" class=\"wmc-current-url\" value=\"\/de\/wp-json\/wp\/v2\/product\/10006\">\r\n\t\t\t                <div class=\"wmc-currency wmc-active\">\r\n\t\t\t\t\t                    <a rel=\"nofollow\" title=\"European Union\" class=\"wmc-currency-redirect\"\r\n                       href=\"\/de\/wp-json\/wp\/v2\/product\/10006?wmc-currency=EUR\" data-currency=\"EUR\">\r\n                        <i style=\"transform: scale(0.6); margin: -8px -12px\"\r\n                           class=\"vi-flag-64 flag-eu \"><\/i>\r\n                    <\/a>\r\n                <\/div>\r\n\t\t\t\t                <div class=\"wmc-currency \">\r\n\t\t\t\t\t                    <a rel=\"nofollow\" title=\"Vereinigte Staaten von Amerika (USA)\" class=\"wmc-currency-redirect\"\r\n                       href=\"\/de\/wp-json\/wp\/v2\/product\/10006?wmc-currency=USD\" data-currency=\"USD\">\r\n                        <i style=\"transform: scale(0.6); margin: -8px -12px\"\r\n                           class=\"vi-flag-64 flag-us \"><\/i>\r\n                    <\/a>\r\n                <\/div>\r\n\t\t\t\t        <\/div>\r\n\t\t W\u00e4hrung ausw\u00e4hlen<\/p>\n<p>Kleine <em>Grille, essbare Insekten<\/em> zubereitet mit &#8222;Satay&#8220; \u2013 Gryllus Bimaculatus<br \/>\n(Die Tasche von 25 g)<\/p>\n<p>Die <em>Grille<\/em> mit Satay-Geschmack. Satay (aus Erdn\u00fcssen) aus Java ist ein Nationalgericht, das in S\u00fcdostasien sehr beliebt geworden ist. Rezept aus dem indischen &#8222;Kebab&#8220;, das von muslimischen Kaufleuten gebracht wurde, ist ein Erbe des Nahen Ostens.<\/p>\n<p>Eine hervorragende Mischung aus dem <em>Essbaren Insekt<\/em> und der Erdnuss<\/p>\n","protected":false},"featured_media":10007,"comment_status":"open","ping_status":"closed","template":"","meta":[],"product_brand":[],"product_cat":[370],"product_tag":[],"class_list":{"0":"post-10006","1":"product","2":"type-product","3":"status-publish","4":"has-post-thumbnail","6":"product_cat-flavoured-de","8":"first","9":"outofstock","10":"shipping-taxable","11":"purchasable","12":"product-type-simple"},"_links":{"self":[{"href":"https:\/\/www.next-food.net\/de\/wp-json\/wp\/v2\/product\/10006","targetHints":{"allow":["GET"]}}],"collection":[{"href":"https:\/\/www.next-food.net\/de\/wp-json\/wp\/v2\/product"}],"about":[{"href":"https:\/\/www.next-food.net\/de\/wp-json\/wp\/v2\/types\/product"}],"replies":[{"embeddable":true,"href":"https:\/\/www.next-food.net\/de\/wp-json\/wp\/v2\/comments?post=10006"}],"wp:featuredmedia":[{"embeddable":true,"href":"https:\/\/www.next-food.net\/de\/wp-json\/wp\/v2\/media\/10007"}],"wp:attachment":[{"href":"https:\/\/www.next-food.net\/de\/wp-json\/wp\/v2\/media?parent=10006"}],"wp:term":[{"taxonomy":"product_brand","embeddable":true,"href":"https:\/\/www.next-food.net\/de\/wp-json\/wp\/v2\/product_brand?post=10006"},{"taxonomy":"product_cat","embeddable":true,"href":"https:\/\/www.next-food.net\/de\/wp-json\/wp\/v2\/product_cat?post=10006"},{"taxonomy":"product_tag","embeddable":true,"href":"https:\/\/www.next-food.net\/de\/wp-json\/wp\/v2\/product_tag?post=10006"}],"curies":[{"name":"wp","href":"https:\/\/api.w.org\/{rel}","templated":true}]}}