{"id":10000,"date":"2015-12-04T14:15:00","date_gmt":"2015-12-04T13:15:00","guid":{"rendered":"https:\/\/www.next-food.net\/product\/grillen-suser-chili\/"},"modified":"2025-11-16T18:55:33","modified_gmt":"2025-11-16T17:55:33","slug":"grillen-suser-chili","status":"publish","type":"product","link":"https:\/\/www.next-food.net\/de\/produkt\/grillen-suser-chili\/","title":{"rendered":"Grillen (klein) | Essbare Insekten &#8222;s\u00fc\u00dfer Chili&#8220;"},"content":{"rendered":"<h2>Cricket: Subtilit\u00e4t und Aromen f\u00fcr dieses essbare Insekt<\/h2>\n<p>Die S\u00fc\u00dfe von Zucker und die Sch\u00e4rfe von Chili: Das bietet Ihnen Next-Food in aller Einfachheit, um die ber\u00fchmten essbaren <em>Grillen<\/em> zu w\u00fcrzen. Es ist ein wahrer Leckerbissen f\u00fcr Entomophagen und eine Gelegenheit, die K\u00f6stlichkeiten <em>essbarer Insekten<\/em> f\u00fcr diejenigen zu probieren, die sie noch nie gegessen haben.<\/p>\n<h3>Ideal als Aperitif-Insekt oder Salat<\/h3>\n<p>Um <em>Grillen<\/em> mit Paprika zuzubereiten, w\u00e4hlt Next-Food die besten Exemplare aus seiner umweltbewussten Zucht aus.<\/p>\n<p>Um den Normen zu entsprechen, werden diese <em>Essinsekten<\/em> gekocht, bevor sie getrocknet und in 25-g-Beutel verpackt werden.<\/p>\n<p>Next Food garantiert die Frische von <em>essbaren Insekten<\/em> vor jeder Zubereitung und bewahrt die Authentizit\u00e4t des Geschmacks von essbaren <em>Grillen<\/em>.<\/p>\n<p>Als Aperitif, in der Suppe oder durch die Integration bekannter Rezepte ist dieses <em>essbare Insekt<\/em> ein wunderbarer Ersatz f\u00fcr Chips, Erdn\u00fcsse, Fleisch und sogar Fisch.<\/p>\n<p>Diese <em>Nahrungsinsekten<\/em> sind auf next-food.net erh\u00e4ltlich und bringen Aromen mit sich, die die Geschmacksknospen von Entomophagen erfreuen und Neophyten \u00fcberraschen werden. Um etwas zu bestellen, besuchen Sie next-food.net!<\/p>\n<h2>Entomophagie: Insektenprotein<\/h2>\n<p>Derzeit liefert die intensive Tierhaltung den Gro\u00dfteil des Proteins, das wir weltweit konsumieren. Diese Praxis ist jedoch f\u00fcr ihre Umweltauswirkungen aufgrund von Treibhausgasen und Ammoniak bekannt.<\/p>\n<p>Durch die Entscheidung f\u00fcr die <em>Insektenzucht<\/em> wie die <em>Grille<\/em>, die , die <em>Seidenraupe<\/em>\u2026 verl\u00e4sst sich Next Food auf Praktiken, die viel weniger umweltbelastend und vor allem weniger Energie sind -verbrauchend.<\/p>\n<p>Im Vergleich zur Schweinezucht hat beispielsweise eine <em>Heimchen<\/em>-Zucht 4-mal weniger Kohlendioxid und Lachgas, 5-mal weniger Methan und 10-mal weniger Ammoniak. Au\u00dferdem \u00fcbertragen <em>essbare Insekten<\/em> weniger Krankheiten auf den Menschen. Das Risiko, nach dem Verzehr von <em>Insekten<\/em> <em>gegrillt<\/em> an einer Grippe zu erkranken, ist praktisch nicht vorhanden.<\/p>\n<p>Heute haben wir nicht weniger als 1.400 Arten essbarer Insekten. Viele davon sind uns bekannt. Dies ist bei Grillen, Ameisen, Raupen und Heuschrecken der Fall. Au\u00dferdem gibt es verschiedene M\u00f6glichkeiten, sie zu schmecken. Sie k\u00f6nnen sie im Brei, als Aperitif, in <strong>Insektenschokolade<\/strong>, karamellisiert essen&#8230; Also, kaufen Sie alle Arten von essbaren Insekten auf next-food.net!<\/p>\n","protected":false},"excerpt":{"rendered":"        <div id=\"woocommerce-multi-currency-1\"\r\n             class=\"woocommerce-multi-currency wmc-shortcode plain-horizontal layout3 \"\r\n             data-layout=\"layout3\" data-flag_size=\"0.6\">\r\n            <input type=\"hidden\" class=\"wmc-current-url\" value=\"\/de\/wp-json\/wp\/v2\/product\/10000\">\r\n\t\t\t                <div class=\"wmc-currency wmc-active\">\r\n\t\t\t\t\t                    <a rel=\"nofollow\" title=\"European Union\" class=\"wmc-currency-redirect\"\r\n                       href=\"\/de\/wp-json\/wp\/v2\/product\/10000?wmc-currency=EUR\" data-currency=\"EUR\">\r\n                        <i style=\"transform: scale(0.6); margin: -8px -12px\"\r\n                           class=\"vi-flag-64 flag-eu \"><\/i>\r\n                    <\/a>\r\n                <\/div>\r\n\t\t\t\t                <div class=\"wmc-currency \">\r\n\t\t\t\t\t                    <a rel=\"nofollow\" title=\"Vereinigte Staaten von Amerika (USA)\" class=\"wmc-currency-redirect\"\r\n                       href=\"\/de\/wp-json\/wp\/v2\/product\/10000?wmc-currency=USD\" data-currency=\"USD\">\r\n                        <i style=\"transform: scale(0.6); margin: -8px -12px\"\r\n                           class=\"vi-flag-64 flag-us \"><\/i>\r\n                    <\/a>\r\n                <\/div>\r\n\t\t\t\t        <\/div>\r\n\t\t W\u00e4hrung ausw\u00e4hlen<\/p>\n<p>Kleine <em>Grille, essbare Insekten<\/em> s\u00fc\u00dfer Chili &#8211; Gryllus Bimaculatus<br \/>\n(Die Tasche von 25 g)<\/p>\n<p>Die <em>Grille<\/em> ist ein ausgezeichnetes <em>essbares Insekt<\/em> mit einem s\u00fc\u00dfen Chili . Ein Genuss mit Chili gemischt mit Zucker\u2026 Ein Geschmack von &#8222;reviensy&#8220;!<\/p>\n","protected":false},"featured_media":10001,"comment_status":"open","ping_status":"closed","template":"","meta":[],"product_brand":[],"product_cat":[370],"product_tag":[],"class_list":{"0":"post-10000","1":"product","2":"type-product","3":"status-publish","4":"has-post-thumbnail","6":"product_cat-flavoured-de","8":"first","9":"instock","10":"shipping-taxable","11":"purchasable","12":"product-type-simple"},"_links":{"self":[{"href":"https:\/\/www.next-food.net\/de\/wp-json\/wp\/v2\/product\/10000","targetHints":{"allow":["GET"]}}],"collection":[{"href":"https:\/\/www.next-food.net\/de\/wp-json\/wp\/v2\/product"}],"about":[{"href":"https:\/\/www.next-food.net\/de\/wp-json\/wp\/v2\/types\/product"}],"replies":[{"embeddable":true,"href":"https:\/\/www.next-food.net\/de\/wp-json\/wp\/v2\/comments?post=10000"}],"wp:featuredmedia":[{"embeddable":true,"href":"https:\/\/www.next-food.net\/de\/wp-json\/wp\/v2\/media\/10001"}],"wp:attachment":[{"href":"https:\/\/www.next-food.net\/de\/wp-json\/wp\/v2\/media?parent=10000"}],"wp:term":[{"taxonomy":"product_brand","embeddable":true,"href":"https:\/\/www.next-food.net\/de\/wp-json\/wp\/v2\/product_brand?post=10000"},{"taxonomy":"product_cat","embeddable":true,"href":"https:\/\/www.next-food.net\/de\/wp-json\/wp\/v2\/product_cat?post=10000"},{"taxonomy":"product_tag","embeddable":true,"href":"https:\/\/www.next-food.net\/de\/wp-json\/wp\/v2\/product_tag?post=10000"}],"curies":[{"name":"wp","href":"https:\/\/api.w.org\/{rel}","templated":true}]}}