{"id":20022,"date":"2022-12-03T13:43:27","date_gmt":"2022-12-03T12:43:27","guid":{"rendered":"https:\/\/www.next-food.net\/essbare-insekten-eine-grosse-herausforderung-fuer-unsere-ernaehrungszukunft\/"},"modified":"2022-12-10T21:41:05","modified_gmt":"2022-12-10T20:41:05","slug":"essbare-insekten-eine-grosse-herausforderung-fuer-unsere-ernaehrungszukunft","status":"publish","type":"page","link":"https:\/\/www.next-food.net\/de\/leitfaden-fuer-essbare-insekten\/essbare-insekten-eine-grosse-herausforderung-fuer-unsere-ernaehrungszukunft\/","title":{"rendered":"Essbare Insekten: eine gro\u00dfe Herausforderung f\u00fcr unsere Ern\u00e4hrungszukunft"},"content":{"rendered":"<p>Das <strong>Essen von Insekten<\/strong>, auch bekannt als <strong>Entomophagie<\/strong>, geht auf die Anf\u00e4nge der Menschheit zur\u00fcck. Diese Praxis war jedoch in den meisten westlichen L\u00e4ndern im Laufe der Zeit verloren gegangen, was einem gewissen Ekel gegen\u00fcber diesen kleinen Wirbellosen gewichen ist. Dabei haben sich letztere einen besonderen Platz in den kulinarischen Traditionen und der gastronomischen Kultur vieler L\u00e4nder Asiens, Afrikas und Lateinamerikas erobert.<\/p>\n<p>Allerdings \u00e4ndern sich die Dinge im Westen. In der Tat, seit mehreren Jahren, unter dem Ansto\u00df der FAO (Ern\u00e4hrungs- und Landwirtschaftsorganisation der Vereinten Nationen), <a href=\"https:\/\/www.next-food.net\/de\/leitfaden-fuer-essbare-insekten\/essbare-insekten-der-umfassende-fuehrer-zu-den-kleinen-tieren-die-die-grossen-nicht-fressen\/\"> Essbare Insekten zu essen<\/a> ist inzwischen sowohl in Europa als auch jenseits des Atlantiks zu einem Trend geworden. So sehr, dass es in Frankreich jetzt m\u00f6glich ist, essbare Insekten (Grille, Schmetterlingsraupe, K\u00e4fer, riesige Wasserwanze usw.) <strong>einfach in Gesch\u00e4ften oder an spezialisierten Standorten zu kaufen<\/strong>.<\/p>\n<p>Nahaufnahme dieser kleinen wirbellosen Tiere, die unsere Essgewohnheiten in den kommenden Jahren drastisch ver\u00e4ndern werden.<\/p>\n<p><img decoding=\"async\" class=\"img-responsive\" src=\"https:\/\/www.next-food.net\/wp-content\/uploads\/2018\/12\/nourrir-l-humanite-avec-des-insectes-comestibles-1.jpg\" alt=\"Feeding humanity with edible insects-1\" title=\"\"><\/p>\n<h2>Insektenkonsum in Europa und weltweit<\/h2>\n<p>Roh oder gekocht, ganz oder zu Mehl verzehrt, vervollst\u00e4ndigen essbare Insekten die Ern\u00e4hrung von <strong>2,5 Milliarden entomophagen Menschen auf der Welt<\/strong>. Der Verzehr von Insekten, auch Entomophagie genannt, ist in der Tat eine g\u00e4ngige Praxis in vielen L\u00e4ndern Asiens (Thailand an der Spitze der Liste), Afrikas und Mittelamerikas.<\/p>\n<p>Protein-M\u00fcsliriegel, Wurmpesto, Heuschreckenkekse \u2026 In den USA liegen Lebensmittel auf Insektenbasis im Trend. Grillen und Mehlw\u00fcrmer werden am meisten konsumiert.<\/p>\n<p>Auch in Europa halten essbare Insekten Einzug in die <strong>Ern\u00e4hrungsgewohnheiten der Menschen<\/strong>. Und Grillen sind auf dem alten Kontinent beliebt.<\/p>\n<p>Ausl\u00f6ser war jedenfalls die Ver\u00f6ffentlichung eines FAO-Berichts im Jahr 2013 mit dem Titel \u201eEssbare Insekten: Perspektiven f\u00fcr Ern\u00e4hrungssicherheit und Tierfutter\u201c. Dieses Dokument weist unter anderem darauf hin, dass die Nahrungsmittelproduktion auf globaler Ebene im Jahr 2050 um 70 % gesteigert werden muss, um die dann rund <strong>9 Milliarden Einwohner<\/strong> unseres Planeten zu ern\u00e4hren.<\/p>\n<p>Um dieses Ziel zu erreichen, bef\u00fcrwortet die FAO die <strong>Verwertung essbarer Insekten<\/strong> als Alternative zu Fleisch. Die Produktion der letzteren ist zu gierig nach nat\u00fcrlichen Ressourcen (Energie, Wasser, Getreide usw.).<\/p>\n<p>Es sei darauf hingewiesen, dass die UN und die FAO ihre Kampagne zur Sensibilisierung der Westler f\u00fcr die Entomophagie im Jahr 2008 gestartet haben. Die Europ\u00e4ische Union hat ihrerseits 3 Millionen Euro in die Erforschung und F\u00f6rderung dieser Ern\u00e4hrung investiert 2011.<\/p>\n<p><img decoding=\"async\" class=\"img-responsive\" src=\"https:\/\/www.next-food.net\/wp-content\/uploads\/2018\/12\/nourrir-l-humanite-avec-des-insectes-comestibles-2.jpg\" alt=\"Feeding humanity with edible insects-2\" title=\"\"><\/p>\n<h2>Die ern\u00e4hrungsphysiologischen Vorteile von Insekten<\/h2>\n<p>Lecker (wenn die Vorurteile einmal \u00fcberwunden sind), essbare Insekten scheinen es im Vergleich zu Fleisch, dessen Herstellung zu energieintensiv ist, vor allem in Bezug auf die N\u00e4hrstoffaufnahme und den \u00f6kologischen Fu\u00dfabdruck in sich zu haben. Auch die internationale Wissenschaftsgemeinschaft glaubt, dass sie <strong>DIE L\u00f6sung f\u00fcr eine gesunde und nachhaltige Ern\u00e4hrung der Menschheit<\/strong> sein k\u00f6nnten.<\/p>\n<p>In Bezug auf die Nahrungsaufnahme enthalten essbare Insekten wesentliche N\u00e4hrstoffe, einschlie\u00dflich:<\/p>\n<ul>\n<li><strong>Eiwei\u00df<\/strong>: Sie enthalten mehr Eiwei\u00df als Fleisch. Somit hat die Grille 3-mal mehr als Rindfleisch. Und 20 Gramm gekochte Heuschrecken entsprechen dem Energiewert (Eiwei\u00df plus Fett) eines 110-g-Steaks.<\/li>\n<li><strong>Vitamine<\/strong>: B1, B2, B3, C, D usw.<\/li>\n<li><strong>Mineralien<\/strong>: Calcium, Magnesium, Mangan, Eisen, Phosphor, Zink usw.<\/li>\n<li><strong>Essenzielle Fetts\u00e4uren<\/strong>: Linols\u00e4ure usw.<\/li>\n<li><strong>Ein sehr guter Ballaststoffgehalt: <\/strong>Insekten enthalten mehr als Fleisch, genauso viel wie H\u00fclsenfr\u00fcchte.<\/li>\n<li><strong>Omega-3 und Omega-6.<\/strong><\/li>\n<\/ul>\n<p>Au\u00dferdem sind Insekten relativ arm an ges\u00e4ttigten Fetts\u00e4uren und Cholesterin. Und ihre Lipidwerte k\u00f6nnen von 4 bis 7%.<\/p>\n<p>Wenn Sie auf Di\u00e4t sind, ist es in Ihrem besten Interesse, Heuschrecken-, Heuschrecken- oder Ameisenfleisch in Ihre Ern\u00e4hrung aufzunehmen. Weil diese Insekten Lipidwerte unter 5% haben.<\/p>\n<p>Und Menschen, die unter Mangelern\u00e4hrung leiden, wird empfohlen, Termiten, Mehlw\u00fcrmer und andere Larven zu verzehren.<\/p>\n<p><strong>Hinweis<\/strong>: Die N\u00e4hrstoffzusammensetzung von Insekten ist von Art zu Art sehr unterschiedlich. Einigen Studien zufolge beeinflusst die Nahrung, mit der sie gef\u00fcttert werden, ihr Ern\u00e4hrungsprofil.<\/p>\n<h2>Die verschiedenen Verwendungen von Insekten<\/h2>\n<p>Insekten werden in freier Wildbahn (und insbesondere im Wald) geerntet oder aus verschiedenen Gr\u00fcnden in Massen in Zuchtfarmen gez\u00fcchtet. Dies k\u00f6nnen sein:<\/p>\n<ul>\n<li>Essen.<\/li>\n<li>Wirtschaftlich (z. B. Bienenzucht f\u00fcr Honig und seine Derivate, Seidenraupenzucht).<\/li>\n<li>Landwirtschaft (Z\u00fcchtung von Insekten f\u00fcr den Pflanzenschutz).<\/li>\n<li>Medizinisch (Madentherapie).<\/li>\n<li>Wissenschaftliche Forschung (Pflanzenz\u00fcchtung und chemische Kontrolle).<\/li>\n<li>Bildung und Erholung (Zoos und Schmetterlingsg\u00e4rten).<\/li>\n<li>Spa\u00df (Insekten sammeln, wir reden mehr \u00fcber Entomologie).<\/li>\n<\/ul>\n<h3>Das Insekt, das Wesentliche<\/h3>\n<p>Abgesehen davon, dass sie <strong>hervorragende Nahrung<\/strong> f\u00fcr Mensch und Tier sind, spielen Insekten neben den anderen zuvor erw\u00e4hnten Verwendungen auch eine grundlegende Rolle bei der Aufrechterhaltung des Gleichgewichts der Natur.<\/p>\n<p>Sie beteiligen sich an:<\/p>\n<ul>\n<li>D\u00fcngung des Bodens und Versorgung mit nat\u00fcrlichem D\u00fcnger.<\/li>\n<li>Zur Biokonversion: Zersetzung tierischer Exkremente und Recycling organischer Abf\u00e4lle (durch Fliegen, K\u00e4fer usw.).<\/li>\n<li>Sch\u00e4dlingsbek\u00e4mpfung dank nat\u00fcrlicher biologischer Bek\u00e4mpfung.<\/li>\n<li>Pflanzenreproduktion, dank der Best\u00e4ubung von Pflanzen (durch Bienen, Hummeln usw.), wodurch eine wichtige Rolle in der weltweiten Obst- und Gem\u00fcseproduktion sichergestellt wird.<\/li>\n<li>Zur Biodiversit\u00e4t.<\/li>\n<\/ul>\n<p>Beachten Sie, dass Ameisen auch Entomokultur oder Insektenzucht praktizieren. Sie z\u00fcchten tats\u00e4chlich Hemipteren (Blattl\u00e4use, Wolll\u00e4use, Wanzen), um ihren s\u00fc\u00dfen Honigtau zu sammeln und ihn auch zu essen.<\/p>\n<p><img decoding=\"async\" class=\"img-responsive\" src=\"https:\/\/www.next-food.net\/wp-content\/uploads\/2018\/12\/nourrir-l-humanite-avec-des-insectes-comestibles-3.jpg\" alt=\"Feeding humanity with edible insects-3\" title=\"\"><\/p>\n<h2>Die am meisten konsumierte Art der Welt<\/h2>\n<p>Von den <strong>1,3\u00a0Millionen Insektenarten, die derzeit weltweit gelistet sind<\/strong> (von einer gesch\u00e4tzten Gesamtzahl von 5 bis 80\u00a0Millionen m\u00f6glichen Arten), werden knapp \u00fcber <strong>2.100\u00a0Arten<\/strong> (Zahlen von 2017) ber\u00fccksichtigt <strong>essbar<\/strong> vom Entomophagy Laboratory der Universit\u00e4t Wageningen (Niederlande). Diese Institution ver\u00f6ffentlicht regelm\u00e4\u00dfig eine Weltinsektenliste essbarer Insekten .<\/p>\n<p>Die Hauptgruppen kleiner wirbelloser Arten, die <strong>weltweit am meisten konsumiert<\/strong> werden, sind laut FAO die folgenden, in absteigender Reihenfolge der konsumierten Menge:<\/p>\n<ul>\n<li>K\u00e4fer (31 %): K\u00e4fer.<\/li>\n<li>Lepidoptera (18 %): Schmetterlingsraupen.<\/li>\n<li>Hautfl\u00fcgler (14 %): Bienen, Wespen und Ameisen.<\/li>\n<li>Orthopteren (13 %): Heuschrecken, Heuschrecken und Grillen.<\/li>\n<li>Hemiptera (10 %): Zikaden, Zikaden, Schildl\u00e4use und Bettwanzen.<\/li>\n<li>Isopteren (3 %): Termiten.<\/li>\n<li>Odonata (3%): Libellen.<\/li>\n<li>Diptera (2%): Fliegen.<\/li>\n<li>Andere (6\u00a0%)<\/li>\n<\/ul>\n<p><strong>Gut zu wissen<\/strong>: Die Franzosen verzehren derzeit 12 Tonnen essbare Insekten pro Jahr. Entomophagische Gastronomie liegt im Trend, diese Zahl steigt stetig.<\/p>\n<p><em>Wir empfehlen auch diese anderen Seiten: <\/em><\/p>\n<ul>\n<li><a href=\"https:\/\/www.next-food.net\/de\/leitfaden-fuer-essbare-insekten\/die-vorteile-des-verzehrs-von-insekten-fuer-unsere-gesundheit\/\">Die Vorz\u00fcge essbarer Insekten<\/a><\/li>\n<li><a href=\"https:\/\/www.next-food.net\/de\/leitfaden-fuer-essbare-insekten\/essbare-insekten-die-unsere-teller-fuellen\/\">Essbare-insekten-auf-unseren-tellern<\/a><\/li>\n<li><a href=\"https:\/\/www.next-food.net\/de\/leitfaden-fuer-essbare-insekten\/die-besten-rezepte-mit-essbaren-insekten\/\">Rezepte auf der Basis von essbaren Insekten<\/a><\/li>\n<li><a href=\"https:\/\/www.next-food.net\/de\/leitfaden-fuer-essbare-insekten\/essbare-insekten-essen-wie-sicher\/\">Vorsichtsma\u00dfnahmen vor dem Verzehr von essbaren Insekten<\/a><\/li>\n<\/ul>\n","protected":false},"excerpt":{"rendered":"<p>Das Essen von Insekten, auch bekannt als Entomophagie, geht auf die Anf\u00e4nge der Menschheit zur\u00fcck. Diese Praxis war jedoch in den meisten westlichen L\u00e4ndern im Laufe der Zeit verloren gegangen, was einem gewissen Ekel gegen\u00fcber diesen kleinen Wirbellosen gewichen ist. Dabei haben sich letztere einen besonderen Platz in den kulinarischen Traditionen und der gastronomischen Kultur [&#8230;]\n","protected":false},"author":2087,"featured_media":0,"parent":13723,"menu_order":0,"comment_status":"closed","ping_status":"closed","template":"page-blank-title-center.php","meta":{"footnotes":""},"class_list":["post-20022","page","type-page","status-publish","hentry"],"_links":{"self":[{"href":"https:\/\/www.next-food.net\/de\/wp-json\/wp\/v2\/pages\/20022","targetHints":{"allow":["GET"]}}],"collection":[{"href":"https:\/\/www.next-food.net\/de\/wp-json\/wp\/v2\/pages"}],"about":[{"href":"https:\/\/www.next-food.net\/de\/wp-json\/wp\/v2\/types\/page"}],"author":[{"embeddable":true,"href":"https:\/\/www.next-food.net\/de\/wp-json\/wp\/v2\/users\/2087"}],"replies":[{"embeddable":true,"href":"https:\/\/www.next-food.net\/de\/wp-json\/wp\/v2\/comments?post=20022"}],"version-history":[{"count":0,"href":"https:\/\/www.next-food.net\/de\/wp-json\/wp\/v2\/pages\/20022\/revisions"}],"up":[{"embeddable":true,"href":"https:\/\/www.next-food.net\/de\/wp-json\/wp\/v2\/pages\/13723"}],"wp:attachment":[{"href":"https:\/\/www.next-food.net\/de\/wp-json\/wp\/v2\/media?parent=20022"}],"curies":[{"name":"wp","href":"https:\/\/api.w.org\/{rel}","templated":true}]}}