{"id":20014,"date":"2022-12-03T13:34:32","date_gmt":"2022-12-03T12:34:32","guid":{"rendered":"https:\/\/www.next-food.net\/die-vorteile-des-verzehrs-von-insekten-fuer-unsere-gesundheit\/"},"modified":"2022-12-10T20:23:57","modified_gmt":"2022-12-10T19:23:57","slug":"die-vorteile-des-verzehrs-von-insekten-fuer-unsere-gesundheit","status":"publish","type":"page","link":"https:\/\/www.next-food.net\/de\/leitfaden-fuer-essbare-insekten\/die-vorteile-des-verzehrs-von-insekten-fuer-unsere-gesundheit\/","title":{"rendered":"Die Vorteile des Verzehrs von Insekten f\u00fcr unsere Gesundheit"},"content":{"rendered":"<p>Der <a href=\"https:\/\/www.next-food.net\/de\/leitfaden-fuer-essbare-insekten\/insekten-fuer-die-nahrungsaufnahme-wie-waehlt-man-sie-aus-wo-findet-man-sie-und-zu-welchem-preis\/\" target=\"_blank\" rel=\"noopener\">Insektenkonsum<\/a> ist g\u00e4ngige Praxis in Afrika, S\u00fcdamerika und anderen Teilen der Welt, sondern wird auch in unserem Land allm\u00e4hlich demokratischer, insbesondere weil sie unbestreitbare Vorz\u00fcge f\u00fcr unsere Gesundheit haben. Auch wenn rotes Fleisch wegen seiner kardiovaskul\u00e4ren Risiken verschrien ist, die aktuelle Ern\u00e4hrung es nicht erm\u00f6glicht, gewisse Mangelern\u00e4hrung zu \u00fcberwinden und die Zucht- und Produktionsbedingungen umstritten sind, wird die Entomophagie zu einer immer weiter verbreiteten Konsumform.<\/p>\n<p>In der Tat k\u00f6nnen essbare Insekten uns <strong>viele N\u00e4hrstoffe<\/strong> liefern und manchmal in viel gr\u00f6\u00dferen Mengen als die Lebensmittel, die wir in Frankreich gewohnt sind, je nach Art. <strong>Eiwei\u00dfe, Vitamine, Mineralstoffe, essentielle Fetts\u00e4uren<\/strong>: Alles, was unser K\u00f6rper braucht, um richtig zu funktionieren, liefern Larven und andere Kleintiere.<\/p>\n<p><img decoding=\"async\" class=\"img-responsive\" src=\"https:\/\/www.next-food.net\/wp-content\/uploads\/2018\/12\/les-vertus-des-insectes-comestibles-1.jpg\" alt=\"Les vertus des insectes comestibles-1\" title=\"\"><\/p>\n<h2>Eine unglaubliche Proteinquelle<\/h2>\n<p>Eines der Hauptargumente der Insektenkonsumenten in Bezug auf die ern\u00e4hrungsphysiologischen Vorz\u00fcge ist die Proteinzufuhr. Diese Molek\u00fcle, die in mehrere Unterkategorien unterteilt sind, sind f\u00fcr unseren gesamten Organismus n\u00fctzlich, von Geweben bis zu Organen, einschlie\u00dflich Zellen, Hormonen usw.<\/p>\n<p>Trotz der geringen Gr\u00f6\u00dfe der Insekten sind sie <strong>reich an Protein<\/strong>, oft viel mehr als das Fleisch, an das wir gew\u00f6hnt sind. Wir k\u00f6nnen zum Beispiel Heuschrecken mit ihren 21 Gramm Protein pro 100 Gramm Rohprodukt oder Mehlw\u00fcrmer mit bis zu 24 % und Heimchen mit fast 21 % nennen. Seine Zahlen m\u00f6gen abstrakt erscheinen, aber wenn Sie sie mit der Proteinaufnahme einiger anderer Tiere und Pflanzen vergleichen, verstehen Sie schnell den Wert von Insekten! F\u00fcr die gleiche Menge erhalten Sie eine gleichwertige Proteinaufnahme oder sogar weniger, wenn Sie H\u00fchnchen, Eier oder Lachs verzehren. Essbare Insekten enthalten im Durchschnitt auch mehr Protein als \u00d6lsaaten (zwischen 14 und 22 g) oder H\u00fclsenfr\u00fcchte (im Durchschnitt weniger als 10 %). Allerdings k\u00f6nnen die Aufnahmemengen je nach Art, Entwicklungsstadium, aber auch Ern\u00e4hrung und Haltungsweise stark variieren.<\/p>\n<p>Aber \u00fcber die h\u00f6chste Proteinkonzentration hinaus ist es auch <strong>ihre Zusammensetzung, die f\u00fcr unseren K\u00f6rper interessant ist<\/strong>. Tats\u00e4chlich sind nicht alle Proteine \u200b\u200bgleich, und mehrere Studien konnten zeigen, dass diejenigen, die in essbaren Insekten gefunden werden, vorteilhaft sind:<\/p>\n<ul>\n<li>Die durchschnittlich absorbierte Proteinmenge betr\u00e4gt 90 Gramm bei einer Aufnahme von 100 Gramm.<\/li>\n<li>Diese Produkte enthalten essentielle Aminos\u00e4uren, mindestens so gut wie die in Pflanzen und oft besser als die in Rindfleisch.<\/li>\n<li>Einige Insekten enthalten Proteine, die in keinem anderen Lebensmittel vorkommen. Dies ist der Fall bei Sericin in der Seidenraupe, die f\u00fcr ihre F\u00e4higkeit bekannt ist, bestimmte Mineralien aufzunehmen und schlechtes Cholesterin zu senken.<\/li>\n<\/ul>\n<p><a href=\"https:\/\/www.entomoveproject.com\/nutritional-values-of-insects\/\" target=\"_blank\" rel=\"noopener\">Klicken Sie hier<\/a> f\u00fcr die N\u00e4hrwerte der wichtigsten Esswaren Insekten ohne M\u00e4\u00dfigung auf unseren Tellern zu finden!<\/p>\n<p><img decoding=\"async\" class=\"img-responsive\" src=\"https:\/\/www.next-food.net\/wp-content\/uploads\/2018\/12\/les-vertus-des-insectes-comestibles-2.jpg\" alt=\"Les vertus des insectes comestibles-2\" title=\"\"><\/p>\n<h2>Ein Lebensmittel mit einem hohen Gehalt an unges\u00e4ttigten Fetts\u00e4uren<\/h2>\n<p>Die andere Kategorie essentieller N\u00e4hrstoffe in unserer Ern\u00e4hrung umfasst mehrere Arten von Lipiden. Je nach Art kann der Fettgehalt stark variieren, von 5 % bis \u00fcber 60 % in der Trockenmasse (durchschnittlich 16 %). Man k\u00f6nnte daher meinen, Insekten seien manchmal ein fetthaltiges Lebensmittel, das unserer Gesundheit nicht so gut tun w\u00fcrde. Sie enthalten jedoch <strong>eine gro\u00dfe Mehrheit an unges\u00e4ttigten Fetten<\/strong>, die als &#8222;gutes Fett&#8220; gelten, und essentielle Fetts\u00e4uren, die unser K\u00f6rper nicht selbst herstellen kann. Diese Fetts\u00e4uren, die in ausreichender Menge konsumiert werden, erm\u00f6glichen unserem K\u00f6rper, das Herz-Kreislauf-System zu sch\u00fctzen, gegen Cholesterin zu k\u00e4mpfen, das Nervensystem zum Funktionieren zu bringen usw.<\/p>\n<p>Im Gegensatz zu Schweine-, Lamm- oder Rindfleisch oder bestimmten \u00d6len, die genauso viel oder mehr ges\u00e4ttigte Fetts\u00e4uren als gesunde Lipide enthalten, liefern uns viele Insekten einen Gro\u00dfteil dieser n\u00fctzlichen Lipide. Beispielsweise sind 46 % der von einer Heuschrecke eingebrachten Fette Linols\u00e4uren (Omega-6) und 16 % Alpha-Linols\u00e4uren (Omega-3). Andere Insekten enthalten immer noch eine betr\u00e4chtliche Menge an ges\u00e4ttigten Fetts\u00e4uren, ohne jedoch die Mehrheit darzustellen. Beispielsweise sind 39 % der Lipide einer Termite ges\u00e4ttigt, aber 48 % sind unges\u00e4ttigte Fette. Abh\u00e4ngig von den Bed\u00fcrfnissen und der Ern\u00e4hrung eines Individuums wird es daher notwendig sein, sich unter Ber\u00fccksichtigung ihrer N\u00e4hrwerte eher bestimmten Insektenarten zuzuwenden als anderen. Einige dieser <a href=\"http:\/\/www.fao.org\/3\/a-i3253e.pdf\" target=\"_blank\" rel=\"noopener\">Werte sind aufgelistet und erkl\u00e4rt<\/a> in der Bericht der Ern\u00e4hrungs- und Landwirtschaftsorganisation der Vereinten Nationen aus dem Jahr 2014.<\/p>\n<p><img decoding=\"async\" class=\"img-responsive\" src=\"https:\/\/www.next-food.net\/wp-content\/uploads\/2018\/12\/les-vertus-des-insectes-comestibles-3.jpg\" alt=\"Les vertus des insectes comestibles-3\" title=\"\"><\/p>\n<h2>Essen Sie Insekten, um Vitamin- und Mineralstoffmangel zu vermeiden<\/h2>\n<p>Die Integration von Insekten in Ihre Ern\u00e4hrung kann auch sehr vorteilhaft sein, um sich <strong>mit Mineralien aufzuf\u00fcllen<\/strong> (Kalzium, Eisen, Kalium, Magnesium, Phosphor usw.) und Vitaminen, die in einigen dieser essbaren Tiere vorhanden sind. . Diese Mikron\u00e4hrstoffe sind essentiell f\u00fcr das Wachstum, die Entwicklung von Knochen und Fortpflanzungsorganen, die Immunabwehr und viele andere essentielle Funktionen unseres K\u00f6rpers. Sie sollten jedoch wissen, dass es f\u00fcr eine maximale Aufnahme dieser Mikron\u00e4hrstoffe besser ist, das Insekt als Ganzes zu essen, als sich mit dem Verzehr nur des appetitlichsten Teils zufrieden zu geben!<\/p>\n<h3>Die wichtigsten Mineralien, die durch den Verzehr von Insekten bereitgestellt werden<\/h3>\n<p>Beachten Sie auf der mineralischen Seite den <a href=\"https:\/\/www.researchgate.net\/publication\/270815558_Insects_as_food_and_feed_A_review\" target=\"_blank\" rel=\"noopener\">interessanten Eisengehalt<\/a> der meisten essbaren Insekten. Raupen k\u00f6nnen bis zu 77 mg pro 100 g Trockenmasse enthalten, also 12-mal mehr als Rindfleisch, sowie Kalium und Magnesium. Heuschrecken liefern mindestens 8 mg Eisen pro 100 Gramm Produkt, und Mehlw\u00fcrmer enthalten nachweislich <strong>so viel Eisen wie Rindfleisch<\/strong> und au\u00dferdem Kupfer, Kalium, Zink und andere Mineralien.<\/p>\n<p>Zink ist auch eines der Mineralien, die in gro\u00dfen Mengen in verschiedenen Arten von Larven, K\u00e4fern und anderen Insekten vorkommen. Die Champions sind die Red Runner-Kakerlaken mit 11,8 mg pro 100 g, die R\u00fcsselk\u00e4ferlarven mit 26,5 mg oder die Mopane-Raupe mit 14 mg. Generell k\u00f6nnen wir sagen, dass alle essbaren Insekten eine sehr interessante <strong>Zink-Nahrungsquelle<\/strong> sind.<\/p>\n<p>Calcium ist das drittwichtigste Mineral in Insekten, insbesondere in Grillen (40,7 mg pro 100 g Rohmaterial), Mopane-Raupen (174 mg pro 100 g Trockenmaterial) oder in bestimmten Soldatenarten.<\/p>\n<h3>Die Zufuhr von Vitaminen durch Entomophagie<\/h3>\n<p>Ein weiterer guter Grund, Insekten in unsere Ern\u00e4hrung aufzunehmen, ist ihr Vitamingehalt. Beachten Sie besonders das <strong>Vorhandensein von B-Vitaminen<\/strong>:<\/p>\n<ul>\n<li>Vitamin B1, das f\u00fcr unser Nerven- und Muskelsystem n\u00fctzlich ist, kann bis zu 8,9\u00a0mg pro 100\u00a0g Insekten erreichen.<\/li>\n<li>Vitamin B2, ein weiterer Energielieferant f\u00fcr unseren K\u00f6rper, ist in den meisten dieser kleinen essbaren Tiere enthalten. Pfund f\u00fcr Pfund enthalten beispielsweise Mehlw\u00fcrmer mehr als Rindfleisch.<\/li>\n<li>Vitamin B12 kommt nicht in allen Arten vor, aber die Schabennymphe, der Mehlwurm oder die Grille (vor dem Erwachsenenstadium) sind beispielsweise sehr reich daran.<\/li>\n<\/ul>\n<p>Schlie\u00dflich k\u00f6nnen wir feststellen, dass Vitamin C in mehreren Insekten wie Ameisen vorhanden ist und dass das Vorhandensein von Kalzium in bestimmten auf Insekten basierenden Lebensmitteln eine bessere Aufnahme von Vitamin D durch unseren K\u00f6rper erm\u00f6glicht.<\/p>\n<p><em>Wir empfehlen diese anderen Seiten: <\/em><\/p>\n<ul>\n<li><a href=\"https:\/\/www.next-food.net\/de\/leitfaden-fuer-essbare-insekten\/essbare-insekten-eine-grosse-herausforderung-fuer-unsere-ernaehrungszukunft\/\">Ern\u00e4hrung der Menschheit mit essbaren Insekten<\/a><\/li>\n<li><a href=\"https:\/\/www.next-food.net\/de\/leitfaden-fuer-essbare-insekten\/essbare-insekten-die-unsere-teller-fuellen\/\">Essbare-insekten-auf-unseren-tellern<\/a><\/li>\n<li><a href=\"https:\/\/www.next-food.net\/de\/leitfaden-fuer-essbare-insekten\/die-besten-rezepte-mit-essbaren-insekten\/\">Rezepte auf der Basis von essbaren Insekten<\/a><\/li>\n<li><a href=\"https:\/\/www.next-food.net\/de\/leitfaden-fuer-essbare-insekten\/essbare-insekten-essen-wie-sicher\/\">Vorsichtsma\u00dfnahmen vor dem Verzehr von essbaren Insekten<\/a><\/li>\n<\/ul>\n","protected":false},"excerpt":{"rendered":"<p>Der Insektenkonsum ist g\u00e4ngige Praxis in Afrika, S\u00fcdamerika und anderen Teilen der Welt, sondern wird auch in unserem Land allm\u00e4hlich demokratischer, insbesondere weil sie unbestreitbare Vorz\u00fcge f\u00fcr unsere Gesundheit haben. Auch wenn rotes Fleisch wegen seiner kardiovaskul\u00e4ren Risiken verschrien ist, die aktuelle Ern\u00e4hrung es nicht erm\u00f6glicht, gewisse Mangelern\u00e4hrung zu \u00fcberwinden und die Zucht- und Produktionsbedingungen [&#8230;]\n","protected":false},"author":2087,"featured_media":0,"parent":13723,"menu_order":0,"comment_status":"closed","ping_status":"closed","template":"page-blank-title-center.php","meta":{"footnotes":""},"class_list":["post-20014","page","type-page","status-publish","hentry"],"_links":{"self":[{"href":"https:\/\/www.next-food.net\/de\/wp-json\/wp\/v2\/pages\/20014","targetHints":{"allow":["GET"]}}],"collection":[{"href":"https:\/\/www.next-food.net\/de\/wp-json\/wp\/v2\/pages"}],"about":[{"href":"https:\/\/www.next-food.net\/de\/wp-json\/wp\/v2\/types\/page"}],"author":[{"embeddable":true,"href":"https:\/\/www.next-food.net\/de\/wp-json\/wp\/v2\/users\/2087"}],"replies":[{"embeddable":true,"href":"https:\/\/www.next-food.net\/de\/wp-json\/wp\/v2\/comments?post=20014"}],"version-history":[{"count":0,"href":"https:\/\/www.next-food.net\/de\/wp-json\/wp\/v2\/pages\/20014\/revisions"}],"up":[{"embeddable":true,"href":"https:\/\/www.next-food.net\/de\/wp-json\/wp\/v2\/pages\/13723"}],"wp:attachment":[{"href":"https:\/\/www.next-food.net\/de\/wp-json\/wp\/v2\/media?parent=20014"}],"curies":[{"name":"wp","href":"https:\/\/api.w.org\/{rel}","templated":true}]}}