{"id":20008,"date":"2022-12-03T10:46:29","date_gmt":"2022-12-03T09:46:29","guid":{"rendered":"https:\/\/www.next-food.net\/die-besten-rezepte-mit-essbaren-insekten\/"},"modified":"2022-12-10T20:39:13","modified_gmt":"2022-12-10T19:39:13","slug":"die-besten-rezepte-mit-essbaren-insekten","status":"publish","type":"page","link":"https:\/\/www.next-food.net\/de\/leitfaden-fuer-essbare-insekten\/die-besten-rezepte-mit-essbaren-insekten\/","title":{"rendered":"Die besten Rezepte mit essbaren Insekten"},"content":{"rendered":"<p>Stellen wir uns gemeinsam das Res\u00fcmee einer Kochshow in ein paar Jahren vor: \u201eDamit dieses Rezept gelingt, braucht man 200 Gramm Grillenmehl, etwas Zwiebeln und verschiedenes Gem\u00fcse, 6 Eier und nat\u00fcrlich 4 ganze Heuschrecken usw. &#8222;. Vorfreude oder reine Science-Fiction? Diese Frage ist schwer pauschal zu beantworten&#8230;<\/p>\n<p>Eines scheint jedoch sicher zu sein: <a href=\"https:\/\/www.next-food.net\/de\/leitfaden-fuer-essbare-insekten\/essbare-insekten-eine-grosse-herausforderung-fuer-unsere-ernaehrungszukunft\/\">essbare-insekten zu essen <\/a>ist eine der h\u00e4ufigsten ernsthafte L\u00f6sungen, um <strong>der gesamten Weltbev\u00f6lkerung<\/strong>, die st\u00e4ndig anw\u00e4chst, zu erm\u00f6glichen, <strong>ihren Proteinbedarf zu decken<\/strong>, zus\u00e4tzlich oder anstelle von traditionellem Fleisch. Tats\u00e4chlich hat die Zucht und der Verzehr von essbaren Insekten viele Vorteile, sowohl f\u00fcr die Menschen als auch f\u00fcr den Planeten. <strong>Insekten sind von Natur aus reich an Proteinen, N\u00e4hrstoffen und Vitaminen und bieten auch Produktionsmethoden, die viel umweltschonender sind<\/strong> als die Fleischindustrie. Um die gleiche Menge Protein zu erhalten, ben\u00f6tigt die Aufzucht essbarer Insekten weniger Wasser, weniger Ressourcen, weniger Platz und erzeugt 100-mal weniger Treibhausgasemissionen.<\/p>\n<p>\u00dcberzeugt? Also ab an den Herd!<\/p>\n<p><img decoding=\"async\" class=\"img-responsive\" src=\"https:\/\/www.next-food.net\/wp-content\/uploads\/2018\/12\/des-recettes-a-base-d-insectes-comestibles-1.jpg\" alt=\"Des recettes \u00e0 base d&#039;insectes comestibles-1\" title=\"\"><\/p>\n<h2>Die einfachsten Rezepte: aromatisierte Insekten f\u00fcr die Vorspeise<\/h2>\n<p><strong>Die Vorspeise ist ein ausgezeichneter Einstieg in die Entomophagie<\/strong>, das Essen von essbaren Insekten, weil sie einen spielerischen Aspekt und eine unterhaltsame Herausforderung f\u00fcr diejenigen hinzuf\u00fcgt, die noch nie die Gelegenheit hatten, es zu versuchen und sich ein wenig \u00e4ngstlich f\u00fchlen. Das Starinsekt f\u00fcr den Aperitif ist zweifelsohne die Grille. <strong>Heimchen geh\u00f6ren zu den am meisten verzehrten Insekten der Welt<\/strong>, weil sie im Geschmack klassischen Nahrungsmitteln wie Mandeln und Haseln\u00fcssen \u00e4hneln.<\/p>\n<div>\n<p>Die Hauptinspirationsquelle f\u00fcr die Auswahl der Zutaten, die zum W\u00fcrzen dieser Grillen verwendet werden, stammt aus den L\u00e4ndern, in denen sie regelm\u00e4\u00dfig gegessen werden, n\u00e4mlich Thailand und Indien. Wenn Sie nat\u00fcrliche Grillen haben, finden Sie hier einige Produktideen, mit denen Sie leckere Rezepte erhalten k\u00f6nnen, indem Sie vor dem Servieren eine einfache Marinade zubereiten oder sie direkt auf Ihre Grillen streuen: Basilikum und\/oder Thai-Curry, Limette, Wasabi oder s\u00fc\u00dfer Pfeffer. Essbare Grillen k\u00f6nnen auch mit den in unseren Breiten \u00fcblichen Zutaten und So\u00dfen wie Salz und Essig, Mayonnaise oder einem mehr oder weniger scharfen Ketchup verzehrt werden, wenn Sie eine noch kr\u00e4ftigere Herausforderung suchen und dabei gesellig bleiben m\u00f6chten Sie k\u00f6nnen ganz einfach <strong>einen kleinen Vogelspinnenbraten<\/strong> nach Ihrem Geschmack anbieten oder Ihren G\u00e4sten <strong>einen Salat aus Wanderheuschrecken<\/strong> servieren, der mit Ihren Lieblingszutaten dekoriert ist . Die Heuschrecke ist, ebenso wie die Sorten der essbaren Grillen, ein Lehrbuchbeispiel f\u00fcr das Interesse der Nahrungsaufnahme von Insekten. Tats\u00e4chlich erm\u00f6glicht es seine Zucht zus\u00e4tzlich zu seiner reichhaltigen und vollst\u00e4ndigen Nahrungsaufnahme, dieses beeindruckende Raubtier der Nahrungspflanzen in Afrika in eine \u00f6kologische Proteinquelle zu verwandeln. Zum Abschluss dieser \u00dcbersicht \u00fcber essbare Insekten, die sich besonders gut f\u00fcr einen Aperitif mit Freunden eignen, ist es unm\u00f6glich, den spektakul\u00e4ren schwarzen Skorpion nicht zu erw\u00e4hnen, dessen Geschmack, der an Garnelen erinnert, perfekt zu Limone oder Nuoc-Mam-Sauce passt.<\/p>\n<p><img decoding=\"async\" class=\"img-responsive\" src=\"https:\/\/www.next-food.net\/wp-content\/uploads\/2018\/12\/des-recettes-a-base-d-insectes-comestibles-2.jpg\" alt=\"Des recettes \u00e0 base d&#039;insectes comestibles-2\" title=\"\"><\/p>\n<h2>Echte Gerichte aus Insekten<\/h2>\n<p>Die Hauptinspirationsquelle f\u00fcr die entomophage K\u00fcche kommt direkt aus den asiatischen L\u00e4ndern, in denen Insekten am meisten konsumiert werden, aber wir werden sehen, dass <strong>es auch m\u00f6glich ist, diese Insekten in die franz\u00f6sische K\u00fcche zu integrieren<\/strong>.<\/p>\n<p>Wenn die asiatische K\u00fcche Ihren Gaumen vorab zum Speicheln bringt, empfehlen wir Ihnen dieses leckere Rezept f\u00fcr crickets cambodian Stil, oder dieser Wurm-Wok aus Palmen . Es ist auch sehr einfach, Ihre asiatischen Lieblingsrezepte zuzubereiten, indem Sie gebratene Grillen oder Heuschrecken hinzuf\u00fcgen oder sie als Fleischersatz verwenden im Originalrezept. Um die Empfindungen und Aromen schwarzer Ameisen zu entdecken, verlassen wir Asien und fahren nach Mexiko, um ein paar kindisch einfache Tacos zuzubereiten, bei denen Knoblauch und Zwiebeln zu gebratenen Ameiseneiern hinzugef\u00fcgt werden.<\/p>\n<p>Um die Rezepte der franz\u00f6sischen oder westlichen K\u00fcche an die Entomophagie anzupassen, reicht es im Allgemeinen aus, ein wenig Fantasie und Kreativit\u00e4t zu zeigen. Hier sind einige einfache Beispiele, wie man essbare Insekten konsumiert und kocht:<\/p>\n<ul>\n<li>Um <strong>eine traditionelle Quiche wiederzubeleben<\/strong>, ersetzen Sie den Speck durch kleine Grillen oder Seidenraupen, die Sie in der Pfanne angebraten haben.<\/li>\n<li>Wenn Sie ein gratiniertes Parmentier zubereiten m\u00f6chten, zerstampfen oder p\u00fcrieren Sie essbare Heuschrecken, Grillen oder Zikaden, bis Sie ein P\u00fcree erhalten. Dann in einer Sch\u00fcssel Schichten dieses Insektenp\u00fcrees mit Schichten von Kartoffelp\u00fcree abwechseln, aromatische Kr\u00e4uter einarbeiten, mit K\u00e4se bedecken und backen.<\/li>\n<li>Paella eignet sich auch zum Einarbeiten von Insekten: Ersetzen Sie die Garnelen durch gebratene und gesalzene Skorpione oder Grillen und fertig.<\/li>\n<li>Um <strong>die mediterranen Aromen neu zu entdecken<\/strong>, bereiten Sie wie gewohnt eine Tomatensauce zu, f\u00fcgen Sie einfach fein gehackte Heuschrecken oder Grillen hinzu. Servieren Sie diese Sauce mit Spaghetti oder wei\u00dfem Fisch, um Ihre G\u00e4ste zu \u00fcberraschen und zu \u00fcberraschen.<\/li>\n<\/ul>\n<p>Es scheint auch eine gute Idee zu sein, die wichtige Rolle hervorzuheben, die Grillenmehl beim Kochen und F\u00fcttern von essbaren Insekten spielen kann. Sehr einfach zu verwenden und optisch neutral, kann es mit traditionellem Mehl gemischt werden, um Kuchen und Pizzen zu backen oder hausgemachte Nudeln oder Brot zuzubereiten.<\/p>\n<p><img decoding=\"async\" class=\"img-responsive\" src=\"https:\/\/www.next-food.net\/wp-content\/uploads\/2018\/12\/des-recettes-a-base-d-insectes-comestibles-3.jpg\" alt=\"Des recettes \u00e0 base d&#039;insectes comestibles-3\" title=\"\"><\/p>\n<h2>Und zum Nachtisch ein Insekt?<\/h2>\n<p>Dessertliebhaber, freut euch! <strong>Die Besonderheit bestimmter essbarer Insekten besteht darin, dass sie sich sowohl f\u00fcr herzhafte Rezepte als auch f\u00fcr s\u00fc\u00dfe Zubereitungen eignen<\/strong>. Wie bei herzhaften Speisen ist die einzige Grenze Ihre kulinarische Kreativit\u00e4t und Ihr Geschmack f\u00fcr Geschmacksentdeckungen. Neben Grillenmehl, das sehr einfach durch Mischen mit Weizenmehl eingearbeitet werden kann, ist eine Vielzahl s\u00fc\u00dfer Rezepte denkbar, um die ern\u00e4hrungsphysiologischen Vorteile und den erdnussartigen Geschmack von Grillen, Grillen und Heuschrecken zu nutzen.<\/p>\n<p>Hier sind einige Ideen, wie Sie die s\u00fc\u00dfe K\u00fcche mit essbaren Insekten entdecken oder Ihre F\u00e4higkeiten auf diesem Gebiet perfektionieren k\u00f6nnen: Mischen Sie Grillen in Ihren Pfannkuchenteig, hacken Sie Heuschrecken zu Waffeln oder servieren Sie sogar in Rum flambierte Bananen mit ein paar gegrillten Heuschrecken.<\/p>\n<p>Wenn Schokolade Ihr bester Freund ist, tunken Sie einfach gro\u00dfe Insekten in zuvor im Wasserbad geschmolzene Schokolade und lassen Sie sie dann im K\u00fchlschrank oder im Winter bei Raumtemperatur aush\u00e4rten. Sie werden vom Ergebnis begeistert sein, ein Rezept, das sowohl knusprig als auch k\u00f6stlich ist!<\/p>\n<p><em>Wir empfehlen diese anderen Seiten: <\/em><\/p>\n<ul>\n<li><a href=\"https:\/\/www.next-food.net\/de\/leitfaden-fuer-essbare-insekten\/die-vorteile-des-verzehrs-von-insekten-fuer-unsere-gesundheit\/\">Die Vorz\u00fcge essbarer Insekten<\/a><\/li>\n<li><a href=\"https:\/\/www.next-food.net\/de\/leitfaden-fuer-essbare-insekten\/essbare-insekten-eine-grosse-herausforderung-fuer-unsere-ernaehrungszukunft\/\">Ern\u00e4hrung der Menschheit mit essbaren Insekten<\/a><\/li>\n<li><a href=\"https:\/\/www.next-food.net\/de\/leitfaden-fuer-essbare-insekten\/essbare-insekten-die-unsere-teller-fuellen\/\">Essbare-insekten-auf-unseren-tellern<\/a><\/li>\n<li><a href=\"https:\/\/www.next-food.net\/de\/leitfaden-fuer-essbare-insekten\/essbare-insekten-essen-wie-sicher\/\">Vorsichtsma\u00dfnahmen vor dem Verzehr von essbaren Insekten<\/a><\/li>\n<\/ul>\n<\/div>\n","protected":false},"excerpt":{"rendered":"<p>Stellen wir uns gemeinsam das Res\u00fcmee einer Kochshow in ein paar Jahren vor: \u201eDamit dieses Rezept gelingt, braucht man 200 Gramm Grillenmehl, etwas Zwiebeln und verschiedenes Gem\u00fcse, 6 Eier und nat\u00fcrlich 4 ganze Heuschrecken usw. &#8222;. Vorfreude oder reine Science-Fiction? Diese Frage ist schwer pauschal zu beantworten&#8230; Eines scheint jedoch sicher zu sein: essbare-insekten zu [&#8230;]\n","protected":false},"author":2087,"featured_media":0,"parent":13723,"menu_order":0,"comment_status":"closed","ping_status":"closed","template":"page-blank-title-center.php","meta":{"footnotes":""},"class_list":["post-20008","page","type-page","status-publish","hentry"],"_links":{"self":[{"href":"https:\/\/www.next-food.net\/de\/wp-json\/wp\/v2\/pages\/20008","targetHints":{"allow":["GET"]}}],"collection":[{"href":"https:\/\/www.next-food.net\/de\/wp-json\/wp\/v2\/pages"}],"about":[{"href":"https:\/\/www.next-food.net\/de\/wp-json\/wp\/v2\/types\/page"}],"author":[{"embeddable":true,"href":"https:\/\/www.next-food.net\/de\/wp-json\/wp\/v2\/users\/2087"}],"replies":[{"embeddable":true,"href":"https:\/\/www.next-food.net\/de\/wp-json\/wp\/v2\/comments?post=20008"}],"version-history":[{"count":0,"href":"https:\/\/www.next-food.net\/de\/wp-json\/wp\/v2\/pages\/20008\/revisions"}],"up":[{"embeddable":true,"href":"https:\/\/www.next-food.net\/de\/wp-json\/wp\/v2\/pages\/13723"}],"wp:attachment":[{"href":"https:\/\/www.next-food.net\/de\/wp-json\/wp\/v2\/media?parent=20008"}],"curies":[{"name":"wp","href":"https:\/\/api.w.org\/{rel}","templated":true}]}}