{"id":10491,"date":"2018-04-13T11:27:49","date_gmt":"2018-04-13T10:27:49","guid":{"rendered":"https:\/\/www.next-food.net\/?page_id=10491"},"modified":"2022-12-31T11:59:48","modified_gmt":"2022-12-31T10:59:48","slug":"impressum","status":"publish","type":"page","link":"https:\/\/www.next-food.net\/de\/impressum\/","title":{"rendered":"Impressum"},"content":{"rendered":"<h2 style=\"text-align: center;\">Next-Food Impressum.<\/h2>\n<h2>Begriffe<\/h2>\n<h3>1. Pr\u00e4sentation der Website.<\/h3>\n<p>Nach Artikel 6 des Gesetzes Nr 2004-575 vom 21. Juni 2004 \u00fcber das Vertrauen in die digitale Wirtschaft, ist es f\u00fcr die Nutzer der Website klar <a href=\"https:\/\/www.next-food.net\/\">https:\/\/www.next-food.net\/<\/a> die Identit\u00e4t der verschiedenen Akteure im Rahmen ihrer Durchf\u00fchrung und ihre Folge:<\/p>\n<p>Besitzer : Weiter Lebensmittel FZE, Ras Al Khaimah, Vereinigte Arabische EmirateSch\u00f6pfer : <a href=\"http:\/\/www.francis-leguen.com\/\" target=\"_blank\" rel=\"noopener\">FLG Design<\/a> Ver\u00f6ffentlichen-Manager : Laurent ChellapermalDie offizielle Ver\u00f6ffentlichung ist eine nat\u00fcrliche Person oder eine juristische Person.Partner : <a href=\"http:\/\/www.francis-leguen.com\/\" target=\"_blank\" rel=\"noopener\">Francis Le Guen <\/a>Host- Siteground \u2013 Amsterdam<\/p>\n<h3>2. Nutzungsbedingungen und die angebotenen Dienste.<\/h3>\n<p>Die Nutzung der Website <a href=\"https:\/\/www.next-food.net\/\">https:\/\/www.next-food.net\/<\/a> bedeutet die volle Akzeptanz der allgemeinen Gesch\u00e4ftsbedingungen unter Verwendung beschrieben. Diese Nutzungsbedingungen k\u00f6nnen jederzeit, den Nutzern der Website ge\u00e4ndert werden <a href=\"https:\/\/www.next-food.net\/\">https:\/\/www.next-food.net\/<\/a> sind eingeladen, sie regelm\u00e4\u00dfig zu konsultieren.<\/p>\n<p>Diese Seite ist normalerweise jederzeit Benutzer zug\u00e4nglich. Unterbrechung aufgrund technischer Wartung, kann jedoch bis zum n\u00e4chsten Lebensmittel beschlossen werden, die f\u00fcr die Nutzer vor dem Datum und der Uhrzeit der Intervention zu kommunizieren wird dann bem\u00fchen.<\/p>\n<p>Die Seite https:\/\/www.next-food.net\/ wird regelm\u00e4\u00dfig von Info Pattaya aktualisiert. In \u00e4hnlicher Weise kann der Disclaimer jederzeit ge\u00e4ndert werden: sie ben\u00f6tigt werden, aber der Benutzer darauf verweisen wird ermutigt, so oft wie m\u00f6glich, um bekannt zu werden .<\/p>\n<h3>3. Beschreibung der Dienste zur Verf\u00fcgung gestellt.<\/h3>\n<p>Die Seite <a href=\"https:\/\/www.next-food.net\/\">https:\/\/www.next-food.net\/<\/a> zielt darauf ab, Informationen \u00fcber alle die Aktivit\u00e4ten des Unternehmens zur Verf\u00fcgung zu stellen.<\/p>\n<p>n\u00e4chste Essen ist bestrebt, die Website https:\/\/www.next-food.net\/ Informationen so genau wie m\u00f6glich. Es kann jedoch nicht f\u00fcr Auslassungen, Ungenauigkeiten und M\u00e4ngel bei der Aktualisierung verantwortlich gemacht werden, ob seine Tat oder wegen der externen Partner, die diese Informationen zur Verf\u00fcgung stellen.<\/p>\n<p>Alle Informationen auf der Website aufgef\u00fchrt <a href=\"https:\/\/www.next-food.net\/\">https:\/\/www.next-food.net\/<\/a> sind nur indikativ und unterliegen \u00c4nderungen. Des Weiteren werden die Informationen auf der Website https:\/\/www.next-food.net\/ sind nicht ersch\u00f6pfend. Sie werden gegeben vorbehaltlich \u00c4nderungen vorgenommen werden, da sie online sind.<\/p>\n<h3>4. Vertragliche Beschr\u00e4nkungen f\u00fcr die technischen Daten.<\/h3>\n<p>Die Seite verwendet JavaScript-Technologie .<\/p>\n<p>Die Website ist nicht verantwortlich f\u00fcr Sch\u00e4den an der Nutzung der Website bezogen werden gehalten. Dar\u00fcber hinaus verpflichtet sich die Site-Benutzer Zugriff auf die Website mit modernsten Ger\u00e4ten, nicht-Virus und mit einem aktuellen Browser up-to-date mit<\/p>\n<h3>5. Geistiges Eigentum und F\u00e4lschung.<\/h3>\n<p>besitzt neben Nahrung, die geistigen Eigentumsrechte oder Rechte hat alle Elemente zu verwenden, auf der Website, einschlie\u00dflich Text, Bilder, Grafiken, Logos, Symbole , T\u00f6ne und Software.<\/p>\n<p>Die Vervielf\u00e4ltigung, Bearbeitung, Ver\u00f6ffentlichung, Anpassung aller oder einige Elemente der Website, unabh\u00e4ngig von den Mitteln oder Verfahren, ist ohne vorherige schriftliche Genehmigung ist verboten : Next-Lebensmittel .<\/p>\n<p>Jede unbefugte Nutzung der Website oder eines ihrer Materialien einen Versto\u00df dar und gem\u00e4\u00df den Artikeln verfolgt werden als L.335- 2 und folgende des geistigen Eigentum.<\/p>\n<h3>6. Haftungsbeschr\u00e4nkungen.<\/h3>\n<p>n\u00e4chste Essen haftet nicht f\u00fcr direkte oder indirekte Sch\u00e4den an der Ausr\u00fcstung Benutzer gehalten werden, beim Zugriff auf http: \/\/www.next-food .net \/, und die sich aus der Verwendung von Ger\u00e4ten die nicht den Spezifikationen von Abschnitt 4 oder das Auftreten eines Fehlers oder Unvertr\u00e4glichkeit.<\/p>\n<p>n\u00e4chste Essen haftet nicht f\u00fcr Folgesch\u00e4den gehalten werden (zB wie der Verlust von Markt oder Verlust der M\u00f6glichkeit) aus der Nutzung der Website entstehen <a href=\"https:\/\/www.next-food.net\/\">https:\/\/www.next-food.net\/<\/a>.<\/p>\n<p>Interaktive R\u00e4ume (M\u00f6glichkeit, Fragen in den Raum Kontakt zu fragen) sind den Benutzern zur Verf\u00fcgung. n\u00e4chste Lebensmittel beh\u00e4lt sich das Recht vor, zu entfernen, ohne vorherige Ank\u00fcndigung, alle Inhalte in diesem Bereich ver\u00f6ffentlicht, die das anwendbare Recht in Frankreich, insbesondere die Bestimmungen \u00fcber den Datenschutz verletzen w\u00fcrde. Falls zutreffend, neben Nahrung beh\u00e4lt auch die M\u00f6glichkeit, die zivil- und \/ oder strafrechtliche Benutzer herauszufordern, insbesondere in F\u00e4llen von post rassistische, beleidigende, verleumderische oder pornografische, was auch immer das verwendete Medium (Text, Fotografie \u2026).<\/p>\n<h3>7. Verwaltung pers\u00f6nlicher Daten.<\/h3>\n<p>In Frankreich werden die personenbezogenen Daten besonders gesch\u00fctzt durch das Gesetz n \u00b0 78-87 vom 6. Januar 1978, Gesetz Nr 2004-801 vom 6. August 2004, Artikel L. 226-13 des Strafgesetzbuches und der Europ\u00e4ischen Richtlinie vom 24. Oktober 1995<\/p>\n<p>Anl\u00e4sslich der Website der Verwendung von <a href=\"https:\/\/www.next-food.net\/\">https:\/\/www.next-food.net\/<\/a> gesammelt werden k\u00f6nnen: URL-Links, \u00fcber die der Benutzer auf die Website zugreifen https:\/\/www.next-food.net \/ ISP des Benutzers, das Internet-Protokoll (IP) Adresse des Benutzers.<\/p>\n<p>In jedem der n\u00e4chsten Food-Veranstaltung sammelt pers\u00f6nliche Informationen \u00fcber den Benutzer und die Notwendigkeit f\u00fcr bestimmte Dienstleistungen, die von der Website angeboten <a href=\"https:\/\/www.next-food.net\/\">https:\/\/www.next-food.net\/<\/a> . Der Benutzer sieht vor, dass Informationen mit voller Kenntnis der Tatsachen, vor allem, wenn sich die Durchf\u00fchrung zu erfassen. Es wird gesagt, dann auf die Website vom Benutzer https:\/\/www.next-food.net\/ oder nicht die Verpflichtung, solche Informationen zu liefern .<\/p>\n<p>In \u00dcbereinstimmung mit Artikel 38 und folgende des Gesetzes 78-17 vom 6. Januar 1978 \u00fcber Computer, Dateien und Freiheiten hat jeder Benutzer ein Recht Zugriff, Berichtigung und Widerspruch zu den personenbezogenen Daten \u00fcber ihn, durch eine schriftliche und unterschriebene Antrag gestellt, eine Kopie des Ausweises mit Unterschrift des Inhabers Teil begleitet, unter Angabe der Adresse, an die der beantworten gesendet werden.<\/p>\n<p>keine pers\u00f6nlichen Daten des Site-Benutzer <a href=\"https:\/\/www.next-food.net\/\">next-food.net<\/a> ist ohne das Wissen des Benutzers ver\u00f6ffentlicht, tauschte, \u00fcbertragen, abgetreten oder auf einem St\u00e4nder verkauft dritte. Nur die Annahme der Erl\u00f6sung n\u00e4chsten Nahrung und Rechte die \u00dcbermittlung dieser Informationen an die potentiellen K\u00e4ufer erlauben, die wiederum die gleiche Verpflichtung gegeben w\u00fcrde, zu speichern und \u00c4ndern von Daten in Bezug auf den Benutzer <a href=\"https:\/\/www.next-food.net\/\">www.next-food.net<\/a><\/p>\n<p>Die Seite ist nicht auf die CNIL, da es keine pers\u00f6nlichen Informationen sammelt. .<\/p>\n<p>werden die Datenbanken von den Bestimmungen des Gesetzes vom 1. Juli 1998 zur Umsetzung der Richtlinie 96\/9 vom 11. M\u00e4rz 1996 \u00fcber den rechtlichen Schutz von Datenbanken gesch\u00fctzt.<\/p>\n<h3>8. Hypertext-Links und Cookies.<\/h3>\n<p>Die Seite <a href=\"https:\/\/www.next-food.net\/\">https:\/\/www.next-food.net\/<\/a> enth\u00e4lt eine Reihe von Hypertext-Links zu anderen Seiten, mit dem n\u00e4chsten Essen Genehmigung eingerichtet. Allerdings hat n\u00e4chste Lebensmittel keine M\u00f6glichkeit, den Inhalt der besuchten Seiten zu \u00fcberpr\u00fcfen und dementsprechend keine Haftung daher annehmen.<\/p>\n<p>Die Site-Navigation <a href=\"https:\/\/www.next-food.net\/\">https:\/\/www.next-food.net\/<\/a> Fall kann die Installation des Cookie (s) auf dem Computer des Benutzers. Ein Cookie ist eine kleine Datei, die nicht Identifikation des Benutzers zul\u00e4sst, aber die Aufzeichnungen Informationen \u00fcber die Navigation von einem Computer auf einer Website. Die gewonnenen Daten sollen nachfolgende Browsen der Website zu erleichtern, und auch verschiedene Ma\u00dfnahmen f\u00fcr die Teilnahme zu erm\u00f6glichen.<\/p>\n<p>Installation Die Ablehnung eines Cookies kann es unm\u00f6glich machen, bestimmte Dienste zuzugreifen. Allerdings k\u00f6nnen Benutzer ihre Computer so konfigurieren, wie folgt die Installation der Cookies zu verweigern:<\/p>\n<p>Im Internet Explorer: Registerkarte Werkzeug (oben cog f\u00f6rmige Symbol auf der rechten Seite) \/ Internetoptionen. Klicken Sie auf Datenschutz und w\u00e4hlen Alle Cookies blockieren. Dr\u00fccken Sie OK.<\/p>\n<p>In Firefox: die oben im Browser-Fenster klicken Sie auf die Schaltfl\u00e4che Firefox, dann auf den Reiter Optionen. Klicken Sie auf die Registerkarte Datenschutz. Set Erhaltung Regeln: Verwenden Sie benutzerdefinierte Einstellungen f\u00fcr die Geschichte. Schlie\u00dflich deaktivieren Sie Cookies deaktivieren.<\/p>\n<p>Auf Safari: Klicken Sie auf das oben rechts im Browser auf das Men\u00fc-Symbol (durch ein Rad symbolisiert). W\u00e4hlen Sie Einstellungen. Klicken Sie auf Erweiterte Einstellungen anzeigen. Im Abschnitt \u201eDatenschutz\u201c auf Inhaltseinstellungen. Im Abschnitt \u201eCookies\u201c, k\u00f6nnen Sie Cookies blockieren.<\/p>\n<p>In Chrome: Klicken Sie auf das oben rechts im Browser auf das Men\u00fc-Symbol (symbolisiert durch drei horizontale Linien). W\u00e4hlen Sie Einstellungen. Klicken Sie auf Erweiterte Einstellungen anzeigen. Im Abschnitt \u201eDatenschutz\u201c auf Einstellungen. In der Registerkarte \u201eDatenschutz\u201c, k\u00f6nnen Sie Cookies blockieren.<\/p>\n<h3>9. geltendes Recht und die Gerichtsbarkeit.<\/h3>\n<p>F\u00fcr alle Streitigkeiten im Zusammenhang mit der Nutzung der Website https:\/\/www.next-food.net\/ ist auf franz\u00f6sisch Recht. Es wird den zust\u00e4ndigen Gerichten von Paris ausschlie\u00dflich zust\u00e4ndig.<\/p>\n<h3>10. Die wichtigsten Gesetze betroffen.<\/h3>\n<p>Gesetz Nr 78-87 vom 6. Januar 1978, einschlie\u00dflich ge\u00e4ndert durch das Gesetz Nr 2004-801 vom 6. August 2004 \u00fcber Daten, Dateien und Freiheiten.<\/p>\n<p>Gesetz n \u00b0 2004-575 vom 21. Juni 2004 \u00fcber das Vertrauen in die digitale Wirtschaft .<\/p>\n<h3>11. Lexikon.<\/h3>\n<p>Benutzer: Internet zu verbinden, die oben genannte Website mit .Pers\u00f6nliche Informationen: \u201eInformationen, die jede Form auch immer, direkt oder indirekt, die Identifizierung von Personen, an die sie anwenden k\u00f6nnen\u201c (Artikel 4 des Gesetz Nr 78-17 vom 6. Januar 1978).<\/p>\n<p><!-- 5b7cdbbc3eadf76443e6d783f59acbeb --><\/p>\n","protected":false},"excerpt":{"rendered":"<p>Next-Food Impressum. Begriffe 1. Pr\u00e4sentation der Website. Nach Artikel 6 des Gesetzes Nr 2004-575 vom 21. Juni 2004 \u00fcber das Vertrauen in die digitale Wirtschaft, ist es f\u00fcr die Nutzer der Website klar https:\/\/www.next-food.net\/ die Identit\u00e4t der verschiedenen Akteure im Rahmen ihrer Durchf\u00fchrung und ihre Folge: Besitzer : Weiter Lebensmittel FZE, Ras Al Khaimah, Vereinigte [&#8230;]\n","protected":false},"author":1527,"featured_media":0,"parent":0,"menu_order":0,"comment_status":"closed","ping_status":"closed","template":"","meta":{"footnotes":""},"class_list":["post-10491","page","type-page","status-publish","hentry"],"_links":{"self":[{"href":"https:\/\/www.next-food.net\/de\/wp-json\/wp\/v2\/pages\/10491","targetHints":{"allow":["GET"]}}],"collection":[{"href":"https:\/\/www.next-food.net\/de\/wp-json\/wp\/v2\/pages"}],"about":[{"href":"https:\/\/www.next-food.net\/de\/wp-json\/wp\/v2\/types\/page"}],"author":[{"embeddable":true,"href":"https:\/\/www.next-food.net\/de\/wp-json\/wp\/v2\/users\/1527"}],"replies":[{"embeddable":true,"href":"https:\/\/www.next-food.net\/de\/wp-json\/wp\/v2\/comments?post=10491"}],"version-history":[{"count":0,"href":"https:\/\/www.next-food.net\/de\/wp-json\/wp\/v2\/pages\/10491\/revisions"}],"wp:attachment":[{"href":"https:\/\/www.next-food.net\/de\/wp-json\/wp\/v2\/media?parent=10491"}],"curies":[{"name":"wp","href":"https:\/\/api.w.org\/{rel}","templated":true}]}}