{"id":10441,"date":"2018-03-22T12:07:24","date_gmt":"2018-03-22T11:07:24","guid":{"rendered":"https:\/\/www.next-food.net\/about-us\/"},"modified":"2023-10-01T23:21:32","modified_gmt":"2023-10-01T22:21:32","slug":"uber-next-food","status":"publish","type":"page","link":"https:\/\/www.next-food.net\/de\/uber-next-food\/","title":{"rendered":"\u00dcber uns"},"content":{"rendered":"\n\t<section class=\"section\" id=\"section_1160913624\">\n\t\t<div class=\"section-bg fill\" >\n\t\t\t\t\t\t\t\t\t\n\t\t\t\n\n\t\t<\/div>\n\n\t\t\n\n\t\t<div class=\"section-content relative\">\n\t\t\t\n<div class=\"row\"  id=\"row-277310516\">\n\n\t<div id=\"col-2066029484\" class=\"col small-12 large-12\"  >\n\t\t\t\t<div class=\"col-inner text-center\"  >\n\t\t\t\n\t\t\t\n\t<div id=\"text-1333525853\" class=\"text\">\n\t\t\n<h2>\u00dcber Next-Food<\/h2>\n\t\t\n<style>\n#text-1333525853 {\n  font-size: 1.5rem;\n  line-height: 1.9;\n  text-align: center;\n}\n<\/style>\n\t<\/div>\n\t\n\t<div id=\"text-1799342362\" class=\"text\">\n\t\t\n<p>Next-Food ist die Nummer 1 der Hersteller und Vertreiber im internationalen Gesch\u00e4ft mit essbaren Insekten! Seit 2013 haben wir Techniken der entomo Kultur und Genossenschaften der nachhaltigen Wirtschaft entwickelt, um Ihnen das Beste der essbaren Insekten zu bieten. Auf der Grundlage einer umweltbewussten Kultur haben wir unseren Betrieb mit hohen Standards entwickelt, um die R\u00fcckverfolgbarkeit zu gew\u00e4hrleisten.<\/p>\n\t\t\n<style>\n#text-1799342362 {\n  text-align: left;\n}\n<\/style>\n\t<\/div>\n\t\n\t<div id=\"text-1051545783\" class=\"text\">\n\t\t\n<p>Unser Anbau- und Trocknungsverfahren ist umweltfreundlich, verwendet keine Chemikalien und wird nach strengen Verfahren und mehreren Qualit\u00e4tskontrollen durchgef\u00fchrt. Unsere thail\u00e4ndische Farm verwendet f\u00fcr die Aufzucht der Grillen keinen Strom und ist daher sehr umweltfreundlich. Wegen der Feuchtigkeit ist keine Klimatisierung erforderlich, und die Insekten werden in einem energiefreien D\u00f6rrger\u00e4t getrocknet. Die Insekten sind dehydriert, k\u00f6nnen aber wieder hydratisiert werden, indem man sie 10-15 Minuten in kochendes Wasser legt. Ein nachhaltiger Betrieb garantiert die beste Qualit\u00e4t der essbaren Insekten.<\/p>\n<p>Wir sind weltweit f\u00fcr die hohe Qualit\u00e4t unserer essbaren Insekten bekannt, und unsere breite Palette an verzehrfertigen Produkten ist verpackt und bereit f\u00fcr den Export. Unsere Stammkunden befinden sich in Europa, den USA und Australasien.<\/p>\n\t\t\n<style>\n#text-1051545783 {\n  text-align: left;\n}\n<\/style>\n\t<\/div>\n\t\n\t\t<\/div>\n\t\t\t\t\n<style>\n#col-2066029484 > .col-inner {\n  padding: 15px 0px 0px 0px;\n}\n<\/style>\n\t<\/div>\n\n\t\n<\/div>\n<div class=\"row align-middle\"  id=\"row-640956362\">\n\n\t<div id=\"col-1845212686\" class=\"col medium-8 small-12 large-8\"  >\n\t\t\t\t<div class=\"col-inner\"  >\n\t\t\t\n\t\t\t\n\t<div id=\"text-190507273\" class=\"text\">\n\t\t\n\t\t\n<style>\n#text-190507273 {\n  font-size: 1.5rem;\n  line-height: 1.9;\n  text-align: left;\n}\n<\/style>\n\t<\/div>\n\t\n<p>Nach Abschluss meines Studiums der Aquakultur interessierte ich mich nach einer Reise nach Thailand f\u00fcr die Zucht von Insekten. Zun\u00e4chst dachte ich daran, ein Futter auf Fisch-Insekten-Basis zu entwickeln, um die Auswirkungen der Aufnahme von tierischem Eiwei\u00df zu verringern. Nach weiteren Recherchen in Dokumenten der FAO wurde mir klar, dass der Verzehr von essbaren Insekten durch den Menschen vielleicht eine Zukunft hat. Also habe ich beschlossen, das Aquakulturprojekt beiseite zu legen und das Entomophagieprojekt zu starten.<\/p>\n<p>Nach einem Jahr Forschung, um einen \u00d6ko-Bauernhof einzurichten und Techniken f\u00fcr die Aufzucht und Aufbereitung der Produkte zu entwickeln, begann ich mit dem Gro\u00dfhandel in Europa.<\/p>\n<p>Ich habe in Australien einen Abschluss in Management von Br\u00fctereien gemacht und wurde in nachhaltiger Wirtschaft und Umweltschutz ausgebildet. Deshalb habe ich Thailand als Standort f\u00fcr unsere Farm gew\u00e4hlt, wo die Temperatur konstant um die 30 \u00b0C liegt und keine Temperaturkontrolle erforderlich ist. Dort werden Grillen im Freien aufgezogen und es wird keine Energie ben\u00f6tigt. F\u00fcr die Entw\u00e4sserung von Produkten habe ich mich nach weiteren Recherchen \u00fcber die verf\u00fcgbaren Einrichtungen f\u00fcr 100% nat\u00fcrliche Energie entschieden. Im Gegensatz zur Gefriertrocknung, die 2 kWh\/kg verbraucht, oder zur elektrischen Dehydratisierung.<\/p>\n\t\t<\/div>\n\t\t\t\t\t<\/div>\n\n\t\n\n\t<div id=\"col-1075207503\" class=\"col medium-4 small-12 large-4\"  >\n\t\t\t\t<div class=\"col-inner\"  >\n\t\t\t\n\t\t\t\n<div class=\"uxb-no-content uxb-image\">Upload Image...<\/div>\n\t\t<\/div>\n\t\t\t\t\t<\/div>\n\n\t\n<\/div>\n<div class=\"row\"  id=\"row-878833782\">\n\n\t<div id=\"col-1987380801\" class=\"col small-12 large-12\"  >\n\t\t\t\t<div class=\"col-inner\"  >\n\t\t\t\n\t\t\t\n\t<div id=\"text-2244790146\" class=\"text\">\n\t\t\n<h2>Warum Insekten essen?<\/h2>\n\t\t\n<style>\n#text-2244790146 {\n  font-size: 1.5rem;\n  line-height: 1.9;\n  text-align: center;\n}\n<\/style>\n\t<\/div>\n\t\n\t<div id=\"text-3937426142\" class=\"text\">\n\t\t\n<p>Der Verzehr von Insekten geht auf die Anf\u00e4nge der Menschheit zur\u00fcck, ist aber auch sehr aktuell&#8230; Die Entomophagie, also der Verzehr von Insekten, geh\u00f6rt zu den Traditionen vieler Zivilisationen, aber heute verzehren etwa 2,5 Milliarden Menschen auf der Welt t\u00e4glich Insekten. 1.400 Arten von Insekten und W\u00fcrmern werden von Menschen in fast 90 L\u00e4ndern auf verschiedenen Kontinenten gegessen.<\/p>\n<p>Mehrere neuere Studien haben die Forschung \u00fcber den Verzehr von Insekten angeregt, darunter auch die FAO, deren Ziel es ist, die Unterern\u00e4hrung dank des Beitrags von Insekten zu bek\u00e4mpfen.<\/p>\n<p>Essbare Insekten-1-5 Sch\u00e4tzungen zufolge geh\u00f6ren Insekten f\u00fcr mindestens 2 Milliarden Menschen zu den traditionellen Mahlzeiten. Mehr als 1.900 Arten werden als menschliche Nahrung bezeichnet. Insekten erbringen zahlreiche \u00f6kologische Leistungen, die f\u00fcr das \u00dcberleben der Menschheit von grundlegender Bedeutung sind.<\/p>\n<p>Essbare Insekten spielen auch eine wichtige Rolle bei der Pflanzenvermehrung durch Best\u00e4ubung, verbessern die Fruchtbarkeit des Bodens durch die Biokonversion von Abf\u00e4llen, bek\u00e4mpfen Sch\u00e4dlinge mit nat\u00fcrlichen biologischen Mitteln und liefern eine Vielzahl von Produkten wie Honig, Seide und Arzneimittel.<\/p>\n<p>Die weltweit am h\u00e4ufigsten verzehrten Insekten sind K\u00e4fer (31 %), Raupen (18 %), Bienen, Wespen und Ameisen (14 %). Dann gibt es Heuschrecken, Heuschrecken und Grillen (13 %), Zikaden, Blatth\u00fcpfer, Schildl\u00e4use und Wanzen (10 %), Termiten (3 %), Libellen (3 %), Fliegen (2 %) und Insekten, die zu anderen Ebenen geh\u00f6ren (5 %). Wir bieten eine breite Palette an essbaren Insekten an, die nach einem strengen Verfahren und mehreren Qualit\u00e4tskontrollen entwickelt werden. Alle unsere Produkte werden f\u00fcr den Export und Import in Europa, den USA, Australien und Asien verpackt. Z\u00f6gern Sie nicht, Vertriebspartner f\u00fcr unsere Produkte zu werden.<\/p>\n\t\t\n<style>\n#text-3937426142 {\n  text-align: left;\n}\n<\/style>\n\t<\/div>\n\t\n<div class=\"row\"  id=\"row-1369469917\">\n\n\t<div id=\"col-964805131\" class=\"col small-12 large-12\"  >\n\t\t\t\t<div class=\"col-inner\"  >\n\t\t\t\n\t\t\t\n\t\t<\/div>\n\t\t\t\t\t<\/div>\n\n\t\n<\/div>\n\t<div id=\"text-3793394356\" class=\"text\">\n\t\t\n<p>Nach Angaben der FAO (Ern\u00e4hrungs- und Landwirtschaftsorganisation der Vereinten Nationen) werden im Jahr 2050 9-10 Milliarden Menschen auf der Erde leben. Unser derzeitiges System wird unseren Ern\u00e4hrungsbed\u00fcrfnissen nicht mehr gerecht. Hier kann die Entomophagie als L\u00f6sung gew\u00e4hlt werden.<\/p>\n\t\t\n<style>\n#text-3793394356 {\n  text-align: left;\n}\n<\/style>\n\t<\/div>\n\t\n\t\t<\/div>\n\t\t\t\t\t<\/div>\n\n\t\n<\/div>\n<div class=\"row\"  id=\"row-1806983609\">\n\n\t<div id=\"col-1295475490\" class=\"col small-12 large-12\"  >\n\t\t\t\t<div class=\"col-inner\"  >\n\t\t\t\n\t\t\t\n\t<div id=\"text-3786296614\" class=\"text\">\n\t\t\n<h3>Gesundheitliche Vorteile<\/h3>\n<ul>\n<li>Insekten sind gesunde Nahrungsalternativen.<\/li>\n<li>Viele Insekten sind reich an Proteinen und guten Fetten und haben einen hohen Gehalt an Kalzium, Eisen und Zink.<\/li>\n<\/ul>\n<p>Die Insekten sind bereits traditionell Bestandteil vieler nationaler oder regionaler Speisepl\u00e4ne. In einigen L\u00e4ndern gelten die Insekten als ein Gericht der Wahl, wo sie teurer sind als Fleisch.<\/p>\n<h3>Nutzen f\u00fcr die Umwelt<\/h3>\n<ul>\n<li>Bioprodukte aus der Insektenf\u00fctterung sto\u00dfen wesentlich weniger Treibhausgase aus als die meisten Nutztiere (Methan wird beispielsweise nur von einigen wenigen Insektengruppen produziert).<\/li>\n<li>Die Z\u00fcchtung von Insekten ist nicht notwendigerweise an den Boden gebunden, und f\u00fcr die Steigerung der Produktion ist keine gr\u00f6\u00dfere Fl\u00e4che erforderlich, w\u00e4hrend f\u00fcr die Erzeugung von Tierfutter mehr Fl\u00e4che ben\u00f6tigt wird.<\/li>\n<li>Die Ammoniakemissionen aus der Insektenzucht sind wesentlich geringer als die aus der konventionellen Tierhaltung, einschlie\u00dflich Schweinen.<\/li>\n<li>Da sie Kaltbl\u00fcter sind, wandeln Insekten ihre Eiwei\u00dffuttermittel sehr effizient um (Grillen ben\u00f6tigen beispielsweise 12-mal weniger Futter als Rinder, 4-mal weniger als Schafe und nur halb so viel wie Schweine und Masth\u00fchner, um die gleiche Menge an Eiwei\u00df zu produzieren).<\/li>\n<\/ul>\n<p>Next food bietet eine breite Palette an essbaren Insekten, die nach einem strengen Verfahren entwickelt und f\u00fcr den Export und Import vorbereitet werden.<\/p>\n\t\t\n<style>\n#text-3786296614 {\n  text-align: left;\n}\n<\/style>\n\t<\/div>\n\t\n\t\t<\/div>\n\t\t\t\t\t<\/div>\n\n\t\n<\/div>\n\t<div id=\"text-3468072820\" class=\"text\">\n\t\t\n<h2>Kaufen Sie Ihre Insekten sicher<\/h2>\n\t\t\n<style>\n#text-3468072820 {\n  font-size: 1.5rem;\n  line-height: 1.9;\n  text-align: center;\n}\n<\/style>\n\t<\/div>\n\t\n\t<div id=\"text-4130366161\" class=\"text\">\n\t\t\n<p>Bei Next-Food legen wir bei der Herstellung unserer essbaren Insekten besondere Sorgfalt an den Tag. Die Herstellung unserer Produkte sowie deren Verarbeitung und Verpackung sind in Thailand angesiedelt und werden von europ\u00e4ischen Laboratorien kontrolliert. Wir f\u00fchren strenge Kontrollen bei unseren Partnerbetrieben durch, die einer Reihe strenger Normen unterliegen, um Frische und R\u00fcckverfolgbarkeit ohne Fehler zu gew\u00e4hrleisten. Next food ist die L\u00f6sung f\u00fcr Berufst\u00e4tige und Menschen, die Lust auf Abenteuer haben.<\/p>\n\t\t\n<style>\n#text-4130366161 {\n  text-align: left;\n}\n<\/style>\n\t<\/div>\n\t\n\t<div class=\"img has-hover x md-x lg-x y md-y lg-y\" id=\"image_2019365552\">\n\t\t\t\t\t\t\t\t<div class=\"img-inner dark\" style=\"margin:0px 0px 15px 0px;\">\n\t\t\t<img decoding=\"async\" width=\"1020\" height=\"347\" src=\"https:\/\/www.next-food.net\/wp-content\/uploads\/2018\/03\/Farm-1024x348.jpg\" class=\"attachment-large size-large\" alt=\"Essbare Insektenfarm\" srcset=\"https:\/\/www.next-food.net\/wp-content\/uploads\/2018\/03\/Farm-1024x348.jpg 1024w, https:\/\/www.next-food.net\/wp-content\/uploads\/2018\/03\/Farm-300x102.jpg 300w, https:\/\/www.next-food.net\/wp-content\/uploads\/2018\/03\/Farm-768x261.jpg 768w, https:\/\/www.next-food.net\/wp-content\/uploads\/2018\/03\/Farm-600x204.jpg 600w\" sizes=\"(max-width: 1020px) 100vw, 1020px\" title=\"\">\t\t\t\t\t\t\n\t\t\t\t\t<\/div>\n\t\t\t\t\t\t\t\t\n<style>\n#image_2019365552 {\n  width: 100%;\n}\n<\/style>\n\t<\/div>\n\t\n\t<div id=\"text-4217322152\" class=\"text\">\n\t\t\n<p>Seit 2013 haben wir Techniken der Entomo-Kultur und Genossenschaften der nachhaltigen Wirtschaft entwickelt, um Ihnen das Beste an essbaren Insekten zu bieten. Auf der Grundlage einer verantwortungsbewussten \u00d6ko-Kultur haben wir unseren Betrieb mit Strenge entwickelt, um die R\u00fcckverfolgbarkeit aller unserer Produkte zu gew\u00e4hrleisten, aber auch die wirtschaftliche Entwicklung unserer Partner zu respektieren und dabei die Auswirkungen unserer Produktion auf die Umwelt im Auge zu behalten.<\/p>\n\t\t\n<style>\n#text-4217322152 {\n  text-align: left;\n}\n<\/style>\n\t<\/div>\n\t\n\t<div class=\"img has-hover x md-x lg-x y md-y lg-y\" id=\"image_356940761\">\n\t\t\t\t\t\t\t\t<div class=\"img-inner dark\" style=\"margin:0px 0px 15px 0px;\">\n\t\t\t<img decoding=\"async\" width=\"800\" height=\"448\" src=\"https:\/\/www.next-food.net\/wp-content\/uploads\/2018\/03\/Factory.jpg\" class=\"attachment-large size-large\" alt=\"unsere Insektenfarm\" srcset=\"https:\/\/www.next-food.net\/wp-content\/uploads\/2018\/03\/Factory.jpg 800w, https:\/\/www.next-food.net\/wp-content\/uploads\/2018\/03\/Factory-300x168.jpg 300w, https:\/\/www.next-food.net\/wp-content\/uploads\/2018\/03\/Factory-768x430.jpg 768w, https:\/\/www.next-food.net\/wp-content\/uploads\/2018\/03\/Factory-295x166.jpg 295w, https:\/\/www.next-food.net\/wp-content\/uploads\/2018\/03\/Factory-600x336.jpg 600w\" sizes=\"(max-width: 800px) 100vw, 800px\" title=\"\">\t\t\t\t\t\t\n\t\t\t\t\t<\/div>\n\t\t\t\t\t\t\t\t\n<style>\n#image_356940761 {\n  width: 100%;\n}\n<\/style>\n\t<\/div>\n\t\n\t<div id=\"text-2479897447\" class=\"text\">\n\t\t\n<h2>Eine weitere Belastung f\u00fcr unseren Planeten<\/h2>\n\t\t\n<style>\n#text-2479897447 {\n  font-size: 1.5rem;\n  line-height: 1.9;\n  text-align: center;\n}\n<\/style>\n\t<\/div>\n\t\n\t<div id=\"text-2449889272\" class=\"text\">\n\t\t\n<p>Durch den Verzehr von essbaren Insekten lassen sich die CO2-Emissionen in der Atmosph\u00e4re verringern. Im Vergleich dazu wird bei der Produktion von Heimchen 78 Mal weniger CO2 ausgesto\u00dfen als bei der Rindfleischproduktion. Mehr Insektenzucht ben\u00f6tigt viel weniger landwirtschaftliche Fl\u00e4che als sogenannte konventionelle Betriebe.<\/p>\n<p>Diese wichtige Wirtschaft auf der Oberfl\u00e4che der Kultur kann auch die Auswirkungen der Entwaldung minimieren. Insekten sind aufgrund ihres kaltbl\u00fctigen Stoffwechsels viel weniger gierig nach Wasser und Nahrung, denn viele Tiere m\u00fcssen W\u00e4rme produzieren, um zu \u00fcberleben, und verbrauchen daher einen Teil der ihnen zugef\u00fchrten Nahrung. So kann man zum Beispiel mit 10 Kilo Nahrung bis zu 9 Kilo Insekten erzeugen, w\u00e4hrend man von Rindfleisch nur 1 Kilo und von Schweinefleisch nur 3 Kilo erh\u00e4lt.<\/p>\n\t\t\n<style>\n#text-2449889272 {\n  text-align: left;\n}\n<\/style>\n\t<\/div>\n\t\n<div class=\"row row-small\"  id=\"row-366334322\">\n\n\t<div id=\"col-2047214383\" class=\"col medium-8 small-12 large-8\"  >\n\t\t\t\t<div class=\"col-inner\"  >\n\t\t\t\n\t\t\t\n\t<div class=\"img has-hover x md-x lg-x y md-y lg-y\" id=\"image_684103283\">\n\t\t\t\t\t\t\t\t<div class=\"img-inner image-cover dark\" style=\"padding-top:300px;\">\n\t\t\t<img decoding=\"async\" width=\"850\" height=\"478\" src=\"https:\/\/www.next-food.net\/wp-content\/uploads\/2015\/01\/silk-worm-3.jpg\" class=\"attachment-large size-large\" alt=\"essbare Seidenraupe 3 | essbare Insekten\" srcset=\"https:\/\/www.next-food.net\/wp-content\/uploads\/2015\/01\/silk-worm-3.jpg 850w, https:\/\/www.next-food.net\/wp-content\/uploads\/2015\/01\/silk-worm-3-300x169.jpg 300w, https:\/\/www.next-food.net\/wp-content\/uploads\/2015\/01\/silk-worm-3-768x432.jpg 768w, https:\/\/www.next-food.net\/wp-content\/uploads\/2015\/01\/silk-worm-3-614x346.jpg 614w, https:\/\/www.next-food.net\/wp-content\/uploads\/2015\/01\/silk-worm-3-295x166.jpg 295w, https:\/\/www.next-food.net\/wp-content\/uploads\/2015\/01\/silk-worm-3-590x332.jpg 590w, https:\/\/www.next-food.net\/wp-content\/uploads\/2015\/01\/silk-worm-3-600x337.jpg 600w\" sizes=\"(max-width: 850px) 100vw, 850px\" title=\"\">\t\t\t\t\t\t\n\t\t\t\t\t<\/div>\n\t\t\t\t\t\t\t\t\n<style>\n#image_684103283 {\n  width: 100%;\n}\n<\/style>\n\t<\/div>\n\t\n\t\t<\/div>\n\t\t\t\t\t<\/div>\n\n\t\n\n\t<div id=\"col-1190761754\" class=\"col medium-4 small-12 large-4\"  >\n\t\t\t\t<div class=\"col-inner\"  >\n\t\t\t\n\t\t\t\n\t<div class=\"img has-hover x md-x lg-x y md-y lg-y\" id=\"image_506101430\">\n\t\t\t\t\t\t\t\t<div class=\"img-inner image-cover dark\" style=\"padding-top:300px;\">\n\t\t\t<img decoding=\"async\" width=\"300\" height=\"399\" src=\"https:\/\/www.next-food.net\/wp-content\/uploads\/2018\/03\/scorpion1.jpg\" class=\"attachment-large size-large\" alt=\"essbarer Skorpion 1 | essbare Insekten\" srcset=\"https:\/\/www.next-food.net\/wp-content\/uploads\/2018\/03\/scorpion1.jpg 300w, https:\/\/www.next-food.net\/wp-content\/uploads\/2018\/03\/scorpion1-226x300.jpg 226w, https:\/\/www.next-food.net\/wp-content\/uploads\/2018\/03\/scorpion1-295x393.jpg 295w\" sizes=\"(max-width: 300px) 100vw, 300px\" title=\"\">\t\t\t\t\t\t\n\t\t\t\t\t<\/div>\n\t\t\t\t\t\t\t\t\n<style>\n#image_506101430 {\n  width: 100%;\n}\n<\/style>\n\t<\/div>\n\t\n\t\t<\/div>\n\t\t\t\t\t<\/div>\n\n\t\n<\/div>\n\t\t<\/div>\n\n\t\t\n<style>\n#section_1160913624 {\n  padding-top: 15px;\n  padding-bottom: 15px;\n}\n<\/style>\n\t<\/section>\n\t\n","protected":false},"excerpt":{"rendered":"<p>Willkommen bei Next Food, dem Hersteller von getrockneten essbaren Insekten f\u00fcr den Verzehr. Wir z\u00fcchten seit 2013 Insekten und Thailand ist ein nachhaltiges Land f\u00fcr das Projekt der essbaren Insekten. Der Verzehr von K\u00e4fern ist gut f\u00fcr die Gesundheit und die Umwelt. Insekten wurden von der F.A.O. als L\u00f6sung f\u00fcr den Mangel an Ressourcen in der Welt ausgew\u00e4hlt.<\/p>\n","protected":false},"author":1519,"featured_media":0,"parent":0,"menu_order":0,"comment_status":"closed","ping_status":"closed","template":"","meta":{"footnotes":""},"class_list":["post-10441","page","type-page","status-publish","hentry"],"_links":{"self":[{"href":"https:\/\/www.next-food.net\/de\/wp-json\/wp\/v2\/pages\/10441","targetHints":{"allow":["GET"]}}],"collection":[{"href":"https:\/\/www.next-food.net\/de\/wp-json\/wp\/v2\/pages"}],"about":[{"href":"https:\/\/www.next-food.net\/de\/wp-json\/wp\/v2\/types\/page"}],"author":[{"embeddable":true,"href":"https:\/\/www.next-food.net\/de\/wp-json\/wp\/v2\/users\/1519"}],"replies":[{"embeddable":true,"href":"https:\/\/www.next-food.net\/de\/wp-json\/wp\/v2\/comments?post=10441"}],"version-history":[{"count":2,"href":"https:\/\/www.next-food.net\/de\/wp-json\/wp\/v2\/pages\/10441\/revisions"}],"predecessor-version":[{"id":21644,"href":"https:\/\/www.next-food.net\/de\/wp-json\/wp\/v2\/pages\/10441\/revisions\/21644"}],"wp:attachment":[{"href":"https:\/\/www.next-food.net\/de\/wp-json\/wp\/v2\/media?parent=10441"}],"curies":[{"name":"wp","href":"https:\/\/api.w.org\/{rel}","templated":true}]}}