{"id":10438,"date":"2018-04-13T09:51:31","date_gmt":"2018-04-13T08:51:31","guid":{"rendered":"https:\/\/www.next-food.net\/?page_id=10438"},"modified":"2022-11-30T14:12:42","modified_gmt":"2022-11-30T13:12:42","slug":"sichere-zahlung","status":"publish","type":"page","link":"https:\/\/www.next-food.net\/de\/sichere-zahlung\/","title":{"rendered":"Sichere Bezahlung"},"content":{"rendered":"\n\t<section class=\"section\" id=\"section_30496711\">\n\t\t<div class=\"section-bg fill\" >\n\t\t\t\t\t\t\t\t\t\n\t\t\t\n\n\t\t<\/div>\n\n\t\t\n\n\t\t<div class=\"section-content relative\">\n\t\t\t\n<div class=\"row\"  id=\"row-1805733304\">\n\n\t<div id=\"col-629797625\" class=\"col small-12 large-12\"  >\n\t\t\t\t<div class=\"col-inner text-center\"  >\n\t\t\t\n\t\t\t\n\t<div id=\"text-1498729796\" class=\"text\">\n\t\t\n<h3>2Checkout erf\u00fcllt die h\u00f6chste Stufe der PCI Compliance<\/h3>\n\t\t\n<style>\n#text-1498729796 {\n  font-size: 1.5rem;\n  line-height: 1.9;\n  text-align: center;\n}\n<\/style>\n\t<\/div>\n\t\n\t<div id=\"text-3751991579\" class=\"text\">\n\t\t\n<p>Der Payment Card Industry Data Security Standard wurde entwickelt, um Verbraucher und ihre Daten zu sch\u00fctzen, unabh\u00e4ngig davon, wo sie einkaufen oder welchen Kanal sie nutzen. Unvorsichtige Online-H\u00e4ndler k\u00f6nnen das Vertrauen zerst\u00f6ren, das ein Verbraucher braucht, um sich beim Online-Einkauf wohl und sicher zu f\u00fchlen.\n<\/p>\n\t\t\n<style>\n#text-3751991579 {\n  text-align: left;\n}\n<\/style>\n\t<\/div>\n\t\n\t\t<\/div>\n\t\t\t\t\n<style>\n#col-629797625 > .col-inner {\n  padding: 15px 0px 0px 0px;\n}\n<\/style>\n\t<\/div>\n\n\t\n<\/div>\n<div class=\"row align-middle\"  id=\"row-630680028\">\n\n\t<div id=\"col-201449230\" class=\"col medium-8 small-12 large-8\"  >\n\t\t\t\t<div class=\"col-inner\"  >\n\t\t\t\n\t\t\t\n<p><strong>2Checkout ist PCI Level 1 zertifiziert<\/strong> &#8211; die h\u00f6chstm\u00f6gliche Zertifizierungsstufe. In unseren redundanten Rechenzentren werden Millionen von Kreditkartenkonten gespeichert und verschl\u00fcsselt, damit Sie sich auf Ihr Gesch\u00e4ft konzentrieren k\u00f6nnen und nicht auf die Sicherheit Ihrer Kreditkarten.<\/p>\n\t\t<\/div>\n\t\t\t\t\t<\/div>\n\n\t\n\n\t<div id=\"col-365846792\" class=\"col medium-4 small-12 large-4\"  >\n\t\t\t\t<div class=\"col-inner\"  >\n\t\t\t\n\t\t\t\n\t<div class=\"img has-hover x md-x lg-x y md-y lg-y\" id=\"image_1424176404\">\n\t\t\t\t\t\t\t\t<div class=\"img-inner dark\" >\n\t\t\t<img decoding=\"async\" width=\"229\" height=\"300\" src=\"https:\/\/www.next-food.net\/wp-content\/uploads\/2018\/03\/Secure-Payment2.jpg\" class=\"attachment-original size-original\" alt=\"Sichere Zahlung f\u00fcr getrocknete Insekten\" title=\"\">\t\t\t\t\t\t\n\t\t\t\t\t<\/div>\n\t\t\t\t\t\t\t\t\n<style>\n#image_1424176404 {\n  width: 70%;\n}\n<\/style>\n\t<\/div>\n\t\n\t\t<\/div>\n\t\t\t\t\t<\/div>\n\n\t\n<\/div>\n<div class=\"row\"  id=\"row-1011605555\">\n\n\t<div id=\"col-1504204170\" class=\"col small-12 large-12\"  >\n\t\t\t\t<div class=\"col-inner text-center\"  >\n\t\t\t\n\t\t\t\n\t<div id=\"text-2939389576\" class=\"text\">\n\t\t\n<h3>Betrugsschutz f\u00fcr Ihr Unternehmen<\/h3>\n\t\t\n<style>\n#text-2939389576 {\n  font-size: 1.5rem;\n  line-height: 1.9;\n  text-align: center;\n}\n<\/style>\n\t<\/div>\n\t\n\t<div id=\"text-3803868899\" class=\"text\">\n\t\t\n<p>Checkout verpflichtet sich, Sie, Ihr Unternehmen und Ihre Kunden vor betr\u00fcgerischen Aktivit\u00e4ten zu sch\u00fctzen. Wir bieten eine <strong>dreistufige Verteidigungsstrategie, um betr\u00fcgerische Aktivit\u00e4ten zu erkennen<\/strong> und zu verhindern, dass sich Betrug auf Ihren Betrieb auswirkt. Unser Ansatz ist rigoros und geradlinig.<\/p>\n<p>Wir verwenden statistische Algorithmen und Datenerfassungstechniken, um <strong>mehr als 300 Variablen in weniger als 3 Sekunden<\/strong> zu bewerten <strong>und Betrugsmerkmale zu erkennen.<\/strong> Unsere Algorithmen sind firmeneigen und werden f\u00fcr verschiedene Branchen und Regionen angepasst.<\/p>\n\t\t\n<style>\n#text-3803868899 {\n  text-align: left;\n}\n<\/style>\n\t<\/div>\n\t\n\t<div class=\"img has-hover x md-x lg-x y md-y lg-y\" id=\"image_934256505\">\n\t\t\t\t\t\t\t\t<div class=\"img-inner dark\" >\n\t\t\t<img decoding=\"async\" width=\"427\" height=\"92\" src=\"https:\/\/www.next-food.net\/wp-content\/uploads\/2018\/03\/Secure-Payment.jpg\" class=\"attachment-original size-original\" alt=\"Sichere Zahlung f\u00fcr essbare Insekten\" srcset=\"https:\/\/www.next-food.net\/wp-content\/uploads\/2018\/03\/Secure-Payment.jpg 427w, https:\/\/www.next-food.net\/wp-content\/uploads\/2018\/03\/Secure-Payment-300x65.jpg 300w\" sizes=\"(max-width: 427px) 100vw, 427px\" title=\"\">\t\t\t\t\t\t\n\t\t\t\t\t<\/div>\n\t\t\t\t\t\t\t\t\n<style>\n#image_934256505 {\n  width: 57%;\n}\n<\/style>\n\t<\/div>\n\t\n\t\t<\/div>\n\t\t\t\t\t<\/div>\n\n\t\n<\/div>\n\t\t<\/div>\n\n\t\t\n<style>\n#section_30496711 {\n  padding-top: 15px;\n  padding-bottom: 15px;\n}\n<\/style>\n\t<\/section>\n\t\n","protected":false},"excerpt":{"rendered":"","protected":false},"author":1519,"featured_media":0,"parent":0,"menu_order":0,"comment_status":"closed","ping_status":"closed","template":"","meta":{"footnotes":""},"class_list":["post-10438","page","type-page","status-publish","hentry"],"_links":{"self":[{"href":"https:\/\/www.next-food.net\/de\/wp-json\/wp\/v2\/pages\/10438","targetHints":{"allow":["GET"]}}],"collection":[{"href":"https:\/\/www.next-food.net\/de\/wp-json\/wp\/v2\/pages"}],"about":[{"href":"https:\/\/www.next-food.net\/de\/wp-json\/wp\/v2\/types\/page"}],"author":[{"embeddable":true,"href":"https:\/\/www.next-food.net\/de\/wp-json\/wp\/v2\/users\/1519"}],"replies":[{"embeddable":true,"href":"https:\/\/www.next-food.net\/de\/wp-json\/wp\/v2\/comments?post=10438"}],"version-history":[{"count":0,"href":"https:\/\/www.next-food.net\/de\/wp-json\/wp\/v2\/pages\/10438\/revisions"}],"wp:attachment":[{"href":"https:\/\/www.next-food.net\/de\/wp-json\/wp\/v2\/media?parent=10438"}],"curies":[{"name":"wp","href":"https:\/\/api.w.org\/{rel}","templated":true}]}}